{"id":1024,"date":"2021-07-05T07:20:29","date_gmt":"2021-07-05T07:20:29","guid":{"rendered":"https:\/\/grandmercure.accorv2prod.decms.eu\/?page_id=1024"},"modified":"2025-11-24T13:05:18","modified_gmt":"2025-11-24T13:05:18","slug":"tin-tuc","status":"publish","type":"page","link":"https:\/\/grandmercure.accorv2prod.decms.eu\/vi\/vi-tri-cua-chung-toi\/tin-tuc\/","title":{"rendered":"Tin t\u1ee9c"},"content":{"rendered":"<p>Ch\u00e0o m\u1eebng b\u1ea1n \u0111\u1ebfn v\u1edbi nh\u1eefng di\u1ec5n bi\u1ebfn m\u1edbi nh\u1ea5t t\u1ea1i Kh\u00e1ch s\u1ea1n Grand Mercure Bali. \u0110\u00e2y kh\u00f4ng ph\u1ea3i l\u00e0 tin t\u1ee9c truy\u1ec1n th\u1ed1ng; \u0111\u00f3 l\u00e0 l\u1ecbch tr\u00ecnh c\u1ee7a c\u00e1c l\u1ec5 k\u1ef7 ni\u1ec7m \u1ea9m th\u1ef1c v\u00e0 nghi th\u1ee9c gi\u00e1c quan c\u1ee7a ch\u00fang t\u00f4i. T\u1ea1i \u0111\u00e2y, ch\u00fang t\u00f4i t\u00f4n vinh tri\u1ebft l\u00fd &#8216;H\u01b0\u01a1ng v\u1ecb c\u1ee7a V\u00f9ng \u0111\u1ea5t&#8217; (Taste of Place) v\u1edbi c\u00e1c s\u1ef1 ki\u1ec7n theo m\u00f9a, c\u00e1c \u0111\u00eam \u0103n u\u1ed1ng \u0111\u1eb7c tr\u01b0ng v\u00e0 nh\u1eefng tr\u1ea3i nghi\u1ec7m m\u1edbi \u0111\u01b0\u1ee3c thi\u1ebft k\u1ebf \u0111\u1ec3 k\u1ebft n\u1ed1i b\u1ea1n v\u1edbi tinh th\u1ea7n s\u00f4i \u0111\u1ed9ng c\u1ee7a h\u00f2n \u0111\u1ea3o.<\/p>\n<p>Kh\u00e1m ph\u00e1 nh\u1eefng g\u00ec c\u00e1c \u0111\u1ea7u b\u1ebfp c\u1ee7a ch\u00fang t\u00f4i \u0111ang chu\u1ea9n b\u1ecb \u0111\u1ec3 l\u00e0m phong ph\u00fa th\u00eam k\u1ef3 ngh\u1ec9 c\u1ee7a b\u1ea1n: t\u1eeb B\u1eefa s\u00e1ng mu\u1ed9n c\u1ee7a Ng\u01b0 d\u00e2n Jimbaran, t\u00f4n vinh m\u1ebb c\u00e1 h\u00e0ng ng\u00e0y, \u0111\u1ebfn \u0110\u00eam H\u1ea3i s\u1ea3n &#8220;Pasar Ikan&#8221; c\u1ee7a ch\u00fang t\u00f4i. Tham gia c\u00f9ng ch\u00fang t\u00f4i trong Nghi th\u1ee9c Ho\u00e0ng h\u00f4n t\u1ea1i Horizon Bar ho\u1eb7c th\u01b0\u1edfng th\u1ee9c h\u01b0\u01a1ng v\u1ecb \u0111\u00edch th\u1ef1c c\u1ee7a Ti\u1ec7c t\u1ef1 ch\u1ecdn Nusantara ho\u00e0nh tr\u00e1ng c\u1ee7a ch\u00fang t\u00f4i. Lu\u00f4n c\u1eadp nh\u1eadt nh\u1eefng s\u1ef1 ki\u1ec7n truy\u1ec1n c\u1ea3m h\u1ee9ng nh\u1ea5t c\u1ee7a ch\u00fang t\u00f4i.<\/p>\n","protected":false},"excerpt":{"rendered":"<p>Ch\u00e0o m\u1eebng b\u1ea1n \u0111\u1ebfn v\u1edbi nh\u1eefng di\u1ec5n bi\u1ebfn m\u1edbi nh\u1ea5t t\u1ea1i Kh\u00e1ch s\u1ea1n Grand Mercure Bali. \u0110\u00e2y kh\u00f4ng ph\u1ea3i l\u00e0 tin t\u1ee9c truy\u1ec1n th\u1ed1ng; \u0111\u00f3 l\u00e0 l\u1ecbch tr\u00ecnh c\u1ee7a c\u00e1c l\u1ec5 k\u1ef7 ni\u1ec7m \u1ea9m th\u1ef1c v\u00e0 nghi th\u1ee9c gi\u00e1c quan c\u1ee7a ch\u00fang t\u00f4i. T\u1ea1i \u0111\u00e2y, ch\u00fang t\u00f4i t\u00f4n vinh tri\u1ebft l\u00fd &#8216;H\u01b0\u01a1ng v\u1ecb c\u1ee7a V\u00f9ng [&hellip;]<\/p>\n","protected":false},"author":2,"featured_media":0,"parent":935,"menu_order":200,"comment_status":"closed","ping_status":"closed","template":"template-news.php","meta":{"footnotes":""},"categories":[],"class_list":["post-1024","page","type-page","status-publish","hentry"],"acf":[],"yoast_head":"<!-- This site is optimized with the Yoast SEO plugin v26.9 - https:\/\/yoast.com\/product\/yoast-seo-wordpress\/ -->\n<title>Tin t\u1ee9c - Grand Mercure V2 demo site<\/title>\n<meta name=\"robots\" content=\"noindex, follow, max-snippet:-1, max-image-preview:large, max-video-preview:-1\" \/>\n<meta property=\"og:locale\" content=\"vi_VN\" \/>\n<meta property=\"og:type\" content=\"article\" \/>\n<meta property=\"og:title\" content=\"Tin t\u1ee9c - Grand Mercure V2 demo site\" \/>\n<meta property=\"og:description\" content=\"Ch\u00e0o m\u1eebng b\u1ea1n \u0111\u1ebfn v\u1edbi nh\u1eefng di\u1ec5n bi\u1ebfn m\u1edbi nh\u1ea5t t\u1ea1i Kh\u00e1ch s\u1ea1n Grand Mercure Bali. \u0110\u00e2y kh\u00f4ng ph\u1ea3i l\u00e0 tin t\u1ee9c truy\u1ec1n th\u1ed1ng; \u0111\u00f3 l\u00e0 l\u1ecbch tr\u00ecnh c\u1ee7a c\u00e1c l\u1ec5 k\u1ef7 ni\u1ec7m \u1ea9m th\u1ef1c v\u00e0 nghi th\u1ee9c gi\u00e1c quan c\u1ee7a ch\u00fang t\u00f4i. T\u1ea1i \u0111\u00e2y, ch\u00fang t\u00f4i t\u00f4n vinh tri\u1ebft l\u00fd &#8216;H\u01b0\u01a1ng v\u1ecb c\u1ee7a V\u00f9ng [&hellip;]\" \/>\n<meta property=\"og:url\" content=\"https:\/\/grandmercure.accorv2prod.decms.eu\/vi\/vi-tri-cua-chung-toi\/tin-tuc\/\" \/>\n<meta property=\"og:site_name\" content=\"Grand Mercure V2 demo site\" \/>\n<meta property=\"article:modified_time\" content=\"2025-11-24T13:05:18+00:00\" \/>\n<meta name=\"twitter:card\" content=\"summary_large_image\" \/>\n<meta name=\"twitter:label1\" content=\"Est. reading time\" \/>\n\t<meta name=\"twitter:data1\" content=\"1 minute\" \/>\n<script type=\"application\/ld+json\" class=\"yoast-schema-graph\">{\"@context\":\"https:\/\/schema.org\",\"@graph\":[{\"@type\":\"WebPage\",\"@id\":\"https:\/\/grandmercure.accorv2prod.decms.eu\/vi\/vi-tri-cua-chung-toi\/tin-tuc\/\",\"url\":\"https:\/\/grandmercure.accorv2prod.decms.eu\/vi\/vi-tri-cua-chung-toi\/tin-tuc\/\",\"name\":\"Tin t\u1ee9c - Grand Mercure V2 demo site\",\"isPartOf\":{\"@id\":\"https:\/\/grandmercure.accorv2prod.decms.eu\/#website\"},\"datePublished\":\"2021-07-05T07:20:29+00:00\",\"dateModified\":\"2025-11-24T13:05:18+00:00\",\"breadcrumb\":{\"@id\":\"https:\/\/grandmercure.accorv2prod.decms.eu\/vi\/vi-tri-cua-chung-toi\/tin-tuc\/#breadcrumb\"},\"inLanguage\":\"vi-VN\",\"potentialAction\":[{\"@type\":\"ReadAction\",\"target\":[\"https:\/\/grandmercure.accorv2prod.decms.eu\/vi\/vi-tri-cua-chung-toi\/tin-tuc\/\"]}]},{\"@type\":\"BreadcrumbList\",\"@id\":\"https:\/\/grandmercure.accorv2prod.decms.eu\/vi\/vi-tri-cua-chung-toi\/tin-tuc\/#breadcrumb\",\"itemListElement\":[{\"@type\":\"ListItem\",\"position\":1,\"name\":\"Home\",\"item\":\"https:\/\/grandmercure.accorv2prod.decms.eu\/vi\/\"},{\"@type\":\"ListItem\",\"position\":2,\"name\":\"V\u1ecb tr\u00ed c\u1ee7a ch\u00fang t\u00f4i\",\"item\":\"https:\/\/grandmercure.accorv2prod.decms.eu\/vi\/vi-tri-cua-chung-toi\/\"},{\"@type\":\"ListItem\",\"position\":3,\"name\":\"Tin t\u1ee9c\"}]},{\"@type\":\"WebSite\",\"@id\":\"https:\/\/grandmercure.accorv2prod.decms.eu\/#website\",\"url\":\"https:\/\/grandmercure.accorv2prod.decms.eu\/\",\"name\":\"Grand Mercure V2 demo site\",\"description\":\"Just another Matteo Canever Site Sites site\",\"potentialAction\":[{\"@type\":\"SearchAction\",\"target\":{\"@type\":\"EntryPoint\",\"urlTemplate\":\"https:\/\/grandmercure.accorv2prod.decms.eu\/?s={search_term_string}\"},\"query-input\":{\"@type\":\"PropertyValueSpecification\",\"valueRequired\":true,\"valueName\":\"search_term_string\"}}],\"inLanguage\":\"vi-VN\"}]}<\/script>\n<!-- \/ Yoast SEO plugin. -->","yoast_head_json":{"title":"Tin t\u1ee9c - Grand Mercure V2 demo site","robots":{"index":"noindex","follow":"follow","max-snippet":"max-snippet:-1","max-image-preview":"max-image-preview:large","max-video-preview":"max-video-preview:-1"},"og_locale":"vi_VN","og_type":"article","og_title":"Tin t\u1ee9c - Grand Mercure V2 demo site","og_description":"Ch\u00e0o m\u1eebng b\u1ea1n \u0111\u1ebfn v\u1edbi nh\u1eefng di\u1ec5n bi\u1ebfn m\u1edbi nh\u1ea5t t\u1ea1i Kh\u00e1ch s\u1ea1n Grand Mercure Bali. \u0110\u00e2y kh\u00f4ng ph\u1ea3i l\u00e0 tin t\u1ee9c truy\u1ec1n th\u1ed1ng; \u0111\u00f3 l\u00e0 l\u1ecbch tr\u00ecnh c\u1ee7a c\u00e1c l\u1ec5 k\u1ef7 ni\u1ec7m \u1ea9m th\u1ef1c v\u00e0 nghi th\u1ee9c gi\u00e1c quan c\u1ee7a ch\u00fang t\u00f4i. T\u1ea1i \u0111\u00e2y, ch\u00fang t\u00f4i t\u00f4n vinh tri\u1ebft l\u00fd &#8216;H\u01b0\u01a1ng v\u1ecb c\u1ee7a V\u00f9ng [&hellip;]","og_url":"https:\/\/grandmercure.accorv2prod.decms.eu\/vi\/vi-tri-cua-chung-toi\/tin-tuc\/","og_site_name":"Grand Mercure V2 demo site","article_modified_time":"2025-11-24T13:05:18+00:00","twitter_card":"summary_large_image","twitter_misc":{"Est. reading time":"1 minute"},"schema":{"@context":"https:\/\/schema.org","@graph":[{"@type":"WebPage","@id":"https:\/\/grandmercure.accorv2prod.decms.eu\/vi\/vi-tri-cua-chung-toi\/tin-tuc\/","url":"https:\/\/grandmercure.accorv2prod.decms.eu\/vi\/vi-tri-cua-chung-toi\/tin-tuc\/","name":"Tin t\u1ee9c - Grand Mercure V2 demo site","isPartOf":{"@id":"https:\/\/grandmercure.accorv2prod.decms.eu\/#website"},"datePublished":"2021-07-05T07:20:29+00:00","dateModified":"2025-11-24T13:05:18+00:00","breadcrumb":{"@id":"https:\/\/grandmercure.accorv2prod.decms.eu\/vi\/vi-tri-cua-chung-toi\/tin-tuc\/#breadcrumb"},"inLanguage":"vi-VN","potentialAction":[{"@type":"ReadAction","target":["https:\/\/grandmercure.accorv2prod.decms.eu\/vi\/vi-tri-cua-chung-toi\/tin-tuc\/"]}]},{"@type":"BreadcrumbList","@id":"https:\/\/grandmercure.accorv2prod.decms.eu\/vi\/vi-tri-cua-chung-toi\/tin-tuc\/#breadcrumb","itemListElement":[{"@type":"ListItem","position":1,"name":"Home","item":"https:\/\/grandmercure.accorv2prod.decms.eu\/vi\/"},{"@type":"ListItem","position":2,"name":"V\u1ecb tr\u00ed c\u1ee7a ch\u00fang t\u00f4i","item":"https:\/\/grandmercure.accorv2prod.decms.eu\/vi\/vi-tri-cua-chung-toi\/"},{"@type":"ListItem","position":3,"name":"Tin t\u1ee9c"}]},{"@type":"WebSite","@id":"https:\/\/grandmercure.accorv2prod.decms.eu\/#website","url":"https:\/\/grandmercure.accorv2prod.decms.eu\/","name":"Grand Mercure V2 demo site","description":"Just another Matteo Canever Site Sites site","potentialAction":[{"@type":"SearchAction","target":{"@type":"EntryPoint","urlTemplate":"https:\/\/grandmercure.accorv2prod.decms.eu\/?s={search_term_string}"},"query-input":{"@type":"PropertyValueSpecification","valueRequired":true,"valueName":"search_term_string"}}],"inLanguage":"vi-VN"}]}},"_links":{"self":[{"href":"https:\/\/grandmercure.accorv2prod.decms.eu\/vi\/wp-json\/wp\/v2\/pages\/1024","targetHints":{"allow":["GET"]}}],"collection":[{"href":"https:\/\/grandmercure.accorv2prod.decms.eu\/vi\/wp-json\/wp\/v2\/pages"}],"about":[{"href":"https:\/\/grandmercure.accorv2prod.decms.eu\/vi\/wp-json\/wp\/v2\/types\/page"}],"author":[{"embeddable":true,"href":"https:\/\/grandmercure.accorv2prod.decms.eu\/vi\/wp-json\/wp\/v2\/users\/2"}],"replies":[{"embeddable":true,"href":"https:\/\/grandmercure.accorv2prod.decms.eu\/vi\/wp-json\/wp\/v2\/comments?post=1024"}],"version-history":[{"count":0,"href":"https:\/\/grandmercure.accorv2prod.decms.eu\/vi\/wp-json\/wp\/v2\/pages\/1024\/revisions"}],"up":[{"embeddable":true,"href":"https:\/\/grandmercure.accorv2prod.decms.eu\/vi\/wp-json\/wp\/v2\/pages\/935"}],"wp:attachment":[{"href":"https:\/\/grandmercure.accorv2prod.decms.eu\/vi\/wp-json\/wp\/v2\/media?parent=1024"}],"wp:term":[{"taxonomy":"category","embeddable":true,"href":"https:\/\/grandmercure.accorv2prod.decms.eu\/vi\/wp-json\/wp\/v2\/categories?post=1024"}],"curies":[{"name":"wp","href":"https:\/\/api.w.org\/{rel}","templated":true}]}}