{"id":2141,"date":"2021-08-04T12:42:35","date_gmt":"2021-08-04T12:42:35","guid":{"rendered":"https:\/\/grandmercure.accorv2prod.decms.eu\/?page_id=2141"},"modified":"2025-11-18T11:28:54","modified_gmt":"2025-11-18T11:28:54","slug":"phong-tieu-chuan","status":"publish","type":"page","link":"https:\/\/grandmercure.accorv2prod.decms.eu\/vi\/phong-nghi-suite\/phong-tieu-chuan\/","title":{"rendered":"Ph\u00f2ng Ti\u00eau chu\u1ea9n"},"content":{"rendered":"<p data-path-to-node=\"221\">Kh\u00e1m ph\u00e1 s\u1ef1 pha tr\u1ed9n ho\u00e0n h\u1ea3o gi\u1eefa s\u1ef1 tho\u1ea3i m\u00e1i v\u00e0 n\u00e9t quy\u1ebfn r\u0169 Bali \u0111\u00edch th\u1ef1c trong Ph\u00f2ng Ti\u00eau chu\u1ea9n c\u1ee7a ch\u00fang t\u00f4i. \u0110\u01b0\u1ee3c thi\u1ebft k\u1ebf nh\u01b0 m\u1ed9t n\u01a1i \u1ea9n n\u00e1u y\u00ean t\u0129nh, kh\u00f4ng gian n\u00e0y mang \u0111\u1ebfn b\u1ea7u kh\u00f4ng kh\u00ed \u1ea5m \u00e1p, m\u1eddi g\u1ecdi, ph\u1ea3n \u00e1nh tinh th\u1ea7n thanh b\u00ecnh c\u1ee7a h\u00f2n \u0111\u1ea3o. Phong c\u00e1ch trang tr\u00ed k\u1ebft h\u1ee3p s\u1ef1 thanh l\u1ecbch \u0111\u01b0\u01a1ng \u0111\u1ea1i v\u1edbi nh\u1eefng n\u00e9t truy\u1ec1n th\u1ed1ng, n\u1ed5i b\u1eadt v\u1edbi nh\u1eefng \u0111\u01b0\u1eddng n\u00e9t s\u1ea1ch s\u1ebd, g\u1ed7 t\u1ef1 nhi\u00ean phong ph\u00fa v\u00e0 h\u00e0ng d\u1ec7t may m\u1ec1m m\u1ea1i l\u1ea5y c\u1ea3m h\u1ee9ng t\u1eeb \u0111\u1ecba ph\u01b0\u01a1ng.<\/p>\n<p data-path-to-node=\"222\">Sau m\u1ed9t ng\u00e0y kh\u00e1m ph\u00e1 b\u1edd bi\u1ec3n V\u1ecbnh <i>Jimbaran<\/i>, c\u0103n ph\u00f2ng n\u00e0y l\u00e0 th\u00e1nh \u0111\u1ecba l\u00fd t\u01b0\u1edfng c\u1ee7a b\u1ea1n. N\u00f3 cung c\u1ea5p m\u1ed9t b\u1ebfn \u0111\u1ed7 b\u00ecnh y\u00ean \u0111\u1ec3 th\u01b0 gi\u00e3n, ho\u00e0n ch\u1ec9nh v\u1edbi t\u1ea5t c\u1ea3 c\u00e1c ti\u1ec7n nghi hi\u1ec7n \u0111\u1ea1i b\u1ea1n c\u1ea7n cho m\u1ed9t k\u1ef3 ngh\u1ec9 th\u1ef1c s\u1ef1 y\u00ean t\u0129nh. \u0110\u00f3 l\u00e0 m\u1ed9t bi\u1ec3u hi\u1ec7n thi\u1ebft y\u1ebfu c\u1ee7a l\u00f2ng hi\u1ebfu kh\u00e1ch c\u1ee7a ch\u00fang t\u00f4i\u2014m\u1ed9t kh\u00f4ng gian tinh t\u1ebf v\u00e0 \u00eam \u0111\u1ec1m \u0111\u1ec3 b\u1eaft \u0111\u1ea7u v\u00e0 k\u1ebft th\u00fac m\u1ed9t ng\u00e0y t\u1ea1i Bali c\u1ee7a b\u1ea1n.<\/p>\n","protected":false},"excerpt":{"rendered":"<p>Kh\u00e1m ph\u00e1 s\u1ef1 pha tr\u1ed9n ho\u00e0n h\u1ea3o gi\u1eefa s\u1ef1 tho\u1ea3i m\u00e1i v\u00e0 n\u00e9t quy\u1ebfn r\u0169 Bali \u0111\u00edch th\u1ef1c trong Ph\u00f2ng Ti\u00eau chu\u1ea9n c\u1ee7a ch\u00fang t\u00f4i. \u0110\u01b0\u1ee3c thi\u1ebft k\u1ebf nh\u01b0 m\u1ed9t n\u01a1i \u1ea9n n\u00e1u y\u00ean t\u0129nh, kh\u00f4ng gian n\u00e0y mang \u0111\u1ebfn b\u1ea7u kh\u00f4ng kh\u00ed \u1ea5m \u00e1p, m\u1eddi g\u1ecdi, ph\u1ea3n \u00e1nh tinh th\u1ea7n thanh b\u00ecnh c\u1ee7a h\u00f2n [&hellip;]<\/p>\n","protected":false},"author":4,"featured_media":0,"parent":924,"menu_order":10,"comment_status":"closed","ping_status":"closed","template":"template-room.php","meta":{"footnotes":""},"categories":[260],"class_list":["post-2141","page","type-page","status-publish","hentry","category-phong"],"acf":[],"yoast_head":"<!-- This site is optimized with the Yoast SEO plugin v26.9 - https:\/\/yoast.com\/product\/yoast-seo-wordpress\/ -->\n<title>Ph\u00f2ng Ti\u00eau chu\u1ea9n - Grand Mercure V2 demo site<\/title>\n<meta name=\"robots\" content=\"noindex, follow, max-snippet:-1, max-image-preview:large, max-video-preview:-1\" \/>\n<meta property=\"og:locale\" content=\"vi_VN\" \/>\n<meta property=\"og:type\" content=\"article\" \/>\n<meta property=\"og:title\" content=\"Ph\u00f2ng Ti\u00eau chu\u1ea9n - Grand Mercure V2 demo site\" \/>\n<meta property=\"og:description\" content=\"Kh\u00e1m ph\u00e1 s\u1ef1 pha tr\u1ed9n ho\u00e0n h\u1ea3o gi\u1eefa s\u1ef1 tho\u1ea3i m\u00e1i v\u00e0 n\u00e9t quy\u1ebfn r\u0169 Bali \u0111\u00edch th\u1ef1c trong Ph\u00f2ng Ti\u00eau chu\u1ea9n c\u1ee7a ch\u00fang t\u00f4i. \u0110\u01b0\u1ee3c thi\u1ebft k\u1ebf nh\u01b0 m\u1ed9t n\u01a1i \u1ea9n n\u00e1u y\u00ean t\u0129nh, kh\u00f4ng gian n\u00e0y mang \u0111\u1ebfn b\u1ea7u kh\u00f4ng kh\u00ed \u1ea5m \u00e1p, m\u1eddi g\u1ecdi, ph\u1ea3n \u00e1nh tinh th\u1ea7n thanh b\u00ecnh c\u1ee7a h\u00f2n [&hellip;]\" \/>\n<meta property=\"og:url\" content=\"https:\/\/grandmercure.accorv2prod.decms.eu\/vi\/phong-nghi-suite\/phong-tieu-chuan\/\" \/>\n<meta property=\"og:site_name\" content=\"Grand Mercure V2 demo site\" \/>\n<meta property=\"article:modified_time\" content=\"2025-11-18T11:28:54+00:00\" \/>\n<meta name=\"twitter:card\" content=\"summary_large_image\" \/>\n<meta name=\"twitter:label1\" content=\"Est. reading time\" \/>\n\t<meta name=\"twitter:data1\" content=\"1 minute\" \/>\n<script type=\"application\/ld+json\" class=\"yoast-schema-graph\">{\"@context\":\"https:\/\/schema.org\",\"@graph\":[{\"@type\":\"WebPage\",\"@id\":\"https:\/\/grandmercure.accorv2prod.decms.eu\/vi\/phong-nghi-suite\/phong-tieu-chuan\/\",\"url\":\"https:\/\/grandmercure.accorv2prod.decms.eu\/vi\/phong-nghi-suite\/phong-tieu-chuan\/\",\"name\":\"Ph\u00f2ng Ti\u00eau chu\u1ea9n - Grand Mercure V2 demo site\",\"isPartOf\":{\"@id\":\"https:\/\/grandmercure.accorv2prod.decms.eu\/#website\"},\"datePublished\":\"2021-08-04T12:42:35+00:00\",\"dateModified\":\"2025-11-18T11:28:54+00:00\",\"breadcrumb\":{\"@id\":\"https:\/\/grandmercure.accorv2prod.decms.eu\/vi\/phong-nghi-suite\/phong-tieu-chuan\/#breadcrumb\"},\"inLanguage\":\"vi-VN\",\"potentialAction\":[{\"@type\":\"ReadAction\",\"target\":[\"https:\/\/grandmercure.accorv2prod.decms.eu\/vi\/phong-nghi-suite\/phong-tieu-chuan\/\"]}]},{\"@type\":\"BreadcrumbList\",\"@id\":\"https:\/\/grandmercure.accorv2prod.decms.eu\/vi\/phong-nghi-suite\/phong-tieu-chuan\/#breadcrumb\",\"itemListElement\":[{\"@type\":\"ListItem\",\"position\":1,\"name\":\"Home\",\"item\":\"https:\/\/grandmercure.accorv2prod.decms.eu\/vi\/\"},{\"@type\":\"ListItem\",\"position\":2,\"name\":\"Ph\u00f2ng ngh\u1ec9 &#038; Suite\",\"item\":\"https:\/\/grandmercure.accorv2prod.decms.eu\/vi\/phong-nghi-suite\/\"},{\"@type\":\"ListItem\",\"position\":3,\"name\":\"Ph\u00f2ng Ti\u00eau chu\u1ea9n\"}]},{\"@type\":\"WebSite\",\"@id\":\"https:\/\/grandmercure.accorv2prod.decms.eu\/#website\",\"url\":\"https:\/\/grandmercure.accorv2prod.decms.eu\/\",\"name\":\"Grand Mercure V2 demo site\",\"description\":\"Just another Matteo Canever Site Sites site\",\"potentialAction\":[{\"@type\":\"SearchAction\",\"target\":{\"@type\":\"EntryPoint\",\"urlTemplate\":\"https:\/\/grandmercure.accorv2prod.decms.eu\/?s={search_term_string}\"},\"query-input\":{\"@type\":\"PropertyValueSpecification\",\"valueRequired\":true,\"valueName\":\"search_term_string\"}}],\"inLanguage\":\"vi-VN\"}]}<\/script>\n<!-- \/ Yoast SEO plugin. -->","yoast_head_json":{"title":"Ph\u00f2ng Ti\u00eau chu\u1ea9n - Grand Mercure V2 demo site","robots":{"index":"noindex","follow":"follow","max-snippet":"max-snippet:-1","max-image-preview":"max-image-preview:large","max-video-preview":"max-video-preview:-1"},"og_locale":"vi_VN","og_type":"article","og_title":"Ph\u00f2ng Ti\u00eau chu\u1ea9n - Grand Mercure V2 demo site","og_description":"Kh\u00e1m ph\u00e1 s\u1ef1 pha tr\u1ed9n ho\u00e0n h\u1ea3o gi\u1eefa s\u1ef1 tho\u1ea3i m\u00e1i v\u00e0 n\u00e9t quy\u1ebfn r\u0169 Bali \u0111\u00edch th\u1ef1c trong Ph\u00f2ng Ti\u00eau chu\u1ea9n c\u1ee7a ch\u00fang t\u00f4i. \u0110\u01b0\u1ee3c thi\u1ebft k\u1ebf nh\u01b0 m\u1ed9t n\u01a1i \u1ea9n n\u00e1u y\u00ean t\u0129nh, kh\u00f4ng gian n\u00e0y mang \u0111\u1ebfn b\u1ea7u kh\u00f4ng kh\u00ed \u1ea5m \u00e1p, m\u1eddi g\u1ecdi, ph\u1ea3n \u00e1nh tinh th\u1ea7n thanh b\u00ecnh c\u1ee7a h\u00f2n [&hellip;]","og_url":"https:\/\/grandmercure.accorv2prod.decms.eu\/vi\/phong-nghi-suite\/phong-tieu-chuan\/","og_site_name":"Grand Mercure V2 demo site","article_modified_time":"2025-11-18T11:28:54+00:00","twitter_card":"summary_large_image","twitter_misc":{"Est. reading time":"1 minute"},"schema":{"@context":"https:\/\/schema.org","@graph":[{"@type":"WebPage","@id":"https:\/\/grandmercure.accorv2prod.decms.eu\/vi\/phong-nghi-suite\/phong-tieu-chuan\/","url":"https:\/\/grandmercure.accorv2prod.decms.eu\/vi\/phong-nghi-suite\/phong-tieu-chuan\/","name":"Ph\u00f2ng Ti\u00eau chu\u1ea9n - Grand Mercure V2 demo site","isPartOf":{"@id":"https:\/\/grandmercure.accorv2prod.decms.eu\/#website"},"datePublished":"2021-08-04T12:42:35+00:00","dateModified":"2025-11-18T11:28:54+00:00","breadcrumb":{"@id":"https:\/\/grandmercure.accorv2prod.decms.eu\/vi\/phong-nghi-suite\/phong-tieu-chuan\/#breadcrumb"},"inLanguage":"vi-VN","potentialAction":[{"@type":"ReadAction","target":["https:\/\/grandmercure.accorv2prod.decms.eu\/vi\/phong-nghi-suite\/phong-tieu-chuan\/"]}]},{"@type":"BreadcrumbList","@id":"https:\/\/grandmercure.accorv2prod.decms.eu\/vi\/phong-nghi-suite\/phong-tieu-chuan\/#breadcrumb","itemListElement":[{"@type":"ListItem","position":1,"name":"Home","item":"https:\/\/grandmercure.accorv2prod.decms.eu\/vi\/"},{"@type":"ListItem","position":2,"name":"Ph\u00f2ng ngh\u1ec9 &#038; Suite","item":"https:\/\/grandmercure.accorv2prod.decms.eu\/vi\/phong-nghi-suite\/"},{"@type":"ListItem","position":3,"name":"Ph\u00f2ng Ti\u00eau chu\u1ea9n"}]},{"@type":"WebSite","@id":"https:\/\/grandmercure.accorv2prod.decms.eu\/#website","url":"https:\/\/grandmercure.accorv2prod.decms.eu\/","name":"Grand Mercure V2 demo site","description":"Just another Matteo Canever Site Sites site","potentialAction":[{"@type":"SearchAction","target":{"@type":"EntryPoint","urlTemplate":"https:\/\/grandmercure.accorv2prod.decms.eu\/?s={search_term_string}"},"query-input":{"@type":"PropertyValueSpecification","valueRequired":true,"valueName":"search_term_string"}}],"inLanguage":"vi-VN"}]}},"_links":{"self":[{"href":"https:\/\/grandmercure.accorv2prod.decms.eu\/vi\/wp-json\/wp\/v2\/pages\/2141","targetHints":{"allow":["GET"]}}],"collection":[{"href":"https:\/\/grandmercure.accorv2prod.decms.eu\/vi\/wp-json\/wp\/v2\/pages"}],"about":[{"href":"https:\/\/grandmercure.accorv2prod.decms.eu\/vi\/wp-json\/wp\/v2\/types\/page"}],"author":[{"embeddable":true,"href":"https:\/\/grandmercure.accorv2prod.decms.eu\/vi\/wp-json\/wp\/v2\/users\/4"}],"replies":[{"embeddable":true,"href":"https:\/\/grandmercure.accorv2prod.decms.eu\/vi\/wp-json\/wp\/v2\/comments?post=2141"}],"version-history":[{"count":0,"href":"https:\/\/grandmercure.accorv2prod.decms.eu\/vi\/wp-json\/wp\/v2\/pages\/2141\/revisions"}],"up":[{"embeddable":true,"href":"https:\/\/grandmercure.accorv2prod.decms.eu\/vi\/wp-json\/wp\/v2\/pages\/924"}],"wp:attachment":[{"href":"https:\/\/grandmercure.accorv2prod.decms.eu\/vi\/wp-json\/wp\/v2\/media?parent=2141"}],"wp:term":[{"taxonomy":"category","embeddable":true,"href":"https:\/\/grandmercure.accorv2prod.decms.eu\/vi\/wp-json\/wp\/v2\/categories?post=2141"}],"curies":[{"name":"wp","href":"https:\/\/api.w.org\/{rel}","templated":true}]}}