{"id":2178,"date":"2021-08-05T10:03:50","date_gmt":"2021-08-05T10:03:50","guid":{"rendered":"https:\/\/grandmercure.accorv2prod.decms.eu\/?page_id=2178"},"modified":"2025-11-18T13:47:41","modified_gmt":"2025-11-18T13:47:41","slug":"biet-thu-ho-boi-rieng","status":"publish","type":"page","link":"https:\/\/grandmercure.accorv2prod.decms.eu\/vi\/phong-nghi-suite\/biet-thu-ho-boi-rieng\/","title":{"rendered":"Bi\u1ec7t th\u1ef1 H\u1ed3 b\u01a1i Ri\u00eang"},"content":{"rendered":"<p>B\u01b0\u1edbc v\u00e0o m\u1ed9t th\u1ebf gi\u1edbi c\u1ee7a s\u1ef1 ri\u00eang t\u01b0 v\u00e0 thanh b\u00ecnh tuy\u1ec7t \u0111\u1ed1i trong Bi\u1ec7t th\u1ef1 H\u1ed3 b\u01a1i Ri\u00eang c\u1ee7a ch\u00fang t\u00f4i. \u0110\u00e2y l\u00e0 khu ph\u1ee9c h\u1ee3p Bali bi\u1ec7t l\u1eadp c\u1ee7a ri\u00eang b\u1ea1n, \u0111\u01b0\u1ee3c thi\u1ebft k\u1ebf t\u1ec9 m\u1ec9 cho nh\u1eefng ai t\u00ecm ki\u1ebfm m\u1ed9t l\u1ed1i tho\u00e1t th\u1ef1c s\u1ef1 th\u00e2n m\u1eadt. Bi\u1ec7t th\u1ef1 l\u00e0 v\u01b0\u01a1ng qu\u1ed1c ri\u00eang c\u1ee7a b\u1ea1n, t\u1eadp trung xung quanh m\u1ed9t h\u1ed3 b\u01a1i ng\u00e2m m\u00ecnh tr\u00e1ng l\u1ec7 l\u1ea5p l\u00e1nh trong khu v\u01b0\u1eddn nhi\u1ec7t \u0111\u1edbi c\u00f3 t\u01b0\u1eddng bao quanh c\u1ee7a ri\u00eang b\u1ea1n. S\u00e2n ph\u01a1i n\u1eafng r\u1ed9ng r\u00e3i m\u1eddi g\u1ecdi b\u1ea1n t\u1eadn h\u01b0\u1edfng phong c\u00e1ch s\u1ed1ng ngo\u00e0i tr\u1eddi, x\u00f3a m\u1edd ranh gi\u1edbi gi\u1eefa trong nh\u00e0 v\u00e0 thi\u00ean nhi\u00ean t\u01b0\u01a1i t\u1ed1t b\u00ean ngo\u00e0i.<\/p>\n<p>B\u00ean trong, bi\u1ec7t th\u1ef1 to\u00e1t l\u00ean v\u1ebb sang tr\u1ecdng \u0111\u1ecba ph\u01b0\u01a1ng tinh t\u1ebf. Ph\u00f2ng ng\u1ee7 ch\u00ednh r\u1ed9ng r\u00e3i c\u00f3 l\u1ed1i \u0111i th\u1eb3ng ra h\u1ed3 b\u01a1i, trong khi gian nh\u00e0 kh\u00e1ch ri\u00eang bi\u1ec7t cung c\u1ea5p m\u1ed9t kh\u00f4ng gian trang nh\u00e3 \u0111\u1ec3 d\u00f9ng b\u1eefa, th\u01b0 gi\u00e3n ho\u1eb7c \u0111\u01a1n gi\u1ea3n l\u00e0 \u0111\u1eafm m\u00ecnh trong b\u1ea7u kh\u00f4ng kh\u00ed y\u00ean t\u0129nh. V\u1edbi c\u00e1c v\u1eadt li\u1ec7u t\u1ef1 nhi\u00ean, \u0111\u1ed3 n\u1ed9i th\u1ea5t \u0111\u01b0\u1ee3c \u0111\u1eb7t l\u00e0m ri\u00eang v\u00e0 c\u00e1c ti\u1ec7n nghi n\u00e2ng cao, \u0111\u00e2y l\u00e0 n\u01a1i \u1ea9n n\u00e1u l\u00e3ng m\u1ea1n ho\u00e0n h\u1ea3o ho\u1eb7c n\u01a1i ngh\u1ec9 d\u01b0\u1ee1ng gia \u0111\u00ecnh y\u00ean b\u00ecnh. Tr\u1ea3i nghi\u1ec7m s\u1ef1 th\u1ec3 hi\u1ec7n \u0111\u1ed9c quy\u1ec1n, mang t\u00ednh c\u00e1 nh\u00e2n c\u1ee7a l\u00f2ng hi\u1ebfu kh\u00e1ch Bali, \u0111\u01b0\u1ee3c t\u1ea1o ra ch\u1ec9 d\u00e0nh cho b\u1ea1n.<\/p>\n","protected":false},"excerpt":{"rendered":"<p>B\u01b0\u1edbc v\u00e0o m\u1ed9t th\u1ebf gi\u1edbi c\u1ee7a s\u1ef1 ri\u00eang t\u01b0 v\u00e0 thanh b\u00ecnh tuy\u1ec7t \u0111\u1ed1i trong Bi\u1ec7t th\u1ef1 H\u1ed3 b\u01a1i Ri\u00eang c\u1ee7a ch\u00fang t\u00f4i. \u0110\u00e2y l\u00e0 khu ph\u1ee9c h\u1ee3p Bali bi\u1ec7t l\u1eadp c\u1ee7a ri\u00eang b\u1ea1n, \u0111\u01b0\u1ee3c thi\u1ebft k\u1ebf t\u1ec9 m\u1ec9 cho nh\u1eefng ai t\u00ecm ki\u1ebfm m\u1ed9t l\u1ed1i tho\u00e1t th\u1ef1c s\u1ef1 th\u00e2n m\u1eadt. Bi\u1ec7t th\u1ef1 l\u00e0 v\u01b0\u01a1ng [&hellip;]<\/p>\n","protected":false},"author":4,"featured_media":0,"parent":924,"menu_order":60,"comment_status":"closed","ping_status":"closed","template":"template-room.php","meta":{"footnotes":""},"categories":[311],"class_list":["post-2178","page","type-page","status-publish","hentry","category-biet-thu"],"acf":[],"yoast_head":"<!-- This site is optimized with the Yoast SEO plugin v26.9 - https:\/\/yoast.com\/product\/yoast-seo-wordpress\/ -->\n<title>Bi\u1ec7t th\u1ef1 H\u1ed3 b\u01a1i Ri\u00eang - Grand Mercure V2 demo site<\/title>\n<meta name=\"robots\" content=\"noindex, follow, max-snippet:-1, max-image-preview:large, max-video-preview:-1\" \/>\n<meta property=\"og:locale\" content=\"vi_VN\" \/>\n<meta property=\"og:type\" content=\"article\" \/>\n<meta property=\"og:title\" content=\"Bi\u1ec7t th\u1ef1 H\u1ed3 b\u01a1i Ri\u00eang - Grand Mercure V2 demo site\" \/>\n<meta property=\"og:description\" content=\"B\u01b0\u1edbc v\u00e0o m\u1ed9t th\u1ebf gi\u1edbi c\u1ee7a s\u1ef1 ri\u00eang t\u01b0 v\u00e0 thanh b\u00ecnh tuy\u1ec7t \u0111\u1ed1i trong Bi\u1ec7t th\u1ef1 H\u1ed3 b\u01a1i Ri\u00eang c\u1ee7a ch\u00fang t\u00f4i. \u0110\u00e2y l\u00e0 khu ph\u1ee9c h\u1ee3p Bali bi\u1ec7t l\u1eadp c\u1ee7a ri\u00eang b\u1ea1n, \u0111\u01b0\u1ee3c thi\u1ebft k\u1ebf t\u1ec9 m\u1ec9 cho nh\u1eefng ai t\u00ecm ki\u1ebfm m\u1ed9t l\u1ed1i tho\u00e1t th\u1ef1c s\u1ef1 th\u00e2n m\u1eadt. Bi\u1ec7t th\u1ef1 l\u00e0 v\u01b0\u01a1ng [&hellip;]\" \/>\n<meta property=\"og:url\" content=\"https:\/\/grandmercure.accorv2prod.decms.eu\/vi\/phong-nghi-suite\/biet-thu-ho-boi-rieng\/\" \/>\n<meta property=\"og:site_name\" content=\"Grand Mercure V2 demo site\" \/>\n<meta property=\"article:modified_time\" content=\"2025-11-18T13:47:41+00:00\" \/>\n<meta name=\"twitter:card\" content=\"summary_large_image\" \/>\n<meta name=\"twitter:label1\" content=\"Est. reading time\" \/>\n\t<meta name=\"twitter:data1\" content=\"1 minute\" \/>\n<script type=\"application\/ld+json\" class=\"yoast-schema-graph\">{\"@context\":\"https:\/\/schema.org\",\"@graph\":[{\"@type\":\"WebPage\",\"@id\":\"https:\/\/grandmercure.accorv2prod.decms.eu\/vi\/phong-nghi-suite\/biet-thu-ho-boi-rieng\/\",\"url\":\"https:\/\/grandmercure.accorv2prod.decms.eu\/vi\/phong-nghi-suite\/biet-thu-ho-boi-rieng\/\",\"name\":\"Bi\u1ec7t th\u1ef1 H\u1ed3 b\u01a1i Ri\u00eang - Grand Mercure V2 demo site\",\"isPartOf\":{\"@id\":\"https:\/\/grandmercure.accorv2prod.decms.eu\/#website\"},\"datePublished\":\"2021-08-05T10:03:50+00:00\",\"dateModified\":\"2025-11-18T13:47:41+00:00\",\"breadcrumb\":{\"@id\":\"https:\/\/grandmercure.accorv2prod.decms.eu\/vi\/phong-nghi-suite\/biet-thu-ho-boi-rieng\/#breadcrumb\"},\"inLanguage\":\"vi-VN\",\"potentialAction\":[{\"@type\":\"ReadAction\",\"target\":[\"https:\/\/grandmercure.accorv2prod.decms.eu\/vi\/phong-nghi-suite\/biet-thu-ho-boi-rieng\/\"]}]},{\"@type\":\"BreadcrumbList\",\"@id\":\"https:\/\/grandmercure.accorv2prod.decms.eu\/vi\/phong-nghi-suite\/biet-thu-ho-boi-rieng\/#breadcrumb\",\"itemListElement\":[{\"@type\":\"ListItem\",\"position\":1,\"name\":\"Home\",\"item\":\"https:\/\/grandmercure.accorv2prod.decms.eu\/vi\/\"},{\"@type\":\"ListItem\",\"position\":2,\"name\":\"Ph\u00f2ng ngh\u1ec9 &#038; Suite\",\"item\":\"https:\/\/grandmercure.accorv2prod.decms.eu\/vi\/phong-nghi-suite\/\"},{\"@type\":\"ListItem\",\"position\":3,\"name\":\"Bi\u1ec7t th\u1ef1 H\u1ed3 b\u01a1i Ri\u00eang\"}]},{\"@type\":\"WebSite\",\"@id\":\"https:\/\/grandmercure.accorv2prod.decms.eu\/#website\",\"url\":\"https:\/\/grandmercure.accorv2prod.decms.eu\/\",\"name\":\"Grand Mercure V2 demo site\",\"description\":\"Just another Matteo Canever Site Sites site\",\"potentialAction\":[{\"@type\":\"SearchAction\",\"target\":{\"@type\":\"EntryPoint\",\"urlTemplate\":\"https:\/\/grandmercure.accorv2prod.decms.eu\/?s={search_term_string}\"},\"query-input\":{\"@type\":\"PropertyValueSpecification\",\"valueRequired\":true,\"valueName\":\"search_term_string\"}}],\"inLanguage\":\"vi-VN\"}]}<\/script>\n<!-- \/ Yoast SEO plugin. -->","yoast_head_json":{"title":"Bi\u1ec7t th\u1ef1 H\u1ed3 b\u01a1i Ri\u00eang - Grand Mercure V2 demo site","robots":{"index":"noindex","follow":"follow","max-snippet":"max-snippet:-1","max-image-preview":"max-image-preview:large","max-video-preview":"max-video-preview:-1"},"og_locale":"vi_VN","og_type":"article","og_title":"Bi\u1ec7t th\u1ef1 H\u1ed3 b\u01a1i Ri\u00eang - Grand Mercure V2 demo site","og_description":"B\u01b0\u1edbc v\u00e0o m\u1ed9t th\u1ebf gi\u1edbi c\u1ee7a s\u1ef1 ri\u00eang t\u01b0 v\u00e0 thanh b\u00ecnh tuy\u1ec7t \u0111\u1ed1i trong Bi\u1ec7t th\u1ef1 H\u1ed3 b\u01a1i Ri\u00eang c\u1ee7a ch\u00fang t\u00f4i. \u0110\u00e2y l\u00e0 khu ph\u1ee9c h\u1ee3p Bali bi\u1ec7t l\u1eadp c\u1ee7a ri\u00eang b\u1ea1n, \u0111\u01b0\u1ee3c thi\u1ebft k\u1ebf t\u1ec9 m\u1ec9 cho nh\u1eefng ai t\u00ecm ki\u1ebfm m\u1ed9t l\u1ed1i tho\u00e1t th\u1ef1c s\u1ef1 th\u00e2n m\u1eadt. Bi\u1ec7t th\u1ef1 l\u00e0 v\u01b0\u01a1ng [&hellip;]","og_url":"https:\/\/grandmercure.accorv2prod.decms.eu\/vi\/phong-nghi-suite\/biet-thu-ho-boi-rieng\/","og_site_name":"Grand Mercure V2 demo site","article_modified_time":"2025-11-18T13:47:41+00:00","twitter_card":"summary_large_image","twitter_misc":{"Est. reading time":"1 minute"},"schema":{"@context":"https:\/\/schema.org","@graph":[{"@type":"WebPage","@id":"https:\/\/grandmercure.accorv2prod.decms.eu\/vi\/phong-nghi-suite\/biet-thu-ho-boi-rieng\/","url":"https:\/\/grandmercure.accorv2prod.decms.eu\/vi\/phong-nghi-suite\/biet-thu-ho-boi-rieng\/","name":"Bi\u1ec7t th\u1ef1 H\u1ed3 b\u01a1i Ri\u00eang - Grand Mercure V2 demo site","isPartOf":{"@id":"https:\/\/grandmercure.accorv2prod.decms.eu\/#website"},"datePublished":"2021-08-05T10:03:50+00:00","dateModified":"2025-11-18T13:47:41+00:00","breadcrumb":{"@id":"https:\/\/grandmercure.accorv2prod.decms.eu\/vi\/phong-nghi-suite\/biet-thu-ho-boi-rieng\/#breadcrumb"},"inLanguage":"vi-VN","potentialAction":[{"@type":"ReadAction","target":["https:\/\/grandmercure.accorv2prod.decms.eu\/vi\/phong-nghi-suite\/biet-thu-ho-boi-rieng\/"]}]},{"@type":"BreadcrumbList","@id":"https:\/\/grandmercure.accorv2prod.decms.eu\/vi\/phong-nghi-suite\/biet-thu-ho-boi-rieng\/#breadcrumb","itemListElement":[{"@type":"ListItem","position":1,"name":"Home","item":"https:\/\/grandmercure.accorv2prod.decms.eu\/vi\/"},{"@type":"ListItem","position":2,"name":"Ph\u00f2ng ngh\u1ec9 &#038; Suite","item":"https:\/\/grandmercure.accorv2prod.decms.eu\/vi\/phong-nghi-suite\/"},{"@type":"ListItem","position":3,"name":"Bi\u1ec7t th\u1ef1 H\u1ed3 b\u01a1i Ri\u00eang"}]},{"@type":"WebSite","@id":"https:\/\/grandmercure.accorv2prod.decms.eu\/#website","url":"https:\/\/grandmercure.accorv2prod.decms.eu\/","name":"Grand Mercure V2 demo site","description":"Just another Matteo Canever Site Sites site","potentialAction":[{"@type":"SearchAction","target":{"@type":"EntryPoint","urlTemplate":"https:\/\/grandmercure.accorv2prod.decms.eu\/?s={search_term_string}"},"query-input":{"@type":"PropertyValueSpecification","valueRequired":true,"valueName":"search_term_string"}}],"inLanguage":"vi-VN"}]}},"_links":{"self":[{"href":"https:\/\/grandmercure.accorv2prod.decms.eu\/vi\/wp-json\/wp\/v2\/pages\/2178","targetHints":{"allow":["GET"]}}],"collection":[{"href":"https:\/\/grandmercure.accorv2prod.decms.eu\/vi\/wp-json\/wp\/v2\/pages"}],"about":[{"href":"https:\/\/grandmercure.accorv2prod.decms.eu\/vi\/wp-json\/wp\/v2\/types\/page"}],"author":[{"embeddable":true,"href":"https:\/\/grandmercure.accorv2prod.decms.eu\/vi\/wp-json\/wp\/v2\/users\/4"}],"replies":[{"embeddable":true,"href":"https:\/\/grandmercure.accorv2prod.decms.eu\/vi\/wp-json\/wp\/v2\/comments?post=2178"}],"version-history":[{"count":0,"href":"https:\/\/grandmercure.accorv2prod.decms.eu\/vi\/wp-json\/wp\/v2\/pages\/2178\/revisions"}],"up":[{"embeddable":true,"href":"https:\/\/grandmercure.accorv2prod.decms.eu\/vi\/wp-json\/wp\/v2\/pages\/924"}],"wp:attachment":[{"href":"https:\/\/grandmercure.accorv2prod.decms.eu\/vi\/wp-json\/wp\/v2\/media?parent=2178"}],"wp:term":[{"taxonomy":"category","embeddable":true,"href":"https:\/\/grandmercure.accorv2prod.decms.eu\/vi\/wp-json\/wp\/v2\/categories?post=2178"}],"curies":[{"name":"wp","href":"https:\/\/api.w.org\/{rel}","templated":true}]}}