{"id":2209,"date":"2021-08-05T10:22:23","date_gmt":"2021-08-05T10:22:23","guid":{"rendered":"https:\/\/grandmercure.accorv2prod.decms.eu\/?page_id=2209"},"modified":"2025-11-18T16:37:32","modified_gmt":"2025-11-18T16:37:32","slug":"thiet-ke","status":"publish","type":"page","link":"https:\/\/grandmercure.accorv2prod.decms.eu\/vi\/about-us\/thiet-ke\/","title":{"rendered":"Thi\u1ebft k\u1ebf"},"content":{"rendered":"<p>Tri\u1ebft l\u00fd <i>Tri Hita Karana<\/i> (s\u1ef1 h\u00e0i h\u00f2a) c\u1ee7a ch\u00fang t\u00f4i kh\u00f4ng ch\u1ec9 l\u00e0 m\u1ed9t \u00fd t\u01b0\u1edfng; n\u00f3 \u0111\u01b0\u1ee3c x\u00e2y d\u1ef1ng v\u00e0o ch\u00ednh nh\u1eefng b\u1ee9c t\u01b0\u1eddng c\u1ee7a kh\u00e1ch s\u1ea1n. Thi\u1ebft k\u1ebf c\u1ee7a Kh\u00e1ch s\u1ea1n Grand Mercure Bali l\u00e0 s\u1ef1 gi\u1ea3i th\u00edch hi\u1ec7n \u0111\u1ea1i v\u1ec1 ki\u1ebfn tr\u00fac truy\u1ec1n th\u1ed1ng c\u1ee7a Bali, n\u01a1i ranh gi\u1edbi gi\u1eefa trong nh\u00e0 v\u00e0 ngo\u00e0i tr\u1eddi \u0111\u01b0\u1ee3c l\u00e0m m\u1edd \u0111i m\u1ed9t c\u00e1ch tuy\u1ec7t \u0111\u1eb9p. Ch\u00fang t\u00f4i t\u00f4n vinh c\u00e1c gian nh\u00e0 <i>Bale<\/i> c\u1ed5 \u0111i\u1ec3n v\u1edbi kh\u00f4ng gian m\u1edf, tho\u00e1ng \u0111\u00e3ng, \u00e1nh s\u00e1ng t\u1ef1 nhi\u00ean v\u00e0 s\u1ef1 k\u1ebft n\u1ed1i li\u1ec1n m\u1ea1ch v\u1edbi nh\u1eefng khu v\u01b0\u1eddn nhi\u1ec7t \u0111\u1edbi t\u01b0\u01a1i t\u1ed1t. Thi\u1ebft k\u1ebf kh\u00f4ng gian m\u1edf n\u00e0y t\u1ea1o ra m\u1ed9t b\u1ea7u kh\u00f4ng kh\u00ed t\u0129nh l\u1eb7ng s\u00e2u s\u1eafc, cho ph\u00e9p l\u00e0n gi\u00f3 <i>Jimbaran<\/i> nh\u1eb9 nh\u00e0ng v\u00e0 \u00e2m thanh c\u1ee7a thi\u00ean nhi\u00ean tr\u1edf th\u00e0nh m\u1ed9t ph\u1ea7n kh\u00f4ng gian s\u1ed1ng c\u1ee7a b\u1ea1n. M\u1ecdi \u0111\u01b0\u1eddng n\u00e9t v\u00e0 g\u00f3c c\u1ea1nh \u0111\u1ec1u \u0111\u01b0\u1ee3c ch\u1ebf t\u00e1c chu \u0111\u00e1o \u0111\u1ec3 t\u1ea1o ra m\u1ed9t th\u00e1nh \u0111\u1ecba v\u1eeba tinh t\u1ebf v\u1eeba k\u1ebft n\u1ed1i s\u00e2u s\u1eafc v\u1edbi tr\u00e1i \u0111\u1ea5t.<\/p>\n","protected":false},"excerpt":{"rendered":"<p>Tri\u1ebft l\u00fd Tri Hita Karana (s\u1ef1 h\u00e0i h\u00f2a) c\u1ee7a ch\u00fang t\u00f4i kh\u00f4ng ch\u1ec9 l\u00e0 m\u1ed9t \u00fd t\u01b0\u1edfng; n\u00f3 \u0111\u01b0\u1ee3c x\u00e2y d\u1ef1ng v\u00e0o ch\u00ednh nh\u1eefng b\u1ee9c t\u01b0\u1eddng c\u1ee7a kh\u00e1ch s\u1ea1n. Thi\u1ebft k\u1ebf c\u1ee7a Kh\u00e1ch s\u1ea1n Grand Mercure Bali l\u00e0 s\u1ef1 gi\u1ea3i th\u00edch hi\u1ec7n \u0111\u1ea1i v\u1ec1 ki\u1ebfn tr\u00fac truy\u1ec1n th\u1ed1ng c\u1ee7a Bali, n\u01a1i ranh gi\u1edbi gi\u1eefa trong [&hellip;]<\/p>\n","protected":false},"author":4,"featured_media":0,"parent":901,"menu_order":20,"comment_status":"closed","ping_status":"closed","template":"","meta":{"footnotes":""},"categories":[],"class_list":["post-2209","page","type-page","status-publish","hentry"],"acf":[],"yoast_head":"<!-- This site is optimized with the Yoast SEO plugin v26.9 - https:\/\/yoast.com\/product\/yoast-seo-wordpress\/ -->\n<title>Thi\u1ebft k\u1ebf - Grand Mercure V2 demo site<\/title>\n<meta name=\"robots\" content=\"noindex, follow, max-snippet:-1, max-image-preview:large, max-video-preview:-1\" \/>\n<meta property=\"og:locale\" content=\"vi_VN\" \/>\n<meta property=\"og:type\" content=\"article\" \/>\n<meta property=\"og:title\" content=\"Thi\u1ebft k\u1ebf - Grand Mercure V2 demo site\" \/>\n<meta property=\"og:description\" content=\"Tri\u1ebft l\u00fd Tri Hita Karana (s\u1ef1 h\u00e0i h\u00f2a) c\u1ee7a ch\u00fang t\u00f4i kh\u00f4ng ch\u1ec9 l\u00e0 m\u1ed9t \u00fd t\u01b0\u1edfng; n\u00f3 \u0111\u01b0\u1ee3c x\u00e2y d\u1ef1ng v\u00e0o ch\u00ednh nh\u1eefng b\u1ee9c t\u01b0\u1eddng c\u1ee7a kh\u00e1ch s\u1ea1n. Thi\u1ebft k\u1ebf c\u1ee7a Kh\u00e1ch s\u1ea1n Grand Mercure Bali l\u00e0 s\u1ef1 gi\u1ea3i th\u00edch hi\u1ec7n \u0111\u1ea1i v\u1ec1 ki\u1ebfn tr\u00fac truy\u1ec1n th\u1ed1ng c\u1ee7a Bali, n\u01a1i ranh gi\u1edbi gi\u1eefa trong [&hellip;]\" \/>\n<meta property=\"og:url\" content=\"https:\/\/grandmercure.accorv2prod.decms.eu\/vi\/about-us\/thiet-ke\/\" \/>\n<meta property=\"og:site_name\" content=\"Grand Mercure V2 demo site\" \/>\n<meta property=\"article:modified_time\" content=\"2025-11-18T16:37:32+00:00\" \/>\n<meta name=\"twitter:card\" content=\"summary_large_image\" \/>\n<meta name=\"twitter:label1\" content=\"Est. reading time\" \/>\n\t<meta name=\"twitter:data1\" content=\"1 minute\" \/>\n<script type=\"application\/ld+json\" class=\"yoast-schema-graph\">{\"@context\":\"https:\/\/schema.org\",\"@graph\":[{\"@type\":\"WebPage\",\"@id\":\"https:\/\/grandmercure.accorv2prod.decms.eu\/vi\/about-us\/thiet-ke\/\",\"url\":\"https:\/\/grandmercure.accorv2prod.decms.eu\/vi\/about-us\/thiet-ke\/\",\"name\":\"Thi\u1ebft k\u1ebf - Grand Mercure V2 demo site\",\"isPartOf\":{\"@id\":\"https:\/\/grandmercure.accorv2prod.decms.eu\/#website\"},\"datePublished\":\"2021-08-05T10:22:23+00:00\",\"dateModified\":\"2025-11-18T16:37:32+00:00\",\"breadcrumb\":{\"@id\":\"https:\/\/grandmercure.accorv2prod.decms.eu\/vi\/about-us\/thiet-ke\/#breadcrumb\"},\"inLanguage\":\"vi-VN\",\"potentialAction\":[{\"@type\":\"ReadAction\",\"target\":[\"https:\/\/grandmercure.accorv2prod.decms.eu\/vi\/about-us\/thiet-ke\/\"]}]},{\"@type\":\"BreadcrumbList\",\"@id\":\"https:\/\/grandmercure.accorv2prod.decms.eu\/vi\/about-us\/thiet-ke\/#breadcrumb\",\"itemListElement\":[{\"@type\":\"ListItem\",\"position\":1,\"name\":\"Home\",\"item\":\"https:\/\/grandmercure.accorv2prod.decms.eu\/vi\/\"},{\"@type\":\"ListItem\",\"position\":2,\"name\":\"V\u1ec1 ch\u00fang t\u00f4i\",\"item\":\"https:\/\/grandmercure.accorv2prod.decms.eu\/vi\/about-us\/\"},{\"@type\":\"ListItem\",\"position\":3,\"name\":\"Thi\u1ebft k\u1ebf\"}]},{\"@type\":\"WebSite\",\"@id\":\"https:\/\/grandmercure.accorv2prod.decms.eu\/#website\",\"url\":\"https:\/\/grandmercure.accorv2prod.decms.eu\/\",\"name\":\"Grand Mercure V2 demo site\",\"description\":\"Just another Matteo Canever Site Sites site\",\"potentialAction\":[{\"@type\":\"SearchAction\",\"target\":{\"@type\":\"EntryPoint\",\"urlTemplate\":\"https:\/\/grandmercure.accorv2prod.decms.eu\/?s={search_term_string}\"},\"query-input\":{\"@type\":\"PropertyValueSpecification\",\"valueRequired\":true,\"valueName\":\"search_term_string\"}}],\"inLanguage\":\"vi-VN\"}]}<\/script>\n<!-- \/ Yoast SEO plugin. -->","yoast_head_json":{"title":"Thi\u1ebft k\u1ebf - Grand Mercure V2 demo site","robots":{"index":"noindex","follow":"follow","max-snippet":"max-snippet:-1","max-image-preview":"max-image-preview:large","max-video-preview":"max-video-preview:-1"},"og_locale":"vi_VN","og_type":"article","og_title":"Thi\u1ebft k\u1ebf - Grand Mercure V2 demo site","og_description":"Tri\u1ebft l\u00fd Tri Hita Karana (s\u1ef1 h\u00e0i h\u00f2a) c\u1ee7a ch\u00fang t\u00f4i kh\u00f4ng ch\u1ec9 l\u00e0 m\u1ed9t \u00fd t\u01b0\u1edfng; n\u00f3 \u0111\u01b0\u1ee3c x\u00e2y d\u1ef1ng v\u00e0o ch\u00ednh nh\u1eefng b\u1ee9c t\u01b0\u1eddng c\u1ee7a kh\u00e1ch s\u1ea1n. Thi\u1ebft k\u1ebf c\u1ee7a Kh\u00e1ch s\u1ea1n Grand Mercure Bali l\u00e0 s\u1ef1 gi\u1ea3i th\u00edch hi\u1ec7n \u0111\u1ea1i v\u1ec1 ki\u1ebfn tr\u00fac truy\u1ec1n th\u1ed1ng c\u1ee7a Bali, n\u01a1i ranh gi\u1edbi gi\u1eefa trong [&hellip;]","og_url":"https:\/\/grandmercure.accorv2prod.decms.eu\/vi\/about-us\/thiet-ke\/","og_site_name":"Grand Mercure V2 demo site","article_modified_time":"2025-11-18T16:37:32+00:00","twitter_card":"summary_large_image","twitter_misc":{"Est. reading time":"1 minute"},"schema":{"@context":"https:\/\/schema.org","@graph":[{"@type":"WebPage","@id":"https:\/\/grandmercure.accorv2prod.decms.eu\/vi\/about-us\/thiet-ke\/","url":"https:\/\/grandmercure.accorv2prod.decms.eu\/vi\/about-us\/thiet-ke\/","name":"Thi\u1ebft k\u1ebf - Grand Mercure V2 demo site","isPartOf":{"@id":"https:\/\/grandmercure.accorv2prod.decms.eu\/#website"},"datePublished":"2021-08-05T10:22:23+00:00","dateModified":"2025-11-18T16:37:32+00:00","breadcrumb":{"@id":"https:\/\/grandmercure.accorv2prod.decms.eu\/vi\/about-us\/thiet-ke\/#breadcrumb"},"inLanguage":"vi-VN","potentialAction":[{"@type":"ReadAction","target":["https:\/\/grandmercure.accorv2prod.decms.eu\/vi\/about-us\/thiet-ke\/"]}]},{"@type":"BreadcrumbList","@id":"https:\/\/grandmercure.accorv2prod.decms.eu\/vi\/about-us\/thiet-ke\/#breadcrumb","itemListElement":[{"@type":"ListItem","position":1,"name":"Home","item":"https:\/\/grandmercure.accorv2prod.decms.eu\/vi\/"},{"@type":"ListItem","position":2,"name":"V\u1ec1 ch\u00fang t\u00f4i","item":"https:\/\/grandmercure.accorv2prod.decms.eu\/vi\/about-us\/"},{"@type":"ListItem","position":3,"name":"Thi\u1ebft k\u1ebf"}]},{"@type":"WebSite","@id":"https:\/\/grandmercure.accorv2prod.decms.eu\/#website","url":"https:\/\/grandmercure.accorv2prod.decms.eu\/","name":"Grand Mercure V2 demo site","description":"Just another Matteo Canever Site Sites site","potentialAction":[{"@type":"SearchAction","target":{"@type":"EntryPoint","urlTemplate":"https:\/\/grandmercure.accorv2prod.decms.eu\/?s={search_term_string}"},"query-input":{"@type":"PropertyValueSpecification","valueRequired":true,"valueName":"search_term_string"}}],"inLanguage":"vi-VN"}]}},"_links":{"self":[{"href":"https:\/\/grandmercure.accorv2prod.decms.eu\/vi\/wp-json\/wp\/v2\/pages\/2209","targetHints":{"allow":["GET"]}}],"collection":[{"href":"https:\/\/grandmercure.accorv2prod.decms.eu\/vi\/wp-json\/wp\/v2\/pages"}],"about":[{"href":"https:\/\/grandmercure.accorv2prod.decms.eu\/vi\/wp-json\/wp\/v2\/types\/page"}],"author":[{"embeddable":true,"href":"https:\/\/grandmercure.accorv2prod.decms.eu\/vi\/wp-json\/wp\/v2\/users\/4"}],"replies":[{"embeddable":true,"href":"https:\/\/grandmercure.accorv2prod.decms.eu\/vi\/wp-json\/wp\/v2\/comments?post=2209"}],"version-history":[{"count":0,"href":"https:\/\/grandmercure.accorv2prod.decms.eu\/vi\/wp-json\/wp\/v2\/pages\/2209\/revisions"}],"up":[{"embeddable":true,"href":"https:\/\/grandmercure.accorv2prod.decms.eu\/vi\/wp-json\/wp\/v2\/pages\/901"}],"wp:attachment":[{"href":"https:\/\/grandmercure.accorv2prod.decms.eu\/vi\/wp-json\/wp\/v2\/media?parent=2209"}],"wp:term":[{"taxonomy":"category","embeddable":true,"href":"https:\/\/grandmercure.accorv2prod.decms.eu\/vi\/wp-json\/wp\/v2\/categories?post=2209"}],"curies":[{"name":"wp","href":"https:\/\/api.w.org\/{rel}","templated":true}]}}