{"id":2210,"date":"2021-08-05T10:30:15","date_gmt":"2021-08-05T10:30:15","guid":{"rendered":"https:\/\/grandmercure.accorv2prod.decms.eu\/?page_id=2210"},"modified":"2025-11-25T11:04:23","modified_gmt":"2025-11-25T11:04:23","slug":"ho-boi-nuoc-nong-serene-waters","status":"publish","type":"page","link":"https:\/\/grandmercure.accorv2prod.decms.eu\/vi\/nirvana-sands-spa-wellness\/ho-boi-nuoc-nong-serene-waters\/","title":{"rendered":"H\u1ed3 B\u01a1i N\u01b0\u1edbc N\u00f3ng Serene Waters"},"content":{"rendered":"<p>\u1ede Bali, n\u01b0\u1edbc (Tirta) \u0111\u01b0\u1ee3c t\u00f4n k\u00ednh nh\u01b0 m\u1ed9t ngu\u1ed3n s\u1ed1ng v\u00e0 s\u1ef1 thanh l\u1ecdc t\u00e2m linh. H\u1ed3 b\u01a1i n\u01b0\u1edbc n\u00f3ng Serene Waters c\u1ee7a ch\u00fang t\u00f4i l\u00e0 trung t\u00e2m c\u1ee7a tri\u1ebft l\u00fd n\u00e0y. H\u1ed3 b\u01a1i th\u1ee7y tr\u1ecb li\u1ec7u r\u1ed9ng l\u1edbn, \u0111\u01b0\u1ee3c l\u00e0m \u1ea5m nh\u1eb9 nh\u00e0ng n\u00e0y \u0111\u01b0\u1ee3c thi\u1ebft k\u1ebf \u0111\u1ec3 b\u1eaft \u0111\u1ea7u h\u00e0nh tr\u00ecnh ch\u0103m s\u00f3c s\u1ee9c kh\u1ecfe c\u1ee7a b\u1ea1n b\u1eb1ng c\u00e1ch l\u00e0m d\u1ecbu c\u1ea3 c\u01a1 th\u1ec3 v\u00e0 t\u00e2m tr\u00ed.<\/p>\n<p>\u0110\u1eafm m\u00ecnh trong l\u00e0n n\u01b0\u1edbc gi\u00e0u kho\u00e1ng ch\u1ea5t v\u00e0 \u0111\u1ec3 c\u00e1c tia massage th\u1ee7y l\u1ef1c c\u00f3 m\u1ee5c ti\u00eau \u0111\u00e1nh tan c\u0103ng th\u1eb3ng kh\u1ecfi nh\u1eefng c\u01a1 b\u1eafp m\u1ec7t m\u1ecfi. B\u1ea7u kh\u00f4ng kh\u00ed y\u00ean t\u0129nh, \u0111\u01b0\u1ee3c bao quanh b\u1edfi c\u00e2y xanh nhi\u1ec7t \u0111\u1edbi t\u01b0\u01a1i t\u1ed1t, khuy\u1ebfn kh\u00edch tr\u1ea1ng th\u00e1i thi\u1ec1n \u0111\u1ecbnh s\u00e2u s\u1eafc v\u00e0 b\u00ecnh y\u00ean. \u0110\u00e2y l\u00e0 nghi th\u1ee9c ho\u00e0n h\u1ea3o \u0111\u1ec3 t\u1eadn h\u01b0\u1edfng tr\u01b0\u1edbc b\u1ea5t k\u1ef3 li\u1ec7u ph\u00e1p spa n\u00e0o, chu\u1ea9n b\u1ecb cho c\u01a1 th\u1ec3 b\u1ea1n \u0111\u00f3n nh\u1eadn \u0111\u1ea7y \u0111\u1ee7 l\u1ee3i \u00edch t\u1eeb c\u00e1c li\u1ec7u ph\u00e1p ch\u1eefa l\u00e0nh c\u1ee7a ch\u00fang t\u00f4i.<\/p>\n","protected":false},"excerpt":{"rendered":"<p>\u1ede Bali, n\u01b0\u1edbc (Tirta) \u0111\u01b0\u1ee3c t\u00f4n k\u00ednh nh\u01b0 m\u1ed9t ngu\u1ed3n s\u1ed1ng v\u00e0 s\u1ef1 thanh l\u1ecdc t\u00e2m linh. H\u1ed3 b\u01a1i n\u01b0\u1edbc n\u00f3ng Serene Waters c\u1ee7a ch\u00fang t\u00f4i l\u00e0 trung t\u00e2m c\u1ee7a tri\u1ebft l\u00fd n\u00e0y. H\u1ed3 b\u01a1i th\u1ee7y tr\u1ecb li\u1ec7u r\u1ed9ng l\u1edbn, \u0111\u01b0\u1ee3c l\u00e0m \u1ea5m nh\u1eb9 nh\u00e0ng n\u00e0y \u0111\u01b0\u1ee3c thi\u1ebft k\u1ebf \u0111\u1ec3 b\u1eaft \u0111\u1ea7u h\u00e0nh tr\u00ecnh ch\u0103m [&hellip;]<\/p>\n","protected":false},"author":4,"featured_media":0,"parent":928,"menu_order":20,"comment_status":"closed","ping_status":"closed","template":"template-spa.php","meta":{"footnotes":""},"categories":[],"class_list":["post-2210","page","type-page","status-publish","hentry"],"acf":[],"yoast_head":"<!-- This site is optimized with the Yoast SEO plugin v26.9 - https:\/\/yoast.com\/product\/yoast-seo-wordpress\/ -->\n<title>H\u1ed3 B\u01a1i N\u01b0\u1edbc N\u00f3ng Serene Waters - Grand Mercure V2 demo site<\/title>\n<meta name=\"robots\" content=\"noindex, follow, max-snippet:-1, max-image-preview:large, max-video-preview:-1\" \/>\n<meta property=\"og:locale\" content=\"vi_VN\" \/>\n<meta property=\"og:type\" content=\"article\" \/>\n<meta property=\"og:title\" content=\"H\u1ed3 B\u01a1i N\u01b0\u1edbc N\u00f3ng Serene Waters - Grand Mercure V2 demo site\" \/>\n<meta property=\"og:description\" content=\"\u1ede Bali, n\u01b0\u1edbc (Tirta) \u0111\u01b0\u1ee3c t\u00f4n k\u00ednh nh\u01b0 m\u1ed9t ngu\u1ed3n s\u1ed1ng v\u00e0 s\u1ef1 thanh l\u1ecdc t\u00e2m linh. H\u1ed3 b\u01a1i n\u01b0\u1edbc n\u00f3ng Serene Waters c\u1ee7a ch\u00fang t\u00f4i l\u00e0 trung t\u00e2m c\u1ee7a tri\u1ebft l\u00fd n\u00e0y. H\u1ed3 b\u01a1i th\u1ee7y tr\u1ecb li\u1ec7u r\u1ed9ng l\u1edbn, \u0111\u01b0\u1ee3c l\u00e0m \u1ea5m nh\u1eb9 nh\u00e0ng n\u00e0y \u0111\u01b0\u1ee3c thi\u1ebft k\u1ebf \u0111\u1ec3 b\u1eaft \u0111\u1ea7u h\u00e0nh tr\u00ecnh ch\u0103m [&hellip;]\" \/>\n<meta property=\"og:url\" content=\"https:\/\/grandmercure.accorv2prod.decms.eu\/vi\/nirvana-sands-spa-wellness\/ho-boi-nuoc-nong-serene-waters\/\" \/>\n<meta property=\"og:site_name\" content=\"Grand Mercure V2 demo site\" \/>\n<meta property=\"article:modified_time\" content=\"2025-11-25T11:04:23+00:00\" \/>\n<meta name=\"twitter:card\" content=\"summary_large_image\" \/>\n<meta name=\"twitter:label1\" content=\"Est. reading time\" \/>\n\t<meta name=\"twitter:data1\" content=\"1 minute\" \/>\n<script type=\"application\/ld+json\" class=\"yoast-schema-graph\">{\"@context\":\"https:\/\/schema.org\",\"@graph\":[{\"@type\":\"WebPage\",\"@id\":\"https:\/\/grandmercure.accorv2prod.decms.eu\/vi\/nirvana-sands-spa-wellness\/ho-boi-nuoc-nong-serene-waters\/\",\"url\":\"https:\/\/grandmercure.accorv2prod.decms.eu\/vi\/nirvana-sands-spa-wellness\/ho-boi-nuoc-nong-serene-waters\/\",\"name\":\"H\u1ed3 B\u01a1i N\u01b0\u1edbc N\u00f3ng Serene Waters - Grand Mercure V2 demo site\",\"isPartOf\":{\"@id\":\"https:\/\/grandmercure.accorv2prod.decms.eu\/#website\"},\"datePublished\":\"2021-08-05T10:30:15+00:00\",\"dateModified\":\"2025-11-25T11:04:23+00:00\",\"breadcrumb\":{\"@id\":\"https:\/\/grandmercure.accorv2prod.decms.eu\/vi\/nirvana-sands-spa-wellness\/ho-boi-nuoc-nong-serene-waters\/#breadcrumb\"},\"inLanguage\":\"vi-VN\",\"potentialAction\":[{\"@type\":\"ReadAction\",\"target\":[\"https:\/\/grandmercure.accorv2prod.decms.eu\/vi\/nirvana-sands-spa-wellness\/ho-boi-nuoc-nong-serene-waters\/\"]}]},{\"@type\":\"BreadcrumbList\",\"@id\":\"https:\/\/grandmercure.accorv2prod.decms.eu\/vi\/nirvana-sands-spa-wellness\/ho-boi-nuoc-nong-serene-waters\/#breadcrumb\",\"itemListElement\":[{\"@type\":\"ListItem\",\"position\":1,\"name\":\"Home\",\"item\":\"https:\/\/grandmercure.accorv2prod.decms.eu\/vi\/\"},{\"@type\":\"ListItem\",\"position\":2,\"name\":\"Nirvana Sands Spa &#038; Wellness\",\"item\":\"https:\/\/grandmercure.accorv2prod.decms.eu\/vi\/nirvana-sands-spa-wellness\/\"},{\"@type\":\"ListItem\",\"position\":3,\"name\":\"H\u1ed3 B\u01a1i N\u01b0\u1edbc N\u00f3ng Serene Waters\"}]},{\"@type\":\"WebSite\",\"@id\":\"https:\/\/grandmercure.accorv2prod.decms.eu\/#website\",\"url\":\"https:\/\/grandmercure.accorv2prod.decms.eu\/\",\"name\":\"Grand Mercure V2 demo site\",\"description\":\"Just another Matteo Canever Site Sites site\",\"potentialAction\":[{\"@type\":\"SearchAction\",\"target\":{\"@type\":\"EntryPoint\",\"urlTemplate\":\"https:\/\/grandmercure.accorv2prod.decms.eu\/?s={search_term_string}\"},\"query-input\":{\"@type\":\"PropertyValueSpecification\",\"valueRequired\":true,\"valueName\":\"search_term_string\"}}],\"inLanguage\":\"vi-VN\"}]}<\/script>\n<!-- \/ Yoast SEO plugin. -->","yoast_head_json":{"title":"H\u1ed3 B\u01a1i N\u01b0\u1edbc N\u00f3ng Serene Waters - Grand Mercure V2 demo site","robots":{"index":"noindex","follow":"follow","max-snippet":"max-snippet:-1","max-image-preview":"max-image-preview:large","max-video-preview":"max-video-preview:-1"},"og_locale":"vi_VN","og_type":"article","og_title":"H\u1ed3 B\u01a1i N\u01b0\u1edbc N\u00f3ng Serene Waters - Grand Mercure V2 demo site","og_description":"\u1ede Bali, n\u01b0\u1edbc (Tirta) \u0111\u01b0\u1ee3c t\u00f4n k\u00ednh nh\u01b0 m\u1ed9t ngu\u1ed3n s\u1ed1ng v\u00e0 s\u1ef1 thanh l\u1ecdc t\u00e2m linh. H\u1ed3 b\u01a1i n\u01b0\u1edbc n\u00f3ng Serene Waters c\u1ee7a ch\u00fang t\u00f4i l\u00e0 trung t\u00e2m c\u1ee7a tri\u1ebft l\u00fd n\u00e0y. H\u1ed3 b\u01a1i th\u1ee7y tr\u1ecb li\u1ec7u r\u1ed9ng l\u1edbn, \u0111\u01b0\u1ee3c l\u00e0m \u1ea5m nh\u1eb9 nh\u00e0ng n\u00e0y \u0111\u01b0\u1ee3c thi\u1ebft k\u1ebf \u0111\u1ec3 b\u1eaft \u0111\u1ea7u h\u00e0nh tr\u00ecnh ch\u0103m [&hellip;]","og_url":"https:\/\/grandmercure.accorv2prod.decms.eu\/vi\/nirvana-sands-spa-wellness\/ho-boi-nuoc-nong-serene-waters\/","og_site_name":"Grand Mercure V2 demo site","article_modified_time":"2025-11-25T11:04:23+00:00","twitter_card":"summary_large_image","twitter_misc":{"Est. reading time":"1 minute"},"schema":{"@context":"https:\/\/schema.org","@graph":[{"@type":"WebPage","@id":"https:\/\/grandmercure.accorv2prod.decms.eu\/vi\/nirvana-sands-spa-wellness\/ho-boi-nuoc-nong-serene-waters\/","url":"https:\/\/grandmercure.accorv2prod.decms.eu\/vi\/nirvana-sands-spa-wellness\/ho-boi-nuoc-nong-serene-waters\/","name":"H\u1ed3 B\u01a1i N\u01b0\u1edbc N\u00f3ng Serene Waters - Grand Mercure V2 demo site","isPartOf":{"@id":"https:\/\/grandmercure.accorv2prod.decms.eu\/#website"},"datePublished":"2021-08-05T10:30:15+00:00","dateModified":"2025-11-25T11:04:23+00:00","breadcrumb":{"@id":"https:\/\/grandmercure.accorv2prod.decms.eu\/vi\/nirvana-sands-spa-wellness\/ho-boi-nuoc-nong-serene-waters\/#breadcrumb"},"inLanguage":"vi-VN","potentialAction":[{"@type":"ReadAction","target":["https:\/\/grandmercure.accorv2prod.decms.eu\/vi\/nirvana-sands-spa-wellness\/ho-boi-nuoc-nong-serene-waters\/"]}]},{"@type":"BreadcrumbList","@id":"https:\/\/grandmercure.accorv2prod.decms.eu\/vi\/nirvana-sands-spa-wellness\/ho-boi-nuoc-nong-serene-waters\/#breadcrumb","itemListElement":[{"@type":"ListItem","position":1,"name":"Home","item":"https:\/\/grandmercure.accorv2prod.decms.eu\/vi\/"},{"@type":"ListItem","position":2,"name":"Nirvana Sands Spa &#038; Wellness","item":"https:\/\/grandmercure.accorv2prod.decms.eu\/vi\/nirvana-sands-spa-wellness\/"},{"@type":"ListItem","position":3,"name":"H\u1ed3 B\u01a1i N\u01b0\u1edbc N\u00f3ng Serene Waters"}]},{"@type":"WebSite","@id":"https:\/\/grandmercure.accorv2prod.decms.eu\/#website","url":"https:\/\/grandmercure.accorv2prod.decms.eu\/","name":"Grand Mercure V2 demo site","description":"Just another Matteo Canever Site Sites site","potentialAction":[{"@type":"SearchAction","target":{"@type":"EntryPoint","urlTemplate":"https:\/\/grandmercure.accorv2prod.decms.eu\/?s={search_term_string}"},"query-input":{"@type":"PropertyValueSpecification","valueRequired":true,"valueName":"search_term_string"}}],"inLanguage":"vi-VN"}]}},"_links":{"self":[{"href":"https:\/\/grandmercure.accorv2prod.decms.eu\/vi\/wp-json\/wp\/v2\/pages\/2210","targetHints":{"allow":["GET"]}}],"collection":[{"href":"https:\/\/grandmercure.accorv2prod.decms.eu\/vi\/wp-json\/wp\/v2\/pages"}],"about":[{"href":"https:\/\/grandmercure.accorv2prod.decms.eu\/vi\/wp-json\/wp\/v2\/types\/page"}],"author":[{"embeddable":true,"href":"https:\/\/grandmercure.accorv2prod.decms.eu\/vi\/wp-json\/wp\/v2\/users\/4"}],"replies":[{"embeddable":true,"href":"https:\/\/grandmercure.accorv2prod.decms.eu\/vi\/wp-json\/wp\/v2\/comments?post=2210"}],"version-history":[{"count":0,"href":"https:\/\/grandmercure.accorv2prod.decms.eu\/vi\/wp-json\/wp\/v2\/pages\/2210\/revisions"}],"up":[{"embeddable":true,"href":"https:\/\/grandmercure.accorv2prod.decms.eu\/vi\/wp-json\/wp\/v2\/pages\/928"}],"wp:attachment":[{"href":"https:\/\/grandmercure.accorv2prod.decms.eu\/vi\/wp-json\/wp\/v2\/media?parent=2210"}],"wp:term":[{"taxonomy":"category","embeddable":true,"href":"https:\/\/grandmercure.accorv2prod.decms.eu\/vi\/wp-json\/wp\/v2\/categories?post=2210"}],"curies":[{"name":"wp","href":"https:\/\/api.w.org\/{rel}","templated":true}]}}