{"id":2211,"date":"2021-08-05T10:30:12","date_gmt":"2021-08-05T10:30:12","guid":{"rendered":"https:\/\/grandmercure.accorv2prod.decms.eu\/?page_id=2211"},"modified":"2025-11-25T11:05:54","modified_gmt":"2025-11-25T11:05:54","slug":"batu-panas-retreat","status":"publish","type":"page","link":"https:\/\/grandmercure.accorv2prod.decms.eu\/vi\/nirvana-sands-spa-wellness\/batu-panas-retreat\/","title":{"rendered":"Batu Panas Retreat"},"content":{"rendered":"<p>\u0110\u00f3n nh\u1eadn s\u1ee9c m\u1ea1nh thanh l\u1ecdc c\u1ee7a nhi\u1ec7t, l\u1ea5y c\u1ea3m h\u1ee9ng t\u1eeb tr\u00e1i tim n\u00fai l\u1eeda c\u1ee7a Bali. Batu Panas (\u0110\u00e1 N\u00f3ng) Retreat c\u1ee7a ch\u00fang t\u00f4i c\u00f3 hai tr\u1ea3i nghi\u1ec7m nhi\u1ec7t ri\u00eang bi\u1ec7t \u0111\u01b0\u1ee3c thi\u1ebft k\u1ebf \u0111\u1ec3 l\u00e0m s\u1ea1ch s\u00e2u c\u01a1 th\u1ec3 v\u00e0 l\u00e0m s\u1ea1ch t\u00e2m tr\u00ed.<\/p>\n<p>\u0110\u1ea7u ti\u00ean, h\u00e3y b\u01b0\u1edbc v\u00e0o Ph\u00f2ng x\u00f4ng h\u01a1i \u01b0\u1edbt N\u00fai l\u1eeda c\u1ee7a ch\u00fang t\u00f4i, n\u01a1i h\u01a1i n\u01b0\u1edbc tr\u1ecb li\u1ec7u \u0111\u01b0\u1ee3c truy\u1ec1n th\u1ea3o m\u1ed9c gi\u00fap m\u1edf l\u1ed7 ch\u00e2n l\u00f4ng v\u00e0 l\u00e0m d\u1ecbu h\u1ec7 h\u00f4 h\u1ea5p. Ti\u1ebfp theo, tr\u1ea3i nghi\u1ec7m Ph\u00f2ng x\u00f4ng h\u01a1i kh\u00f4, n\u01a1i nhi\u1ec7t kh\u00f4 d\u1eef d\u1ed9i c\u00f3 t\u00e1c d\u1ee5ng gi\u1ea3i ph\u00f3ng c\u0103ng th\u1eb3ng c\u01a1 b\u1eafp s\u00e2u v\u00e0 th\u00fac \u0111\u1ea9y qu\u00e1 tr\u00ecnh gi\u1ea3i \u0111\u1ed9c s\u00e2u s\u1eafc. Nghi th\u1ee9c n\u00f3ng-l\u1ea1nh n\u00e0y l\u00e0 c\u00e1ch ho\u00e0n h\u1ea3o \u0111\u1ec3 thanh l\u1ecdc c\u01a1 th\u1ec3 tr\u01b0\u1edbc khi massage.<\/p>\n","protected":false},"excerpt":{"rendered":"<p>\u0110\u00f3n nh\u1eadn s\u1ee9c m\u1ea1nh thanh l\u1ecdc c\u1ee7a nhi\u1ec7t, l\u1ea5y c\u1ea3m h\u1ee9ng t\u1eeb tr\u00e1i tim n\u00fai l\u1eeda c\u1ee7a Bali. Batu Panas (\u0110\u00e1 N\u00f3ng) Retreat c\u1ee7a ch\u00fang t\u00f4i c\u00f3 hai tr\u1ea3i nghi\u1ec7m nhi\u1ec7t ri\u00eang bi\u1ec7t \u0111\u01b0\u1ee3c thi\u1ebft k\u1ebf \u0111\u1ec3 l\u00e0m s\u1ea1ch s\u00e2u c\u01a1 th\u1ec3 v\u00e0 l\u00e0m s\u1ea1ch t\u00e2m tr\u00ed. \u0110\u1ea7u ti\u00ean, h\u00e3y b\u01b0\u1edbc v\u00e0o Ph\u00f2ng x\u00f4ng h\u01a1i [&hellip;]<\/p>\n","protected":false},"author":4,"featured_media":0,"parent":928,"menu_order":30,"comment_status":"closed","ping_status":"closed","template":"template-spa.php","meta":{"footnotes":""},"categories":[],"class_list":["post-2211","page","type-page","status-publish","hentry"],"acf":[],"yoast_head":"<!-- This site is optimized with the Yoast SEO plugin v26.9 - https:\/\/yoast.com\/product\/yoast-seo-wordpress\/ -->\n<title>Batu Panas Retreat - Grand Mercure V2 demo site<\/title>\n<meta name=\"robots\" content=\"noindex, follow, max-snippet:-1, max-image-preview:large, max-video-preview:-1\" \/>\n<meta property=\"og:locale\" content=\"vi_VN\" \/>\n<meta property=\"og:type\" content=\"article\" \/>\n<meta property=\"og:title\" content=\"Batu Panas Retreat - Grand Mercure V2 demo site\" \/>\n<meta property=\"og:description\" content=\"\u0110\u00f3n nh\u1eadn s\u1ee9c m\u1ea1nh thanh l\u1ecdc c\u1ee7a nhi\u1ec7t, l\u1ea5y c\u1ea3m h\u1ee9ng t\u1eeb tr\u00e1i tim n\u00fai l\u1eeda c\u1ee7a Bali. Batu Panas (\u0110\u00e1 N\u00f3ng) Retreat c\u1ee7a ch\u00fang t\u00f4i c\u00f3 hai tr\u1ea3i nghi\u1ec7m nhi\u1ec7t ri\u00eang bi\u1ec7t \u0111\u01b0\u1ee3c thi\u1ebft k\u1ebf \u0111\u1ec3 l\u00e0m s\u1ea1ch s\u00e2u c\u01a1 th\u1ec3 v\u00e0 l\u00e0m s\u1ea1ch t\u00e2m tr\u00ed. \u0110\u1ea7u ti\u00ean, h\u00e3y b\u01b0\u1edbc v\u00e0o Ph\u00f2ng x\u00f4ng h\u01a1i [&hellip;]\" \/>\n<meta property=\"og:url\" content=\"https:\/\/grandmercure.accorv2prod.decms.eu\/vi\/nirvana-sands-spa-wellness\/batu-panas-retreat\/\" \/>\n<meta property=\"og:site_name\" content=\"Grand Mercure V2 demo site\" \/>\n<meta property=\"article:modified_time\" content=\"2025-11-25T11:05:54+00:00\" \/>\n<meta name=\"twitter:card\" content=\"summary_large_image\" \/>\n<meta name=\"twitter:label1\" content=\"Est. reading time\" \/>\n\t<meta name=\"twitter:data1\" content=\"1 minute\" \/>\n<script type=\"application\/ld+json\" class=\"yoast-schema-graph\">{\"@context\":\"https:\/\/schema.org\",\"@graph\":[{\"@type\":\"WebPage\",\"@id\":\"https:\/\/grandmercure.accorv2prod.decms.eu\/vi\/nirvana-sands-spa-wellness\/batu-panas-retreat\/\",\"url\":\"https:\/\/grandmercure.accorv2prod.decms.eu\/vi\/nirvana-sands-spa-wellness\/batu-panas-retreat\/\",\"name\":\"Batu Panas Retreat - Grand Mercure V2 demo site\",\"isPartOf\":{\"@id\":\"https:\/\/grandmercure.accorv2prod.decms.eu\/#website\"},\"datePublished\":\"2021-08-05T10:30:12+00:00\",\"dateModified\":\"2025-11-25T11:05:54+00:00\",\"breadcrumb\":{\"@id\":\"https:\/\/grandmercure.accorv2prod.decms.eu\/vi\/nirvana-sands-spa-wellness\/batu-panas-retreat\/#breadcrumb\"},\"inLanguage\":\"vi-VN\",\"potentialAction\":[{\"@type\":\"ReadAction\",\"target\":[\"https:\/\/grandmercure.accorv2prod.decms.eu\/vi\/nirvana-sands-spa-wellness\/batu-panas-retreat\/\"]}]},{\"@type\":\"BreadcrumbList\",\"@id\":\"https:\/\/grandmercure.accorv2prod.decms.eu\/vi\/nirvana-sands-spa-wellness\/batu-panas-retreat\/#breadcrumb\",\"itemListElement\":[{\"@type\":\"ListItem\",\"position\":1,\"name\":\"Home\",\"item\":\"https:\/\/grandmercure.accorv2prod.decms.eu\/vi\/\"},{\"@type\":\"ListItem\",\"position\":2,\"name\":\"Nirvana Sands Spa &#038; Wellness\",\"item\":\"https:\/\/grandmercure.accorv2prod.decms.eu\/vi\/nirvana-sands-spa-wellness\/\"},{\"@type\":\"ListItem\",\"position\":3,\"name\":\"Batu Panas Retreat\"}]},{\"@type\":\"WebSite\",\"@id\":\"https:\/\/grandmercure.accorv2prod.decms.eu\/#website\",\"url\":\"https:\/\/grandmercure.accorv2prod.decms.eu\/\",\"name\":\"Grand Mercure V2 demo site\",\"description\":\"Just another Matteo Canever Site Sites site\",\"potentialAction\":[{\"@type\":\"SearchAction\",\"target\":{\"@type\":\"EntryPoint\",\"urlTemplate\":\"https:\/\/grandmercure.accorv2prod.decms.eu\/?s={search_term_string}\"},\"query-input\":{\"@type\":\"PropertyValueSpecification\",\"valueRequired\":true,\"valueName\":\"search_term_string\"}}],\"inLanguage\":\"vi-VN\"}]}<\/script>\n<!-- \/ Yoast SEO plugin. -->","yoast_head_json":{"title":"Batu Panas Retreat - Grand Mercure V2 demo site","robots":{"index":"noindex","follow":"follow","max-snippet":"max-snippet:-1","max-image-preview":"max-image-preview:large","max-video-preview":"max-video-preview:-1"},"og_locale":"vi_VN","og_type":"article","og_title":"Batu Panas Retreat - Grand Mercure V2 demo site","og_description":"\u0110\u00f3n nh\u1eadn s\u1ee9c m\u1ea1nh thanh l\u1ecdc c\u1ee7a nhi\u1ec7t, l\u1ea5y c\u1ea3m h\u1ee9ng t\u1eeb tr\u00e1i tim n\u00fai l\u1eeda c\u1ee7a Bali. Batu Panas (\u0110\u00e1 N\u00f3ng) Retreat c\u1ee7a ch\u00fang t\u00f4i c\u00f3 hai tr\u1ea3i nghi\u1ec7m nhi\u1ec7t ri\u00eang bi\u1ec7t \u0111\u01b0\u1ee3c thi\u1ebft k\u1ebf \u0111\u1ec3 l\u00e0m s\u1ea1ch s\u00e2u c\u01a1 th\u1ec3 v\u00e0 l\u00e0m s\u1ea1ch t\u00e2m tr\u00ed. \u0110\u1ea7u ti\u00ean, h\u00e3y b\u01b0\u1edbc v\u00e0o Ph\u00f2ng x\u00f4ng h\u01a1i [&hellip;]","og_url":"https:\/\/grandmercure.accorv2prod.decms.eu\/vi\/nirvana-sands-spa-wellness\/batu-panas-retreat\/","og_site_name":"Grand Mercure V2 demo site","article_modified_time":"2025-11-25T11:05:54+00:00","twitter_card":"summary_large_image","twitter_misc":{"Est. reading time":"1 minute"},"schema":{"@context":"https:\/\/schema.org","@graph":[{"@type":"WebPage","@id":"https:\/\/grandmercure.accorv2prod.decms.eu\/vi\/nirvana-sands-spa-wellness\/batu-panas-retreat\/","url":"https:\/\/grandmercure.accorv2prod.decms.eu\/vi\/nirvana-sands-spa-wellness\/batu-panas-retreat\/","name":"Batu Panas Retreat - Grand Mercure V2 demo site","isPartOf":{"@id":"https:\/\/grandmercure.accorv2prod.decms.eu\/#website"},"datePublished":"2021-08-05T10:30:12+00:00","dateModified":"2025-11-25T11:05:54+00:00","breadcrumb":{"@id":"https:\/\/grandmercure.accorv2prod.decms.eu\/vi\/nirvana-sands-spa-wellness\/batu-panas-retreat\/#breadcrumb"},"inLanguage":"vi-VN","potentialAction":[{"@type":"ReadAction","target":["https:\/\/grandmercure.accorv2prod.decms.eu\/vi\/nirvana-sands-spa-wellness\/batu-panas-retreat\/"]}]},{"@type":"BreadcrumbList","@id":"https:\/\/grandmercure.accorv2prod.decms.eu\/vi\/nirvana-sands-spa-wellness\/batu-panas-retreat\/#breadcrumb","itemListElement":[{"@type":"ListItem","position":1,"name":"Home","item":"https:\/\/grandmercure.accorv2prod.decms.eu\/vi\/"},{"@type":"ListItem","position":2,"name":"Nirvana Sands Spa &#038; Wellness","item":"https:\/\/grandmercure.accorv2prod.decms.eu\/vi\/nirvana-sands-spa-wellness\/"},{"@type":"ListItem","position":3,"name":"Batu Panas Retreat"}]},{"@type":"WebSite","@id":"https:\/\/grandmercure.accorv2prod.decms.eu\/#website","url":"https:\/\/grandmercure.accorv2prod.decms.eu\/","name":"Grand Mercure V2 demo site","description":"Just another Matteo Canever Site Sites site","potentialAction":[{"@type":"SearchAction","target":{"@type":"EntryPoint","urlTemplate":"https:\/\/grandmercure.accorv2prod.decms.eu\/?s={search_term_string}"},"query-input":{"@type":"PropertyValueSpecification","valueRequired":true,"valueName":"search_term_string"}}],"inLanguage":"vi-VN"}]}},"_links":{"self":[{"href":"https:\/\/grandmercure.accorv2prod.decms.eu\/vi\/wp-json\/wp\/v2\/pages\/2211","targetHints":{"allow":["GET"]}}],"collection":[{"href":"https:\/\/grandmercure.accorv2prod.decms.eu\/vi\/wp-json\/wp\/v2\/pages"}],"about":[{"href":"https:\/\/grandmercure.accorv2prod.decms.eu\/vi\/wp-json\/wp\/v2\/types\/page"}],"author":[{"embeddable":true,"href":"https:\/\/grandmercure.accorv2prod.decms.eu\/vi\/wp-json\/wp\/v2\/users\/4"}],"replies":[{"embeddable":true,"href":"https:\/\/grandmercure.accorv2prod.decms.eu\/vi\/wp-json\/wp\/v2\/comments?post=2211"}],"version-history":[{"count":0,"href":"https:\/\/grandmercure.accorv2prod.decms.eu\/vi\/wp-json\/wp\/v2\/pages\/2211\/revisions"}],"up":[{"embeddable":true,"href":"https:\/\/grandmercure.accorv2prod.decms.eu\/vi\/wp-json\/wp\/v2\/pages\/928"}],"wp:attachment":[{"href":"https:\/\/grandmercure.accorv2prod.decms.eu\/vi\/wp-json\/wp\/v2\/media?parent=2211"}],"wp:term":[{"taxonomy":"category","embeddable":true,"href":"https:\/\/grandmercure.accorv2prod.decms.eu\/vi\/wp-json\/wp\/v2\/categories?post=2211"}],"curies":[{"name":"wp","href":"https:\/\/api.w.org\/{rel}","templated":true}]}}