{"id":2212,"date":"2021-08-05T10:30:10","date_gmt":"2021-08-05T10:30:10","guid":{"rendered":"https:\/\/grandmercure.accorv2prod.decms.eu\/?page_id=2212"},"modified":"2025-11-25T11:07:04","modified_gmt":"2025-11-25T11:07:04","slug":"mat-xa-tri-lieu","status":"publish","type":"page","link":"https:\/\/grandmercure.accorv2prod.decms.eu\/vi\/nirvana-sands-spa-wellness\/mat-xa-tri-lieu\/","title":{"rendered":"Massage &#038; Nghi th\u1ee9c Bali Bliss"},"content":{"rendered":"<p>\u0110\u00e2y l\u00e0 tr\u00e1i tim c\u1ee7a tr\u1ea3i nghi\u1ec7m Nirvana Sands c\u1ee7a b\u1ea1n. Th\u1ef1c \u0111\u01a1n massage v\u00e0 nghi th\u1ee9c c\u1ee7a ch\u00fang t\u00f4i l\u00e0 m\u1ed9t b\u1ed9 s\u01b0u t\u1eadp \u0111\u01b0\u1ee3c tuy\u1ec3n ch\u1ecdn c\u00e1c k\u1ef9 thu\u1eadt ch\u1eefa b\u1ec7nh c\u1ed5 x\u01b0a c\u1ee7a Bali v\u00e0 c\u00e1c li\u1ec7u ph\u00e1p to\u00e0n di\u1ec7n \u0111\u01b0\u1ee3c thi\u1ebft k\u1ebf \u0111\u1ec3 kh\u00f4i ph\u1ee5c s\u1ef1 c\u00e2n b\u1eb1ng \u0111\u1ed9c \u0111\u00e1o c\u1ee7a b\u1ea1n.<\/p>\n<p>C\u00e1c nh\u00e0 tr\u1ecb li\u1ec7u c\u1ee7a ch\u00fang t\u00f4i s\u1edf h\u1eefu &#8220;c\u00e1i ch\u1ea1m tr\u1ef1c gi\u00e1c&#8221; n\u1ed5i ti\u1ebfng c\u1ee7a ng\u01b0\u1eddi Bali, m\u1ed9t ngh\u1ec7 thu\u1eadt \u0111\u01b0\u1ee3c truy\u1ec1n qua nhi\u1ec1u th\u1ebf h\u1ec7. H\u1ecd kh\u00f4ng ch\u1ec9 l\u00e0m theo m\u1ed9t th\u00f3i quen; h\u1ecd l\u1eafng nghe c\u01a1 th\u1ec3 b\u1ea1n v\u00e0 nhu c\u1ea7u c\u1ee7a n\u00f3. Tr\u1ea3i nghi\u1ec7m Massage Bali truy\u1ec1n th\u1ed1ng n\u1ed5i ti\u1ebfng th\u1ebf gi\u1edbi c\u1ee7a ch\u00fang t\u00f4i, m\u1ed9t li\u1ec7u ph\u00e1p s\u00e2u, uy\u1ec3n chuy\u1ec3n s\u1eed d\u1ee5ng c\u00e1c lo\u1ea1i d\u1ea7u th\u01a1m \u0111\u1ec3 gi\u1ea3i ph\u00f3ng c\u0103ng th\u1eb3ng, ho\u1eb7c kh\u00e1m ph\u00e1 c\u00e1c nghi th\u1ee9c c\u1ee7a ch\u00fang t\u00f4i k\u1ebft h\u1ee3p tr\u00ed tu\u1ec7 Jamu (th\u1ea3o d\u01b0\u1ee3c), t\u1ea9y t\u1ebf b\u00e0o ch\u1ebft to\u00e0n th\u00e2n v\u00e0 t\u1eafm hoa cho m\u1ed9t h\u00e0nh tr\u00ecnh gi\u00e1c quan tr\u1ecdn v\u1eb9n.<\/p>\n","protected":false},"excerpt":{"rendered":"<p>\u0110\u00e2y l\u00e0 tr\u00e1i tim c\u1ee7a tr\u1ea3i nghi\u1ec7m Nirvana Sands c\u1ee7a b\u1ea1n. Th\u1ef1c \u0111\u01a1n massage v\u00e0 nghi th\u1ee9c c\u1ee7a ch\u00fang t\u00f4i l\u00e0 m\u1ed9t b\u1ed9 s\u01b0u t\u1eadp \u0111\u01b0\u1ee3c tuy\u1ec3n ch\u1ecdn c\u00e1c k\u1ef9 thu\u1eadt ch\u1eefa b\u1ec7nh c\u1ed5 x\u01b0a c\u1ee7a Bali v\u00e0 c\u00e1c li\u1ec7u ph\u00e1p to\u00e0n di\u1ec7n \u0111\u01b0\u1ee3c thi\u1ebft k\u1ebf \u0111\u1ec3 kh\u00f4i ph\u1ee5c s\u1ef1 c\u00e2n b\u1eb1ng \u0111\u1ed9c \u0111\u00e1o c\u1ee7a [&hellip;]<\/p>\n","protected":false},"author":4,"featured_media":0,"parent":928,"menu_order":40,"comment_status":"closed","ping_status":"closed","template":"template-spa.php","meta":{"footnotes":""},"categories":[],"class_list":["post-2212","page","type-page","status-publish","hentry"],"acf":[],"yoast_head":"<!-- This site is optimized with the Yoast SEO plugin v26.9 - https:\/\/yoast.com\/product\/yoast-seo-wordpress\/ -->\n<title>Massage &amp; Nghi th\u1ee9c Bali Bliss - Grand Mercure V2 demo site<\/title>\n<meta name=\"robots\" content=\"noindex, follow, max-snippet:-1, max-image-preview:large, max-video-preview:-1\" \/>\n<meta property=\"og:locale\" content=\"vi_VN\" \/>\n<meta property=\"og:type\" content=\"article\" \/>\n<meta property=\"og:title\" content=\"Massage &amp; Nghi th\u1ee9c Bali Bliss - Grand Mercure V2 demo site\" \/>\n<meta property=\"og:description\" content=\"\u0110\u00e2y l\u00e0 tr\u00e1i tim c\u1ee7a tr\u1ea3i nghi\u1ec7m Nirvana Sands c\u1ee7a b\u1ea1n. Th\u1ef1c \u0111\u01a1n massage v\u00e0 nghi th\u1ee9c c\u1ee7a ch\u00fang t\u00f4i l\u00e0 m\u1ed9t b\u1ed9 s\u01b0u t\u1eadp \u0111\u01b0\u1ee3c tuy\u1ec3n ch\u1ecdn c\u00e1c k\u1ef9 thu\u1eadt ch\u1eefa b\u1ec7nh c\u1ed5 x\u01b0a c\u1ee7a Bali v\u00e0 c\u00e1c li\u1ec7u ph\u00e1p to\u00e0n di\u1ec7n \u0111\u01b0\u1ee3c thi\u1ebft k\u1ebf \u0111\u1ec3 kh\u00f4i ph\u1ee5c s\u1ef1 c\u00e2n b\u1eb1ng \u0111\u1ed9c \u0111\u00e1o c\u1ee7a [&hellip;]\" \/>\n<meta property=\"og:url\" content=\"https:\/\/grandmercure.accorv2prod.decms.eu\/vi\/nirvana-sands-spa-wellness\/mat-xa-tri-lieu\/\" \/>\n<meta property=\"og:site_name\" content=\"Grand Mercure V2 demo site\" \/>\n<meta property=\"article:modified_time\" content=\"2025-11-25T11:07:04+00:00\" \/>\n<meta name=\"twitter:card\" content=\"summary_large_image\" \/>\n<meta name=\"twitter:label1\" content=\"Est. reading time\" \/>\n\t<meta name=\"twitter:data1\" content=\"1 minute\" \/>\n<script type=\"application\/ld+json\" class=\"yoast-schema-graph\">{\"@context\":\"https:\/\/schema.org\",\"@graph\":[{\"@type\":\"WebPage\",\"@id\":\"https:\/\/grandmercure.accorv2prod.decms.eu\/vi\/nirvana-sands-spa-wellness\/mat-xa-tri-lieu\/\",\"url\":\"https:\/\/grandmercure.accorv2prod.decms.eu\/vi\/nirvana-sands-spa-wellness\/mat-xa-tri-lieu\/\",\"name\":\"Massage & Nghi th\u1ee9c Bali Bliss - Grand Mercure V2 demo site\",\"isPartOf\":{\"@id\":\"https:\/\/grandmercure.accorv2prod.decms.eu\/#website\"},\"datePublished\":\"2021-08-05T10:30:10+00:00\",\"dateModified\":\"2025-11-25T11:07:04+00:00\",\"breadcrumb\":{\"@id\":\"https:\/\/grandmercure.accorv2prod.decms.eu\/vi\/nirvana-sands-spa-wellness\/mat-xa-tri-lieu\/#breadcrumb\"},\"inLanguage\":\"vi-VN\",\"potentialAction\":[{\"@type\":\"ReadAction\",\"target\":[\"https:\/\/grandmercure.accorv2prod.decms.eu\/vi\/nirvana-sands-spa-wellness\/mat-xa-tri-lieu\/\"]}]},{\"@type\":\"BreadcrumbList\",\"@id\":\"https:\/\/grandmercure.accorv2prod.decms.eu\/vi\/nirvana-sands-spa-wellness\/mat-xa-tri-lieu\/#breadcrumb\",\"itemListElement\":[{\"@type\":\"ListItem\",\"position\":1,\"name\":\"Home\",\"item\":\"https:\/\/grandmercure.accorv2prod.decms.eu\/vi\/\"},{\"@type\":\"ListItem\",\"position\":2,\"name\":\"Nirvana Sands Spa &#038; Wellness\",\"item\":\"https:\/\/grandmercure.accorv2prod.decms.eu\/vi\/nirvana-sands-spa-wellness\/\"},{\"@type\":\"ListItem\",\"position\":3,\"name\":\"Massage &#038; Nghi th\u1ee9c Bali Bliss\"}]},{\"@type\":\"WebSite\",\"@id\":\"https:\/\/grandmercure.accorv2prod.decms.eu\/#website\",\"url\":\"https:\/\/grandmercure.accorv2prod.decms.eu\/\",\"name\":\"Grand Mercure V2 demo site\",\"description\":\"Just another Matteo Canever Site Sites site\",\"potentialAction\":[{\"@type\":\"SearchAction\",\"target\":{\"@type\":\"EntryPoint\",\"urlTemplate\":\"https:\/\/grandmercure.accorv2prod.decms.eu\/?s={search_term_string}\"},\"query-input\":{\"@type\":\"PropertyValueSpecification\",\"valueRequired\":true,\"valueName\":\"search_term_string\"}}],\"inLanguage\":\"vi-VN\"}]}<\/script>\n<!-- \/ Yoast SEO plugin. -->","yoast_head_json":{"title":"Massage & Nghi th\u1ee9c Bali Bliss - Grand Mercure V2 demo site","robots":{"index":"noindex","follow":"follow","max-snippet":"max-snippet:-1","max-image-preview":"max-image-preview:large","max-video-preview":"max-video-preview:-1"},"og_locale":"vi_VN","og_type":"article","og_title":"Massage & Nghi th\u1ee9c Bali Bliss - Grand Mercure V2 demo site","og_description":"\u0110\u00e2y l\u00e0 tr\u00e1i tim c\u1ee7a tr\u1ea3i nghi\u1ec7m Nirvana Sands c\u1ee7a b\u1ea1n. Th\u1ef1c \u0111\u01a1n massage v\u00e0 nghi th\u1ee9c c\u1ee7a ch\u00fang t\u00f4i l\u00e0 m\u1ed9t b\u1ed9 s\u01b0u t\u1eadp \u0111\u01b0\u1ee3c tuy\u1ec3n ch\u1ecdn c\u00e1c k\u1ef9 thu\u1eadt ch\u1eefa b\u1ec7nh c\u1ed5 x\u01b0a c\u1ee7a Bali v\u00e0 c\u00e1c li\u1ec7u ph\u00e1p to\u00e0n di\u1ec7n \u0111\u01b0\u1ee3c thi\u1ebft k\u1ebf \u0111\u1ec3 kh\u00f4i ph\u1ee5c s\u1ef1 c\u00e2n b\u1eb1ng \u0111\u1ed9c \u0111\u00e1o c\u1ee7a [&hellip;]","og_url":"https:\/\/grandmercure.accorv2prod.decms.eu\/vi\/nirvana-sands-spa-wellness\/mat-xa-tri-lieu\/","og_site_name":"Grand Mercure V2 demo site","article_modified_time":"2025-11-25T11:07:04+00:00","twitter_card":"summary_large_image","twitter_misc":{"Est. reading time":"1 minute"},"schema":{"@context":"https:\/\/schema.org","@graph":[{"@type":"WebPage","@id":"https:\/\/grandmercure.accorv2prod.decms.eu\/vi\/nirvana-sands-spa-wellness\/mat-xa-tri-lieu\/","url":"https:\/\/grandmercure.accorv2prod.decms.eu\/vi\/nirvana-sands-spa-wellness\/mat-xa-tri-lieu\/","name":"Massage & Nghi th\u1ee9c Bali Bliss - Grand Mercure V2 demo site","isPartOf":{"@id":"https:\/\/grandmercure.accorv2prod.decms.eu\/#website"},"datePublished":"2021-08-05T10:30:10+00:00","dateModified":"2025-11-25T11:07:04+00:00","breadcrumb":{"@id":"https:\/\/grandmercure.accorv2prod.decms.eu\/vi\/nirvana-sands-spa-wellness\/mat-xa-tri-lieu\/#breadcrumb"},"inLanguage":"vi-VN","potentialAction":[{"@type":"ReadAction","target":["https:\/\/grandmercure.accorv2prod.decms.eu\/vi\/nirvana-sands-spa-wellness\/mat-xa-tri-lieu\/"]}]},{"@type":"BreadcrumbList","@id":"https:\/\/grandmercure.accorv2prod.decms.eu\/vi\/nirvana-sands-spa-wellness\/mat-xa-tri-lieu\/#breadcrumb","itemListElement":[{"@type":"ListItem","position":1,"name":"Home","item":"https:\/\/grandmercure.accorv2prod.decms.eu\/vi\/"},{"@type":"ListItem","position":2,"name":"Nirvana Sands Spa &#038; Wellness","item":"https:\/\/grandmercure.accorv2prod.decms.eu\/vi\/nirvana-sands-spa-wellness\/"},{"@type":"ListItem","position":3,"name":"Massage &#038; Nghi th\u1ee9c Bali Bliss"}]},{"@type":"WebSite","@id":"https:\/\/grandmercure.accorv2prod.decms.eu\/#website","url":"https:\/\/grandmercure.accorv2prod.decms.eu\/","name":"Grand Mercure V2 demo site","description":"Just another Matteo Canever Site Sites site","potentialAction":[{"@type":"SearchAction","target":{"@type":"EntryPoint","urlTemplate":"https:\/\/grandmercure.accorv2prod.decms.eu\/?s={search_term_string}"},"query-input":{"@type":"PropertyValueSpecification","valueRequired":true,"valueName":"search_term_string"}}],"inLanguage":"vi-VN"}]}},"_links":{"self":[{"href":"https:\/\/grandmercure.accorv2prod.decms.eu\/vi\/wp-json\/wp\/v2\/pages\/2212","targetHints":{"allow":["GET"]}}],"collection":[{"href":"https:\/\/grandmercure.accorv2prod.decms.eu\/vi\/wp-json\/wp\/v2\/pages"}],"about":[{"href":"https:\/\/grandmercure.accorv2prod.decms.eu\/vi\/wp-json\/wp\/v2\/types\/page"}],"author":[{"embeddable":true,"href":"https:\/\/grandmercure.accorv2prod.decms.eu\/vi\/wp-json\/wp\/v2\/users\/4"}],"replies":[{"embeddable":true,"href":"https:\/\/grandmercure.accorv2prod.decms.eu\/vi\/wp-json\/wp\/v2\/comments?post=2212"}],"version-history":[{"count":0,"href":"https:\/\/grandmercure.accorv2prod.decms.eu\/vi\/wp-json\/wp\/v2\/pages\/2212\/revisions"}],"up":[{"embeddable":true,"href":"https:\/\/grandmercure.accorv2prod.decms.eu\/vi\/wp-json\/wp\/v2\/pages\/928"}],"wp:attachment":[{"href":"https:\/\/grandmercure.accorv2prod.decms.eu\/vi\/wp-json\/wp\/v2\/media?parent=2212"}],"wp:term":[{"taxonomy":"category","embeddable":true,"href":"https:\/\/grandmercure.accorv2prod.decms.eu\/vi\/wp-json\/wp\/v2\/categories?post=2212"}],"curies":[{"name":"wp","href":"https:\/\/api.w.org\/{rel}","templated":true}]}}