{"id":2213,"date":"2021-08-05T10:30:07","date_gmt":"2021-08-05T10:30:07","guid":{"rendered":"https:\/\/grandmercure.accorv2prod.decms.eu\/?page_id=2213"},"modified":"2025-11-25T11:08:12","modified_gmt":"2025-11-25T11:08:12","slug":"phong-da-muoi-himalaya","status":"publish","type":"page","link":"https:\/\/grandmercure.accorv2prod.decms.eu\/vi\/nirvana-sands-spa-wellness\/phong-da-muoi-himalaya\/","title":{"rendered":"Thi\u00ean \u0111\u01b0\u1eddng Mu\u1ed1i Kusamba"},"content":{"rendered":"<p>Tr\u1ea3i nghi\u1ec7m \u0111\u1ed9c \u0111\u00e1o n\u00e0y l\u00e0 s\u1ef1 t\u00f4n vinh nh\u1eefng truy\u1ec1n th\u1ed1ng l\u00e0m mu\u1ed1i c\u1ed5 x\u01b0a c\u1ee7a Kusamba, m\u1ed9t ng\u00f4i l\u00e0ng nh\u1ecf tr\u00ean b\u1edd bi\u1ec3n ph\u00eda \u0111\u00f4ng c\u1ee7a Bali. Thi\u00ean \u0111\u01b0\u1eddng Mu\u1ed1i Kusamba c\u1ee7a ch\u00fang t\u00f4i l\u00e0 m\u1ed9t c\u0103n ph\u00f2ng y\u00ean t\u0129nh, thi\u1ec1n \u0111\u1ecbnh, n\u01a1i nh\u1eefng b\u1ee9c t\u01b0\u1eddng \u0111\u01b0\u1ee3c l\u00f3t b\u1eb1ng mu\u1ed1i bi\u1ec3n Bali tinh khi\u1ebft, gi\u00e0u kho\u00e1ng ch\u1ea5t.<\/p>\n<p>\u0110\u00e2y l\u00e0 m\u1ed9t \u1ee9ng d\u1ee5ng hi\u1ec7n \u0111\u1ea1i c\u1ee7a li\u1ec7u ph\u00e1p mu\u1ed1i (li\u1ec7u ph\u00e1p mu\u1ed1i kh\u00f4). Vi kh\u00ed h\u1eadu c\u1ee7a c\u0103n ph\u00f2ng b\u00e3o h\u00f2a v\u1edbi c\u00e1c h\u1ea1t mu\u1ed1i c\u1ef1c nh\u1ecf, \u0111\u01b0\u1ee3c bi\u1ebft \u0111\u1ebfn v\u1edbi t\u00e1c d\u1ee5ng l\u00e0m s\u1ea1ch h\u1ec7 h\u00f4 h\u1ea5p, gi\u1ea3m vi\u00eam v\u00e0 thanh l\u1ecdc da. Ch\u1ec9 c\u1ea7n ng\u1ea3 l\u01b0ng trong b\u1ea7u kh\u00f4ng kh\u00ed thanh b\u00ecnh, h\u00edt th\u1edf s\u00e2u v\u00e0 \u0111\u1ec3 s\u1ee9c m\u1ea1nh ch\u1eefa l\u00e0nh c\u1ee7a bi\u1ec3n Bali ph\u1ee5c h\u1ed3i b\u1ea1n.<\/p>\n","protected":false},"excerpt":{"rendered":"<p>Tr\u1ea3i nghi\u1ec7m \u0111\u1ed9c \u0111\u00e1o n\u00e0y l\u00e0 s\u1ef1 t\u00f4n vinh nh\u1eefng truy\u1ec1n th\u1ed1ng l\u00e0m mu\u1ed1i c\u1ed5 x\u01b0a c\u1ee7a Kusamba, m\u1ed9t ng\u00f4i l\u00e0ng nh\u1ecf tr\u00ean b\u1edd bi\u1ec3n ph\u00eda \u0111\u00f4ng c\u1ee7a Bali. Thi\u00ean \u0111\u01b0\u1eddng Mu\u1ed1i Kusamba c\u1ee7a ch\u00fang t\u00f4i l\u00e0 m\u1ed9t c\u0103n ph\u00f2ng y\u00ean t\u0129nh, thi\u1ec1n \u0111\u1ecbnh, n\u01a1i nh\u1eefng b\u1ee9c t\u01b0\u1eddng \u0111\u01b0\u1ee3c l\u00f3t b\u1eb1ng mu\u1ed1i bi\u1ec3n Bali tinh [&hellip;]<\/p>\n","protected":false},"author":4,"featured_media":0,"parent":928,"menu_order":50,"comment_status":"closed","ping_status":"closed","template":"template-spa.php","meta":{"footnotes":""},"categories":[],"class_list":["post-2213","page","type-page","status-publish","hentry"],"acf":[],"yoast_head":"<!-- This site is optimized with the Yoast SEO plugin v26.9 - https:\/\/yoast.com\/product\/yoast-seo-wordpress\/ -->\n<title>Thi\u00ean \u0111\u01b0\u1eddng Mu\u1ed1i Kusamba - Grand Mercure V2 demo site<\/title>\n<meta name=\"robots\" content=\"noindex, follow, max-snippet:-1, max-image-preview:large, max-video-preview:-1\" \/>\n<meta property=\"og:locale\" content=\"vi_VN\" \/>\n<meta property=\"og:type\" content=\"article\" \/>\n<meta property=\"og:title\" content=\"Thi\u00ean \u0111\u01b0\u1eddng Mu\u1ed1i Kusamba - Grand Mercure V2 demo site\" \/>\n<meta property=\"og:description\" content=\"Tr\u1ea3i nghi\u1ec7m \u0111\u1ed9c \u0111\u00e1o n\u00e0y l\u00e0 s\u1ef1 t\u00f4n vinh nh\u1eefng truy\u1ec1n th\u1ed1ng l\u00e0m mu\u1ed1i c\u1ed5 x\u01b0a c\u1ee7a Kusamba, m\u1ed9t ng\u00f4i l\u00e0ng nh\u1ecf tr\u00ean b\u1edd bi\u1ec3n ph\u00eda \u0111\u00f4ng c\u1ee7a Bali. Thi\u00ean \u0111\u01b0\u1eddng Mu\u1ed1i Kusamba c\u1ee7a ch\u00fang t\u00f4i l\u00e0 m\u1ed9t c\u0103n ph\u00f2ng y\u00ean t\u0129nh, thi\u1ec1n \u0111\u1ecbnh, n\u01a1i nh\u1eefng b\u1ee9c t\u01b0\u1eddng \u0111\u01b0\u1ee3c l\u00f3t b\u1eb1ng mu\u1ed1i bi\u1ec3n Bali tinh [&hellip;]\" \/>\n<meta property=\"og:url\" content=\"https:\/\/grandmercure.accorv2prod.decms.eu\/vi\/nirvana-sands-spa-wellness\/phong-da-muoi-himalaya\/\" \/>\n<meta property=\"og:site_name\" content=\"Grand Mercure V2 demo site\" \/>\n<meta property=\"article:modified_time\" content=\"2025-11-25T11:08:12+00:00\" \/>\n<meta name=\"twitter:card\" content=\"summary_large_image\" \/>\n<meta name=\"twitter:label1\" content=\"Est. reading time\" \/>\n\t<meta name=\"twitter:data1\" content=\"1 minute\" \/>\n<script type=\"application\/ld+json\" class=\"yoast-schema-graph\">{\"@context\":\"https:\/\/schema.org\",\"@graph\":[{\"@type\":\"WebPage\",\"@id\":\"https:\/\/grandmercure.accorv2prod.decms.eu\/vi\/nirvana-sands-spa-wellness\/phong-da-muoi-himalaya\/\",\"url\":\"https:\/\/grandmercure.accorv2prod.decms.eu\/vi\/nirvana-sands-spa-wellness\/phong-da-muoi-himalaya\/\",\"name\":\"Thi\u00ean \u0111\u01b0\u1eddng Mu\u1ed1i Kusamba - Grand Mercure V2 demo site\",\"isPartOf\":{\"@id\":\"https:\/\/grandmercure.accorv2prod.decms.eu\/#website\"},\"datePublished\":\"2021-08-05T10:30:07+00:00\",\"dateModified\":\"2025-11-25T11:08:12+00:00\",\"breadcrumb\":{\"@id\":\"https:\/\/grandmercure.accorv2prod.decms.eu\/vi\/nirvana-sands-spa-wellness\/phong-da-muoi-himalaya\/#breadcrumb\"},\"inLanguage\":\"vi-VN\",\"potentialAction\":[{\"@type\":\"ReadAction\",\"target\":[\"https:\/\/grandmercure.accorv2prod.decms.eu\/vi\/nirvana-sands-spa-wellness\/phong-da-muoi-himalaya\/\"]}]},{\"@type\":\"BreadcrumbList\",\"@id\":\"https:\/\/grandmercure.accorv2prod.decms.eu\/vi\/nirvana-sands-spa-wellness\/phong-da-muoi-himalaya\/#breadcrumb\",\"itemListElement\":[{\"@type\":\"ListItem\",\"position\":1,\"name\":\"Home\",\"item\":\"https:\/\/grandmercure.accorv2prod.decms.eu\/vi\/\"},{\"@type\":\"ListItem\",\"position\":2,\"name\":\"Nirvana Sands Spa &#038; Wellness\",\"item\":\"https:\/\/grandmercure.accorv2prod.decms.eu\/vi\/nirvana-sands-spa-wellness\/\"},{\"@type\":\"ListItem\",\"position\":3,\"name\":\"Thi\u00ean \u0111\u01b0\u1eddng Mu\u1ed1i Kusamba\"}]},{\"@type\":\"WebSite\",\"@id\":\"https:\/\/grandmercure.accorv2prod.decms.eu\/#website\",\"url\":\"https:\/\/grandmercure.accorv2prod.decms.eu\/\",\"name\":\"Grand Mercure V2 demo site\",\"description\":\"Just another Matteo Canever Site Sites site\",\"potentialAction\":[{\"@type\":\"SearchAction\",\"target\":{\"@type\":\"EntryPoint\",\"urlTemplate\":\"https:\/\/grandmercure.accorv2prod.decms.eu\/?s={search_term_string}\"},\"query-input\":{\"@type\":\"PropertyValueSpecification\",\"valueRequired\":true,\"valueName\":\"search_term_string\"}}],\"inLanguage\":\"vi-VN\"}]}<\/script>\n<!-- \/ Yoast SEO plugin. -->","yoast_head_json":{"title":"Thi\u00ean \u0111\u01b0\u1eddng Mu\u1ed1i Kusamba - Grand Mercure V2 demo site","robots":{"index":"noindex","follow":"follow","max-snippet":"max-snippet:-1","max-image-preview":"max-image-preview:large","max-video-preview":"max-video-preview:-1"},"og_locale":"vi_VN","og_type":"article","og_title":"Thi\u00ean \u0111\u01b0\u1eddng Mu\u1ed1i Kusamba - Grand Mercure V2 demo site","og_description":"Tr\u1ea3i nghi\u1ec7m \u0111\u1ed9c \u0111\u00e1o n\u00e0y l\u00e0 s\u1ef1 t\u00f4n vinh nh\u1eefng truy\u1ec1n th\u1ed1ng l\u00e0m mu\u1ed1i c\u1ed5 x\u01b0a c\u1ee7a Kusamba, m\u1ed9t ng\u00f4i l\u00e0ng nh\u1ecf tr\u00ean b\u1edd bi\u1ec3n ph\u00eda \u0111\u00f4ng c\u1ee7a Bali. Thi\u00ean \u0111\u01b0\u1eddng Mu\u1ed1i Kusamba c\u1ee7a ch\u00fang t\u00f4i l\u00e0 m\u1ed9t c\u0103n ph\u00f2ng y\u00ean t\u0129nh, thi\u1ec1n \u0111\u1ecbnh, n\u01a1i nh\u1eefng b\u1ee9c t\u01b0\u1eddng \u0111\u01b0\u1ee3c l\u00f3t b\u1eb1ng mu\u1ed1i bi\u1ec3n Bali tinh [&hellip;]","og_url":"https:\/\/grandmercure.accorv2prod.decms.eu\/vi\/nirvana-sands-spa-wellness\/phong-da-muoi-himalaya\/","og_site_name":"Grand Mercure V2 demo site","article_modified_time":"2025-11-25T11:08:12+00:00","twitter_card":"summary_large_image","twitter_misc":{"Est. reading time":"1 minute"},"schema":{"@context":"https:\/\/schema.org","@graph":[{"@type":"WebPage","@id":"https:\/\/grandmercure.accorv2prod.decms.eu\/vi\/nirvana-sands-spa-wellness\/phong-da-muoi-himalaya\/","url":"https:\/\/grandmercure.accorv2prod.decms.eu\/vi\/nirvana-sands-spa-wellness\/phong-da-muoi-himalaya\/","name":"Thi\u00ean \u0111\u01b0\u1eddng Mu\u1ed1i Kusamba - Grand Mercure V2 demo site","isPartOf":{"@id":"https:\/\/grandmercure.accorv2prod.decms.eu\/#website"},"datePublished":"2021-08-05T10:30:07+00:00","dateModified":"2025-11-25T11:08:12+00:00","breadcrumb":{"@id":"https:\/\/grandmercure.accorv2prod.decms.eu\/vi\/nirvana-sands-spa-wellness\/phong-da-muoi-himalaya\/#breadcrumb"},"inLanguage":"vi-VN","potentialAction":[{"@type":"ReadAction","target":["https:\/\/grandmercure.accorv2prod.decms.eu\/vi\/nirvana-sands-spa-wellness\/phong-da-muoi-himalaya\/"]}]},{"@type":"BreadcrumbList","@id":"https:\/\/grandmercure.accorv2prod.decms.eu\/vi\/nirvana-sands-spa-wellness\/phong-da-muoi-himalaya\/#breadcrumb","itemListElement":[{"@type":"ListItem","position":1,"name":"Home","item":"https:\/\/grandmercure.accorv2prod.decms.eu\/vi\/"},{"@type":"ListItem","position":2,"name":"Nirvana Sands Spa &#038; Wellness","item":"https:\/\/grandmercure.accorv2prod.decms.eu\/vi\/nirvana-sands-spa-wellness\/"},{"@type":"ListItem","position":3,"name":"Thi\u00ean \u0111\u01b0\u1eddng Mu\u1ed1i Kusamba"}]},{"@type":"WebSite","@id":"https:\/\/grandmercure.accorv2prod.decms.eu\/#website","url":"https:\/\/grandmercure.accorv2prod.decms.eu\/","name":"Grand Mercure V2 demo site","description":"Just another Matteo Canever Site Sites site","potentialAction":[{"@type":"SearchAction","target":{"@type":"EntryPoint","urlTemplate":"https:\/\/grandmercure.accorv2prod.decms.eu\/?s={search_term_string}"},"query-input":{"@type":"PropertyValueSpecification","valueRequired":true,"valueName":"search_term_string"}}],"inLanguage":"vi-VN"}]}},"_links":{"self":[{"href":"https:\/\/grandmercure.accorv2prod.decms.eu\/vi\/wp-json\/wp\/v2\/pages\/2213","targetHints":{"allow":["GET"]}}],"collection":[{"href":"https:\/\/grandmercure.accorv2prod.decms.eu\/vi\/wp-json\/wp\/v2\/pages"}],"about":[{"href":"https:\/\/grandmercure.accorv2prod.decms.eu\/vi\/wp-json\/wp\/v2\/types\/page"}],"author":[{"embeddable":true,"href":"https:\/\/grandmercure.accorv2prod.decms.eu\/vi\/wp-json\/wp\/v2\/users\/4"}],"replies":[{"embeddable":true,"href":"https:\/\/grandmercure.accorv2prod.decms.eu\/vi\/wp-json\/wp\/v2\/comments?post=2213"}],"version-history":[{"count":0,"href":"https:\/\/grandmercure.accorv2prod.decms.eu\/vi\/wp-json\/wp\/v2\/pages\/2213\/revisions"}],"up":[{"embeddable":true,"href":"https:\/\/grandmercure.accorv2prod.decms.eu\/vi\/wp-json\/wp\/v2\/pages\/928"}],"wp:attachment":[{"href":"https:\/\/grandmercure.accorv2prod.decms.eu\/vi\/wp-json\/wp\/v2\/media?parent=2213"}],"wp:term":[{"taxonomy":"category","embeddable":true,"href":"https:\/\/grandmercure.accorv2prod.decms.eu\/vi\/wp-json\/wp\/v2\/categories?post=2213"}],"curies":[{"name":"wp","href":"https:\/\/api.w.org\/{rel}","templated":true}]}}