{"id":2246,"date":"2021-08-05T10:39:44","date_gmt":"2021-08-05T10:39:44","guid":{"rendered":"https:\/\/grandmercure.accorv2prod.decms.eu\/?page_id=2246"},"modified":"2025-11-24T14:35:03","modified_gmt":"2025-11-24T14:35:03","slug":"ban-tin","status":"publish","type":"page","link":"https:\/\/grandmercure.accorv2prod.decms.eu\/vi\/ban-tin\/","title":{"rendered":"B\u1ea3n tin"},"content":{"rendered":"<p>H\u00e3y l\u00e0 ng\u01b0\u1eddi \u0111\u1ea7u ti\u00ean kh\u00e1m ph\u00e1 c\u00e1c \u01b0u \u0111\u00e3i \u0111\u1ed9c quy\u1ec1n, s\u1ef1 ki\u1ec7n th\u00fa v\u1ecb v\u00e0 c\u1eadp nh\u1eadt m\u1edbi nh\u1ea5t t\u1eeb Kh\u00e1ch s\u1ea1n Grand Mercure Bali. \u0110\u0103ng k\u00fd nh\u1eadn b\u1ea3n tin c\u1ee7a ch\u00fang t\u00f4i v\u00e0 nh\u1eadn n\u1ed9i dung \u0111\u01b0\u1ee3c tuy\u1ec3n ch\u1ecdn g\u1eedi th\u1eb3ng \u0111\u1ebfn h\u1ed9p th\u01b0 \u0111\u1ebfn c\u1ee7a b\u1ea1n, bao g\u1ed3m c\u00e1c ch\u01b0\u01a1ng tr\u00ecnh khuy\u1ebfn m\u00e3i \u0111\u1eb7c bi\u1ec7t, m\u1eb9o du l\u1ecbch n\u1ed9i b\u1ed9 v\u00e0 c\u00e1c \u0111\u1ec1 xu\u1ea5t \u0111\u01b0\u1ee3c c\u00e1 nh\u00e2n h\u00f3a \u0111\u1ec3 n\u00e2ng cao k\u1ef3 ngh\u1ec9 ti\u1ebfp theo c\u1ee7a b\u1ea1n.<\/p>\n<p>Cho d\u00f9 b\u1ea1n \u0111ang m\u01a1 v\u1ec1 k\u1ef3 ngh\u1ec9 ti\u1ebfp theo hay t\u00ecm ki\u1ebfm tr\u1ea3i nghi\u1ec7m spa ho\u00e0n h\u1ea3o, b\u1ea3n tin c\u1ee7a ch\u00fang t\u00f4i s\u1ebd gi\u00fap b\u1ea1n c\u1eadp nh\u1eadt m\u1ecdi th\u1ee9 \u0111ang di\u1ec5n ra t\u1ea1i khu ngh\u1ec9 m\u00e1t c\u1ee7a ch\u00fang t\u00f4i. \u0110\u1eebng b\u1ecf l\u1ee1 quy\u1ec1n truy c\u1eadp s\u1edbm v\u00e0o c\u00e1c giao d\u1ecbch, g\u00f3i theo m\u00f9a v\u00e0 tr\u1ea3i nghi\u1ec7m \u0111\u1ed9c \u0111\u00e1o \u0111\u01b0\u1ee3c thi\u1ebft k\u1ebf d\u00e0nh ri\u00eang cho ng\u01b0\u1eddi \u0111\u0103ng k\u00fd c\u1ee7a ch\u00fang t\u00f4i.<\/p>\n<p>\u0110\u0103ng k\u00fd ngay h\u00f4m nay v\u00e0 h\u00e3y \u0111\u1ec3 h\u00e0nh tr\u00ecnh b\u1eaft \u0111\u1ea7u!<\/p>\n","protected":false},"excerpt":{"rendered":"<p>H\u00e3y l\u00e0 ng\u01b0\u1eddi \u0111\u1ea7u ti\u00ean kh\u00e1m ph\u00e1 c\u00e1c \u01b0u \u0111\u00e3i \u0111\u1ed9c quy\u1ec1n, s\u1ef1 ki\u1ec7n th\u00fa v\u1ecb v\u00e0 c\u1eadp nh\u1eadt m\u1edbi nh\u1ea5t t\u1eeb Kh\u00e1ch s\u1ea1n Grand Mercure Bali. \u0110\u0103ng k\u00fd nh\u1eadn b\u1ea3n tin c\u1ee7a ch\u00fang t\u00f4i v\u00e0 nh\u1eadn n\u1ed9i dung \u0111\u01b0\u1ee3c tuy\u1ec3n ch\u1ecdn g\u1eedi th\u1eb3ng \u0111\u1ebfn h\u1ed9p th\u01b0 \u0111\u1ebfn c\u1ee7a b\u1ea1n, bao g\u1ed3m c\u00e1c ch\u01b0\u01a1ng tr\u00ecnh [&hellip;]<\/p>\n","protected":false},"author":4,"featured_media":0,"parent":0,"menu_order":180,"comment_status":"closed","ping_status":"closed","template":"template-newsletter.php","meta":{"footnotes":""},"categories":[],"class_list":["post-2246","page","type-page","status-publish","hentry"],"acf":[],"yoast_head":"<!-- This site is optimized with the Yoast SEO plugin v26.9 - https:\/\/yoast.com\/product\/yoast-seo-wordpress\/ -->\n<title>B\u1ea3n tin - Grand Mercure V2 demo site<\/title>\n<meta name=\"robots\" content=\"noindex, follow, max-snippet:-1, max-image-preview:large, max-video-preview:-1\" \/>\n<meta property=\"og:locale\" content=\"vi_VN\" \/>\n<meta property=\"og:type\" content=\"article\" \/>\n<meta property=\"og:title\" content=\"B\u1ea3n tin - Grand Mercure V2 demo site\" \/>\n<meta property=\"og:description\" content=\"H\u00e3y l\u00e0 ng\u01b0\u1eddi \u0111\u1ea7u ti\u00ean kh\u00e1m ph\u00e1 c\u00e1c \u01b0u \u0111\u00e3i \u0111\u1ed9c quy\u1ec1n, s\u1ef1 ki\u1ec7n th\u00fa v\u1ecb v\u00e0 c\u1eadp nh\u1eadt m\u1edbi nh\u1ea5t t\u1eeb Kh\u00e1ch s\u1ea1n Grand Mercure Bali. \u0110\u0103ng k\u00fd nh\u1eadn b\u1ea3n tin c\u1ee7a ch\u00fang t\u00f4i v\u00e0 nh\u1eadn n\u1ed9i dung \u0111\u01b0\u1ee3c tuy\u1ec3n ch\u1ecdn g\u1eedi th\u1eb3ng \u0111\u1ebfn h\u1ed9p th\u01b0 \u0111\u1ebfn c\u1ee7a b\u1ea1n, bao g\u1ed3m c\u00e1c ch\u01b0\u01a1ng tr\u00ecnh [&hellip;]\" \/>\n<meta property=\"og:url\" content=\"https:\/\/grandmercure.accorv2prod.decms.eu\/vi\/ban-tin\/\" \/>\n<meta property=\"og:site_name\" content=\"Grand Mercure V2 demo site\" \/>\n<meta property=\"article:modified_time\" content=\"2025-11-24T14:35:03+00:00\" \/>\n<meta name=\"twitter:card\" content=\"summary_large_image\" \/>\n<meta name=\"twitter:label1\" content=\"Est. reading time\" \/>\n\t<meta name=\"twitter:data1\" content=\"1 minute\" \/>\n<script type=\"application\/ld+json\" class=\"yoast-schema-graph\">{\"@context\":\"https:\/\/schema.org\",\"@graph\":[{\"@type\":\"WebPage\",\"@id\":\"https:\/\/grandmercure.accorv2prod.decms.eu\/vi\/ban-tin\/\",\"url\":\"https:\/\/grandmercure.accorv2prod.decms.eu\/vi\/ban-tin\/\",\"name\":\"B\u1ea3n tin - Grand Mercure V2 demo site\",\"isPartOf\":{\"@id\":\"https:\/\/grandmercure.accorv2prod.decms.eu\/#website\"},\"datePublished\":\"2021-08-05T10:39:44+00:00\",\"dateModified\":\"2025-11-24T14:35:03+00:00\",\"breadcrumb\":{\"@id\":\"https:\/\/grandmercure.accorv2prod.decms.eu\/vi\/ban-tin\/#breadcrumb\"},\"inLanguage\":\"vi-VN\",\"potentialAction\":[{\"@type\":\"ReadAction\",\"target\":[\"https:\/\/grandmercure.accorv2prod.decms.eu\/vi\/ban-tin\/\"]}]},{\"@type\":\"BreadcrumbList\",\"@id\":\"https:\/\/grandmercure.accorv2prod.decms.eu\/vi\/ban-tin\/#breadcrumb\",\"itemListElement\":[{\"@type\":\"ListItem\",\"position\":1,\"name\":\"Home\",\"item\":\"https:\/\/grandmercure.accorv2prod.decms.eu\/vi\/\"},{\"@type\":\"ListItem\",\"position\":2,\"name\":\"B\u1ea3n tin\"}]},{\"@type\":\"WebSite\",\"@id\":\"https:\/\/grandmercure.accorv2prod.decms.eu\/#website\",\"url\":\"https:\/\/grandmercure.accorv2prod.decms.eu\/\",\"name\":\"Grand Mercure V2 demo site\",\"description\":\"Just another Matteo Canever Site Sites site\",\"potentialAction\":[{\"@type\":\"SearchAction\",\"target\":{\"@type\":\"EntryPoint\",\"urlTemplate\":\"https:\/\/grandmercure.accorv2prod.decms.eu\/?s={search_term_string}\"},\"query-input\":{\"@type\":\"PropertyValueSpecification\",\"valueRequired\":true,\"valueName\":\"search_term_string\"}}],\"inLanguage\":\"vi-VN\"}]}<\/script>\n<!-- \/ Yoast SEO plugin. -->","yoast_head_json":{"title":"B\u1ea3n tin - Grand Mercure V2 demo site","robots":{"index":"noindex","follow":"follow","max-snippet":"max-snippet:-1","max-image-preview":"max-image-preview:large","max-video-preview":"max-video-preview:-1"},"og_locale":"vi_VN","og_type":"article","og_title":"B\u1ea3n tin - Grand Mercure V2 demo site","og_description":"H\u00e3y l\u00e0 ng\u01b0\u1eddi \u0111\u1ea7u ti\u00ean kh\u00e1m ph\u00e1 c\u00e1c \u01b0u \u0111\u00e3i \u0111\u1ed9c quy\u1ec1n, s\u1ef1 ki\u1ec7n th\u00fa v\u1ecb v\u00e0 c\u1eadp nh\u1eadt m\u1edbi nh\u1ea5t t\u1eeb Kh\u00e1ch s\u1ea1n Grand Mercure Bali. \u0110\u0103ng k\u00fd nh\u1eadn b\u1ea3n tin c\u1ee7a ch\u00fang t\u00f4i v\u00e0 nh\u1eadn n\u1ed9i dung \u0111\u01b0\u1ee3c tuy\u1ec3n ch\u1ecdn g\u1eedi th\u1eb3ng \u0111\u1ebfn h\u1ed9p th\u01b0 \u0111\u1ebfn c\u1ee7a b\u1ea1n, bao g\u1ed3m c\u00e1c ch\u01b0\u01a1ng tr\u00ecnh [&hellip;]","og_url":"https:\/\/grandmercure.accorv2prod.decms.eu\/vi\/ban-tin\/","og_site_name":"Grand Mercure V2 demo site","article_modified_time":"2025-11-24T14:35:03+00:00","twitter_card":"summary_large_image","twitter_misc":{"Est. reading time":"1 minute"},"schema":{"@context":"https:\/\/schema.org","@graph":[{"@type":"WebPage","@id":"https:\/\/grandmercure.accorv2prod.decms.eu\/vi\/ban-tin\/","url":"https:\/\/grandmercure.accorv2prod.decms.eu\/vi\/ban-tin\/","name":"B\u1ea3n tin - Grand Mercure V2 demo site","isPartOf":{"@id":"https:\/\/grandmercure.accorv2prod.decms.eu\/#website"},"datePublished":"2021-08-05T10:39:44+00:00","dateModified":"2025-11-24T14:35:03+00:00","breadcrumb":{"@id":"https:\/\/grandmercure.accorv2prod.decms.eu\/vi\/ban-tin\/#breadcrumb"},"inLanguage":"vi-VN","potentialAction":[{"@type":"ReadAction","target":["https:\/\/grandmercure.accorv2prod.decms.eu\/vi\/ban-tin\/"]}]},{"@type":"BreadcrumbList","@id":"https:\/\/grandmercure.accorv2prod.decms.eu\/vi\/ban-tin\/#breadcrumb","itemListElement":[{"@type":"ListItem","position":1,"name":"Home","item":"https:\/\/grandmercure.accorv2prod.decms.eu\/vi\/"},{"@type":"ListItem","position":2,"name":"B\u1ea3n tin"}]},{"@type":"WebSite","@id":"https:\/\/grandmercure.accorv2prod.decms.eu\/#website","url":"https:\/\/grandmercure.accorv2prod.decms.eu\/","name":"Grand Mercure V2 demo site","description":"Just another Matteo Canever Site Sites site","potentialAction":[{"@type":"SearchAction","target":{"@type":"EntryPoint","urlTemplate":"https:\/\/grandmercure.accorv2prod.decms.eu\/?s={search_term_string}"},"query-input":{"@type":"PropertyValueSpecification","valueRequired":true,"valueName":"search_term_string"}}],"inLanguage":"vi-VN"}]}},"_links":{"self":[{"href":"https:\/\/grandmercure.accorv2prod.decms.eu\/vi\/wp-json\/wp\/v2\/pages\/2246","targetHints":{"allow":["GET"]}}],"collection":[{"href":"https:\/\/grandmercure.accorv2prod.decms.eu\/vi\/wp-json\/wp\/v2\/pages"}],"about":[{"href":"https:\/\/grandmercure.accorv2prod.decms.eu\/vi\/wp-json\/wp\/v2\/types\/page"}],"author":[{"embeddable":true,"href":"https:\/\/grandmercure.accorv2prod.decms.eu\/vi\/wp-json\/wp\/v2\/users\/4"}],"replies":[{"embeddable":true,"href":"https:\/\/grandmercure.accorv2prod.decms.eu\/vi\/wp-json\/wp\/v2\/comments?post=2246"}],"version-history":[{"count":0,"href":"https:\/\/grandmercure.accorv2prod.decms.eu\/vi\/wp-json\/wp\/v2\/pages\/2246\/revisions"}],"wp:attachment":[{"href":"https:\/\/grandmercure.accorv2prod.decms.eu\/vi\/wp-json\/wp\/v2\/media?parent=2246"}],"wp:term":[{"taxonomy":"category","embeddable":true,"href":"https:\/\/grandmercure.accorv2prod.decms.eu\/vi\/wp-json\/wp\/v2\/categories?post=2246"}],"curies":[{"name":"wp","href":"https:\/\/api.w.org\/{rel}","templated":true}]}}