{"id":2797,"date":"2021-06-29T10:44:39","date_gmt":"2021-06-29T10:44:39","guid":{"rendered":"https:\/\/grandmercure.accorv2prod.decms.eu\/rooms-suites\/junior-suites\/"},"modified":"2025-11-18T11:49:37","modified_gmt":"2025-11-18T11:49:37","slug":"suite-junior","status":"publish","type":"page","link":"https:\/\/grandmercure.accorv2prod.decms.eu\/vi\/phong-nghi-suite\/suite-junior\/","title":{"rendered":"Suite Junior"},"content":{"rendered":"<p data-path-to-node=\"221\">Tr\u1ea3i nghi\u1ec7m m\u1ed9t kh\u00eda c\u1ea1nh m\u1edbi c\u1ee7a s\u1ef1 tho\u1ea3i m\u00e1i trong Junior Suite c\u1ee7a ch\u00fang t\u00f4i. Th\u00e1nh \u0111\u1ecba kh\u00f4ng gian m\u1edf r\u1ed9ng l\u1edbn n\u00e0y \u0111\u01b0\u1ee3c thi\u1ebft k\u1ebf cho nh\u1eefng ai mong mu\u1ed1n nhi\u1ec1u h\u01a1n ch\u1ec9 l\u00e0 m\u1ed9t c\u0103n ph\u00f2ng. N\u00f3 ng\u0103n c\u00e1ch m\u1ed9t c\u00e1ch thanh l\u1ecbch khu v\u1ef1c ng\u1ee7 v\u1edbi kh\u00f4ng gian ti\u1ebfp kh\u00e1ch chuy\u00ean d\u1ee5ng, \u0111\u01b0\u1ee3c trang b\u1ecb ch\u1ed7 ng\u1ed3i sang tr\u1ecdng, ho\u00e0n h\u1ea3o \u0111\u1ec3 th\u01b0 gi\u00e3n sau m\u1ed9t ng\u00e0y kh\u00e1m ph\u00e1.<\/p>\n<p data-path-to-node=\"222\">Phong c\u00e1ch trang tr\u00ed l\u00e0 s\u1ef1 pha tr\u1ed9n \u0111i\u00eau luy\u1ec7n gi\u1eefa s\u1ef1 sang tr\u1ecdng \u0111\u01b0\u01a1ng \u0111\u1ea1i v\u00e0 ngh\u1ec7 thu\u1eadt \u0111\u1ecba ph\u01b0\u01a1ng \u0111\u00edch th\u1ef1c, t\u1ea1o ra m\u1ed9t b\u1ea7u kh\u00f4ng kh\u00ed v\u1eeba tinh t\u1ebf v\u1eeba v\u00f4 c\u00f9ng m\u1eddi g\u1ecdi. \u00c1nh s\u00e1ng m\u1eb7t tr\u1eddi tr\u00e0n ng\u1eadp kh\u00f4ng gian, l\u00e0m n\u1ed5i b\u1eadt c\u00e1c k\u1ebft c\u1ea5u phong ph\u00fa v\u00e0 s\u1ef1 kh\u00e9o l\u00e9o. Cho d\u00f9 b\u1ea1n \u0111ang th\u01b0 gi\u00e3n trong nh\u00e0 hay t\u1eadn h\u01b0\u1edfng t\u1ea7m nh\u00ecn t\u1eeb ban c\u00f4ng ri\u00eang, Junior Suite mang \u0111\u1ebfn c\u1ea3m gi\u00e1c th\u1ef1c s\u1ef1 th\u0103ng hoa v\u1ec1 m\u1ed9t ng\u00f4i nh\u00e0 gi\u1eefa l\u00f2ng Bali.<\/p>\n","protected":false},"excerpt":{"rendered":"<p>Tr\u1ea3i nghi\u1ec7m m\u1ed9t kh\u00eda c\u1ea1nh m\u1edbi c\u1ee7a s\u1ef1 tho\u1ea3i m\u00e1i trong Junior Suite c\u1ee7a ch\u00fang t\u00f4i. Th\u00e1nh \u0111\u1ecba kh\u00f4ng gian m\u1edf r\u1ed9ng l\u1edbn n\u00e0y \u0111\u01b0\u1ee3c thi\u1ebft k\u1ebf cho nh\u1eefng ai mong mu\u1ed1n nhi\u1ec1u h\u01a1n ch\u1ec9 l\u00e0 m\u1ed9t c\u0103n ph\u00f2ng. N\u00f3 ng\u0103n c\u00e1ch m\u1ed9t c\u00e1ch thanh l\u1ecbch khu v\u1ef1c ng\u1ee7 v\u1edbi kh\u00f4ng gian ti\u1ebfp kh\u00e1ch chuy\u00ean [&hellip;]<\/p>\n","protected":false},"author":2,"featured_media":0,"parent":924,"menu_order":30,"comment_status":"closed","ping_status":"closed","template":"template-room.php","meta":{"footnotes":""},"categories":[266],"class_list":["post-2797","page","type-page","status-publish","hentry","category-suites-vi"],"acf":[],"yoast_head":"<!-- This site is optimized with the Yoast SEO plugin v26.9 - https:\/\/yoast.com\/product\/yoast-seo-wordpress\/ -->\n<title>Suite Junior - Grand Mercure V2 demo site<\/title>\n<meta name=\"robots\" content=\"noindex, follow, max-snippet:-1, max-image-preview:large, max-video-preview:-1\" \/>\n<meta property=\"og:locale\" content=\"vi_VN\" \/>\n<meta property=\"og:type\" content=\"article\" \/>\n<meta property=\"og:title\" content=\"Suite Junior - Grand Mercure V2 demo site\" \/>\n<meta property=\"og:description\" content=\"Tr\u1ea3i nghi\u1ec7m m\u1ed9t kh\u00eda c\u1ea1nh m\u1edbi c\u1ee7a s\u1ef1 tho\u1ea3i m\u00e1i trong Junior Suite c\u1ee7a ch\u00fang t\u00f4i. Th\u00e1nh \u0111\u1ecba kh\u00f4ng gian m\u1edf r\u1ed9ng l\u1edbn n\u00e0y \u0111\u01b0\u1ee3c thi\u1ebft k\u1ebf cho nh\u1eefng ai mong mu\u1ed1n nhi\u1ec1u h\u01a1n ch\u1ec9 l\u00e0 m\u1ed9t c\u0103n ph\u00f2ng. N\u00f3 ng\u0103n c\u00e1ch m\u1ed9t c\u00e1ch thanh l\u1ecbch khu v\u1ef1c ng\u1ee7 v\u1edbi kh\u00f4ng gian ti\u1ebfp kh\u00e1ch chuy\u00ean [&hellip;]\" \/>\n<meta property=\"og:url\" content=\"https:\/\/grandmercure.accorv2prod.decms.eu\/vi\/phong-nghi-suite\/suite-junior\/\" \/>\n<meta property=\"og:site_name\" content=\"Grand Mercure V2 demo site\" \/>\n<meta property=\"article:modified_time\" content=\"2025-11-18T11:49:37+00:00\" \/>\n<meta name=\"twitter:card\" content=\"summary_large_image\" \/>\n<meta name=\"twitter:label1\" content=\"Est. reading time\" \/>\n\t<meta name=\"twitter:data1\" content=\"1 minute\" \/>\n<script type=\"application\/ld+json\" class=\"yoast-schema-graph\">{\"@context\":\"https:\/\/schema.org\",\"@graph\":[{\"@type\":\"WebPage\",\"@id\":\"https:\/\/grandmercure.accorv2prod.decms.eu\/vi\/phong-nghi-suite\/suite-junior\/\",\"url\":\"https:\/\/grandmercure.accorv2prod.decms.eu\/vi\/phong-nghi-suite\/suite-junior\/\",\"name\":\"Suite Junior - Grand Mercure V2 demo site\",\"isPartOf\":{\"@id\":\"https:\/\/grandmercure.accorv2prod.decms.eu\/#website\"},\"datePublished\":\"2021-06-29T10:44:39+00:00\",\"dateModified\":\"2025-11-18T11:49:37+00:00\",\"breadcrumb\":{\"@id\":\"https:\/\/grandmercure.accorv2prod.decms.eu\/vi\/phong-nghi-suite\/suite-junior\/#breadcrumb\"},\"inLanguage\":\"vi-VN\",\"potentialAction\":[{\"@type\":\"ReadAction\",\"target\":[\"https:\/\/grandmercure.accorv2prod.decms.eu\/vi\/phong-nghi-suite\/suite-junior\/\"]}]},{\"@type\":\"BreadcrumbList\",\"@id\":\"https:\/\/grandmercure.accorv2prod.decms.eu\/vi\/phong-nghi-suite\/suite-junior\/#breadcrumb\",\"itemListElement\":[{\"@type\":\"ListItem\",\"position\":1,\"name\":\"Home\",\"item\":\"https:\/\/grandmercure.accorv2prod.decms.eu\/vi\/\"},{\"@type\":\"ListItem\",\"position\":2,\"name\":\"Ph\u00f2ng ngh\u1ec9 &#038; Suite\",\"item\":\"https:\/\/grandmercure.accorv2prod.decms.eu\/vi\/phong-nghi-suite\/\"},{\"@type\":\"ListItem\",\"position\":3,\"name\":\"Suite Junior\"}]},{\"@type\":\"WebSite\",\"@id\":\"https:\/\/grandmercure.accorv2prod.decms.eu\/#website\",\"url\":\"https:\/\/grandmercure.accorv2prod.decms.eu\/\",\"name\":\"Grand Mercure V2 demo site\",\"description\":\"Just another Matteo Canever Site Sites site\",\"potentialAction\":[{\"@type\":\"SearchAction\",\"target\":{\"@type\":\"EntryPoint\",\"urlTemplate\":\"https:\/\/grandmercure.accorv2prod.decms.eu\/?s={search_term_string}\"},\"query-input\":{\"@type\":\"PropertyValueSpecification\",\"valueRequired\":true,\"valueName\":\"search_term_string\"}}],\"inLanguage\":\"vi-VN\"}]}<\/script>\n<!-- \/ Yoast SEO plugin. -->","yoast_head_json":{"title":"Suite Junior - Grand Mercure V2 demo site","robots":{"index":"noindex","follow":"follow","max-snippet":"max-snippet:-1","max-image-preview":"max-image-preview:large","max-video-preview":"max-video-preview:-1"},"og_locale":"vi_VN","og_type":"article","og_title":"Suite Junior - Grand Mercure V2 demo site","og_description":"Tr\u1ea3i nghi\u1ec7m m\u1ed9t kh\u00eda c\u1ea1nh m\u1edbi c\u1ee7a s\u1ef1 tho\u1ea3i m\u00e1i trong Junior Suite c\u1ee7a ch\u00fang t\u00f4i. Th\u00e1nh \u0111\u1ecba kh\u00f4ng gian m\u1edf r\u1ed9ng l\u1edbn n\u00e0y \u0111\u01b0\u1ee3c thi\u1ebft k\u1ebf cho nh\u1eefng ai mong mu\u1ed1n nhi\u1ec1u h\u01a1n ch\u1ec9 l\u00e0 m\u1ed9t c\u0103n ph\u00f2ng. N\u00f3 ng\u0103n c\u00e1ch m\u1ed9t c\u00e1ch thanh l\u1ecbch khu v\u1ef1c ng\u1ee7 v\u1edbi kh\u00f4ng gian ti\u1ebfp kh\u00e1ch chuy\u00ean [&hellip;]","og_url":"https:\/\/grandmercure.accorv2prod.decms.eu\/vi\/phong-nghi-suite\/suite-junior\/","og_site_name":"Grand Mercure V2 demo site","article_modified_time":"2025-11-18T11:49:37+00:00","twitter_card":"summary_large_image","twitter_misc":{"Est. reading time":"1 minute"},"schema":{"@context":"https:\/\/schema.org","@graph":[{"@type":"WebPage","@id":"https:\/\/grandmercure.accorv2prod.decms.eu\/vi\/phong-nghi-suite\/suite-junior\/","url":"https:\/\/grandmercure.accorv2prod.decms.eu\/vi\/phong-nghi-suite\/suite-junior\/","name":"Suite Junior - Grand Mercure V2 demo site","isPartOf":{"@id":"https:\/\/grandmercure.accorv2prod.decms.eu\/#website"},"datePublished":"2021-06-29T10:44:39+00:00","dateModified":"2025-11-18T11:49:37+00:00","breadcrumb":{"@id":"https:\/\/grandmercure.accorv2prod.decms.eu\/vi\/phong-nghi-suite\/suite-junior\/#breadcrumb"},"inLanguage":"vi-VN","potentialAction":[{"@type":"ReadAction","target":["https:\/\/grandmercure.accorv2prod.decms.eu\/vi\/phong-nghi-suite\/suite-junior\/"]}]},{"@type":"BreadcrumbList","@id":"https:\/\/grandmercure.accorv2prod.decms.eu\/vi\/phong-nghi-suite\/suite-junior\/#breadcrumb","itemListElement":[{"@type":"ListItem","position":1,"name":"Home","item":"https:\/\/grandmercure.accorv2prod.decms.eu\/vi\/"},{"@type":"ListItem","position":2,"name":"Ph\u00f2ng ngh\u1ec9 &#038; Suite","item":"https:\/\/grandmercure.accorv2prod.decms.eu\/vi\/phong-nghi-suite\/"},{"@type":"ListItem","position":3,"name":"Suite Junior"}]},{"@type":"WebSite","@id":"https:\/\/grandmercure.accorv2prod.decms.eu\/#website","url":"https:\/\/grandmercure.accorv2prod.decms.eu\/","name":"Grand Mercure V2 demo site","description":"Just another Matteo Canever Site Sites site","potentialAction":[{"@type":"SearchAction","target":{"@type":"EntryPoint","urlTemplate":"https:\/\/grandmercure.accorv2prod.decms.eu\/?s={search_term_string}"},"query-input":{"@type":"PropertyValueSpecification","valueRequired":true,"valueName":"search_term_string"}}],"inLanguage":"vi-VN"}]}},"_links":{"self":[{"href":"https:\/\/grandmercure.accorv2prod.decms.eu\/vi\/wp-json\/wp\/v2\/pages\/2797","targetHints":{"allow":["GET"]}}],"collection":[{"href":"https:\/\/grandmercure.accorv2prod.decms.eu\/vi\/wp-json\/wp\/v2\/pages"}],"about":[{"href":"https:\/\/grandmercure.accorv2prod.decms.eu\/vi\/wp-json\/wp\/v2\/types\/page"}],"author":[{"embeddable":true,"href":"https:\/\/grandmercure.accorv2prod.decms.eu\/vi\/wp-json\/wp\/v2\/users\/2"}],"replies":[{"embeddable":true,"href":"https:\/\/grandmercure.accorv2prod.decms.eu\/vi\/wp-json\/wp\/v2\/comments?post=2797"}],"version-history":[{"count":0,"href":"https:\/\/grandmercure.accorv2prod.decms.eu\/vi\/wp-json\/wp\/v2\/pages\/2797\/revisions"}],"up":[{"embeddable":true,"href":"https:\/\/grandmercure.accorv2prod.decms.eu\/vi\/wp-json\/wp\/v2\/pages\/924"}],"wp:attachment":[{"href":"https:\/\/grandmercure.accorv2prod.decms.eu\/vi\/wp-json\/wp\/v2\/media?parent=2797"}],"wp:term":[{"taxonomy":"category","embeddable":true,"href":"https:\/\/grandmercure.accorv2prod.decms.eu\/vi\/wp-json\/wp\/v2\/categories?post=2797"}],"curies":[{"name":"wp","href":"https:\/\/api.w.org\/{rel}","templated":true}]}}