{"id":2809,"date":"2021-06-29T09:31:00","date_gmt":"2021-06-29T09:31:00","guid":{"rendered":"https:\/\/grandmercure.accorv2prod.decms.eu\/restaurants-bars\/le-petit-bistrot\/"},"modified":"2025-11-25T10:56:33","modified_gmt":"2025-11-25T10:56:33","slug":"warung-sawah","status":"publish","type":"page","link":"https:\/\/grandmercure.accorv2prod.decms.eu\/vi\/nha-hang-quan-bar\/warung-sawah\/","title":{"rendered":"Warung Sawah"},"content":{"rendered":"<p>Ch\u00e0o m\u1eebng b\u1ea1n \u0111\u1ebfn v\u1edbi Warung Sawah, nh\u00e0 h\u00e0ng \u0103n u\u1ed1ng tho\u1ea3i m\u00e1i c\u1ea3 ng\u00e0y c\u1ee7a ch\u00fang t\u00f4i, l\u1ea5y c\u1ea3m h\u1ee9ng t\u1eeb c\u00e1c qu\u00e1n \u0103n truy\u1ec1n th\u1ed1ng c\u1ee7a Bali (warung) n\u1eb1m r\u1ea3i r\u00e1c tr\u00ean \u0111\u1ea3o. \u0110\u00e2y l\u00e0 tr\u00e1i tim s\u00f4i \u0111\u1ed9ng c\u1ee7a kh\u00e1ch s\u1ea1n ch\u00fang t\u00f4i, n\u01a1i b\u1ea1n c\u00f3 th\u1ec3 th\u01b0\u1edfng th\u1ee9c c\u00e1c m\u00f3n \u0103n ti\u1ec7n nghi \u0111\u00edch th\u1ef1c c\u1ee7a Bali v\u00e0 Indonesia trong m\u1ed9t khung c\u1ea3nh g\u1ee3i nh\u1edb \u0111\u1ebfn s\u1ef1 y\u00ean b\u00ecnh c\u1ee7a m\u1ed9t sawah (c\u00e1nh \u0111\u1ed3ng l\u00faa).<\/p>\n<p>V\u1edbi ki\u1ebfn tr\u00fac m\u1edf tho\u00e1ng m\u00e1t nh\u00ecn ra nh\u1eefng khu v\u01b0\u1eddn nhi\u1ec7t \u0111\u1edbi, \u0111\u00e2y l\u00e0 \u0111\u1ecba \u0111i\u1ec3m ho\u00e0n h\u1ea3o \u0111\u1ec3 b\u1eaft \u0111\u1ea7u ng\u00e0y m\u1edbi v\u1edbi b\u1eefa s\u00e1ng t\u1ef1 ch\u1ecdn phong ph\u00fa, th\u01b0\u1edfng th\u1ee9c b\u1eefa tr\u01b0a nh\u1eb9 nh\u00e0ng, \u0111\u1ea7y h\u01b0\u01a1ng v\u1ecb ho\u1eb7c t\u1eadn h\u01b0\u1edfng b\u1eefa t\u1ed1i gi\u1ea3n d\u1ecb, th\u1ecfa m\u00e3n b\u00ean gia \u0111\u00ecnh.<\/p>\n","protected":false},"excerpt":{"rendered":"<p>Ch\u00e0o m\u1eebng b\u1ea1n \u0111\u1ebfn v\u1edbi Warung Sawah, nh\u00e0 h\u00e0ng \u0103n u\u1ed1ng tho\u1ea3i m\u00e1i c\u1ea3 ng\u00e0y c\u1ee7a ch\u00fang t\u00f4i, l\u1ea5y c\u1ea3m h\u1ee9ng t\u1eeb c\u00e1c qu\u00e1n \u0103n truy\u1ec1n th\u1ed1ng c\u1ee7a Bali (warung) n\u1eb1m r\u1ea3i r\u00e1c tr\u00ean \u0111\u1ea3o. \u0110\u00e2y l\u00e0 tr\u00e1i tim s\u00f4i \u0111\u1ed9ng c\u1ee7a kh\u00e1ch s\u1ea1n ch\u00fang t\u00f4i, n\u01a1i b\u1ea1n c\u00f3 th\u1ec3 th\u01b0\u1edfng th\u1ee9c c\u00e1c m\u00f3n \u0103n [&hellip;]<\/p>\n","protected":false},"author":2,"featured_media":0,"parent":920,"menu_order":20,"comment_status":"closed","ping_status":"closed","template":"template-restaurant.php","meta":{"footnotes":""},"categories":[273],"class_list":["post-2809","page","type-page","status-publish","hentry","category-cac-nha-hang"],"acf":[],"yoast_head":"<!-- This site is optimized with the Yoast SEO plugin v26.9 - https:\/\/yoast.com\/product\/yoast-seo-wordpress\/ -->\n<title>Warung Sawah - Grand Mercure V2 demo site<\/title>\n<meta name=\"robots\" content=\"noindex, follow, max-snippet:-1, max-image-preview:large, max-video-preview:-1\" \/>\n<meta property=\"og:locale\" content=\"vi_VN\" \/>\n<meta property=\"og:type\" content=\"article\" \/>\n<meta property=\"og:title\" content=\"Warung Sawah - Grand Mercure V2 demo site\" \/>\n<meta property=\"og:description\" content=\"Ch\u00e0o m\u1eebng b\u1ea1n \u0111\u1ebfn v\u1edbi Warung Sawah, nh\u00e0 h\u00e0ng \u0103n u\u1ed1ng tho\u1ea3i m\u00e1i c\u1ea3 ng\u00e0y c\u1ee7a ch\u00fang t\u00f4i, l\u1ea5y c\u1ea3m h\u1ee9ng t\u1eeb c\u00e1c qu\u00e1n \u0103n truy\u1ec1n th\u1ed1ng c\u1ee7a Bali (warung) n\u1eb1m r\u1ea3i r\u00e1c tr\u00ean \u0111\u1ea3o. \u0110\u00e2y l\u00e0 tr\u00e1i tim s\u00f4i \u0111\u1ed9ng c\u1ee7a kh\u00e1ch s\u1ea1n ch\u00fang t\u00f4i, n\u01a1i b\u1ea1n c\u00f3 th\u1ec3 th\u01b0\u1edfng th\u1ee9c c\u00e1c m\u00f3n \u0103n [&hellip;]\" \/>\n<meta property=\"og:url\" content=\"https:\/\/grandmercure.accorv2prod.decms.eu\/vi\/nha-hang-quan-bar\/warung-sawah\/\" \/>\n<meta property=\"og:site_name\" content=\"Grand Mercure V2 demo site\" \/>\n<meta property=\"article:modified_time\" content=\"2025-11-25T10:56:33+00:00\" \/>\n<meta name=\"twitter:card\" content=\"summary_large_image\" \/>\n<meta name=\"twitter:label1\" content=\"Est. reading time\" \/>\n\t<meta name=\"twitter:data1\" content=\"1 minute\" \/>\n<script type=\"application\/ld+json\" class=\"yoast-schema-graph\">{\"@context\":\"https:\/\/schema.org\",\"@graph\":[{\"@type\":\"WebPage\",\"@id\":\"https:\/\/grandmercure.accorv2prod.decms.eu\/vi\/nha-hang-quan-bar\/warung-sawah\/\",\"url\":\"https:\/\/grandmercure.accorv2prod.decms.eu\/vi\/nha-hang-quan-bar\/warung-sawah\/\",\"name\":\"Warung Sawah - Grand Mercure V2 demo site\",\"isPartOf\":{\"@id\":\"https:\/\/grandmercure.accorv2prod.decms.eu\/#website\"},\"datePublished\":\"2021-06-29T09:31:00+00:00\",\"dateModified\":\"2025-11-25T10:56:33+00:00\",\"breadcrumb\":{\"@id\":\"https:\/\/grandmercure.accorv2prod.decms.eu\/vi\/nha-hang-quan-bar\/warung-sawah\/#breadcrumb\"},\"inLanguage\":\"vi-VN\",\"potentialAction\":[{\"@type\":\"ReadAction\",\"target\":[\"https:\/\/grandmercure.accorv2prod.decms.eu\/vi\/nha-hang-quan-bar\/warung-sawah\/\"]}]},{\"@type\":\"BreadcrumbList\",\"@id\":\"https:\/\/grandmercure.accorv2prod.decms.eu\/vi\/nha-hang-quan-bar\/warung-sawah\/#breadcrumb\",\"itemListElement\":[{\"@type\":\"ListItem\",\"position\":1,\"name\":\"Home\",\"item\":\"https:\/\/grandmercure.accorv2prod.decms.eu\/vi\/\"},{\"@type\":\"ListItem\",\"position\":2,\"name\":\"Nh\u00e0 h\u00e0ng &#038; Qu\u00e1n bar\",\"item\":\"https:\/\/grandmercure.accorv2prod.decms.eu\/vi\/nha-hang-quan-bar\/\"},{\"@type\":\"ListItem\",\"position\":3,\"name\":\"Warung Sawah\"}]},{\"@type\":\"WebSite\",\"@id\":\"https:\/\/grandmercure.accorv2prod.decms.eu\/#website\",\"url\":\"https:\/\/grandmercure.accorv2prod.decms.eu\/\",\"name\":\"Grand Mercure V2 demo site\",\"description\":\"Just another Matteo Canever Site Sites site\",\"potentialAction\":[{\"@type\":\"SearchAction\",\"target\":{\"@type\":\"EntryPoint\",\"urlTemplate\":\"https:\/\/grandmercure.accorv2prod.decms.eu\/?s={search_term_string}\"},\"query-input\":{\"@type\":\"PropertyValueSpecification\",\"valueRequired\":true,\"valueName\":\"search_term_string\"}}],\"inLanguage\":\"vi-VN\"}]}<\/script>\n<!-- \/ Yoast SEO plugin. -->","yoast_head_json":{"title":"Warung Sawah - Grand Mercure V2 demo site","robots":{"index":"noindex","follow":"follow","max-snippet":"max-snippet:-1","max-image-preview":"max-image-preview:large","max-video-preview":"max-video-preview:-1"},"og_locale":"vi_VN","og_type":"article","og_title":"Warung Sawah - Grand Mercure V2 demo site","og_description":"Ch\u00e0o m\u1eebng b\u1ea1n \u0111\u1ebfn v\u1edbi Warung Sawah, nh\u00e0 h\u00e0ng \u0103n u\u1ed1ng tho\u1ea3i m\u00e1i c\u1ea3 ng\u00e0y c\u1ee7a ch\u00fang t\u00f4i, l\u1ea5y c\u1ea3m h\u1ee9ng t\u1eeb c\u00e1c qu\u00e1n \u0103n truy\u1ec1n th\u1ed1ng c\u1ee7a Bali (warung) n\u1eb1m r\u1ea3i r\u00e1c tr\u00ean \u0111\u1ea3o. \u0110\u00e2y l\u00e0 tr\u00e1i tim s\u00f4i \u0111\u1ed9ng c\u1ee7a kh\u00e1ch s\u1ea1n ch\u00fang t\u00f4i, n\u01a1i b\u1ea1n c\u00f3 th\u1ec3 th\u01b0\u1edfng th\u1ee9c c\u00e1c m\u00f3n \u0103n [&hellip;]","og_url":"https:\/\/grandmercure.accorv2prod.decms.eu\/vi\/nha-hang-quan-bar\/warung-sawah\/","og_site_name":"Grand Mercure V2 demo site","article_modified_time":"2025-11-25T10:56:33+00:00","twitter_card":"summary_large_image","twitter_misc":{"Est. reading time":"1 minute"},"schema":{"@context":"https:\/\/schema.org","@graph":[{"@type":"WebPage","@id":"https:\/\/grandmercure.accorv2prod.decms.eu\/vi\/nha-hang-quan-bar\/warung-sawah\/","url":"https:\/\/grandmercure.accorv2prod.decms.eu\/vi\/nha-hang-quan-bar\/warung-sawah\/","name":"Warung Sawah - Grand Mercure V2 demo site","isPartOf":{"@id":"https:\/\/grandmercure.accorv2prod.decms.eu\/#website"},"datePublished":"2021-06-29T09:31:00+00:00","dateModified":"2025-11-25T10:56:33+00:00","breadcrumb":{"@id":"https:\/\/grandmercure.accorv2prod.decms.eu\/vi\/nha-hang-quan-bar\/warung-sawah\/#breadcrumb"},"inLanguage":"vi-VN","potentialAction":[{"@type":"ReadAction","target":["https:\/\/grandmercure.accorv2prod.decms.eu\/vi\/nha-hang-quan-bar\/warung-sawah\/"]}]},{"@type":"BreadcrumbList","@id":"https:\/\/grandmercure.accorv2prod.decms.eu\/vi\/nha-hang-quan-bar\/warung-sawah\/#breadcrumb","itemListElement":[{"@type":"ListItem","position":1,"name":"Home","item":"https:\/\/grandmercure.accorv2prod.decms.eu\/vi\/"},{"@type":"ListItem","position":2,"name":"Nh\u00e0 h\u00e0ng &#038; Qu\u00e1n bar","item":"https:\/\/grandmercure.accorv2prod.decms.eu\/vi\/nha-hang-quan-bar\/"},{"@type":"ListItem","position":3,"name":"Warung Sawah"}]},{"@type":"WebSite","@id":"https:\/\/grandmercure.accorv2prod.decms.eu\/#website","url":"https:\/\/grandmercure.accorv2prod.decms.eu\/","name":"Grand Mercure V2 demo site","description":"Just another Matteo Canever Site Sites site","potentialAction":[{"@type":"SearchAction","target":{"@type":"EntryPoint","urlTemplate":"https:\/\/grandmercure.accorv2prod.decms.eu\/?s={search_term_string}"},"query-input":{"@type":"PropertyValueSpecification","valueRequired":true,"valueName":"search_term_string"}}],"inLanguage":"vi-VN"}]}},"_links":{"self":[{"href":"https:\/\/grandmercure.accorv2prod.decms.eu\/vi\/wp-json\/wp\/v2\/pages\/2809","targetHints":{"allow":["GET"]}}],"collection":[{"href":"https:\/\/grandmercure.accorv2prod.decms.eu\/vi\/wp-json\/wp\/v2\/pages"}],"about":[{"href":"https:\/\/grandmercure.accorv2prod.decms.eu\/vi\/wp-json\/wp\/v2\/types\/page"}],"author":[{"embeddable":true,"href":"https:\/\/grandmercure.accorv2prod.decms.eu\/vi\/wp-json\/wp\/v2\/users\/2"}],"replies":[{"embeddable":true,"href":"https:\/\/grandmercure.accorv2prod.decms.eu\/vi\/wp-json\/wp\/v2\/comments?post=2809"}],"version-history":[{"count":0,"href":"https:\/\/grandmercure.accorv2prod.decms.eu\/vi\/wp-json\/wp\/v2\/pages\/2809\/revisions"}],"up":[{"embeddable":true,"href":"https:\/\/grandmercure.accorv2prod.decms.eu\/vi\/wp-json\/wp\/v2\/pages\/920"}],"wp:attachment":[{"href":"https:\/\/grandmercure.accorv2prod.decms.eu\/vi\/wp-json\/wp\/v2\/media?parent=2809"}],"wp:term":[{"taxonomy":"category","embeddable":true,"href":"https:\/\/grandmercure.accorv2prod.decms.eu\/vi\/wp-json\/wp\/v2\/categories?post=2809"}],"curies":[{"name":"wp","href":"https:\/\/api.w.org\/{rel}","templated":true}]}}