{"id":2824,"date":"2021-06-29T09:32:57","date_gmt":"2021-06-29T09:32:57","guid":{"rendered":"https:\/\/grandmercure.accorv2prod.decms.eu\/restaurants-bars\/authentic-bar\/"},"modified":"2025-11-18T17:01:58","modified_gmt":"2025-11-18T17:01:58","slug":"thanh-dich-thuc-2","status":"publish","type":"page","link":"https:\/\/grandmercure.accorv2prod.decms.eu\/vi\/nha-hang-quan-bar\/thanh-dich-thuc-2\/","title":{"rendered":"Horizon Bar"},"content":{"rendered":"<p>Ch\u00e0o m\u1eebng b\u1ea1n \u0111\u1ebfn v\u1edbi Horizon Bar, th\u00e1nh \u0111\u1ecba tr\u00ean cao c\u1ee7a ch\u00fang t\u00f4i v\u00e0 l\u00e0 \u0111i\u1ec3m \u0111\u1ebfn h\u00e0ng \u0111\u1ea7u t\u1ea1i Jimbaran cho nghi th\u1ee9c ho\u00e0ng h\u00f4n h\u00e0ng ng\u00e0y. N\u1eb1m ph\u00eda tr\u00ean khu ngh\u1ec9 m\u00e1t, qu\u00e1n bar c\u00f3 t\u1ea7m nh\u00ecn to\u00e0n c\u1ea3nh ngo\u1ea1n m\u1ee5c, kh\u00f4ng b\u1ecb c\u1ea3n tr\u1edf ra b\u1edd bi\u1ec3n v\u00e0ng c\u1ee7a v\u1ecbnh v\u00e0 \u1ea4n \u0110\u1ed9 D\u01b0\u01a1ng bao la.<\/p>\n<p>Khi b\u1ea7u tr\u1eddi r\u1ef1c s\u00e1ng v\u1edbi nh\u1eefng s\u1eafc v\u00e0ng v\u00e0 \u0111\u1ecf th\u1eabm, kh\u00f4ng c\u00f3 n\u01a1i n\u00e0o tuy\u1ec7t v\u1eddi h\u01a1n \u0111\u1ec3 t\u1eadn h\u01b0\u1edfng. Ch\u00fang t\u00f4i m\u1eddi b\u1ea1n th\u01b0 gi\u00e3n tr\u00ean nh\u1eefng chi\u1ebfc gh\u1ebf d\u00e0i tinh t\u1ebf c\u1ee7a ch\u00fang t\u00f4i, th\u01b0\u1edfng th\u1ee9c nh\u1eefng ly cocktail \u0111\u01b0\u1ee3c pha ch\u1ebf \u0111i\u00eau luy\u1ec7n k\u1ebft h\u1ee3p c\u00e1c nguy\u00ean li\u1ec7u \u0111\u1ecba ph\u01b0\u01a1ng v\u1edbi ngh\u1ec7 thu\u1eadt pha ch\u1ebf c\u1ed5 \u0111i\u1ec3n, v\u00e0 th\u01b0\u1edfng th\u1ee9c th\u1ef1c \u0111\u01a1n c\u00e1c m\u00f3n \u0103n nh\u1eb9 tinh t\u1ebf. \u0110\u00e2y l\u00e0 s\u1ef1 thanh l\u1ecbch \u0111\u01b0\u1ee3c n\u00e2ng t\u1ea7m.<\/p>\n","protected":false},"excerpt":{"rendered":"<p>Ch\u00e0o m\u1eebng b\u1ea1n \u0111\u1ebfn v\u1edbi Horizon Bar, th\u00e1nh \u0111\u1ecba tr\u00ean cao c\u1ee7a ch\u00fang t\u00f4i v\u00e0 l\u00e0 \u0111i\u1ec3m \u0111\u1ebfn h\u00e0ng \u0111\u1ea7u t\u1ea1i Jimbaran cho nghi th\u1ee9c ho\u00e0ng h\u00f4n h\u00e0ng ng\u00e0y. N\u1eb1m ph\u00eda tr\u00ean khu ngh\u1ec9 m\u00e1t, qu\u00e1n bar c\u00f3 t\u1ea7m nh\u00ecn to\u00e0n c\u1ea3nh ngo\u1ea1n m\u1ee5c, kh\u00f4ng b\u1ecb c\u1ea3n tr\u1edf ra b\u1edd bi\u1ec3n v\u00e0ng c\u1ee7a v\u1ecbnh v\u00e0 [&hellip;]<\/p>\n","protected":false},"author":2,"featured_media":0,"parent":920,"menu_order":30,"comment_status":"closed","ping_status":"closed","template":"template-restaurant.php","meta":{"footnotes":""},"categories":[279],"class_list":["post-2824","page","type-page","status-publish","hentry","category-quan-ba"],"acf":[],"yoast_head":"<!-- This site is optimized with the Yoast SEO plugin v26.9 - https:\/\/yoast.com\/product\/yoast-seo-wordpress\/ -->\n<title>Horizon Bar - Grand Mercure V2 demo site<\/title>\n<meta name=\"robots\" content=\"noindex, follow, max-snippet:-1, max-image-preview:large, max-video-preview:-1\" \/>\n<meta property=\"og:locale\" content=\"vi_VN\" \/>\n<meta property=\"og:type\" content=\"article\" \/>\n<meta property=\"og:title\" content=\"Horizon Bar - Grand Mercure V2 demo site\" \/>\n<meta property=\"og:description\" content=\"Ch\u00e0o m\u1eebng b\u1ea1n \u0111\u1ebfn v\u1edbi Horizon Bar, th\u00e1nh \u0111\u1ecba tr\u00ean cao c\u1ee7a ch\u00fang t\u00f4i v\u00e0 l\u00e0 \u0111i\u1ec3m \u0111\u1ebfn h\u00e0ng \u0111\u1ea7u t\u1ea1i Jimbaran cho nghi th\u1ee9c ho\u00e0ng h\u00f4n h\u00e0ng ng\u00e0y. N\u1eb1m ph\u00eda tr\u00ean khu ngh\u1ec9 m\u00e1t, qu\u00e1n bar c\u00f3 t\u1ea7m nh\u00ecn to\u00e0n c\u1ea3nh ngo\u1ea1n m\u1ee5c, kh\u00f4ng b\u1ecb c\u1ea3n tr\u1edf ra b\u1edd bi\u1ec3n v\u00e0ng c\u1ee7a v\u1ecbnh v\u00e0 [&hellip;]\" \/>\n<meta property=\"og:url\" content=\"https:\/\/grandmercure.accorv2prod.decms.eu\/vi\/nha-hang-quan-bar\/thanh-dich-thuc-2\/\" \/>\n<meta property=\"og:site_name\" content=\"Grand Mercure V2 demo site\" \/>\n<meta property=\"article:modified_time\" content=\"2025-11-18T17:01:58+00:00\" \/>\n<meta name=\"twitter:card\" content=\"summary_large_image\" \/>\n<meta name=\"twitter:label1\" content=\"Est. reading time\" \/>\n\t<meta name=\"twitter:data1\" content=\"1 minute\" \/>\n<script type=\"application\/ld+json\" class=\"yoast-schema-graph\">{\"@context\":\"https:\/\/schema.org\",\"@graph\":[{\"@type\":\"WebPage\",\"@id\":\"https:\/\/grandmercure.accorv2prod.decms.eu\/vi\/nha-hang-quan-bar\/thanh-dich-thuc-2\/\",\"url\":\"https:\/\/grandmercure.accorv2prod.decms.eu\/vi\/nha-hang-quan-bar\/thanh-dich-thuc-2\/\",\"name\":\"Horizon Bar - Grand Mercure V2 demo site\",\"isPartOf\":{\"@id\":\"https:\/\/grandmercure.accorv2prod.decms.eu\/#website\"},\"datePublished\":\"2021-06-29T09:32:57+00:00\",\"dateModified\":\"2025-11-18T17:01:58+00:00\",\"breadcrumb\":{\"@id\":\"https:\/\/grandmercure.accorv2prod.decms.eu\/vi\/nha-hang-quan-bar\/thanh-dich-thuc-2\/#breadcrumb\"},\"inLanguage\":\"vi-VN\",\"potentialAction\":[{\"@type\":\"ReadAction\",\"target\":[\"https:\/\/grandmercure.accorv2prod.decms.eu\/vi\/nha-hang-quan-bar\/thanh-dich-thuc-2\/\"]}]},{\"@type\":\"BreadcrumbList\",\"@id\":\"https:\/\/grandmercure.accorv2prod.decms.eu\/vi\/nha-hang-quan-bar\/thanh-dich-thuc-2\/#breadcrumb\",\"itemListElement\":[{\"@type\":\"ListItem\",\"position\":1,\"name\":\"Home\",\"item\":\"https:\/\/grandmercure.accorv2prod.decms.eu\/vi\/\"},{\"@type\":\"ListItem\",\"position\":2,\"name\":\"Nh\u00e0 h\u00e0ng &#038; Qu\u00e1n bar\",\"item\":\"https:\/\/grandmercure.accorv2prod.decms.eu\/vi\/nha-hang-quan-bar\/\"},{\"@type\":\"ListItem\",\"position\":3,\"name\":\"Horizon Bar\"}]},{\"@type\":\"WebSite\",\"@id\":\"https:\/\/grandmercure.accorv2prod.decms.eu\/#website\",\"url\":\"https:\/\/grandmercure.accorv2prod.decms.eu\/\",\"name\":\"Grand Mercure V2 demo site\",\"description\":\"Just another Matteo Canever Site Sites site\",\"potentialAction\":[{\"@type\":\"SearchAction\",\"target\":{\"@type\":\"EntryPoint\",\"urlTemplate\":\"https:\/\/grandmercure.accorv2prod.decms.eu\/?s={search_term_string}\"},\"query-input\":{\"@type\":\"PropertyValueSpecification\",\"valueRequired\":true,\"valueName\":\"search_term_string\"}}],\"inLanguage\":\"vi-VN\"}]}<\/script>\n<!-- \/ Yoast SEO plugin. -->","yoast_head_json":{"title":"Horizon Bar - Grand Mercure V2 demo site","robots":{"index":"noindex","follow":"follow","max-snippet":"max-snippet:-1","max-image-preview":"max-image-preview:large","max-video-preview":"max-video-preview:-1"},"og_locale":"vi_VN","og_type":"article","og_title":"Horizon Bar - Grand Mercure V2 demo site","og_description":"Ch\u00e0o m\u1eebng b\u1ea1n \u0111\u1ebfn v\u1edbi Horizon Bar, th\u00e1nh \u0111\u1ecba tr\u00ean cao c\u1ee7a ch\u00fang t\u00f4i v\u00e0 l\u00e0 \u0111i\u1ec3m \u0111\u1ebfn h\u00e0ng \u0111\u1ea7u t\u1ea1i Jimbaran cho nghi th\u1ee9c ho\u00e0ng h\u00f4n h\u00e0ng ng\u00e0y. N\u1eb1m ph\u00eda tr\u00ean khu ngh\u1ec9 m\u00e1t, qu\u00e1n bar c\u00f3 t\u1ea7m nh\u00ecn to\u00e0n c\u1ea3nh ngo\u1ea1n m\u1ee5c, kh\u00f4ng b\u1ecb c\u1ea3n tr\u1edf ra b\u1edd bi\u1ec3n v\u00e0ng c\u1ee7a v\u1ecbnh v\u00e0 [&hellip;]","og_url":"https:\/\/grandmercure.accorv2prod.decms.eu\/vi\/nha-hang-quan-bar\/thanh-dich-thuc-2\/","og_site_name":"Grand Mercure V2 demo site","article_modified_time":"2025-11-18T17:01:58+00:00","twitter_card":"summary_large_image","twitter_misc":{"Est. reading time":"1 minute"},"schema":{"@context":"https:\/\/schema.org","@graph":[{"@type":"WebPage","@id":"https:\/\/grandmercure.accorv2prod.decms.eu\/vi\/nha-hang-quan-bar\/thanh-dich-thuc-2\/","url":"https:\/\/grandmercure.accorv2prod.decms.eu\/vi\/nha-hang-quan-bar\/thanh-dich-thuc-2\/","name":"Horizon Bar - Grand Mercure V2 demo site","isPartOf":{"@id":"https:\/\/grandmercure.accorv2prod.decms.eu\/#website"},"datePublished":"2021-06-29T09:32:57+00:00","dateModified":"2025-11-18T17:01:58+00:00","breadcrumb":{"@id":"https:\/\/grandmercure.accorv2prod.decms.eu\/vi\/nha-hang-quan-bar\/thanh-dich-thuc-2\/#breadcrumb"},"inLanguage":"vi-VN","potentialAction":[{"@type":"ReadAction","target":["https:\/\/grandmercure.accorv2prod.decms.eu\/vi\/nha-hang-quan-bar\/thanh-dich-thuc-2\/"]}]},{"@type":"BreadcrumbList","@id":"https:\/\/grandmercure.accorv2prod.decms.eu\/vi\/nha-hang-quan-bar\/thanh-dich-thuc-2\/#breadcrumb","itemListElement":[{"@type":"ListItem","position":1,"name":"Home","item":"https:\/\/grandmercure.accorv2prod.decms.eu\/vi\/"},{"@type":"ListItem","position":2,"name":"Nh\u00e0 h\u00e0ng &#038; Qu\u00e1n bar","item":"https:\/\/grandmercure.accorv2prod.decms.eu\/vi\/nha-hang-quan-bar\/"},{"@type":"ListItem","position":3,"name":"Horizon Bar"}]},{"@type":"WebSite","@id":"https:\/\/grandmercure.accorv2prod.decms.eu\/#website","url":"https:\/\/grandmercure.accorv2prod.decms.eu\/","name":"Grand Mercure V2 demo site","description":"Just another Matteo Canever Site Sites site","potentialAction":[{"@type":"SearchAction","target":{"@type":"EntryPoint","urlTemplate":"https:\/\/grandmercure.accorv2prod.decms.eu\/?s={search_term_string}"},"query-input":{"@type":"PropertyValueSpecification","valueRequired":true,"valueName":"search_term_string"}}],"inLanguage":"vi-VN"}]}},"_links":{"self":[{"href":"https:\/\/grandmercure.accorv2prod.decms.eu\/vi\/wp-json\/wp\/v2\/pages\/2824","targetHints":{"allow":["GET"]}}],"collection":[{"href":"https:\/\/grandmercure.accorv2prod.decms.eu\/vi\/wp-json\/wp\/v2\/pages"}],"about":[{"href":"https:\/\/grandmercure.accorv2prod.decms.eu\/vi\/wp-json\/wp\/v2\/types\/page"}],"author":[{"embeddable":true,"href":"https:\/\/grandmercure.accorv2prod.decms.eu\/vi\/wp-json\/wp\/v2\/users\/2"}],"replies":[{"embeddable":true,"href":"https:\/\/grandmercure.accorv2prod.decms.eu\/vi\/wp-json\/wp\/v2\/comments?post=2824"}],"version-history":[{"count":0,"href":"https:\/\/grandmercure.accorv2prod.decms.eu\/vi\/wp-json\/wp\/v2\/pages\/2824\/revisions"}],"up":[{"embeddable":true,"href":"https:\/\/grandmercure.accorv2prod.decms.eu\/vi\/wp-json\/wp\/v2\/pages\/920"}],"wp:attachment":[{"href":"https:\/\/grandmercure.accorv2prod.decms.eu\/vi\/wp-json\/wp\/v2\/media?parent=2824"}],"wp:term":[{"taxonomy":"category","embeddable":true,"href":"https:\/\/grandmercure.accorv2prod.decms.eu\/vi\/wp-json\/wp\/v2\/categories?post=2824"}],"curies":[{"name":"wp","href":"https:\/\/api.w.org\/{rel}","templated":true}]}}