{"id":2826,"date":"2021-06-29T09:35:27","date_gmt":"2021-06-29T09:35:27","guid":{"rendered":"https:\/\/grandmercure.accorv2prod.decms.eu\/restaurants-bars\/pool-lounge\/"},"modified":"2025-11-20T10:40:25","modified_gmt":"2025-11-20T10:40:25","slug":"sanh-ho-boi-vo-cuc","status":"publish","type":"page","link":"https:\/\/grandmercure.accorv2prod.decms.eu\/vi\/nha-hang-quan-bar\/sanh-ho-boi-vo-cuc\/","title":{"rendered":"S\u1ea3nh H\u1ed3 B\u01a1i V\u00f4 C\u1ef1c"},"content":{"rendered":"<p>\u0110\u1eafm m\u00ecnh trong \u00e1nh n\u1eafng nhi\u1ec7t \u0111\u1edbi v\u00e0 b\u1ea7u kh\u00f4ng kh\u00ed thanh b\u00ecnh t\u1ea1i S\u1ea3nh H\u1ed3 b\u01a1i V\u00f4 c\u1ef1c c\u1ee7a ch\u00fang t\u00f4i. \u0110\u00e2y l\u00e0 \u1ed1c \u0111\u1ea3o ngo\u00e0i tr\u1eddi h\u1ea1nh ph\u00fac c\u1ee7a b\u1ea1n, n\u01a1i \u0111\u1ec3 d\u00e0nh m\u1ed9t bu\u1ed5i chi\u1ec1u l\u01b0\u1eddi bi\u1ebfng ng\u1eafm nh\u00ecn quang c\u1ea3nh t\u1eeb m\u00e9p h\u1ed3 b\u01a1i v\u00f4 c\u1ef1c tuy\u1ec7t \u0111\u1eb9p c\u1ee7a ch\u00fang t\u00f4i.<\/p>\n<p>Cho d\u00f9 b\u1ea1n \u0111ang ng\u1ea3 l\u01b0ng tr\u00ean chi\u1ebfc gh\u1ebf d\u00e0i \u00eam \u00e1i hay ng\u1ed3i t\u1ea1i qu\u1ea7y bar n\u1ed5i (swim-up bar) c\u1ee7a ch\u00fang t\u00f4i, \u0111\u1ed9i ng\u0169 c\u1ee7a ch\u00fang t\u00f4i lu\u00f4n s\u1eb5n s\u00e0ng ph\u1ee5c v\u1ee5 b\u1ea1n. Ch\u00fang t\u00f4i cung c\u1ea5p m\u1ed9t th\u1ef1c \u0111\u01a1n gi\u1ea3i kh\u00e1t g\u1ed3m c\u00e1c lo\u1ea1i cocktail nhi\u1ec7t \u0111\u1edbi \u01b0\u1edbp l\u1ea1nh, n\u01b0\u1edbc \u00e9p t\u01b0\u01a1i, sinh t\u1ed1 v\u00e0 v\u00f4 s\u1ed1 m\u00f3n \u0103n nh\u1eb9 ngon mi\u1ec7ng v\u00e0 b\u1eefa \u0103n gi\u1ea3n d\u1ecb. \u0110\u00f3 l\u00e0 s\u1ef1 th\u01b0 gi\u00e3n thu\u1ea7n khi\u1ebft c\u1ee7a Bali, \u0111\u01b0\u1ee3c ph\u1ee5c v\u1ee5 ngay t\u1ea1i gi\u01b0\u1eddng t\u1eafm n\u1eafng c\u1ee7a b\u1ea1n.<\/p>\n","protected":false},"excerpt":{"rendered":"<p>\u0110\u1eafm m\u00ecnh trong \u00e1nh n\u1eafng nhi\u1ec7t \u0111\u1edbi v\u00e0 b\u1ea7u kh\u00f4ng kh\u00ed thanh b\u00ecnh t\u1ea1i S\u1ea3nh H\u1ed3 b\u01a1i V\u00f4 c\u1ef1c c\u1ee7a ch\u00fang t\u00f4i. \u0110\u00e2y l\u00e0 \u1ed1c \u0111\u1ea3o ngo\u00e0i tr\u1eddi h\u1ea1nh ph\u00fac c\u1ee7a b\u1ea1n, n\u01a1i \u0111\u1ec3 d\u00e0nh m\u1ed9t bu\u1ed5i chi\u1ec1u l\u01b0\u1eddi bi\u1ebfng ng\u1eafm nh\u00ecn quang c\u1ea3nh t\u1eeb m\u00e9p h\u1ed3 b\u01a1i v\u00f4 c\u1ef1c tuy\u1ec7t \u0111\u1eb9p c\u1ee7a ch\u00fang t\u00f4i. [&hellip;]<\/p>\n","protected":false},"author":2,"featured_media":0,"parent":920,"menu_order":40,"comment_status":"closed","ping_status":"closed","template":"template-restaurant.php","meta":{"footnotes":""},"categories":[273,279],"class_list":["post-2826","page","type-page","status-publish","hentry","category-cac-nha-hang","category-quan-ba"],"acf":[],"yoast_head":"<!-- This site is optimized with the Yoast SEO plugin v26.9 - https:\/\/yoast.com\/product\/yoast-seo-wordpress\/ -->\n<title>S\u1ea3nh H\u1ed3 B\u01a1i V\u00f4 C\u1ef1c - Grand Mercure V2 demo site<\/title>\n<meta name=\"robots\" content=\"noindex, follow, max-snippet:-1, max-image-preview:large, max-video-preview:-1\" \/>\n<meta property=\"og:locale\" content=\"vi_VN\" \/>\n<meta property=\"og:type\" content=\"article\" \/>\n<meta property=\"og:title\" content=\"S\u1ea3nh H\u1ed3 B\u01a1i V\u00f4 C\u1ef1c - Grand Mercure V2 demo site\" \/>\n<meta property=\"og:description\" content=\"\u0110\u1eafm m\u00ecnh trong \u00e1nh n\u1eafng nhi\u1ec7t \u0111\u1edbi v\u00e0 b\u1ea7u kh\u00f4ng kh\u00ed thanh b\u00ecnh t\u1ea1i S\u1ea3nh H\u1ed3 b\u01a1i V\u00f4 c\u1ef1c c\u1ee7a ch\u00fang t\u00f4i. \u0110\u00e2y l\u00e0 \u1ed1c \u0111\u1ea3o ngo\u00e0i tr\u1eddi h\u1ea1nh ph\u00fac c\u1ee7a b\u1ea1n, n\u01a1i \u0111\u1ec3 d\u00e0nh m\u1ed9t bu\u1ed5i chi\u1ec1u l\u01b0\u1eddi bi\u1ebfng ng\u1eafm nh\u00ecn quang c\u1ea3nh t\u1eeb m\u00e9p h\u1ed3 b\u01a1i v\u00f4 c\u1ef1c tuy\u1ec7t \u0111\u1eb9p c\u1ee7a ch\u00fang t\u00f4i. [&hellip;]\" \/>\n<meta property=\"og:url\" content=\"https:\/\/grandmercure.accorv2prod.decms.eu\/vi\/nha-hang-quan-bar\/sanh-ho-boi-vo-cuc\/\" \/>\n<meta property=\"og:site_name\" content=\"Grand Mercure V2 demo site\" \/>\n<meta property=\"article:modified_time\" content=\"2025-11-20T10:40:25+00:00\" \/>\n<meta name=\"twitter:card\" content=\"summary_large_image\" \/>\n<meta name=\"twitter:label1\" content=\"Est. reading time\" \/>\n\t<meta name=\"twitter:data1\" content=\"1 minute\" \/>\n<script type=\"application\/ld+json\" class=\"yoast-schema-graph\">{\"@context\":\"https:\/\/schema.org\",\"@graph\":[{\"@type\":\"WebPage\",\"@id\":\"https:\/\/grandmercure.accorv2prod.decms.eu\/vi\/nha-hang-quan-bar\/sanh-ho-boi-vo-cuc\/\",\"url\":\"https:\/\/grandmercure.accorv2prod.decms.eu\/vi\/nha-hang-quan-bar\/sanh-ho-boi-vo-cuc\/\",\"name\":\"S\u1ea3nh H\u1ed3 B\u01a1i V\u00f4 C\u1ef1c - Grand Mercure V2 demo site\",\"isPartOf\":{\"@id\":\"https:\/\/grandmercure.accorv2prod.decms.eu\/#website\"},\"datePublished\":\"2021-06-29T09:35:27+00:00\",\"dateModified\":\"2025-11-20T10:40:25+00:00\",\"breadcrumb\":{\"@id\":\"https:\/\/grandmercure.accorv2prod.decms.eu\/vi\/nha-hang-quan-bar\/sanh-ho-boi-vo-cuc\/#breadcrumb\"},\"inLanguage\":\"vi-VN\",\"potentialAction\":[{\"@type\":\"ReadAction\",\"target\":[\"https:\/\/grandmercure.accorv2prod.decms.eu\/vi\/nha-hang-quan-bar\/sanh-ho-boi-vo-cuc\/\"]}]},{\"@type\":\"BreadcrumbList\",\"@id\":\"https:\/\/grandmercure.accorv2prod.decms.eu\/vi\/nha-hang-quan-bar\/sanh-ho-boi-vo-cuc\/#breadcrumb\",\"itemListElement\":[{\"@type\":\"ListItem\",\"position\":1,\"name\":\"Home\",\"item\":\"https:\/\/grandmercure.accorv2prod.decms.eu\/vi\/\"},{\"@type\":\"ListItem\",\"position\":2,\"name\":\"Nh\u00e0 h\u00e0ng &#038; Qu\u00e1n bar\",\"item\":\"https:\/\/grandmercure.accorv2prod.decms.eu\/vi\/nha-hang-quan-bar\/\"},{\"@type\":\"ListItem\",\"position\":3,\"name\":\"S\u1ea3nh H\u1ed3 B\u01a1i V\u00f4 C\u1ef1c\"}]},{\"@type\":\"WebSite\",\"@id\":\"https:\/\/grandmercure.accorv2prod.decms.eu\/#website\",\"url\":\"https:\/\/grandmercure.accorv2prod.decms.eu\/\",\"name\":\"Grand Mercure V2 demo site\",\"description\":\"Just another Matteo Canever Site Sites site\",\"potentialAction\":[{\"@type\":\"SearchAction\",\"target\":{\"@type\":\"EntryPoint\",\"urlTemplate\":\"https:\/\/grandmercure.accorv2prod.decms.eu\/?s={search_term_string}\"},\"query-input\":{\"@type\":\"PropertyValueSpecification\",\"valueRequired\":true,\"valueName\":\"search_term_string\"}}],\"inLanguage\":\"vi-VN\"}]}<\/script>\n<!-- \/ Yoast SEO plugin. -->","yoast_head_json":{"title":"S\u1ea3nh H\u1ed3 B\u01a1i V\u00f4 C\u1ef1c - Grand Mercure V2 demo site","robots":{"index":"noindex","follow":"follow","max-snippet":"max-snippet:-1","max-image-preview":"max-image-preview:large","max-video-preview":"max-video-preview:-1"},"og_locale":"vi_VN","og_type":"article","og_title":"S\u1ea3nh H\u1ed3 B\u01a1i V\u00f4 C\u1ef1c - Grand Mercure V2 demo site","og_description":"\u0110\u1eafm m\u00ecnh trong \u00e1nh n\u1eafng nhi\u1ec7t \u0111\u1edbi v\u00e0 b\u1ea7u kh\u00f4ng kh\u00ed thanh b\u00ecnh t\u1ea1i S\u1ea3nh H\u1ed3 b\u01a1i V\u00f4 c\u1ef1c c\u1ee7a ch\u00fang t\u00f4i. \u0110\u00e2y l\u00e0 \u1ed1c \u0111\u1ea3o ngo\u00e0i tr\u1eddi h\u1ea1nh ph\u00fac c\u1ee7a b\u1ea1n, n\u01a1i \u0111\u1ec3 d\u00e0nh m\u1ed9t bu\u1ed5i chi\u1ec1u l\u01b0\u1eddi bi\u1ebfng ng\u1eafm nh\u00ecn quang c\u1ea3nh t\u1eeb m\u00e9p h\u1ed3 b\u01a1i v\u00f4 c\u1ef1c tuy\u1ec7t \u0111\u1eb9p c\u1ee7a ch\u00fang t\u00f4i. [&hellip;]","og_url":"https:\/\/grandmercure.accorv2prod.decms.eu\/vi\/nha-hang-quan-bar\/sanh-ho-boi-vo-cuc\/","og_site_name":"Grand Mercure V2 demo site","article_modified_time":"2025-11-20T10:40:25+00:00","twitter_card":"summary_large_image","twitter_misc":{"Est. reading time":"1 minute"},"schema":{"@context":"https:\/\/schema.org","@graph":[{"@type":"WebPage","@id":"https:\/\/grandmercure.accorv2prod.decms.eu\/vi\/nha-hang-quan-bar\/sanh-ho-boi-vo-cuc\/","url":"https:\/\/grandmercure.accorv2prod.decms.eu\/vi\/nha-hang-quan-bar\/sanh-ho-boi-vo-cuc\/","name":"S\u1ea3nh H\u1ed3 B\u01a1i V\u00f4 C\u1ef1c - Grand Mercure V2 demo site","isPartOf":{"@id":"https:\/\/grandmercure.accorv2prod.decms.eu\/#website"},"datePublished":"2021-06-29T09:35:27+00:00","dateModified":"2025-11-20T10:40:25+00:00","breadcrumb":{"@id":"https:\/\/grandmercure.accorv2prod.decms.eu\/vi\/nha-hang-quan-bar\/sanh-ho-boi-vo-cuc\/#breadcrumb"},"inLanguage":"vi-VN","potentialAction":[{"@type":"ReadAction","target":["https:\/\/grandmercure.accorv2prod.decms.eu\/vi\/nha-hang-quan-bar\/sanh-ho-boi-vo-cuc\/"]}]},{"@type":"BreadcrumbList","@id":"https:\/\/grandmercure.accorv2prod.decms.eu\/vi\/nha-hang-quan-bar\/sanh-ho-boi-vo-cuc\/#breadcrumb","itemListElement":[{"@type":"ListItem","position":1,"name":"Home","item":"https:\/\/grandmercure.accorv2prod.decms.eu\/vi\/"},{"@type":"ListItem","position":2,"name":"Nh\u00e0 h\u00e0ng &#038; Qu\u00e1n bar","item":"https:\/\/grandmercure.accorv2prod.decms.eu\/vi\/nha-hang-quan-bar\/"},{"@type":"ListItem","position":3,"name":"S\u1ea3nh H\u1ed3 B\u01a1i V\u00f4 C\u1ef1c"}]},{"@type":"WebSite","@id":"https:\/\/grandmercure.accorv2prod.decms.eu\/#website","url":"https:\/\/grandmercure.accorv2prod.decms.eu\/","name":"Grand Mercure V2 demo site","description":"Just another Matteo Canever Site Sites site","potentialAction":[{"@type":"SearchAction","target":{"@type":"EntryPoint","urlTemplate":"https:\/\/grandmercure.accorv2prod.decms.eu\/?s={search_term_string}"},"query-input":{"@type":"PropertyValueSpecification","valueRequired":true,"valueName":"search_term_string"}}],"inLanguage":"vi-VN"}]}},"_links":{"self":[{"href":"https:\/\/grandmercure.accorv2prod.decms.eu\/vi\/wp-json\/wp\/v2\/pages\/2826","targetHints":{"allow":["GET"]}}],"collection":[{"href":"https:\/\/grandmercure.accorv2prod.decms.eu\/vi\/wp-json\/wp\/v2\/pages"}],"about":[{"href":"https:\/\/grandmercure.accorv2prod.decms.eu\/vi\/wp-json\/wp\/v2\/types\/page"}],"author":[{"embeddable":true,"href":"https:\/\/grandmercure.accorv2prod.decms.eu\/vi\/wp-json\/wp\/v2\/users\/2"}],"replies":[{"embeddable":true,"href":"https:\/\/grandmercure.accorv2prod.decms.eu\/vi\/wp-json\/wp\/v2\/comments?post=2826"}],"version-history":[{"count":0,"href":"https:\/\/grandmercure.accorv2prod.decms.eu\/vi\/wp-json\/wp\/v2\/pages\/2826\/revisions"}],"up":[{"embeddable":true,"href":"https:\/\/grandmercure.accorv2prod.decms.eu\/vi\/wp-json\/wp\/v2\/pages\/920"}],"wp:attachment":[{"href":"https:\/\/grandmercure.accorv2prod.decms.eu\/vi\/wp-json\/wp\/v2\/media?parent=2826"}],"wp:term":[{"taxonomy":"category","embeddable":true,"href":"https:\/\/grandmercure.accorv2prod.decms.eu\/vi\/wp-json\/wp\/v2\/categories?post=2826"}],"curies":[{"name":"wp","href":"https:\/\/api.w.org\/{rel}","templated":true}]}}