{"id":2849,"date":"2021-06-29T12:22:44","date_gmt":"2021-06-29T12:22:44","guid":{"rendered":"https:\/\/grandmercure.accorv2prod.decms.eu\/cac-cuoc-hop\/stradivari-room\/"},"modified":"2025-11-18T14:34:45","modified_gmt":"2025-11-18T14:34:45","slug":"phong-uluwatu","status":"publish","type":"page","link":"https:\/\/grandmercure.accorv2prod.decms.eu\/vi\/cuoc-hop\/phong-uluwatu\/","title":{"rendered":"Ph\u00f2ng Uluwatu"},"content":{"rendered":"<p>Ch\u00e0o m\u1eebng b\u1ea1n \u0111\u1ebfn v\u1edbi ph\u00f2ng h\u1ecdp \u0111i\u1ec1u h\u00e0nh uy t\u00edn nh\u1ea5t c\u1ee7a ch\u00fang t\u00f4i. Ph\u00f2ng Uluwatu \u0111\u01b0\u1ee3c thi\u1ebft k\u1ebf t\u1ec9 m\u1ec9 cho vi\u1ec7c ra quy\u1ebft \u0111\u1ecbnh c\u1ea5p cao v\u00e0 c\u00e1c phi\u00ean h\u1ecdp chi\u1ebfn l\u01b0\u1ee3c ri\u00eang t\u01b0. L\u1ea5y c\u1ea3m h\u1ee9ng t\u1eeb nh\u1eefng v\u00e1ch \u0111\u00e1 thi\u00eang li\u00eang h\u00f9ng v\u0129 c\u00f9ng t\u00ean, \u0111\u1ecba \u0111i\u1ec3m n\u00e0y mang \u0111\u1ebfn b\u1ea7u kh\u00f4ng kh\u00ed k\u00edn \u0111\u00e1o v\u00e0 t\u1eadp trung tuy\u1ec7t \u0111\u1ed1i.<\/p>\n<p>\u00c1nh s\u00e1ng t\u1ef1 nhi\u00ean tr\u00e0n ng\u1eadp kh\u00f4ng gian, l\u00e0m n\u1ed5i b\u1eadt phong c\u00e1ch trang tr\u00ed Bali tinh t\u1ebf v\u00e0 \u0111\u1ed3 n\u1ed9i th\u1ea5t b\u1eb1ng g\u1ed7 t\u1ef1 nhi\u00ean phong ph\u00fa. T\u1ea5t nhi\u00ean, c\u0103n ph\u00f2ng \u0111\u01b0\u1ee3c t\u00edch h\u1ee3p \u0111\u1ea7y \u0111\u1ee7 c\u00f4ng ngh\u1ec7 nghe nh\u00ecn hi\u1ec7n \u0111\u1ea1i \u0111\u1ec3 thuy\u1ebft tr\u00ecnh li\u1ec1n m\u1ea1ch. \u0110\u1ed1i v\u1edbi c\u00e1c cu\u1ed9c h\u1ecdp quan tr\u1ecdng nh\u1ea5t c\u1ee7a b\u1ea1n, Ph\u00f2ng Uluwatu cung c\u1ea5p m\u1ed9t b\u1ed1i c\u1ea3nh uy t\u00edn v\u00e0 ri\u00eang t\u01b0 v\u00f4 song.<\/p>\n","protected":false},"excerpt":{"rendered":"<p>Ch\u00e0o m\u1eebng b\u1ea1n \u0111\u1ebfn v\u1edbi ph\u00f2ng h\u1ecdp \u0111i\u1ec1u h\u00e0nh uy t\u00edn nh\u1ea5t c\u1ee7a ch\u00fang t\u00f4i. Ph\u00f2ng Uluwatu \u0111\u01b0\u1ee3c thi\u1ebft k\u1ebf t\u1ec9 m\u1ec9 cho vi\u1ec7c ra quy\u1ebft \u0111\u1ecbnh c\u1ea5p cao v\u00e0 c\u00e1c phi\u00ean h\u1ecdp chi\u1ebfn l\u01b0\u1ee3c ri\u00eang t\u01b0. L\u1ea5y c\u1ea3m h\u1ee9ng t\u1eeb nh\u1eefng v\u00e1ch \u0111\u00e1 thi\u00eang li\u00eang h\u00f9ng v\u0129 c\u00f9ng t\u00ean, \u0111\u1ecba \u0111i\u1ec3m n\u00e0y mang \u0111\u1ebfn [&hellip;]<\/p>\n","protected":false},"author":2,"featured_media":0,"parent":917,"menu_order":10,"comment_status":"closed","ping_status":"closed","template":"template-meeting-room.php","meta":{"footnotes":""},"categories":[],"class_list":["post-2849","page","type-page","status-publish","hentry"],"acf":[],"yoast_head":"<!-- This site is optimized with the Yoast SEO plugin v26.9 - https:\/\/yoast.com\/product\/yoast-seo-wordpress\/ -->\n<title>Ph\u00f2ng Uluwatu - Grand Mercure V2 demo site<\/title>\n<meta name=\"robots\" content=\"noindex, follow, max-snippet:-1, max-image-preview:large, max-video-preview:-1\" \/>\n<meta property=\"og:locale\" content=\"vi_VN\" \/>\n<meta property=\"og:type\" content=\"article\" \/>\n<meta property=\"og:title\" content=\"Ph\u00f2ng Uluwatu - Grand Mercure V2 demo site\" \/>\n<meta property=\"og:description\" content=\"Ch\u00e0o m\u1eebng b\u1ea1n \u0111\u1ebfn v\u1edbi ph\u00f2ng h\u1ecdp \u0111i\u1ec1u h\u00e0nh uy t\u00edn nh\u1ea5t c\u1ee7a ch\u00fang t\u00f4i. Ph\u00f2ng Uluwatu \u0111\u01b0\u1ee3c thi\u1ebft k\u1ebf t\u1ec9 m\u1ec9 cho vi\u1ec7c ra quy\u1ebft \u0111\u1ecbnh c\u1ea5p cao v\u00e0 c\u00e1c phi\u00ean h\u1ecdp chi\u1ebfn l\u01b0\u1ee3c ri\u00eang t\u01b0. L\u1ea5y c\u1ea3m h\u1ee9ng t\u1eeb nh\u1eefng v\u00e1ch \u0111\u00e1 thi\u00eang li\u00eang h\u00f9ng v\u0129 c\u00f9ng t\u00ean, \u0111\u1ecba \u0111i\u1ec3m n\u00e0y mang \u0111\u1ebfn [&hellip;]\" \/>\n<meta property=\"og:url\" content=\"https:\/\/grandmercure.accorv2prod.decms.eu\/vi\/cuoc-hop\/phong-uluwatu\/\" \/>\n<meta property=\"og:site_name\" content=\"Grand Mercure V2 demo site\" \/>\n<meta property=\"article:modified_time\" content=\"2025-11-18T14:34:45+00:00\" \/>\n<meta name=\"twitter:card\" content=\"summary_large_image\" \/>\n<meta name=\"twitter:label1\" content=\"Est. reading time\" \/>\n\t<meta name=\"twitter:data1\" content=\"1 minute\" \/>\n<script type=\"application\/ld+json\" class=\"yoast-schema-graph\">{\"@context\":\"https:\/\/schema.org\",\"@graph\":[{\"@type\":\"WebPage\",\"@id\":\"https:\/\/grandmercure.accorv2prod.decms.eu\/vi\/cuoc-hop\/phong-uluwatu\/\",\"url\":\"https:\/\/grandmercure.accorv2prod.decms.eu\/vi\/cuoc-hop\/phong-uluwatu\/\",\"name\":\"Ph\u00f2ng Uluwatu - Grand Mercure V2 demo site\",\"isPartOf\":{\"@id\":\"https:\/\/grandmercure.accorv2prod.decms.eu\/#website\"},\"datePublished\":\"2021-06-29T12:22:44+00:00\",\"dateModified\":\"2025-11-18T14:34:45+00:00\",\"breadcrumb\":{\"@id\":\"https:\/\/grandmercure.accorv2prod.decms.eu\/vi\/cuoc-hop\/phong-uluwatu\/#breadcrumb\"},\"inLanguage\":\"vi-VN\",\"potentialAction\":[{\"@type\":\"ReadAction\",\"target\":[\"https:\/\/grandmercure.accorv2prod.decms.eu\/vi\/cuoc-hop\/phong-uluwatu\/\"]}]},{\"@type\":\"BreadcrumbList\",\"@id\":\"https:\/\/grandmercure.accorv2prod.decms.eu\/vi\/cuoc-hop\/phong-uluwatu\/#breadcrumb\",\"itemListElement\":[{\"@type\":\"ListItem\",\"position\":1,\"name\":\"Home\",\"item\":\"https:\/\/grandmercure.accorv2prod.decms.eu\/vi\/\"},{\"@type\":\"ListItem\",\"position\":2,\"name\":\"Cu\u1ed9c h\u1ecdp\",\"item\":\"https:\/\/grandmercure.accorv2prod.decms.eu\/vi\/cuoc-hop\/\"},{\"@type\":\"ListItem\",\"position\":3,\"name\":\"Ph\u00f2ng Uluwatu\"}]},{\"@type\":\"WebSite\",\"@id\":\"https:\/\/grandmercure.accorv2prod.decms.eu\/#website\",\"url\":\"https:\/\/grandmercure.accorv2prod.decms.eu\/\",\"name\":\"Grand Mercure V2 demo site\",\"description\":\"Just another Matteo Canever Site Sites site\",\"potentialAction\":[{\"@type\":\"SearchAction\",\"target\":{\"@type\":\"EntryPoint\",\"urlTemplate\":\"https:\/\/grandmercure.accorv2prod.decms.eu\/?s={search_term_string}\"},\"query-input\":{\"@type\":\"PropertyValueSpecification\",\"valueRequired\":true,\"valueName\":\"search_term_string\"}}],\"inLanguage\":\"vi-VN\"}]}<\/script>\n<!-- \/ Yoast SEO plugin. -->","yoast_head_json":{"title":"Ph\u00f2ng Uluwatu - Grand Mercure V2 demo site","robots":{"index":"noindex","follow":"follow","max-snippet":"max-snippet:-1","max-image-preview":"max-image-preview:large","max-video-preview":"max-video-preview:-1"},"og_locale":"vi_VN","og_type":"article","og_title":"Ph\u00f2ng Uluwatu - Grand Mercure V2 demo site","og_description":"Ch\u00e0o m\u1eebng b\u1ea1n \u0111\u1ebfn v\u1edbi ph\u00f2ng h\u1ecdp \u0111i\u1ec1u h\u00e0nh uy t\u00edn nh\u1ea5t c\u1ee7a ch\u00fang t\u00f4i. Ph\u00f2ng Uluwatu \u0111\u01b0\u1ee3c thi\u1ebft k\u1ebf t\u1ec9 m\u1ec9 cho vi\u1ec7c ra quy\u1ebft \u0111\u1ecbnh c\u1ea5p cao v\u00e0 c\u00e1c phi\u00ean h\u1ecdp chi\u1ebfn l\u01b0\u1ee3c ri\u00eang t\u01b0. L\u1ea5y c\u1ea3m h\u1ee9ng t\u1eeb nh\u1eefng v\u00e1ch \u0111\u00e1 thi\u00eang li\u00eang h\u00f9ng v\u0129 c\u00f9ng t\u00ean, \u0111\u1ecba \u0111i\u1ec3m n\u00e0y mang \u0111\u1ebfn [&hellip;]","og_url":"https:\/\/grandmercure.accorv2prod.decms.eu\/vi\/cuoc-hop\/phong-uluwatu\/","og_site_name":"Grand Mercure V2 demo site","article_modified_time":"2025-11-18T14:34:45+00:00","twitter_card":"summary_large_image","twitter_misc":{"Est. reading time":"1 minute"},"schema":{"@context":"https:\/\/schema.org","@graph":[{"@type":"WebPage","@id":"https:\/\/grandmercure.accorv2prod.decms.eu\/vi\/cuoc-hop\/phong-uluwatu\/","url":"https:\/\/grandmercure.accorv2prod.decms.eu\/vi\/cuoc-hop\/phong-uluwatu\/","name":"Ph\u00f2ng Uluwatu - Grand Mercure V2 demo site","isPartOf":{"@id":"https:\/\/grandmercure.accorv2prod.decms.eu\/#website"},"datePublished":"2021-06-29T12:22:44+00:00","dateModified":"2025-11-18T14:34:45+00:00","breadcrumb":{"@id":"https:\/\/grandmercure.accorv2prod.decms.eu\/vi\/cuoc-hop\/phong-uluwatu\/#breadcrumb"},"inLanguage":"vi-VN","potentialAction":[{"@type":"ReadAction","target":["https:\/\/grandmercure.accorv2prod.decms.eu\/vi\/cuoc-hop\/phong-uluwatu\/"]}]},{"@type":"BreadcrumbList","@id":"https:\/\/grandmercure.accorv2prod.decms.eu\/vi\/cuoc-hop\/phong-uluwatu\/#breadcrumb","itemListElement":[{"@type":"ListItem","position":1,"name":"Home","item":"https:\/\/grandmercure.accorv2prod.decms.eu\/vi\/"},{"@type":"ListItem","position":2,"name":"Cu\u1ed9c h\u1ecdp","item":"https:\/\/grandmercure.accorv2prod.decms.eu\/vi\/cuoc-hop\/"},{"@type":"ListItem","position":3,"name":"Ph\u00f2ng Uluwatu"}]},{"@type":"WebSite","@id":"https:\/\/grandmercure.accorv2prod.decms.eu\/#website","url":"https:\/\/grandmercure.accorv2prod.decms.eu\/","name":"Grand Mercure V2 demo site","description":"Just another Matteo Canever Site Sites site","potentialAction":[{"@type":"SearchAction","target":{"@type":"EntryPoint","urlTemplate":"https:\/\/grandmercure.accorv2prod.decms.eu\/?s={search_term_string}"},"query-input":{"@type":"PropertyValueSpecification","valueRequired":true,"valueName":"search_term_string"}}],"inLanguage":"vi-VN"}]}},"_links":{"self":[{"href":"https:\/\/grandmercure.accorv2prod.decms.eu\/vi\/wp-json\/wp\/v2\/pages\/2849","targetHints":{"allow":["GET"]}}],"collection":[{"href":"https:\/\/grandmercure.accorv2prod.decms.eu\/vi\/wp-json\/wp\/v2\/pages"}],"about":[{"href":"https:\/\/grandmercure.accorv2prod.decms.eu\/vi\/wp-json\/wp\/v2\/types\/page"}],"author":[{"embeddable":true,"href":"https:\/\/grandmercure.accorv2prod.decms.eu\/vi\/wp-json\/wp\/v2\/users\/2"}],"replies":[{"embeddable":true,"href":"https:\/\/grandmercure.accorv2prod.decms.eu\/vi\/wp-json\/wp\/v2\/comments?post=2849"}],"version-history":[{"count":0,"href":"https:\/\/grandmercure.accorv2prod.decms.eu\/vi\/wp-json\/wp\/v2\/pages\/2849\/revisions"}],"up":[{"embeddable":true,"href":"https:\/\/grandmercure.accorv2prod.decms.eu\/vi\/wp-json\/wp\/v2\/pages\/917"}],"wp:attachment":[{"href":"https:\/\/grandmercure.accorv2prod.decms.eu\/vi\/wp-json\/wp\/v2\/media?parent=2849"}],"wp:term":[{"taxonomy":"category","embeddable":true,"href":"https:\/\/grandmercure.accorv2prod.decms.eu\/vi\/wp-json\/wp\/v2\/categories?post=2849"}],"curies":[{"name":"wp","href":"https:\/\/api.w.org\/{rel}","templated":true}]}}