{"id":2861,"date":"2021-06-29T15:20:32","date_gmt":"2021-06-29T15:20:32","guid":{"rendered":"https:\/\/grandmercure.accorv2prod.decms.eu\/cac-cuoc-hop\/mozart-room\/"},"modified":"2025-11-18T16:41:19","modified_gmt":"2025-11-18T16:41:19","slug":"phong-jimbaran","status":"publish","type":"page","link":"https:\/\/grandmercure.accorv2prod.decms.eu\/vi\/cuoc-hop\/phong-jimbaran\/","title":{"rendered":"Ph\u00f2ng Jimbaran"},"content":{"rendered":"<p>\u0110\u01b0\u1ee3c \u0111\u1eb7t t\u00ean theo ng\u00f4i nh\u00e0 th\u00e2n y\u00eau c\u1ee7a ch\u00fang t\u00f4i, Ph\u00f2ng Jimbaran l\u00e0 m\u1ed9t \u0111\u1ecba \u0111i\u1ec3m t\u01b0\u01a1i s\u00e1ng v\u00e0 linh ho\u1ea1t tuy\u1ec7t v\u1eddi, ho\u00e0n h\u1ea3o cho nhi\u1ec1u lo\u1ea1i h\u00ecnh t\u1ee5 h\u1ecdp. Kh\u00f4ng gian n\u00e0y l\u00fd t\u01b0\u1edfng cho c\u00e1c h\u1ed9i th\u1ea3o hi\u1ec7u qu\u1ea3, c\u00e1c bu\u1ed5i h\u1ed9i th\u1ea3o quy m\u00f4 trung b\u00ecnh ho\u1eb7c c\u00e1c b\u1eefa t\u1ed1i ri\u00eang t\u01b0 thanh l\u1ecbch, ph\u1ea3n \u00e1nh tinh th\u1ea7n ch\u00e0o \u0111\u00f3n, s\u00f4i \u0111\u1ed9ng c\u1ee7a v\u1ecbnh.<\/p>\n<p>\u00c1nh s\u00e1ng t\u1ef1 nhi\u00ean tr\u00e0n ng\u1eadp c\u0103n ph\u00f2ng, l\u00e0m t\u0103ng v\u1ebb \u0111\u1eb9p trang tr\u00ed Bali hi\u1ec7n \u0111\u1ea1i, \u1ea5m \u00e1p v\u00e0 t\u1ea1o ra b\u1ea7u kh\u00f4ng kh\u00ed tr\u00e0n \u0111\u1ea7y n\u0103ng l\u01b0\u1ee3ng t\u00edch c\u1ef1c. T\u1ea5t nhi\u00ean, ph\u00f2ng \u0111\u01b0\u1ee3c trang b\u1ecb \u0111\u1ea7y \u0111\u1ee7 c\u00e1c c\u00f4ng c\u1ee5 thuy\u1ebft tr\u00ecnh hi\u1ec7n \u0111\u1ea1i v\u00e0 k\u1ebft n\u1ed1i t\u1ed1c \u0111\u1ed9 cao. Ph\u00f2ng Jimbaran mang \u0111\u1ebfn m\u1ed9t b\u1ed1i c\u1ea3nh \u0111\u00e1ng tin c\u1eady v\u00e0 tinh t\u1ebf, th\u1ea5m \u0111\u1eabm c\u1ea3m gi\u00e1c ch\u00e2n th\u1ef1c v\u1ec1 \u0111\u1ecba \u0111i\u1ec3m cho s\u1ef1 ki\u1ec7n th\u00e0nh c\u00f4ng c\u1ee7a b\u1ea1n.<\/p>\n","protected":false},"excerpt":{"rendered":"<p>\u0110\u01b0\u1ee3c \u0111\u1eb7t t\u00ean theo ng\u00f4i nh\u00e0 th\u00e2n y\u00eau c\u1ee7a ch\u00fang t\u00f4i, Ph\u00f2ng Jimbaran l\u00e0 m\u1ed9t \u0111\u1ecba \u0111i\u1ec3m t\u01b0\u01a1i s\u00e1ng v\u00e0 linh ho\u1ea1t tuy\u1ec7t v\u1eddi, ho\u00e0n h\u1ea3o cho nhi\u1ec1u lo\u1ea1i h\u00ecnh t\u1ee5 h\u1ecdp. Kh\u00f4ng gian n\u00e0y l\u00fd t\u01b0\u1edfng cho c\u00e1c h\u1ed9i th\u1ea3o hi\u1ec7u qu\u1ea3, c\u00e1c bu\u1ed5i h\u1ed9i th\u1ea3o quy m\u00f4 trung b\u00ecnh ho\u1eb7c c\u00e1c b\u1eefa t\u1ed1i [&hellip;]<\/p>\n","protected":false},"author":2,"featured_media":0,"parent":917,"menu_order":30,"comment_status":"closed","ping_status":"closed","template":"template-meeting-room.php","meta":{"footnotes":""},"categories":[],"class_list":["post-2861","page","type-page","status-publish","hentry"],"acf":[],"yoast_head":"<!-- This site is optimized with the Yoast SEO plugin v26.9 - https:\/\/yoast.com\/product\/yoast-seo-wordpress\/ -->\n<title>Ph\u00f2ng Jimbaran - Grand Mercure V2 demo site<\/title>\n<meta name=\"robots\" content=\"noindex, follow, max-snippet:-1, max-image-preview:large, max-video-preview:-1\" \/>\n<meta property=\"og:locale\" content=\"vi_VN\" \/>\n<meta property=\"og:type\" content=\"article\" \/>\n<meta property=\"og:title\" content=\"Ph\u00f2ng Jimbaran - Grand Mercure V2 demo site\" \/>\n<meta property=\"og:description\" content=\"\u0110\u01b0\u1ee3c \u0111\u1eb7t t\u00ean theo ng\u00f4i nh\u00e0 th\u00e2n y\u00eau c\u1ee7a ch\u00fang t\u00f4i, Ph\u00f2ng Jimbaran l\u00e0 m\u1ed9t \u0111\u1ecba \u0111i\u1ec3m t\u01b0\u01a1i s\u00e1ng v\u00e0 linh ho\u1ea1t tuy\u1ec7t v\u1eddi, ho\u00e0n h\u1ea3o cho nhi\u1ec1u lo\u1ea1i h\u00ecnh t\u1ee5 h\u1ecdp. Kh\u00f4ng gian n\u00e0y l\u00fd t\u01b0\u1edfng cho c\u00e1c h\u1ed9i th\u1ea3o hi\u1ec7u qu\u1ea3, c\u00e1c bu\u1ed5i h\u1ed9i th\u1ea3o quy m\u00f4 trung b\u00ecnh ho\u1eb7c c\u00e1c b\u1eefa t\u1ed1i [&hellip;]\" \/>\n<meta property=\"og:url\" content=\"https:\/\/grandmercure.accorv2prod.decms.eu\/vi\/cuoc-hop\/phong-jimbaran\/\" \/>\n<meta property=\"og:site_name\" content=\"Grand Mercure V2 demo site\" \/>\n<meta property=\"article:modified_time\" content=\"2025-11-18T16:41:19+00:00\" \/>\n<meta name=\"twitter:card\" content=\"summary_large_image\" \/>\n<meta name=\"twitter:label1\" content=\"Est. reading time\" \/>\n\t<meta name=\"twitter:data1\" content=\"1 minute\" \/>\n<script type=\"application\/ld+json\" class=\"yoast-schema-graph\">{\"@context\":\"https:\/\/schema.org\",\"@graph\":[{\"@type\":\"WebPage\",\"@id\":\"https:\/\/grandmercure.accorv2prod.decms.eu\/vi\/cuoc-hop\/phong-jimbaran\/\",\"url\":\"https:\/\/grandmercure.accorv2prod.decms.eu\/vi\/cuoc-hop\/phong-jimbaran\/\",\"name\":\"Ph\u00f2ng Jimbaran - Grand Mercure V2 demo site\",\"isPartOf\":{\"@id\":\"https:\/\/grandmercure.accorv2prod.decms.eu\/#website\"},\"datePublished\":\"2021-06-29T15:20:32+00:00\",\"dateModified\":\"2025-11-18T16:41:19+00:00\",\"breadcrumb\":{\"@id\":\"https:\/\/grandmercure.accorv2prod.decms.eu\/vi\/cuoc-hop\/phong-jimbaran\/#breadcrumb\"},\"inLanguage\":\"vi-VN\",\"potentialAction\":[{\"@type\":\"ReadAction\",\"target\":[\"https:\/\/grandmercure.accorv2prod.decms.eu\/vi\/cuoc-hop\/phong-jimbaran\/\"]}]},{\"@type\":\"BreadcrumbList\",\"@id\":\"https:\/\/grandmercure.accorv2prod.decms.eu\/vi\/cuoc-hop\/phong-jimbaran\/#breadcrumb\",\"itemListElement\":[{\"@type\":\"ListItem\",\"position\":1,\"name\":\"Home\",\"item\":\"https:\/\/grandmercure.accorv2prod.decms.eu\/vi\/\"},{\"@type\":\"ListItem\",\"position\":2,\"name\":\"Cu\u1ed9c h\u1ecdp\",\"item\":\"https:\/\/grandmercure.accorv2prod.decms.eu\/vi\/cuoc-hop\/\"},{\"@type\":\"ListItem\",\"position\":3,\"name\":\"Ph\u00f2ng Jimbaran\"}]},{\"@type\":\"WebSite\",\"@id\":\"https:\/\/grandmercure.accorv2prod.decms.eu\/#website\",\"url\":\"https:\/\/grandmercure.accorv2prod.decms.eu\/\",\"name\":\"Grand Mercure V2 demo site\",\"description\":\"Just another Matteo Canever Site Sites site\",\"potentialAction\":[{\"@type\":\"SearchAction\",\"target\":{\"@type\":\"EntryPoint\",\"urlTemplate\":\"https:\/\/grandmercure.accorv2prod.decms.eu\/?s={search_term_string}\"},\"query-input\":{\"@type\":\"PropertyValueSpecification\",\"valueRequired\":true,\"valueName\":\"search_term_string\"}}],\"inLanguage\":\"vi-VN\"}]}<\/script>\n<!-- \/ Yoast SEO plugin. -->","yoast_head_json":{"title":"Ph\u00f2ng Jimbaran - Grand Mercure V2 demo site","robots":{"index":"noindex","follow":"follow","max-snippet":"max-snippet:-1","max-image-preview":"max-image-preview:large","max-video-preview":"max-video-preview:-1"},"og_locale":"vi_VN","og_type":"article","og_title":"Ph\u00f2ng Jimbaran - Grand Mercure V2 demo site","og_description":"\u0110\u01b0\u1ee3c \u0111\u1eb7t t\u00ean theo ng\u00f4i nh\u00e0 th\u00e2n y\u00eau c\u1ee7a ch\u00fang t\u00f4i, Ph\u00f2ng Jimbaran l\u00e0 m\u1ed9t \u0111\u1ecba \u0111i\u1ec3m t\u01b0\u01a1i s\u00e1ng v\u00e0 linh ho\u1ea1t tuy\u1ec7t v\u1eddi, ho\u00e0n h\u1ea3o cho nhi\u1ec1u lo\u1ea1i h\u00ecnh t\u1ee5 h\u1ecdp. Kh\u00f4ng gian n\u00e0y l\u00fd t\u01b0\u1edfng cho c\u00e1c h\u1ed9i th\u1ea3o hi\u1ec7u qu\u1ea3, c\u00e1c bu\u1ed5i h\u1ed9i th\u1ea3o quy m\u00f4 trung b\u00ecnh ho\u1eb7c c\u00e1c b\u1eefa t\u1ed1i [&hellip;]","og_url":"https:\/\/grandmercure.accorv2prod.decms.eu\/vi\/cuoc-hop\/phong-jimbaran\/","og_site_name":"Grand Mercure V2 demo site","article_modified_time":"2025-11-18T16:41:19+00:00","twitter_card":"summary_large_image","twitter_misc":{"Est. reading time":"1 minute"},"schema":{"@context":"https:\/\/schema.org","@graph":[{"@type":"WebPage","@id":"https:\/\/grandmercure.accorv2prod.decms.eu\/vi\/cuoc-hop\/phong-jimbaran\/","url":"https:\/\/grandmercure.accorv2prod.decms.eu\/vi\/cuoc-hop\/phong-jimbaran\/","name":"Ph\u00f2ng Jimbaran - Grand Mercure V2 demo site","isPartOf":{"@id":"https:\/\/grandmercure.accorv2prod.decms.eu\/#website"},"datePublished":"2021-06-29T15:20:32+00:00","dateModified":"2025-11-18T16:41:19+00:00","breadcrumb":{"@id":"https:\/\/grandmercure.accorv2prod.decms.eu\/vi\/cuoc-hop\/phong-jimbaran\/#breadcrumb"},"inLanguage":"vi-VN","potentialAction":[{"@type":"ReadAction","target":["https:\/\/grandmercure.accorv2prod.decms.eu\/vi\/cuoc-hop\/phong-jimbaran\/"]}]},{"@type":"BreadcrumbList","@id":"https:\/\/grandmercure.accorv2prod.decms.eu\/vi\/cuoc-hop\/phong-jimbaran\/#breadcrumb","itemListElement":[{"@type":"ListItem","position":1,"name":"Home","item":"https:\/\/grandmercure.accorv2prod.decms.eu\/vi\/"},{"@type":"ListItem","position":2,"name":"Cu\u1ed9c h\u1ecdp","item":"https:\/\/grandmercure.accorv2prod.decms.eu\/vi\/cuoc-hop\/"},{"@type":"ListItem","position":3,"name":"Ph\u00f2ng Jimbaran"}]},{"@type":"WebSite","@id":"https:\/\/grandmercure.accorv2prod.decms.eu\/#website","url":"https:\/\/grandmercure.accorv2prod.decms.eu\/","name":"Grand Mercure V2 demo site","description":"Just another Matteo Canever Site Sites site","potentialAction":[{"@type":"SearchAction","target":{"@type":"EntryPoint","urlTemplate":"https:\/\/grandmercure.accorv2prod.decms.eu\/?s={search_term_string}"},"query-input":{"@type":"PropertyValueSpecification","valueRequired":true,"valueName":"search_term_string"}}],"inLanguage":"vi-VN"}]}},"_links":{"self":[{"href":"https:\/\/grandmercure.accorv2prod.decms.eu\/vi\/wp-json\/wp\/v2\/pages\/2861","targetHints":{"allow":["GET"]}}],"collection":[{"href":"https:\/\/grandmercure.accorv2prod.decms.eu\/vi\/wp-json\/wp\/v2\/pages"}],"about":[{"href":"https:\/\/grandmercure.accorv2prod.decms.eu\/vi\/wp-json\/wp\/v2\/types\/page"}],"author":[{"embeddable":true,"href":"https:\/\/grandmercure.accorv2prod.decms.eu\/vi\/wp-json\/wp\/v2\/users\/2"}],"replies":[{"embeddable":true,"href":"https:\/\/grandmercure.accorv2prod.decms.eu\/vi\/wp-json\/wp\/v2\/comments?post=2861"}],"version-history":[{"count":0,"href":"https:\/\/grandmercure.accorv2prod.decms.eu\/vi\/wp-json\/wp\/v2\/pages\/2861\/revisions"}],"up":[{"embeddable":true,"href":"https:\/\/grandmercure.accorv2prod.decms.eu\/vi\/wp-json\/wp\/v2\/pages\/917"}],"wp:attachment":[{"href":"https:\/\/grandmercure.accorv2prod.decms.eu\/vi\/wp-json\/wp\/v2\/media?parent=2861"}],"wp:term":[{"taxonomy":"category","embeddable":true,"href":"https:\/\/grandmercure.accorv2prod.decms.eu\/vi\/wp-json\/wp\/v2\/categories?post=2861"}],"curies":[{"name":"wp","href":"https:\/\/api.w.org\/{rel}","templated":true}]}}