{"id":2881,"date":"2022-07-20T13:03:19","date_gmt":"2022-07-20T13:03:19","guid":{"rendered":"https:\/\/grandmercure.accorv2prod.decms.eu\/?page_id=2881"},"modified":"2025-11-18T16:40:38","modified_gmt":"2025-11-18T16:40:38","slug":"phong-khieu-vu-bali","status":"publish","type":"page","link":"https:\/\/grandmercure.accorv2prod.decms.eu\/vi\/cuoc-hop\/phong-khieu-vu-bali\/","title":{"rendered":"Ph\u00f2ng khi\u00eau v\u0169 Bali"},"content":{"rendered":"<p>\u0110\u1ecba \u0111i\u1ec3m \u1ea5n t\u01b0\u1ee3ng v\u00e0 linh ho\u1ea1t nh\u1ea5t c\u1ee7a ch\u00fang t\u00f4i, Ph\u00f2ng khi\u00eau v\u0169 Bali, cung c\u1ea5p m\u1ed9t s\u00e2n kh\u1ea5u th\u1ef1c s\u1ef1 ho\u00e0nh tr\u00e1ng cho s\u1ef1 ki\u1ec7n \u0111\u1eb7c tr\u01b0ng c\u1ee7a b\u1ea1n. Kh\u00f4ng gian tr\u00e1ng l\u1ec7 kh\u00f4ng c\u1ed9t n\u00e0y \u0111\u01b0\u1ee3c x\u00e1c \u0111\u1ecbnh b\u1edfi tr\u1ea7n nh\u00e0 cao v\u00fat, s\u1ef1 thanh l\u1ecbch \u0111\u01b0\u01a1ng \u0111\u1ea1i c\u1ee7a Bali v\u00e0 tr\u00e0n ng\u1eadp \u00e1nh s\u00e1ng t\u1ef1 nhi\u00ean, t\u1ea1o n\u00ean b\u1ea7u kh\u00f4ng kh\u00ed h\u00f9ng v\u0129 v\u00e0 \u1ea5m \u00e1p.<\/p>\n<p>Cho d\u00f9 b\u1ea1n \u0111ang t\u1ed5 ch\u1ee9c m\u1ed9t h\u1ed9i ngh\u1ecb qu\u1ed1c t\u1ebf, m\u1ed9t b\u1eefa t\u1ed1i d\u1ea1 ti\u1ec7c tinh t\u1ebf hay m\u1ed9t \u0111\u00e1m c\u01b0\u1edbi trong m\u01a1, ph\u00f2ng khi\u00eau v\u0169 n\u00e0y \u0111\u1ec1u th\u00edch \u1ee9ng ho\u00e0n h\u1ea3o v\u1edbi t\u1ea7m nh\u00ecn c\u1ee7a b\u1ea1n. N\u00f3 \u0111\u01b0\u1ee3c trang b\u1ecb c\u00f4ng ngh\u1ec7 nghe nh\u00ecn hi\u1ec7n \u0111\u1ea1i v\u00e0 c\u00f3 th\u1ec3 \u0111\u01b0\u1ee3c c\u1ea5u h\u00ecnh th\u00e0nh m\u1ed9t kh\u00f4ng gian l\u1edbn ho\u1eb7c chia th\u00e0nh c\u00e1c ph\u1ea7n nh\u1ecf h\u01a1n, c\u00e1ch \u00e2m. H\u00e3y \u0111\u1ec3 ch\u00fang t\u00f4i bi\u1ebfn b\u1ee9c tranh \u0111\u1eb7c bi\u1ec7t n\u00e0y th\u00e0nh kho\u1ea3nh kh\u1eafc kh\u00f3 qu\u00ean c\u1ee7a b\u1ea1n.<\/p>\n","protected":false},"excerpt":{"rendered":"<p>\u0110\u1ecba \u0111i\u1ec3m \u1ea5n t\u01b0\u1ee3ng v\u00e0 linh ho\u1ea1t nh\u1ea5t c\u1ee7a ch\u00fang t\u00f4i, Ph\u00f2ng khi\u00eau v\u0169 Bali, cung c\u1ea5p m\u1ed9t s\u00e2n kh\u1ea5u th\u1ef1c s\u1ef1 ho\u00e0nh tr\u00e1ng cho s\u1ef1 ki\u1ec7n \u0111\u1eb7c tr\u01b0ng c\u1ee7a b\u1ea1n. Kh\u00f4ng gian tr\u00e1ng l\u1ec7 kh\u00f4ng c\u1ed9t n\u00e0y \u0111\u01b0\u1ee3c x\u00e1c \u0111\u1ecbnh b\u1edfi tr\u1ea7n nh\u00e0 cao v\u00fat, s\u1ef1 thanh l\u1ecbch \u0111\u01b0\u01a1ng \u0111\u1ea1i c\u1ee7a Bali v\u00e0 tr\u00e0n [&hellip;]<\/p>\n","protected":false},"author":50,"featured_media":0,"parent":917,"menu_order":20,"comment_status":"closed","ping_status":"closed","template":"template-meeting-room.php","meta":{"footnotes":""},"categories":[],"class_list":["post-2881","page","type-page","status-publish","hentry"],"acf":[],"yoast_head":"<!-- This site is optimized with the Yoast SEO plugin v26.9 - https:\/\/yoast.com\/product\/yoast-seo-wordpress\/ -->\n<title>Ph\u00f2ng khi\u00eau v\u0169 Bali - Grand Mercure V2 demo site<\/title>\n<meta name=\"robots\" content=\"noindex, follow, max-snippet:-1, max-image-preview:large, max-video-preview:-1\" \/>\n<meta property=\"og:locale\" content=\"vi_VN\" \/>\n<meta property=\"og:type\" content=\"article\" \/>\n<meta property=\"og:title\" content=\"Ph\u00f2ng khi\u00eau v\u0169 Bali - Grand Mercure V2 demo site\" \/>\n<meta property=\"og:description\" content=\"\u0110\u1ecba \u0111i\u1ec3m \u1ea5n t\u01b0\u1ee3ng v\u00e0 linh ho\u1ea1t nh\u1ea5t c\u1ee7a ch\u00fang t\u00f4i, Ph\u00f2ng khi\u00eau v\u0169 Bali, cung c\u1ea5p m\u1ed9t s\u00e2n kh\u1ea5u th\u1ef1c s\u1ef1 ho\u00e0nh tr\u00e1ng cho s\u1ef1 ki\u1ec7n \u0111\u1eb7c tr\u01b0ng c\u1ee7a b\u1ea1n. Kh\u00f4ng gian tr\u00e1ng l\u1ec7 kh\u00f4ng c\u1ed9t n\u00e0y \u0111\u01b0\u1ee3c x\u00e1c \u0111\u1ecbnh b\u1edfi tr\u1ea7n nh\u00e0 cao v\u00fat, s\u1ef1 thanh l\u1ecbch \u0111\u01b0\u01a1ng \u0111\u1ea1i c\u1ee7a Bali v\u00e0 tr\u00e0n [&hellip;]\" \/>\n<meta property=\"og:url\" content=\"https:\/\/grandmercure.accorv2prod.decms.eu\/vi\/cuoc-hop\/phong-khieu-vu-bali\/\" \/>\n<meta property=\"og:site_name\" content=\"Grand Mercure V2 demo site\" \/>\n<meta property=\"article:modified_time\" content=\"2025-11-18T16:40:38+00:00\" \/>\n<meta name=\"twitter:card\" content=\"summary_large_image\" \/>\n<meta name=\"twitter:label1\" content=\"Est. reading time\" \/>\n\t<meta name=\"twitter:data1\" content=\"1 minute\" \/>\n<script type=\"application\/ld+json\" class=\"yoast-schema-graph\">{\"@context\":\"https:\/\/schema.org\",\"@graph\":[{\"@type\":\"WebPage\",\"@id\":\"https:\/\/grandmercure.accorv2prod.decms.eu\/vi\/cuoc-hop\/phong-khieu-vu-bali\/\",\"url\":\"https:\/\/grandmercure.accorv2prod.decms.eu\/vi\/cuoc-hop\/phong-khieu-vu-bali\/\",\"name\":\"Ph\u00f2ng khi\u00eau v\u0169 Bali - Grand Mercure V2 demo site\",\"isPartOf\":{\"@id\":\"https:\/\/grandmercure.accorv2prod.decms.eu\/#website\"},\"datePublished\":\"2022-07-20T13:03:19+00:00\",\"dateModified\":\"2025-11-18T16:40:38+00:00\",\"breadcrumb\":{\"@id\":\"https:\/\/grandmercure.accorv2prod.decms.eu\/vi\/cuoc-hop\/phong-khieu-vu-bali\/#breadcrumb\"},\"inLanguage\":\"vi-VN\",\"potentialAction\":[{\"@type\":\"ReadAction\",\"target\":[\"https:\/\/grandmercure.accorv2prod.decms.eu\/vi\/cuoc-hop\/phong-khieu-vu-bali\/\"]}]},{\"@type\":\"BreadcrumbList\",\"@id\":\"https:\/\/grandmercure.accorv2prod.decms.eu\/vi\/cuoc-hop\/phong-khieu-vu-bali\/#breadcrumb\",\"itemListElement\":[{\"@type\":\"ListItem\",\"position\":1,\"name\":\"Home\",\"item\":\"https:\/\/grandmercure.accorv2prod.decms.eu\/vi\/\"},{\"@type\":\"ListItem\",\"position\":2,\"name\":\"Cu\u1ed9c h\u1ecdp\",\"item\":\"https:\/\/grandmercure.accorv2prod.decms.eu\/vi\/cuoc-hop\/\"},{\"@type\":\"ListItem\",\"position\":3,\"name\":\"Ph\u00f2ng khi\u00eau v\u0169 Bali\"}]},{\"@type\":\"WebSite\",\"@id\":\"https:\/\/grandmercure.accorv2prod.decms.eu\/#website\",\"url\":\"https:\/\/grandmercure.accorv2prod.decms.eu\/\",\"name\":\"Grand Mercure V2 demo site\",\"description\":\"Just another Matteo Canever Site Sites site\",\"potentialAction\":[{\"@type\":\"SearchAction\",\"target\":{\"@type\":\"EntryPoint\",\"urlTemplate\":\"https:\/\/grandmercure.accorv2prod.decms.eu\/?s={search_term_string}\"},\"query-input\":{\"@type\":\"PropertyValueSpecification\",\"valueRequired\":true,\"valueName\":\"search_term_string\"}}],\"inLanguage\":\"vi-VN\"}]}<\/script>\n<!-- \/ Yoast SEO plugin. -->","yoast_head_json":{"title":"Ph\u00f2ng khi\u00eau v\u0169 Bali - Grand Mercure V2 demo site","robots":{"index":"noindex","follow":"follow","max-snippet":"max-snippet:-1","max-image-preview":"max-image-preview:large","max-video-preview":"max-video-preview:-1"},"og_locale":"vi_VN","og_type":"article","og_title":"Ph\u00f2ng khi\u00eau v\u0169 Bali - Grand Mercure V2 demo site","og_description":"\u0110\u1ecba \u0111i\u1ec3m \u1ea5n t\u01b0\u1ee3ng v\u00e0 linh ho\u1ea1t nh\u1ea5t c\u1ee7a ch\u00fang t\u00f4i, Ph\u00f2ng khi\u00eau v\u0169 Bali, cung c\u1ea5p m\u1ed9t s\u00e2n kh\u1ea5u th\u1ef1c s\u1ef1 ho\u00e0nh tr\u00e1ng cho s\u1ef1 ki\u1ec7n \u0111\u1eb7c tr\u01b0ng c\u1ee7a b\u1ea1n. Kh\u00f4ng gian tr\u00e1ng l\u1ec7 kh\u00f4ng c\u1ed9t n\u00e0y \u0111\u01b0\u1ee3c x\u00e1c \u0111\u1ecbnh b\u1edfi tr\u1ea7n nh\u00e0 cao v\u00fat, s\u1ef1 thanh l\u1ecbch \u0111\u01b0\u01a1ng \u0111\u1ea1i c\u1ee7a Bali v\u00e0 tr\u00e0n [&hellip;]","og_url":"https:\/\/grandmercure.accorv2prod.decms.eu\/vi\/cuoc-hop\/phong-khieu-vu-bali\/","og_site_name":"Grand Mercure V2 demo site","article_modified_time":"2025-11-18T16:40:38+00:00","twitter_card":"summary_large_image","twitter_misc":{"Est. reading time":"1 minute"},"schema":{"@context":"https:\/\/schema.org","@graph":[{"@type":"WebPage","@id":"https:\/\/grandmercure.accorv2prod.decms.eu\/vi\/cuoc-hop\/phong-khieu-vu-bali\/","url":"https:\/\/grandmercure.accorv2prod.decms.eu\/vi\/cuoc-hop\/phong-khieu-vu-bali\/","name":"Ph\u00f2ng khi\u00eau v\u0169 Bali - Grand Mercure V2 demo site","isPartOf":{"@id":"https:\/\/grandmercure.accorv2prod.decms.eu\/#website"},"datePublished":"2022-07-20T13:03:19+00:00","dateModified":"2025-11-18T16:40:38+00:00","breadcrumb":{"@id":"https:\/\/grandmercure.accorv2prod.decms.eu\/vi\/cuoc-hop\/phong-khieu-vu-bali\/#breadcrumb"},"inLanguage":"vi-VN","potentialAction":[{"@type":"ReadAction","target":["https:\/\/grandmercure.accorv2prod.decms.eu\/vi\/cuoc-hop\/phong-khieu-vu-bali\/"]}]},{"@type":"BreadcrumbList","@id":"https:\/\/grandmercure.accorv2prod.decms.eu\/vi\/cuoc-hop\/phong-khieu-vu-bali\/#breadcrumb","itemListElement":[{"@type":"ListItem","position":1,"name":"Home","item":"https:\/\/grandmercure.accorv2prod.decms.eu\/vi\/"},{"@type":"ListItem","position":2,"name":"Cu\u1ed9c h\u1ecdp","item":"https:\/\/grandmercure.accorv2prod.decms.eu\/vi\/cuoc-hop\/"},{"@type":"ListItem","position":3,"name":"Ph\u00f2ng khi\u00eau v\u0169 Bali"}]},{"@type":"WebSite","@id":"https:\/\/grandmercure.accorv2prod.decms.eu\/#website","url":"https:\/\/grandmercure.accorv2prod.decms.eu\/","name":"Grand Mercure V2 demo site","description":"Just another Matteo Canever Site Sites site","potentialAction":[{"@type":"SearchAction","target":{"@type":"EntryPoint","urlTemplate":"https:\/\/grandmercure.accorv2prod.decms.eu\/?s={search_term_string}"},"query-input":{"@type":"PropertyValueSpecification","valueRequired":true,"valueName":"search_term_string"}}],"inLanguage":"vi-VN"}]}},"_links":{"self":[{"href":"https:\/\/grandmercure.accorv2prod.decms.eu\/vi\/wp-json\/wp\/v2\/pages\/2881","targetHints":{"allow":["GET"]}}],"collection":[{"href":"https:\/\/grandmercure.accorv2prod.decms.eu\/vi\/wp-json\/wp\/v2\/pages"}],"about":[{"href":"https:\/\/grandmercure.accorv2prod.decms.eu\/vi\/wp-json\/wp\/v2\/types\/page"}],"author":[{"embeddable":true,"href":"https:\/\/grandmercure.accorv2prod.decms.eu\/vi\/wp-json\/wp\/v2\/users\/50"}],"replies":[{"embeddable":true,"href":"https:\/\/grandmercure.accorv2prod.decms.eu\/vi\/wp-json\/wp\/v2\/comments?post=2881"}],"version-history":[{"count":0,"href":"https:\/\/grandmercure.accorv2prod.decms.eu\/vi\/wp-json\/wp\/v2\/pages\/2881\/revisions"}],"up":[{"embeddable":true,"href":"https:\/\/grandmercure.accorv2prod.decms.eu\/vi\/wp-json\/wp\/v2\/pages\/917"}],"wp:attachment":[{"href":"https:\/\/grandmercure.accorv2prod.decms.eu\/vi\/wp-json\/wp\/v2\/media?parent=2881"}],"wp:term":[{"taxonomy":"category","embeddable":true,"href":"https:\/\/grandmercure.accorv2prod.decms.eu\/vi\/wp-json\/wp\/v2\/categories?post=2881"}],"curies":[{"name":"wp","href":"https:\/\/api.w.org\/{rel}","templated":true}]}}