{"id":2893,"date":"2022-07-20T13:43:27","date_gmt":"2022-07-20T13:43:27","guid":{"rendered":"https:\/\/grandmercure.accorv2prod.decms.eu\/?page_id=2893"},"modified":"2025-11-18T16:42:07","modified_gmt":"2025-11-18T16:42:07","slug":"phong-tirta","status":"publish","type":"page","link":"https:\/\/grandmercure.accorv2prod.decms.eu\/vi\/cuoc-hop\/phong-tirta\/","title":{"rendered":"Ph\u00f2ng Tirta"},"content":{"rendered":"<p>\u0110\u01b0\u1ee3c \u0111\u1eb7t t\u00ean theo t\u1eeb ti\u1ebfng Bali c\u00f3 ngh\u0129a l\u00e0 &#8216;N\u01b0\u1edbc Th\u00e1nh&#8217;, Ph\u00f2ng Tirta \u0111\u01b0\u1ee3c thi\u1ebft k\u1ebf \u0111\u1ec3 truy\u1ec1n c\u1ea3m h\u1ee9ng cho s\u1ef1 s\u00e1ng su\u1ed1t v\u00e0 d\u00f2ng ch\u1ea3y t\u1ef1 nhi\u00ean c\u1ee7a c\u00e1c \u00fd t\u01b0\u1edfng. \u0110\u1ecba \u0111i\u1ec3m th\u00e2n m\u1eadt v\u00e0 thanh b\u00ecnh n\u00e0y l\u00e0 b\u1ed1i c\u1ea3nh ho\u00e0n h\u1ea3o cho c\u00e1c bu\u1ed5i \u0111\u1ed9ng n\u00e3o s\u00e1ng t\u1ea1o, c\u00e1c nh\u00f3m t\u1eadp trung ho\u1eb7c l\u1eadp k\u1ebf ho\u1ea1ch chi\u1ebfn l\u01b0\u1ee3c c\u1ea5p cao.<\/p>\n<p>B\u1ea7u kh\u00f4ng kh\u00ed y\u00ean t\u0129nh, \u0111\u01b0\u1ee3c t\u0103ng c\u01b0\u1eddng b\u1edfi l\u1ed1i trang tr\u00ed \u00eam d\u1ecbu v\u00e0 \u00e1nh s\u00e1ng t\u1ef1 nhi\u00ean nh\u1eb9 nh\u00e0ng, gi\u00fap lo\u1ea1i b\u1ecf s\u1ef1 xao nh\u00e3ng v\u00e0 khuy\u1ebfn kh\u00edch th\u1ea3o lu\u1eadn c\u1edfi m\u1edf. N\u00f3 cung c\u1ea5p m\u1ed9t m\u00f4i tr\u01b0\u1eddng h\u00f2a b\u00ecnh, linh ho\u1ea1t c\u00f3 th\u1ec3 \u0111\u01b0\u1ee3c c\u1ea5u h\u00ecnh cho c\u00e1c h\u1ed9i th\u1ea3o c\u1ed9ng t\u00e1c ho\u1eb7c c\u00e1c cu\u1ed9c h\u1ecdp ri\u00eang t\u01b0. \u0110\u01b0\u1ee3c trang b\u1ecb t\u1ea5t c\u1ea3 c\u00e1c c\u00f4ng ngh\u1ec7 thi\u1ebft y\u1ebfu, Ph\u00f2ng Tirta l\u00e0 n\u01a1i c\u00e1c kh\u00e1i ni\u1ec7m t\u1ed1t nh\u1ea5t c\u1ee7a nh\u00f3m b\u1ea1n tr\u1edf th\u00e0nh hi\u1ec7n th\u1ef1c.<\/p>\n","protected":false},"excerpt":{"rendered":"<p>\u0110\u01b0\u1ee3c \u0111\u1eb7t t\u00ean theo t\u1eeb ti\u1ebfng Bali c\u00f3 ngh\u0129a l\u00e0 &#8216;N\u01b0\u1edbc Th\u00e1nh&#8217;, Ph\u00f2ng Tirta \u0111\u01b0\u1ee3c thi\u1ebft k\u1ebf \u0111\u1ec3 truy\u1ec1n c\u1ea3m h\u1ee9ng cho s\u1ef1 s\u00e1ng su\u1ed1t v\u00e0 d\u00f2ng ch\u1ea3y t\u1ef1 nhi\u00ean c\u1ee7a c\u00e1c \u00fd t\u01b0\u1edfng. \u0110\u1ecba \u0111i\u1ec3m th\u00e2n m\u1eadt v\u00e0 thanh b\u00ecnh n\u00e0y l\u00e0 b\u1ed1i c\u1ea3nh ho\u00e0n h\u1ea3o cho c\u00e1c bu\u1ed5i \u0111\u1ed9ng n\u00e3o s\u00e1ng t\u1ea1o, c\u00e1c [&hellip;]<\/p>\n","protected":false},"author":50,"featured_media":0,"parent":917,"menu_order":40,"comment_status":"closed","ping_status":"closed","template":"template-meeting-room.php","meta":{"footnotes":""},"categories":[],"class_list":["post-2893","page","type-page","status-publish","hentry"],"acf":[],"yoast_head":"<!-- This site is optimized with the Yoast SEO plugin v26.9 - https:\/\/yoast.com\/product\/yoast-seo-wordpress\/ -->\n<title>Ph\u00f2ng Tirta - Grand Mercure V2 demo site<\/title>\n<meta name=\"robots\" content=\"noindex, follow, max-snippet:-1, max-image-preview:large, max-video-preview:-1\" \/>\n<meta property=\"og:locale\" content=\"vi_VN\" \/>\n<meta property=\"og:type\" content=\"article\" \/>\n<meta property=\"og:title\" content=\"Ph\u00f2ng Tirta - Grand Mercure V2 demo site\" \/>\n<meta property=\"og:description\" content=\"\u0110\u01b0\u1ee3c \u0111\u1eb7t t\u00ean theo t\u1eeb ti\u1ebfng Bali c\u00f3 ngh\u0129a l\u00e0 &#8216;N\u01b0\u1edbc Th\u00e1nh&#8217;, Ph\u00f2ng Tirta \u0111\u01b0\u1ee3c thi\u1ebft k\u1ebf \u0111\u1ec3 truy\u1ec1n c\u1ea3m h\u1ee9ng cho s\u1ef1 s\u00e1ng su\u1ed1t v\u00e0 d\u00f2ng ch\u1ea3y t\u1ef1 nhi\u00ean c\u1ee7a c\u00e1c \u00fd t\u01b0\u1edfng. \u0110\u1ecba \u0111i\u1ec3m th\u00e2n m\u1eadt v\u00e0 thanh b\u00ecnh n\u00e0y l\u00e0 b\u1ed1i c\u1ea3nh ho\u00e0n h\u1ea3o cho c\u00e1c bu\u1ed5i \u0111\u1ed9ng n\u00e3o s\u00e1ng t\u1ea1o, c\u00e1c [&hellip;]\" \/>\n<meta property=\"og:url\" content=\"https:\/\/grandmercure.accorv2prod.decms.eu\/vi\/cuoc-hop\/phong-tirta\/\" \/>\n<meta property=\"og:site_name\" content=\"Grand Mercure V2 demo site\" \/>\n<meta property=\"article:modified_time\" content=\"2025-11-18T16:42:07+00:00\" \/>\n<meta name=\"twitter:card\" content=\"summary_large_image\" \/>\n<meta name=\"twitter:label1\" content=\"Est. reading time\" \/>\n\t<meta name=\"twitter:data1\" content=\"1 minute\" \/>\n<script type=\"application\/ld+json\" class=\"yoast-schema-graph\">{\"@context\":\"https:\/\/schema.org\",\"@graph\":[{\"@type\":\"WebPage\",\"@id\":\"https:\/\/grandmercure.accorv2prod.decms.eu\/vi\/cuoc-hop\/phong-tirta\/\",\"url\":\"https:\/\/grandmercure.accorv2prod.decms.eu\/vi\/cuoc-hop\/phong-tirta\/\",\"name\":\"Ph\u00f2ng Tirta - Grand Mercure V2 demo site\",\"isPartOf\":{\"@id\":\"https:\/\/grandmercure.accorv2prod.decms.eu\/#website\"},\"datePublished\":\"2022-07-20T13:43:27+00:00\",\"dateModified\":\"2025-11-18T16:42:07+00:00\",\"breadcrumb\":{\"@id\":\"https:\/\/grandmercure.accorv2prod.decms.eu\/vi\/cuoc-hop\/phong-tirta\/#breadcrumb\"},\"inLanguage\":\"vi-VN\",\"potentialAction\":[{\"@type\":\"ReadAction\",\"target\":[\"https:\/\/grandmercure.accorv2prod.decms.eu\/vi\/cuoc-hop\/phong-tirta\/\"]}]},{\"@type\":\"BreadcrumbList\",\"@id\":\"https:\/\/grandmercure.accorv2prod.decms.eu\/vi\/cuoc-hop\/phong-tirta\/#breadcrumb\",\"itemListElement\":[{\"@type\":\"ListItem\",\"position\":1,\"name\":\"Home\",\"item\":\"https:\/\/grandmercure.accorv2prod.decms.eu\/vi\/\"},{\"@type\":\"ListItem\",\"position\":2,\"name\":\"Cu\u1ed9c h\u1ecdp\",\"item\":\"https:\/\/grandmercure.accorv2prod.decms.eu\/vi\/cuoc-hop\/\"},{\"@type\":\"ListItem\",\"position\":3,\"name\":\"Ph\u00f2ng Tirta\"}]},{\"@type\":\"WebSite\",\"@id\":\"https:\/\/grandmercure.accorv2prod.decms.eu\/#website\",\"url\":\"https:\/\/grandmercure.accorv2prod.decms.eu\/\",\"name\":\"Grand Mercure V2 demo site\",\"description\":\"Just another Matteo Canever Site Sites site\",\"potentialAction\":[{\"@type\":\"SearchAction\",\"target\":{\"@type\":\"EntryPoint\",\"urlTemplate\":\"https:\/\/grandmercure.accorv2prod.decms.eu\/?s={search_term_string}\"},\"query-input\":{\"@type\":\"PropertyValueSpecification\",\"valueRequired\":true,\"valueName\":\"search_term_string\"}}],\"inLanguage\":\"vi-VN\"}]}<\/script>\n<!-- \/ Yoast SEO plugin. -->","yoast_head_json":{"title":"Ph\u00f2ng Tirta - Grand Mercure V2 demo site","robots":{"index":"noindex","follow":"follow","max-snippet":"max-snippet:-1","max-image-preview":"max-image-preview:large","max-video-preview":"max-video-preview:-1"},"og_locale":"vi_VN","og_type":"article","og_title":"Ph\u00f2ng Tirta - Grand Mercure V2 demo site","og_description":"\u0110\u01b0\u1ee3c \u0111\u1eb7t t\u00ean theo t\u1eeb ti\u1ebfng Bali c\u00f3 ngh\u0129a l\u00e0 &#8216;N\u01b0\u1edbc Th\u00e1nh&#8217;, Ph\u00f2ng Tirta \u0111\u01b0\u1ee3c thi\u1ebft k\u1ebf \u0111\u1ec3 truy\u1ec1n c\u1ea3m h\u1ee9ng cho s\u1ef1 s\u00e1ng su\u1ed1t v\u00e0 d\u00f2ng ch\u1ea3y t\u1ef1 nhi\u00ean c\u1ee7a c\u00e1c \u00fd t\u01b0\u1edfng. \u0110\u1ecba \u0111i\u1ec3m th\u00e2n m\u1eadt v\u00e0 thanh b\u00ecnh n\u00e0y l\u00e0 b\u1ed1i c\u1ea3nh ho\u00e0n h\u1ea3o cho c\u00e1c bu\u1ed5i \u0111\u1ed9ng n\u00e3o s\u00e1ng t\u1ea1o, c\u00e1c [&hellip;]","og_url":"https:\/\/grandmercure.accorv2prod.decms.eu\/vi\/cuoc-hop\/phong-tirta\/","og_site_name":"Grand Mercure V2 demo site","article_modified_time":"2025-11-18T16:42:07+00:00","twitter_card":"summary_large_image","twitter_misc":{"Est. reading time":"1 minute"},"schema":{"@context":"https:\/\/schema.org","@graph":[{"@type":"WebPage","@id":"https:\/\/grandmercure.accorv2prod.decms.eu\/vi\/cuoc-hop\/phong-tirta\/","url":"https:\/\/grandmercure.accorv2prod.decms.eu\/vi\/cuoc-hop\/phong-tirta\/","name":"Ph\u00f2ng Tirta - Grand Mercure V2 demo site","isPartOf":{"@id":"https:\/\/grandmercure.accorv2prod.decms.eu\/#website"},"datePublished":"2022-07-20T13:43:27+00:00","dateModified":"2025-11-18T16:42:07+00:00","breadcrumb":{"@id":"https:\/\/grandmercure.accorv2prod.decms.eu\/vi\/cuoc-hop\/phong-tirta\/#breadcrumb"},"inLanguage":"vi-VN","potentialAction":[{"@type":"ReadAction","target":["https:\/\/grandmercure.accorv2prod.decms.eu\/vi\/cuoc-hop\/phong-tirta\/"]}]},{"@type":"BreadcrumbList","@id":"https:\/\/grandmercure.accorv2prod.decms.eu\/vi\/cuoc-hop\/phong-tirta\/#breadcrumb","itemListElement":[{"@type":"ListItem","position":1,"name":"Home","item":"https:\/\/grandmercure.accorv2prod.decms.eu\/vi\/"},{"@type":"ListItem","position":2,"name":"Cu\u1ed9c h\u1ecdp","item":"https:\/\/grandmercure.accorv2prod.decms.eu\/vi\/cuoc-hop\/"},{"@type":"ListItem","position":3,"name":"Ph\u00f2ng Tirta"}]},{"@type":"WebSite","@id":"https:\/\/grandmercure.accorv2prod.decms.eu\/#website","url":"https:\/\/grandmercure.accorv2prod.decms.eu\/","name":"Grand Mercure V2 demo site","description":"Just another Matteo Canever Site Sites site","potentialAction":[{"@type":"SearchAction","target":{"@type":"EntryPoint","urlTemplate":"https:\/\/grandmercure.accorv2prod.decms.eu\/?s={search_term_string}"},"query-input":{"@type":"PropertyValueSpecification","valueRequired":true,"valueName":"search_term_string"}}],"inLanguage":"vi-VN"}]}},"_links":{"self":[{"href":"https:\/\/grandmercure.accorv2prod.decms.eu\/vi\/wp-json\/wp\/v2\/pages\/2893","targetHints":{"allow":["GET"]}}],"collection":[{"href":"https:\/\/grandmercure.accorv2prod.decms.eu\/vi\/wp-json\/wp\/v2\/pages"}],"about":[{"href":"https:\/\/grandmercure.accorv2prod.decms.eu\/vi\/wp-json\/wp\/v2\/types\/page"}],"author":[{"embeddable":true,"href":"https:\/\/grandmercure.accorv2prod.decms.eu\/vi\/wp-json\/wp\/v2\/users\/50"}],"replies":[{"embeddable":true,"href":"https:\/\/grandmercure.accorv2prod.decms.eu\/vi\/wp-json\/wp\/v2\/comments?post=2893"}],"version-history":[{"count":0,"href":"https:\/\/grandmercure.accorv2prod.decms.eu\/vi\/wp-json\/wp\/v2\/pages\/2893\/revisions"}],"up":[{"embeddable":true,"href":"https:\/\/grandmercure.accorv2prod.decms.eu\/vi\/wp-json\/wp\/v2\/pages\/917"}],"wp:attachment":[{"href":"https:\/\/grandmercure.accorv2prod.decms.eu\/vi\/wp-json\/wp\/v2\/media?parent=2893"}],"wp:term":[{"taxonomy":"category","embeddable":true,"href":"https:\/\/grandmercure.accorv2prod.decms.eu\/vi\/wp-json\/wp\/v2\/categories?post=2893"}],"curies":[{"name":"wp","href":"https:\/\/api.w.org\/{rel}","templated":true}]}}