{"id":2909,"date":"2022-07-20T14:46:08","date_gmt":"2022-07-20T14:46:08","guid":{"rendered":"https:\/\/grandmercure.accorv2prod.decms.eu\/?page_id=2909"},"modified":"2025-11-18T13:33:41","modified_gmt":"2025-11-18T13:33:41","slug":"phong-suite","status":"publish","type":"page","link":"https:\/\/grandmercure.accorv2prod.decms.eu\/vi\/phong-nghi-suite\/phong-suite\/","title":{"rendered":"Ph\u00f2ng Suite"},"content":{"rendered":"<p data-path-to-node=\"221\">Tr\u1ea3i nghi\u1ec7m m\u1ee9c \u0111\u1ed9 tho\u1ea3i m\u00e1i v\u01b0\u1ee3t tr\u1ed9i trong ph\u00f2ng Suite c\u1ee7a ch\u00fang t\u00f4i. \u0110\u01b0\u1ee3c thi\u1ebft k\u1ebf cho nh\u1eefng ai t\u00ecm ki\u1ebfm s\u1ef1 sang tr\u1ecdng v\u00e0 ri\u00eang t\u01b0, ch\u1ed7 \u1edf n\u00e0y c\u00f3 ph\u00f2ng ng\u1ee7 ch\u00ednh v\u00e0 ph\u00f2ng kh\u00e1ch trang nh\u00e3, t\u00e1ch bi\u1ec7t ho\u00e0n to\u00e0n. Thi\u1ebft k\u1ebf kh\u00e1c bi\u1ec7t n\u00e0y t\u1ea1o ra c\u1ea3m gi\u00e1c v\u1ec1 kh\u00f4ng gian v\u00e0 s\u1ef1 th\u00e2n m\u1eadt gi\u1ed1ng nh\u01b0 m\u1ed9t c\u0103n h\u1ed9, l\u00fd t\u01b0\u1edfng \u0111\u1ec3 th\u01b0 gi\u00e3n ho\u1eb7c ti\u1ebfp kh\u00e1ch trong m\u1ed9t khung c\u1ea3nh tinh t\u1ebf.<\/p>\n<p data-path-to-node=\"222\">\u0110\u01b0\u1ee3c trang b\u1ecb v\u1edbi s\u1ef1 ch\u00fa \u00fd \u0111\u1eb7c bi\u1ec7t \u0111\u1ebfn t\u1eebng chi ti\u1ebft, Suite l\u00e0 s\u1ef1 pha tr\u1ed9n gi\u1eefa ngh\u1ec1 th\u1ee7 c\u00f4ng Bali cao c\u1ea5p v\u1edbi thi\u1ebft k\u1ebf sang tr\u1ecdng \u0111\u01b0\u01a1ng \u0111\u1ea1i. T\u1eadn h\u01b0\u1edfng c\u00e1c ti\u1ec7n nghi n\u00e2ng cao v\u00e0 kh\u00f4ng gian r\u1ed9ng l\u1edbn, tr\u1edf n\u00ean t\u01b0\u01a1i s\u00e1ng h\u01a1n nh\u1edd t\u1ea7m nh\u00ecn to\u00e0n c\u1ea3nh. \u0110\u00e2y l\u00e0 s\u1ef1 l\u1ef1a ch\u1ecdn ho\u00e0n h\u1ea3o cho m\u1ed9t k\u1ef3 ngh\u1ec9 kh\u00f3 qu\u00ean, n\u01a1i kh\u00f4ng gian \u0111\u1ec3 s\u1ed1ng c\u0169ng quan tr\u1ecdng nh\u01b0 kh\u00f4ng gian \u0111\u1ec3 ngh\u1ec9 ng\u01a1i.<\/p>\n","protected":false},"excerpt":{"rendered":"<p>Tr\u1ea3i nghi\u1ec7m m\u1ee9c \u0111\u1ed9 tho\u1ea3i m\u00e1i v\u01b0\u1ee3t tr\u1ed9i trong ph\u00f2ng Suite c\u1ee7a ch\u00fang t\u00f4i. \u0110\u01b0\u1ee3c thi\u1ebft k\u1ebf cho nh\u1eefng ai t\u00ecm ki\u1ebfm s\u1ef1 sang tr\u1ecdng v\u00e0 ri\u00eang t\u01b0, ch\u1ed7 \u1edf n\u00e0y c\u00f3 ph\u00f2ng ng\u1ee7 ch\u00ednh v\u00e0 ph\u00f2ng kh\u00e1ch trang nh\u00e3, t\u00e1ch bi\u1ec7t ho\u00e0n to\u00e0n. Thi\u1ebft k\u1ebf kh\u00e1c bi\u1ec7t n\u00e0y t\u1ea1o ra c\u1ea3m gi\u00e1c v\u1ec1 kh\u00f4ng [&hellip;]<\/p>\n","protected":false},"author":50,"featured_media":0,"parent":924,"menu_order":40,"comment_status":"closed","ping_status":"closed","template":"template-room.php","meta":{"footnotes":""},"categories":[266],"class_list":["post-2909","page","type-page","status-publish","hentry","category-suites-vi"],"acf":[],"yoast_head":"<!-- This site is optimized with the Yoast SEO plugin v26.9 - https:\/\/yoast.com\/product\/yoast-seo-wordpress\/ -->\n<title>Ph\u00f2ng Suite - Grand Mercure V2 demo site<\/title>\n<meta name=\"robots\" content=\"noindex, follow, max-snippet:-1, max-image-preview:large, max-video-preview:-1\" \/>\n<meta property=\"og:locale\" content=\"vi_VN\" \/>\n<meta property=\"og:type\" content=\"article\" \/>\n<meta property=\"og:title\" content=\"Ph\u00f2ng Suite - Grand Mercure V2 demo site\" \/>\n<meta property=\"og:description\" content=\"Tr\u1ea3i nghi\u1ec7m m\u1ee9c \u0111\u1ed9 tho\u1ea3i m\u00e1i v\u01b0\u1ee3t tr\u1ed9i trong ph\u00f2ng Suite c\u1ee7a ch\u00fang t\u00f4i. \u0110\u01b0\u1ee3c thi\u1ebft k\u1ebf cho nh\u1eefng ai t\u00ecm ki\u1ebfm s\u1ef1 sang tr\u1ecdng v\u00e0 ri\u00eang t\u01b0, ch\u1ed7 \u1edf n\u00e0y c\u00f3 ph\u00f2ng ng\u1ee7 ch\u00ednh v\u00e0 ph\u00f2ng kh\u00e1ch trang nh\u00e3, t\u00e1ch bi\u1ec7t ho\u00e0n to\u00e0n. Thi\u1ebft k\u1ebf kh\u00e1c bi\u1ec7t n\u00e0y t\u1ea1o ra c\u1ea3m gi\u00e1c v\u1ec1 kh\u00f4ng [&hellip;]\" \/>\n<meta property=\"og:url\" content=\"https:\/\/grandmercure.accorv2prod.decms.eu\/vi\/phong-nghi-suite\/phong-suite\/\" \/>\n<meta property=\"og:site_name\" content=\"Grand Mercure V2 demo site\" \/>\n<meta property=\"article:modified_time\" content=\"2025-11-18T13:33:41+00:00\" \/>\n<meta name=\"twitter:card\" content=\"summary_large_image\" \/>\n<meta name=\"twitter:label1\" content=\"Est. reading time\" \/>\n\t<meta name=\"twitter:data1\" content=\"1 minute\" \/>\n<script type=\"application\/ld+json\" class=\"yoast-schema-graph\">{\"@context\":\"https:\/\/schema.org\",\"@graph\":[{\"@type\":\"WebPage\",\"@id\":\"https:\/\/grandmercure.accorv2prod.decms.eu\/vi\/phong-nghi-suite\/phong-suite\/\",\"url\":\"https:\/\/grandmercure.accorv2prod.decms.eu\/vi\/phong-nghi-suite\/phong-suite\/\",\"name\":\"Ph\u00f2ng Suite - Grand Mercure V2 demo site\",\"isPartOf\":{\"@id\":\"https:\/\/grandmercure.accorv2prod.decms.eu\/#website\"},\"datePublished\":\"2022-07-20T14:46:08+00:00\",\"dateModified\":\"2025-11-18T13:33:41+00:00\",\"breadcrumb\":{\"@id\":\"https:\/\/grandmercure.accorv2prod.decms.eu\/vi\/phong-nghi-suite\/phong-suite\/#breadcrumb\"},\"inLanguage\":\"vi-VN\",\"potentialAction\":[{\"@type\":\"ReadAction\",\"target\":[\"https:\/\/grandmercure.accorv2prod.decms.eu\/vi\/phong-nghi-suite\/phong-suite\/\"]}]},{\"@type\":\"BreadcrumbList\",\"@id\":\"https:\/\/grandmercure.accorv2prod.decms.eu\/vi\/phong-nghi-suite\/phong-suite\/#breadcrumb\",\"itemListElement\":[{\"@type\":\"ListItem\",\"position\":1,\"name\":\"Home\",\"item\":\"https:\/\/grandmercure.accorv2prod.decms.eu\/vi\/\"},{\"@type\":\"ListItem\",\"position\":2,\"name\":\"Ph\u00f2ng ngh\u1ec9 &#038; Suite\",\"item\":\"https:\/\/grandmercure.accorv2prod.decms.eu\/vi\/phong-nghi-suite\/\"},{\"@type\":\"ListItem\",\"position\":3,\"name\":\"Ph\u00f2ng Suite\"}]},{\"@type\":\"WebSite\",\"@id\":\"https:\/\/grandmercure.accorv2prod.decms.eu\/#website\",\"url\":\"https:\/\/grandmercure.accorv2prod.decms.eu\/\",\"name\":\"Grand Mercure V2 demo site\",\"description\":\"Just another Matteo Canever Site Sites site\",\"potentialAction\":[{\"@type\":\"SearchAction\",\"target\":{\"@type\":\"EntryPoint\",\"urlTemplate\":\"https:\/\/grandmercure.accorv2prod.decms.eu\/?s={search_term_string}\"},\"query-input\":{\"@type\":\"PropertyValueSpecification\",\"valueRequired\":true,\"valueName\":\"search_term_string\"}}],\"inLanguage\":\"vi-VN\"}]}<\/script>\n<!-- \/ Yoast SEO plugin. -->","yoast_head_json":{"title":"Ph\u00f2ng Suite - Grand Mercure V2 demo site","robots":{"index":"noindex","follow":"follow","max-snippet":"max-snippet:-1","max-image-preview":"max-image-preview:large","max-video-preview":"max-video-preview:-1"},"og_locale":"vi_VN","og_type":"article","og_title":"Ph\u00f2ng Suite - Grand Mercure V2 demo site","og_description":"Tr\u1ea3i nghi\u1ec7m m\u1ee9c \u0111\u1ed9 tho\u1ea3i m\u00e1i v\u01b0\u1ee3t tr\u1ed9i trong ph\u00f2ng Suite c\u1ee7a ch\u00fang t\u00f4i. \u0110\u01b0\u1ee3c thi\u1ebft k\u1ebf cho nh\u1eefng ai t\u00ecm ki\u1ebfm s\u1ef1 sang tr\u1ecdng v\u00e0 ri\u00eang t\u01b0, ch\u1ed7 \u1edf n\u00e0y c\u00f3 ph\u00f2ng ng\u1ee7 ch\u00ednh v\u00e0 ph\u00f2ng kh\u00e1ch trang nh\u00e3, t\u00e1ch bi\u1ec7t ho\u00e0n to\u00e0n. Thi\u1ebft k\u1ebf kh\u00e1c bi\u1ec7t n\u00e0y t\u1ea1o ra c\u1ea3m gi\u00e1c v\u1ec1 kh\u00f4ng [&hellip;]","og_url":"https:\/\/grandmercure.accorv2prod.decms.eu\/vi\/phong-nghi-suite\/phong-suite\/","og_site_name":"Grand Mercure V2 demo site","article_modified_time":"2025-11-18T13:33:41+00:00","twitter_card":"summary_large_image","twitter_misc":{"Est. reading time":"1 minute"},"schema":{"@context":"https:\/\/schema.org","@graph":[{"@type":"WebPage","@id":"https:\/\/grandmercure.accorv2prod.decms.eu\/vi\/phong-nghi-suite\/phong-suite\/","url":"https:\/\/grandmercure.accorv2prod.decms.eu\/vi\/phong-nghi-suite\/phong-suite\/","name":"Ph\u00f2ng Suite - Grand Mercure V2 demo site","isPartOf":{"@id":"https:\/\/grandmercure.accorv2prod.decms.eu\/#website"},"datePublished":"2022-07-20T14:46:08+00:00","dateModified":"2025-11-18T13:33:41+00:00","breadcrumb":{"@id":"https:\/\/grandmercure.accorv2prod.decms.eu\/vi\/phong-nghi-suite\/phong-suite\/#breadcrumb"},"inLanguage":"vi-VN","potentialAction":[{"@type":"ReadAction","target":["https:\/\/grandmercure.accorv2prod.decms.eu\/vi\/phong-nghi-suite\/phong-suite\/"]}]},{"@type":"BreadcrumbList","@id":"https:\/\/grandmercure.accorv2prod.decms.eu\/vi\/phong-nghi-suite\/phong-suite\/#breadcrumb","itemListElement":[{"@type":"ListItem","position":1,"name":"Home","item":"https:\/\/grandmercure.accorv2prod.decms.eu\/vi\/"},{"@type":"ListItem","position":2,"name":"Ph\u00f2ng ngh\u1ec9 &#038; Suite","item":"https:\/\/grandmercure.accorv2prod.decms.eu\/vi\/phong-nghi-suite\/"},{"@type":"ListItem","position":3,"name":"Ph\u00f2ng Suite"}]},{"@type":"WebSite","@id":"https:\/\/grandmercure.accorv2prod.decms.eu\/#website","url":"https:\/\/grandmercure.accorv2prod.decms.eu\/","name":"Grand Mercure V2 demo site","description":"Just another Matteo Canever Site Sites site","potentialAction":[{"@type":"SearchAction","target":{"@type":"EntryPoint","urlTemplate":"https:\/\/grandmercure.accorv2prod.decms.eu\/?s={search_term_string}"},"query-input":{"@type":"PropertyValueSpecification","valueRequired":true,"valueName":"search_term_string"}}],"inLanguage":"vi-VN"}]}},"_links":{"self":[{"href":"https:\/\/grandmercure.accorv2prod.decms.eu\/vi\/wp-json\/wp\/v2\/pages\/2909","targetHints":{"allow":["GET"]}}],"collection":[{"href":"https:\/\/grandmercure.accorv2prod.decms.eu\/vi\/wp-json\/wp\/v2\/pages"}],"about":[{"href":"https:\/\/grandmercure.accorv2prod.decms.eu\/vi\/wp-json\/wp\/v2\/types\/page"}],"author":[{"embeddable":true,"href":"https:\/\/grandmercure.accorv2prod.decms.eu\/vi\/wp-json\/wp\/v2\/users\/50"}],"replies":[{"embeddable":true,"href":"https:\/\/grandmercure.accorv2prod.decms.eu\/vi\/wp-json\/wp\/v2\/comments?post=2909"}],"version-history":[{"count":0,"href":"https:\/\/grandmercure.accorv2prod.decms.eu\/vi\/wp-json\/wp\/v2\/pages\/2909\/revisions"}],"up":[{"embeddable":true,"href":"https:\/\/grandmercure.accorv2prod.decms.eu\/vi\/wp-json\/wp\/v2\/pages\/924"}],"wp:attachment":[{"href":"https:\/\/grandmercure.accorv2prod.decms.eu\/vi\/wp-json\/wp\/v2\/media?parent=2909"}],"wp:term":[{"taxonomy":"category","embeddable":true,"href":"https:\/\/grandmercure.accorv2prod.decms.eu\/vi\/wp-json\/wp\/v2\/categories?post=2909"}],"curies":[{"name":"wp","href":"https:\/\/api.w.org\/{rel}","templated":true}]}}