{"id":2920,"date":"2022-07-20T15:03:09","date_gmt":"2022-07-20T15:03:09","guid":{"rendered":"https:\/\/grandmercure.accorv2prod.decms.eu\/?page_id=2920"},"modified":"2025-11-18T14:14:31","modified_gmt":"2025-11-18T14:14:31","slug":"phong-tong-thong","status":"publish","type":"page","link":"https:\/\/grandmercure.accorv2prod.decms.eu\/vi\/phong-nghi-suite\/phong-tong-thong\/","title":{"rendered":"Ph\u00f2ng T\u1ed5ng th\u1ed1ng"},"content":{"rendered":"<p>Ch\u00e0o m\u1eebng b\u1ea1n \u0111\u1ebfn v\u1edbi \u0111\u1ec9nh cao tuy\u1ec7t \u0111\u1ed1i c\u1ee7a s\u1ef1 sang tr\u1ecdng t\u1ea1i Kh\u00e1ch s\u1ea1n Grand Mercure Bali. Ph\u00f2ng T\u1ed5ng th\u1ed1ng c\u1ee7a ch\u00fang t\u00f4i l\u00e0 m\u1ed9t t\u01b0 gia ri\u00eang r\u1ed9ng l\u1edbn, s\u1edf h\u1eefu t\u1ea7m nh\u00ecn to\u00e0n c\u1ea3nh ngo\u1ea1n m\u1ee5c nh\u1ea5t ra V\u1ecbnh Jimbaran. Kh\u00f4ng gian tr\u00e1ng l\u1ec7 n\u00e0y \u0111\u01b0\u1ee3c thi\u1ebft k\u1ebf cho nh\u1eefng ai kh\u00f4ng ch\u1ea5p nh\u1eadn s\u1ef1 th\u1ecfa hi\u1ec7p, v\u1edbi ph\u00f2ng ng\u1ee7 ch\u00ednh l\u1edbn, ph\u00f2ng kh\u00e1ch thanh l\u1ecbch ri\u00eang bi\u1ec7t v\u00e0 khu v\u1ef1c \u0103n u\u1ed1ng trang tr\u1ecdng.<\/p>\n<p>M\u1ecdi chi ti\u1ebft \u0111\u1ec1u l\u00e0 s\u1ef1 th\u1ec3 hi\u1ec7n c\u1ee7a ngh\u1ec1 th\u1ee7 c\u00f4ng Bali tinh x\u1ea3o, c\u00e1c t\u00e1c ph\u1ea9m ngh\u1ec7 thu\u1eadt \u0111\u01b0\u1ee3c \u0111\u1eb7t l\u00e0m ri\u00eang v\u00e0 nh\u1eefng v\u1eadt li\u1ec7u t\u1ed1t nh\u1ea5t. \u0110\u00e2y kh\u00f4ng ch\u1ec9 l\u00e0 m\u1ed9t ph\u00f2ng suite; \u0111\u00f3 l\u00e0 m\u1ed9t tuy\u00ean ng\u00f4n v\u1ec1 s\u1ef1 tinh t\u1ebf v\u00f4 song, mang \u0111\u1ebfn s\u1ef1 ri\u00eang t\u01b0 t\u1ed1i \u0111a, d\u1ecbch v\u1ee5 chuy\u00ean d\u1ee5ng v\u00e0 s\u1ef1 tho\u1ea3i m\u00e1i tinh vi cho nh\u1eefng v\u1ecb kh\u00e1ch s\u00e0nh \u0111i\u1ec7u nh\u1ea5t c\u1ee7a ch\u00fang t\u00f4i.<\/p>\n","protected":false},"excerpt":{"rendered":"<p>Ch\u00e0o m\u1eebng b\u1ea1n \u0111\u1ebfn v\u1edbi \u0111\u1ec9nh cao tuy\u1ec7t \u0111\u1ed1i c\u1ee7a s\u1ef1 sang tr\u1ecdng t\u1ea1i Kh\u00e1ch s\u1ea1n Grand Mercure Bali. Ph\u00f2ng T\u1ed5ng th\u1ed1ng c\u1ee7a ch\u00fang t\u00f4i l\u00e0 m\u1ed9t t\u01b0 gia ri\u00eang r\u1ed9ng l\u1edbn, s\u1edf h\u1eefu t\u1ea7m nh\u00ecn to\u00e0n c\u1ea3nh ngo\u1ea1n m\u1ee5c nh\u1ea5t ra V\u1ecbnh Jimbaran. Kh\u00f4ng gian tr\u00e1ng l\u1ec7 n\u00e0y \u0111\u01b0\u1ee3c thi\u1ebft k\u1ebf cho nh\u1eefng ai [&hellip;]<\/p>\n","protected":false},"author":50,"featured_media":0,"parent":924,"menu_order":50,"comment_status":"closed","ping_status":"closed","template":"template-room.php","meta":{"footnotes":""},"categories":[266],"class_list":["post-2920","page","type-page","status-publish","hentry","category-suites-vi"],"acf":[],"yoast_head":"<!-- This site is optimized with the Yoast SEO plugin v26.9 - https:\/\/yoast.com\/product\/yoast-seo-wordpress\/ -->\n<title>Ph\u00f2ng T\u1ed5ng th\u1ed1ng - Grand Mercure V2 demo site<\/title>\n<meta name=\"robots\" content=\"noindex, follow, max-snippet:-1, max-image-preview:large, max-video-preview:-1\" \/>\n<meta property=\"og:locale\" content=\"vi_VN\" \/>\n<meta property=\"og:type\" content=\"article\" \/>\n<meta property=\"og:title\" content=\"Ph\u00f2ng T\u1ed5ng th\u1ed1ng - Grand Mercure V2 demo site\" \/>\n<meta property=\"og:description\" content=\"Ch\u00e0o m\u1eebng b\u1ea1n \u0111\u1ebfn v\u1edbi \u0111\u1ec9nh cao tuy\u1ec7t \u0111\u1ed1i c\u1ee7a s\u1ef1 sang tr\u1ecdng t\u1ea1i Kh\u00e1ch s\u1ea1n Grand Mercure Bali. Ph\u00f2ng T\u1ed5ng th\u1ed1ng c\u1ee7a ch\u00fang t\u00f4i l\u00e0 m\u1ed9t t\u01b0 gia ri\u00eang r\u1ed9ng l\u1edbn, s\u1edf h\u1eefu t\u1ea7m nh\u00ecn to\u00e0n c\u1ea3nh ngo\u1ea1n m\u1ee5c nh\u1ea5t ra V\u1ecbnh Jimbaran. Kh\u00f4ng gian tr\u00e1ng l\u1ec7 n\u00e0y \u0111\u01b0\u1ee3c thi\u1ebft k\u1ebf cho nh\u1eefng ai [&hellip;]\" \/>\n<meta property=\"og:url\" content=\"https:\/\/grandmercure.accorv2prod.decms.eu\/vi\/phong-nghi-suite\/phong-tong-thong\/\" \/>\n<meta property=\"og:site_name\" content=\"Grand Mercure V2 demo site\" \/>\n<meta property=\"article:modified_time\" content=\"2025-11-18T14:14:31+00:00\" \/>\n<meta name=\"twitter:card\" content=\"summary_large_image\" \/>\n<meta name=\"twitter:label1\" content=\"Est. reading time\" \/>\n\t<meta name=\"twitter:data1\" content=\"1 minute\" \/>\n<script type=\"application\/ld+json\" class=\"yoast-schema-graph\">{\"@context\":\"https:\/\/schema.org\",\"@graph\":[{\"@type\":\"WebPage\",\"@id\":\"https:\/\/grandmercure.accorv2prod.decms.eu\/vi\/phong-nghi-suite\/phong-tong-thong\/\",\"url\":\"https:\/\/grandmercure.accorv2prod.decms.eu\/vi\/phong-nghi-suite\/phong-tong-thong\/\",\"name\":\"Ph\u00f2ng T\u1ed5ng th\u1ed1ng - Grand Mercure V2 demo site\",\"isPartOf\":{\"@id\":\"https:\/\/grandmercure.accorv2prod.decms.eu\/#website\"},\"datePublished\":\"2022-07-20T15:03:09+00:00\",\"dateModified\":\"2025-11-18T14:14:31+00:00\",\"breadcrumb\":{\"@id\":\"https:\/\/grandmercure.accorv2prod.decms.eu\/vi\/phong-nghi-suite\/phong-tong-thong\/#breadcrumb\"},\"inLanguage\":\"vi-VN\",\"potentialAction\":[{\"@type\":\"ReadAction\",\"target\":[\"https:\/\/grandmercure.accorv2prod.decms.eu\/vi\/phong-nghi-suite\/phong-tong-thong\/\"]}]},{\"@type\":\"BreadcrumbList\",\"@id\":\"https:\/\/grandmercure.accorv2prod.decms.eu\/vi\/phong-nghi-suite\/phong-tong-thong\/#breadcrumb\",\"itemListElement\":[{\"@type\":\"ListItem\",\"position\":1,\"name\":\"Home\",\"item\":\"https:\/\/grandmercure.accorv2prod.decms.eu\/vi\/\"},{\"@type\":\"ListItem\",\"position\":2,\"name\":\"Ph\u00f2ng ngh\u1ec9 &#038; Suite\",\"item\":\"https:\/\/grandmercure.accorv2prod.decms.eu\/vi\/phong-nghi-suite\/\"},{\"@type\":\"ListItem\",\"position\":3,\"name\":\"Ph\u00f2ng T\u1ed5ng th\u1ed1ng\"}]},{\"@type\":\"WebSite\",\"@id\":\"https:\/\/grandmercure.accorv2prod.decms.eu\/#website\",\"url\":\"https:\/\/grandmercure.accorv2prod.decms.eu\/\",\"name\":\"Grand Mercure V2 demo site\",\"description\":\"Just another Matteo Canever Site Sites site\",\"potentialAction\":[{\"@type\":\"SearchAction\",\"target\":{\"@type\":\"EntryPoint\",\"urlTemplate\":\"https:\/\/grandmercure.accorv2prod.decms.eu\/?s={search_term_string}\"},\"query-input\":{\"@type\":\"PropertyValueSpecification\",\"valueRequired\":true,\"valueName\":\"search_term_string\"}}],\"inLanguage\":\"vi-VN\"}]}<\/script>\n<!-- \/ Yoast SEO plugin. -->","yoast_head_json":{"title":"Ph\u00f2ng T\u1ed5ng th\u1ed1ng - Grand Mercure V2 demo site","robots":{"index":"noindex","follow":"follow","max-snippet":"max-snippet:-1","max-image-preview":"max-image-preview:large","max-video-preview":"max-video-preview:-1"},"og_locale":"vi_VN","og_type":"article","og_title":"Ph\u00f2ng T\u1ed5ng th\u1ed1ng - Grand Mercure V2 demo site","og_description":"Ch\u00e0o m\u1eebng b\u1ea1n \u0111\u1ebfn v\u1edbi \u0111\u1ec9nh cao tuy\u1ec7t \u0111\u1ed1i c\u1ee7a s\u1ef1 sang tr\u1ecdng t\u1ea1i Kh\u00e1ch s\u1ea1n Grand Mercure Bali. Ph\u00f2ng T\u1ed5ng th\u1ed1ng c\u1ee7a ch\u00fang t\u00f4i l\u00e0 m\u1ed9t t\u01b0 gia ri\u00eang r\u1ed9ng l\u1edbn, s\u1edf h\u1eefu t\u1ea7m nh\u00ecn to\u00e0n c\u1ea3nh ngo\u1ea1n m\u1ee5c nh\u1ea5t ra V\u1ecbnh Jimbaran. Kh\u00f4ng gian tr\u00e1ng l\u1ec7 n\u00e0y \u0111\u01b0\u1ee3c thi\u1ebft k\u1ebf cho nh\u1eefng ai [&hellip;]","og_url":"https:\/\/grandmercure.accorv2prod.decms.eu\/vi\/phong-nghi-suite\/phong-tong-thong\/","og_site_name":"Grand Mercure V2 demo site","article_modified_time":"2025-11-18T14:14:31+00:00","twitter_card":"summary_large_image","twitter_misc":{"Est. reading time":"1 minute"},"schema":{"@context":"https:\/\/schema.org","@graph":[{"@type":"WebPage","@id":"https:\/\/grandmercure.accorv2prod.decms.eu\/vi\/phong-nghi-suite\/phong-tong-thong\/","url":"https:\/\/grandmercure.accorv2prod.decms.eu\/vi\/phong-nghi-suite\/phong-tong-thong\/","name":"Ph\u00f2ng T\u1ed5ng th\u1ed1ng - Grand Mercure V2 demo site","isPartOf":{"@id":"https:\/\/grandmercure.accorv2prod.decms.eu\/#website"},"datePublished":"2022-07-20T15:03:09+00:00","dateModified":"2025-11-18T14:14:31+00:00","breadcrumb":{"@id":"https:\/\/grandmercure.accorv2prod.decms.eu\/vi\/phong-nghi-suite\/phong-tong-thong\/#breadcrumb"},"inLanguage":"vi-VN","potentialAction":[{"@type":"ReadAction","target":["https:\/\/grandmercure.accorv2prod.decms.eu\/vi\/phong-nghi-suite\/phong-tong-thong\/"]}]},{"@type":"BreadcrumbList","@id":"https:\/\/grandmercure.accorv2prod.decms.eu\/vi\/phong-nghi-suite\/phong-tong-thong\/#breadcrumb","itemListElement":[{"@type":"ListItem","position":1,"name":"Home","item":"https:\/\/grandmercure.accorv2prod.decms.eu\/vi\/"},{"@type":"ListItem","position":2,"name":"Ph\u00f2ng ngh\u1ec9 &#038; Suite","item":"https:\/\/grandmercure.accorv2prod.decms.eu\/vi\/phong-nghi-suite\/"},{"@type":"ListItem","position":3,"name":"Ph\u00f2ng T\u1ed5ng th\u1ed1ng"}]},{"@type":"WebSite","@id":"https:\/\/grandmercure.accorv2prod.decms.eu\/#website","url":"https:\/\/grandmercure.accorv2prod.decms.eu\/","name":"Grand Mercure V2 demo site","description":"Just another Matteo Canever Site Sites site","potentialAction":[{"@type":"SearchAction","target":{"@type":"EntryPoint","urlTemplate":"https:\/\/grandmercure.accorv2prod.decms.eu\/?s={search_term_string}"},"query-input":{"@type":"PropertyValueSpecification","valueRequired":true,"valueName":"search_term_string"}}],"inLanguage":"vi-VN"}]}},"_links":{"self":[{"href":"https:\/\/grandmercure.accorv2prod.decms.eu\/vi\/wp-json\/wp\/v2\/pages\/2920","targetHints":{"allow":["GET"]}}],"collection":[{"href":"https:\/\/grandmercure.accorv2prod.decms.eu\/vi\/wp-json\/wp\/v2\/pages"}],"about":[{"href":"https:\/\/grandmercure.accorv2prod.decms.eu\/vi\/wp-json\/wp\/v2\/types\/page"}],"author":[{"embeddable":true,"href":"https:\/\/grandmercure.accorv2prod.decms.eu\/vi\/wp-json\/wp\/v2\/users\/50"}],"replies":[{"embeddable":true,"href":"https:\/\/grandmercure.accorv2prod.decms.eu\/vi\/wp-json\/wp\/v2\/comments?post=2920"}],"version-history":[{"count":0,"href":"https:\/\/grandmercure.accorv2prod.decms.eu\/vi\/wp-json\/wp\/v2\/pages\/2920\/revisions"}],"up":[{"embeddable":true,"href":"https:\/\/grandmercure.accorv2prod.decms.eu\/vi\/wp-json\/wp\/v2\/pages\/924"}],"wp:attachment":[{"href":"https:\/\/grandmercure.accorv2prod.decms.eu\/vi\/wp-json\/wp\/v2\/media?parent=2920"}],"wp:term":[{"taxonomy":"category","embeddable":true,"href":"https:\/\/grandmercure.accorv2prod.decms.eu\/vi\/wp-json\/wp\/v2\/categories?post=2920"}],"curies":[{"name":"wp","href":"https:\/\/api.w.org\/{rel}","templated":true}]}}