{"id":2944,"date":"2021-06-29T15:42:28","date_gmt":"2021-06-29T15:42:28","guid":{"rendered":"https:\/\/grandmercure.accorv2prod.decms.eu\/weddings\/"},"modified":"2025-11-25T10:48:49","modified_gmt":"2025-11-25T10:48:49","slug":"dam-cuoi","status":"publish","type":"page","link":"https:\/\/grandmercure.accorv2prod.decms.eu\/vi\/dam-cuoi\/","title":{"rendered":"\u0110\u00e1m c\u01b0\u1edbi"},"content":{"rendered":"<p>H\u00e3y t\u01b0\u1edfng t\u01b0\u1ee3ng b\u1eaft \u0111\u1ea7u cu\u1ed9c s\u1ed1ng chung c\u1ee7a b\u1ea1n tr\u00ean ph\u00f4ng n\u1ec1n huy\u1ec1n tho\u1ea1i c\u1ee7a ho\u00e0ng h\u00f4n V\u1ecbnh Jimbaran. T\u1ea1i Kh\u00e1ch s\u1ea1n Grand Mercure Bali, ch\u00fang t\u00f4i tin r\u1eb1ng \u0111\u00e1m c\u01b0\u1edbi l\u00e0 nghi th\u1ee9c thi\u00eang li\u00eang nh\u1ea5t. Ch\u00fang t\u00f4i chuy\u00ean t\u1ea1o ra nh\u1eefng l\u1ec5 k\u1ef7 ni\u1ec7m l\u00e3ng m\u1ea1n \u0111\u1eb7c bi\u1ec7t pha tr\u1ed9n gi\u1eefa ph\u00e9p thu\u1eadt t\u00e2m linh, gi\u00e1c quan c\u1ee7a h\u00f2n \u0111\u1ea3o v\u1edbi l\u00f2ng hi\u1ebfu kh\u00e1ch tinh t\u1ebf, \u0111\u1eb3ng c\u1ea5p th\u1ebf gi\u1edbi.<\/p>\n<p>T\u1eeb m\u1ed9t bu\u1ed5i l\u1ec5 th\u00e2n m\u1eadt tr\u00ean s\u00e2n th\u01b0\u1ee3ng v\u01b0\u1eddn, \u0111\u01b0\u1ee3c bao quanh b\u1edfi h\u01b0\u01a1ng th\u01a1m c\u1ee7a hoa s\u1ee9, \u0111\u1ebfn m\u1ed9t bu\u1ed5i d\u1ea1 ti\u1ec7c l\u1edbn trong Ph\u00f2ng khi\u00eau v\u0169 Bali tr\u00e1ng l\u1ec7 c\u1ee7a ch\u00fang t\u00f4i, c\u00e1c \u0111\u1ecba \u0111i\u1ec3m c\u1ee7a ch\u00fang t\u00f4i l\u00e0 b\u1ee9c tranh cho gi\u1ea5c m\u01a1 c\u1ee7a b\u1ea1n. \u0110\u1ed9i ng\u0169 t\u1eadn t\u00e2m c\u1ee7a ch\u00fang t\u00f4i \u0111\u1ea3m b\u1ea3o r\u1eb1ng kho\u1ea3nh kh\u1eafc c\u1ee7a b\u1ea1n kh\u00f4ng ch\u1ec9 l\u00e0 m\u1ed9t s\u1ef1 ki\u1ec7n, m\u00e0 l\u00e0 m\u1ed9t k\u1ef7 ni\u1ec7m \u0111\u00e1ng tr\u00e2n tr\u1ecdng, ho\u00e0n h\u1ea3o.<\/p>\n","protected":false},"excerpt":{"rendered":"<p>H\u00e3y t\u01b0\u1edfng t\u01b0\u1ee3ng b\u1eaft \u0111\u1ea7u cu\u1ed9c s\u1ed1ng chung c\u1ee7a b\u1ea1n tr\u00ean ph\u00f4ng n\u1ec1n huy\u1ec1n tho\u1ea1i c\u1ee7a ho\u00e0ng h\u00f4n V\u1ecbnh Jimbaran. T\u1ea1i Kh\u00e1ch s\u1ea1n Grand Mercure Bali, ch\u00fang t\u00f4i tin r\u1eb1ng \u0111\u00e1m c\u01b0\u1edbi l\u00e0 nghi th\u1ee9c thi\u00eang li\u00eang nh\u1ea5t. Ch\u00fang t\u00f4i chuy\u00ean t\u1ea1o ra nh\u1eefng l\u1ec5 k\u1ef7 ni\u1ec7m l\u00e3ng m\u1ea1n \u0111\u1eb7c bi\u1ec7t pha tr\u1ed9n gi\u1eefa ph\u00e9p [&hellip;]<\/p>\n","protected":false},"author":2,"featured_media":0,"parent":0,"menu_order":60,"comment_status":"closed","ping_status":"closed","template":"template-wedding.php","meta":{"footnotes":""},"categories":[],"class_list":["post-2944","page","type-page","status-publish","hentry"],"acf":[],"yoast_head":"<!-- This site is optimized with the Yoast SEO plugin v26.9 - https:\/\/yoast.com\/product\/yoast-seo-wordpress\/ -->\n<title>\u0110\u00e1m c\u01b0\u1edbi - Grand Mercure V2 demo site<\/title>\n<meta name=\"robots\" content=\"noindex, follow, max-snippet:-1, max-image-preview:large, max-video-preview:-1\" \/>\n<meta property=\"og:locale\" content=\"vi_VN\" \/>\n<meta property=\"og:type\" content=\"article\" \/>\n<meta property=\"og:title\" content=\"\u0110\u00e1m c\u01b0\u1edbi - Grand Mercure V2 demo site\" \/>\n<meta property=\"og:description\" content=\"H\u00e3y t\u01b0\u1edfng t\u01b0\u1ee3ng b\u1eaft \u0111\u1ea7u cu\u1ed9c s\u1ed1ng chung c\u1ee7a b\u1ea1n tr\u00ean ph\u00f4ng n\u1ec1n huy\u1ec1n tho\u1ea1i c\u1ee7a ho\u00e0ng h\u00f4n V\u1ecbnh Jimbaran. T\u1ea1i Kh\u00e1ch s\u1ea1n Grand Mercure Bali, ch\u00fang t\u00f4i tin r\u1eb1ng \u0111\u00e1m c\u01b0\u1edbi l\u00e0 nghi th\u1ee9c thi\u00eang li\u00eang nh\u1ea5t. Ch\u00fang t\u00f4i chuy\u00ean t\u1ea1o ra nh\u1eefng l\u1ec5 k\u1ef7 ni\u1ec7m l\u00e3ng m\u1ea1n \u0111\u1eb7c bi\u1ec7t pha tr\u1ed9n gi\u1eefa ph\u00e9p [&hellip;]\" \/>\n<meta property=\"og:url\" content=\"https:\/\/grandmercure.accorv2prod.decms.eu\/vi\/dam-cuoi\/\" \/>\n<meta property=\"og:site_name\" content=\"Grand Mercure V2 demo site\" \/>\n<meta property=\"article:modified_time\" content=\"2025-11-25T10:48:49+00:00\" \/>\n<meta name=\"twitter:card\" content=\"summary_large_image\" \/>\n<meta name=\"twitter:label1\" content=\"Est. reading time\" \/>\n\t<meta name=\"twitter:data1\" content=\"1 minute\" \/>\n<script type=\"application\/ld+json\" class=\"yoast-schema-graph\">{\"@context\":\"https:\/\/schema.org\",\"@graph\":[{\"@type\":\"WebPage\",\"@id\":\"https:\/\/grandmercure.accorv2prod.decms.eu\/vi\/dam-cuoi\/\",\"url\":\"https:\/\/grandmercure.accorv2prod.decms.eu\/vi\/dam-cuoi\/\",\"name\":\"\u0110\u00e1m c\u01b0\u1edbi - Grand Mercure V2 demo site\",\"isPartOf\":{\"@id\":\"https:\/\/grandmercure.accorv2prod.decms.eu\/#website\"},\"datePublished\":\"2021-06-29T15:42:28+00:00\",\"dateModified\":\"2025-11-25T10:48:49+00:00\",\"breadcrumb\":{\"@id\":\"https:\/\/grandmercure.accorv2prod.decms.eu\/vi\/dam-cuoi\/#breadcrumb\"},\"inLanguage\":\"vi-VN\",\"potentialAction\":[{\"@type\":\"ReadAction\",\"target\":[\"https:\/\/grandmercure.accorv2prod.decms.eu\/vi\/dam-cuoi\/\"]}]},{\"@type\":\"BreadcrumbList\",\"@id\":\"https:\/\/grandmercure.accorv2prod.decms.eu\/vi\/dam-cuoi\/#breadcrumb\",\"itemListElement\":[{\"@type\":\"ListItem\",\"position\":1,\"name\":\"Home\",\"item\":\"https:\/\/grandmercure.accorv2prod.decms.eu\/vi\/\"},{\"@type\":\"ListItem\",\"position\":2,\"name\":\"\u0110\u00e1m c\u01b0\u1edbi\"}]},{\"@type\":\"WebSite\",\"@id\":\"https:\/\/grandmercure.accorv2prod.decms.eu\/#website\",\"url\":\"https:\/\/grandmercure.accorv2prod.decms.eu\/\",\"name\":\"Grand Mercure V2 demo site\",\"description\":\"Just another Matteo Canever Site Sites site\",\"potentialAction\":[{\"@type\":\"SearchAction\",\"target\":{\"@type\":\"EntryPoint\",\"urlTemplate\":\"https:\/\/grandmercure.accorv2prod.decms.eu\/?s={search_term_string}\"},\"query-input\":{\"@type\":\"PropertyValueSpecification\",\"valueRequired\":true,\"valueName\":\"search_term_string\"}}],\"inLanguage\":\"vi-VN\"}]}<\/script>\n<!-- \/ Yoast SEO plugin. -->","yoast_head_json":{"title":"\u0110\u00e1m c\u01b0\u1edbi - Grand Mercure V2 demo site","robots":{"index":"noindex","follow":"follow","max-snippet":"max-snippet:-1","max-image-preview":"max-image-preview:large","max-video-preview":"max-video-preview:-1"},"og_locale":"vi_VN","og_type":"article","og_title":"\u0110\u00e1m c\u01b0\u1edbi - Grand Mercure V2 demo site","og_description":"H\u00e3y t\u01b0\u1edfng t\u01b0\u1ee3ng b\u1eaft \u0111\u1ea7u cu\u1ed9c s\u1ed1ng chung c\u1ee7a b\u1ea1n tr\u00ean ph\u00f4ng n\u1ec1n huy\u1ec1n tho\u1ea1i c\u1ee7a ho\u00e0ng h\u00f4n V\u1ecbnh Jimbaran. T\u1ea1i Kh\u00e1ch s\u1ea1n Grand Mercure Bali, ch\u00fang t\u00f4i tin r\u1eb1ng \u0111\u00e1m c\u01b0\u1edbi l\u00e0 nghi th\u1ee9c thi\u00eang li\u00eang nh\u1ea5t. Ch\u00fang t\u00f4i chuy\u00ean t\u1ea1o ra nh\u1eefng l\u1ec5 k\u1ef7 ni\u1ec7m l\u00e3ng m\u1ea1n \u0111\u1eb7c bi\u1ec7t pha tr\u1ed9n gi\u1eefa ph\u00e9p [&hellip;]","og_url":"https:\/\/grandmercure.accorv2prod.decms.eu\/vi\/dam-cuoi\/","og_site_name":"Grand Mercure V2 demo site","article_modified_time":"2025-11-25T10:48:49+00:00","twitter_card":"summary_large_image","twitter_misc":{"Est. reading time":"1 minute"},"schema":{"@context":"https:\/\/schema.org","@graph":[{"@type":"WebPage","@id":"https:\/\/grandmercure.accorv2prod.decms.eu\/vi\/dam-cuoi\/","url":"https:\/\/grandmercure.accorv2prod.decms.eu\/vi\/dam-cuoi\/","name":"\u0110\u00e1m c\u01b0\u1edbi - Grand Mercure V2 demo site","isPartOf":{"@id":"https:\/\/grandmercure.accorv2prod.decms.eu\/#website"},"datePublished":"2021-06-29T15:42:28+00:00","dateModified":"2025-11-25T10:48:49+00:00","breadcrumb":{"@id":"https:\/\/grandmercure.accorv2prod.decms.eu\/vi\/dam-cuoi\/#breadcrumb"},"inLanguage":"vi-VN","potentialAction":[{"@type":"ReadAction","target":["https:\/\/grandmercure.accorv2prod.decms.eu\/vi\/dam-cuoi\/"]}]},{"@type":"BreadcrumbList","@id":"https:\/\/grandmercure.accorv2prod.decms.eu\/vi\/dam-cuoi\/#breadcrumb","itemListElement":[{"@type":"ListItem","position":1,"name":"Home","item":"https:\/\/grandmercure.accorv2prod.decms.eu\/vi\/"},{"@type":"ListItem","position":2,"name":"\u0110\u00e1m c\u01b0\u1edbi"}]},{"@type":"WebSite","@id":"https:\/\/grandmercure.accorv2prod.decms.eu\/#website","url":"https:\/\/grandmercure.accorv2prod.decms.eu\/","name":"Grand Mercure V2 demo site","description":"Just another Matteo Canever Site Sites site","potentialAction":[{"@type":"SearchAction","target":{"@type":"EntryPoint","urlTemplate":"https:\/\/grandmercure.accorv2prod.decms.eu\/?s={search_term_string}"},"query-input":{"@type":"PropertyValueSpecification","valueRequired":true,"valueName":"search_term_string"}}],"inLanguage":"vi-VN"}]}},"_links":{"self":[{"href":"https:\/\/grandmercure.accorv2prod.decms.eu\/vi\/wp-json\/wp\/v2\/pages\/2944","targetHints":{"allow":["GET"]}}],"collection":[{"href":"https:\/\/grandmercure.accorv2prod.decms.eu\/vi\/wp-json\/wp\/v2\/pages"}],"about":[{"href":"https:\/\/grandmercure.accorv2prod.decms.eu\/vi\/wp-json\/wp\/v2\/types\/page"}],"author":[{"embeddable":true,"href":"https:\/\/grandmercure.accorv2prod.decms.eu\/vi\/wp-json\/wp\/v2\/users\/2"}],"replies":[{"embeddable":true,"href":"https:\/\/grandmercure.accorv2prod.decms.eu\/vi\/wp-json\/wp\/v2\/comments?post=2944"}],"version-history":[{"count":0,"href":"https:\/\/grandmercure.accorv2prod.decms.eu\/vi\/wp-json\/wp\/v2\/pages\/2944\/revisions"}],"wp:attachment":[{"href":"https:\/\/grandmercure.accorv2prod.decms.eu\/vi\/wp-json\/wp\/v2\/media?parent=2944"}],"wp:term":[{"taxonomy":"category","embeddable":true,"href":"https:\/\/grandmercure.accorv2prod.decms.eu\/vi\/wp-json\/wp\/v2\/categories?post=2944"}],"curies":[{"name":"wp","href":"https:\/\/api.w.org\/{rel}","templated":true}]}}