{"id":4614,"date":"2025-11-21T16:58:40","date_gmt":"2025-11-21T16:58:40","guid":{"rendered":"https:\/\/grandmercure.accorv2prod.decms.eu\/?page_id=4614"},"modified":"2025-11-25T10:50:41","modified_gmt":"2025-11-25T10:50:41","slug":"cac-dia-diem-dac-trung-cua-chung-toi","status":"publish","type":"page","link":"https:\/\/grandmercure.accorv2prod.decms.eu\/vi\/dam-cuoi\/cac-dia-diem-dac-trung-cua-chung-toi\/","title":{"rendered":"C\u00e1c \u0110\u1ecba \u0110i\u1ec3m \u0110\u1eb7c Tr\u01b0ng C\u1ee7a Ch\u00fang T\u00f4i"},"content":{"rendered":"<p>\u0110\u1ecba \u0111i\u1ec3m c\u1ee7a b\u1ea1n thi\u1ebft l\u1eadp t\u00f4ng m\u00e0u cho to\u00e0n b\u1ed9 l\u1ec5 k\u1ef7 ni\u1ec7m c\u1ee7a b\u1ea1n. T\u1ea1i Kh\u00e1ch s\u1ea1n Grand Mercure Bali, ch\u00fang t\u00f4i cung c\u1ea5p m\u1ed9t danh m\u1ee5c c\u00e1c \u0111\u1ecba \u0111i\u1ec3m m\u00ea ho\u1eb7c, m\u1ed7i \u0111\u1ecba \u0111i\u1ec3m \u0111\u1ec1u c\u00f3 n\u00e9t \u0111\u1ed9c \u0111\u00e1o ri\u00eang.<\/p>\n<p>Cho d\u00f9 b\u1ea1n m\u01a1 v\u1ec1 m\u1ed9t bu\u1ed5i d\u1ea1 ti\u1ec7c l\u1edbn trong Ph\u00f2ng khi\u00eau v\u0169 Bali tr\u00e1ng l\u1ec7 c\u1ee7a ch\u00fang t\u00f4i, m\u1ed9t bu\u1ed5i l\u1ec5 th\u00e2n m\u1eadt trong Gian h\u00e0ng V\u01b0\u1eddn Nhi\u1ec7t \u0111\u1edbi t\u01b0\u01a1i t\u1ed1t, hay m\u1ed9t bu\u1ed5i ti\u1ec7c cocktail tinh t\u1ebf v\u1edbi t\u1ea7m nh\u00ecn to\u00e0n c\u1ea3nh \u0111\u1ea1i d\u01b0\u01a1ng t\u1ea1i Horizon Bar, ch\u00fang t\u00f4i \u0111\u1ec1u c\u00f3 b\u1ed1i c\u1ea3nh ho\u00e0n h\u1ea3o. M\u1ed7i kh\u00f4ng gian l\u00e0 s\u1ef1 pha tr\u1ed9n tuy\u1ec7t \u0111\u1eb9p gi\u1eefa s\u1ef1 thanh l\u1ecbch c\u1ee7a Bali v\u00e0 s\u1ef1 tinh t\u1ebf hi\u1ec7n \u0111\u1ea1i, s\u1eb5n s\u00e0ng \u0111\u1ec3 \u0111\u01b0\u1ee3c chuy\u1ec3n \u0111\u1ed5i cho ng\u00e0y c\u1ee7a b\u1ea1n.<\/p>\n","protected":false},"excerpt":{"rendered":"<p>\u0110\u1ecba \u0111i\u1ec3m c\u1ee7a b\u1ea1n thi\u1ebft l\u1eadp t\u00f4ng m\u00e0u cho to\u00e0n b\u1ed9 l\u1ec5 k\u1ef7 ni\u1ec7m c\u1ee7a b\u1ea1n. T\u1ea1i Kh\u00e1ch s\u1ea1n Grand Mercure Bali, ch\u00fang t\u00f4i cung c\u1ea5p m\u1ed9t danh m\u1ee5c c\u00e1c \u0111\u1ecba \u0111i\u1ec3m m\u00ea ho\u1eb7c, m\u1ed7i \u0111\u1ecba \u0111i\u1ec3m \u0111\u1ec1u c\u00f3 n\u00e9t \u0111\u1ed9c \u0111\u00e1o ri\u00eang. Cho d\u00f9 b\u1ea1n m\u01a1 v\u1ec1 m\u1ed9t bu\u1ed5i d\u1ea1 ti\u1ec7c l\u1edbn trong Ph\u00f2ng [&hellip;]<\/p>\n","protected":false},"author":12,"featured_media":0,"parent":2944,"menu_order":10,"comment_status":"closed","ping_status":"closed","template":"","meta":{"footnotes":""},"categories":[],"class_list":["post-4614","page","type-page","status-publish","hentry"],"acf":[],"yoast_head":"<!-- This site is optimized with the Yoast SEO plugin v26.9 - https:\/\/yoast.com\/product\/yoast-seo-wordpress\/ -->\n<title>C\u00e1c \u0110\u1ecba \u0110i\u1ec3m \u0110\u1eb7c Tr\u01b0ng C\u1ee7a Ch\u00fang T\u00f4i - Grand Mercure V2 demo site<\/title>\n<meta name=\"robots\" content=\"noindex, follow, max-snippet:-1, max-image-preview:large, max-video-preview:-1\" \/>\n<meta property=\"og:locale\" content=\"vi_VN\" \/>\n<meta property=\"og:type\" content=\"article\" \/>\n<meta property=\"og:title\" content=\"C\u00e1c \u0110\u1ecba \u0110i\u1ec3m \u0110\u1eb7c Tr\u01b0ng C\u1ee7a Ch\u00fang T\u00f4i - Grand Mercure V2 demo site\" \/>\n<meta property=\"og:description\" content=\"\u0110\u1ecba \u0111i\u1ec3m c\u1ee7a b\u1ea1n thi\u1ebft l\u1eadp t\u00f4ng m\u00e0u cho to\u00e0n b\u1ed9 l\u1ec5 k\u1ef7 ni\u1ec7m c\u1ee7a b\u1ea1n. T\u1ea1i Kh\u00e1ch s\u1ea1n Grand Mercure Bali, ch\u00fang t\u00f4i cung c\u1ea5p m\u1ed9t danh m\u1ee5c c\u00e1c \u0111\u1ecba \u0111i\u1ec3m m\u00ea ho\u1eb7c, m\u1ed7i \u0111\u1ecba \u0111i\u1ec3m \u0111\u1ec1u c\u00f3 n\u00e9t \u0111\u1ed9c \u0111\u00e1o ri\u00eang. Cho d\u00f9 b\u1ea1n m\u01a1 v\u1ec1 m\u1ed9t bu\u1ed5i d\u1ea1 ti\u1ec7c l\u1edbn trong Ph\u00f2ng [&hellip;]\" \/>\n<meta property=\"og:url\" content=\"https:\/\/grandmercure.accorv2prod.decms.eu\/vi\/dam-cuoi\/cac-dia-diem-dac-trung-cua-chung-toi\/\" \/>\n<meta property=\"og:site_name\" content=\"Grand Mercure V2 demo site\" \/>\n<meta property=\"article:modified_time\" content=\"2025-11-25T10:50:41+00:00\" \/>\n<meta name=\"twitter:card\" content=\"summary_large_image\" \/>\n<meta name=\"twitter:label1\" content=\"Est. reading time\" \/>\n\t<meta name=\"twitter:data1\" content=\"1 minute\" \/>\n<script type=\"application\/ld+json\" class=\"yoast-schema-graph\">{\"@context\":\"https:\/\/schema.org\",\"@graph\":[{\"@type\":\"WebPage\",\"@id\":\"https:\/\/grandmercure.accorv2prod.decms.eu\/vi\/dam-cuoi\/cac-dia-diem-dac-trung-cua-chung-toi\/\",\"url\":\"https:\/\/grandmercure.accorv2prod.decms.eu\/vi\/dam-cuoi\/cac-dia-diem-dac-trung-cua-chung-toi\/\",\"name\":\"C\u00e1c \u0110\u1ecba \u0110i\u1ec3m \u0110\u1eb7c Tr\u01b0ng C\u1ee7a Ch\u00fang T\u00f4i - Grand Mercure V2 demo site\",\"isPartOf\":{\"@id\":\"https:\/\/grandmercure.accorv2prod.decms.eu\/#website\"},\"datePublished\":\"2025-11-21T16:58:40+00:00\",\"dateModified\":\"2025-11-25T10:50:41+00:00\",\"breadcrumb\":{\"@id\":\"https:\/\/grandmercure.accorv2prod.decms.eu\/vi\/dam-cuoi\/cac-dia-diem-dac-trung-cua-chung-toi\/#breadcrumb\"},\"inLanguage\":\"vi-VN\",\"potentialAction\":[{\"@type\":\"ReadAction\",\"target\":[\"https:\/\/grandmercure.accorv2prod.decms.eu\/vi\/dam-cuoi\/cac-dia-diem-dac-trung-cua-chung-toi\/\"]}]},{\"@type\":\"BreadcrumbList\",\"@id\":\"https:\/\/grandmercure.accorv2prod.decms.eu\/vi\/dam-cuoi\/cac-dia-diem-dac-trung-cua-chung-toi\/#breadcrumb\",\"itemListElement\":[{\"@type\":\"ListItem\",\"position\":1,\"name\":\"Home\",\"item\":\"https:\/\/grandmercure.accorv2prod.decms.eu\/vi\/\"},{\"@type\":\"ListItem\",\"position\":2,\"name\":\"\u0110\u00e1m c\u01b0\u1edbi\",\"item\":\"https:\/\/grandmercure.accorv2prod.decms.eu\/vi\/dam-cuoi\/\"},{\"@type\":\"ListItem\",\"position\":3,\"name\":\"C\u00e1c \u0110\u1ecba \u0110i\u1ec3m \u0110\u1eb7c Tr\u01b0ng C\u1ee7a Ch\u00fang T\u00f4i\"}]},{\"@type\":\"WebSite\",\"@id\":\"https:\/\/grandmercure.accorv2prod.decms.eu\/#website\",\"url\":\"https:\/\/grandmercure.accorv2prod.decms.eu\/\",\"name\":\"Grand Mercure V2 demo site\",\"description\":\"Just another Matteo Canever Site Sites site\",\"potentialAction\":[{\"@type\":\"SearchAction\",\"target\":{\"@type\":\"EntryPoint\",\"urlTemplate\":\"https:\/\/grandmercure.accorv2prod.decms.eu\/?s={search_term_string}\"},\"query-input\":{\"@type\":\"PropertyValueSpecification\",\"valueRequired\":true,\"valueName\":\"search_term_string\"}}],\"inLanguage\":\"vi-VN\"}]}<\/script>\n<!-- \/ Yoast SEO plugin. -->","yoast_head_json":{"title":"C\u00e1c \u0110\u1ecba \u0110i\u1ec3m \u0110\u1eb7c Tr\u01b0ng C\u1ee7a Ch\u00fang T\u00f4i - Grand Mercure V2 demo site","robots":{"index":"noindex","follow":"follow","max-snippet":"max-snippet:-1","max-image-preview":"max-image-preview:large","max-video-preview":"max-video-preview:-1"},"og_locale":"vi_VN","og_type":"article","og_title":"C\u00e1c \u0110\u1ecba \u0110i\u1ec3m \u0110\u1eb7c Tr\u01b0ng C\u1ee7a Ch\u00fang T\u00f4i - Grand Mercure V2 demo site","og_description":"\u0110\u1ecba \u0111i\u1ec3m c\u1ee7a b\u1ea1n thi\u1ebft l\u1eadp t\u00f4ng m\u00e0u cho to\u00e0n b\u1ed9 l\u1ec5 k\u1ef7 ni\u1ec7m c\u1ee7a b\u1ea1n. T\u1ea1i Kh\u00e1ch s\u1ea1n Grand Mercure Bali, ch\u00fang t\u00f4i cung c\u1ea5p m\u1ed9t danh m\u1ee5c c\u00e1c \u0111\u1ecba \u0111i\u1ec3m m\u00ea ho\u1eb7c, m\u1ed7i \u0111\u1ecba \u0111i\u1ec3m \u0111\u1ec1u c\u00f3 n\u00e9t \u0111\u1ed9c \u0111\u00e1o ri\u00eang. Cho d\u00f9 b\u1ea1n m\u01a1 v\u1ec1 m\u1ed9t bu\u1ed5i d\u1ea1 ti\u1ec7c l\u1edbn trong Ph\u00f2ng [&hellip;]","og_url":"https:\/\/grandmercure.accorv2prod.decms.eu\/vi\/dam-cuoi\/cac-dia-diem-dac-trung-cua-chung-toi\/","og_site_name":"Grand Mercure V2 demo site","article_modified_time":"2025-11-25T10:50:41+00:00","twitter_card":"summary_large_image","twitter_misc":{"Est. reading time":"1 minute"},"schema":{"@context":"https:\/\/schema.org","@graph":[{"@type":"WebPage","@id":"https:\/\/grandmercure.accorv2prod.decms.eu\/vi\/dam-cuoi\/cac-dia-diem-dac-trung-cua-chung-toi\/","url":"https:\/\/grandmercure.accorv2prod.decms.eu\/vi\/dam-cuoi\/cac-dia-diem-dac-trung-cua-chung-toi\/","name":"C\u00e1c \u0110\u1ecba \u0110i\u1ec3m \u0110\u1eb7c Tr\u01b0ng C\u1ee7a Ch\u00fang T\u00f4i - Grand Mercure V2 demo site","isPartOf":{"@id":"https:\/\/grandmercure.accorv2prod.decms.eu\/#website"},"datePublished":"2025-11-21T16:58:40+00:00","dateModified":"2025-11-25T10:50:41+00:00","breadcrumb":{"@id":"https:\/\/grandmercure.accorv2prod.decms.eu\/vi\/dam-cuoi\/cac-dia-diem-dac-trung-cua-chung-toi\/#breadcrumb"},"inLanguage":"vi-VN","potentialAction":[{"@type":"ReadAction","target":["https:\/\/grandmercure.accorv2prod.decms.eu\/vi\/dam-cuoi\/cac-dia-diem-dac-trung-cua-chung-toi\/"]}]},{"@type":"BreadcrumbList","@id":"https:\/\/grandmercure.accorv2prod.decms.eu\/vi\/dam-cuoi\/cac-dia-diem-dac-trung-cua-chung-toi\/#breadcrumb","itemListElement":[{"@type":"ListItem","position":1,"name":"Home","item":"https:\/\/grandmercure.accorv2prod.decms.eu\/vi\/"},{"@type":"ListItem","position":2,"name":"\u0110\u00e1m c\u01b0\u1edbi","item":"https:\/\/grandmercure.accorv2prod.decms.eu\/vi\/dam-cuoi\/"},{"@type":"ListItem","position":3,"name":"C\u00e1c \u0110\u1ecba \u0110i\u1ec3m \u0110\u1eb7c Tr\u01b0ng C\u1ee7a Ch\u00fang T\u00f4i"}]},{"@type":"WebSite","@id":"https:\/\/grandmercure.accorv2prod.decms.eu\/#website","url":"https:\/\/grandmercure.accorv2prod.decms.eu\/","name":"Grand Mercure V2 demo site","description":"Just another Matteo Canever Site Sites site","potentialAction":[{"@type":"SearchAction","target":{"@type":"EntryPoint","urlTemplate":"https:\/\/grandmercure.accorv2prod.decms.eu\/?s={search_term_string}"},"query-input":{"@type":"PropertyValueSpecification","valueRequired":true,"valueName":"search_term_string"}}],"inLanguage":"vi-VN"}]}},"_links":{"self":[{"href":"https:\/\/grandmercure.accorv2prod.decms.eu\/vi\/wp-json\/wp\/v2\/pages\/4614","targetHints":{"allow":["GET"]}}],"collection":[{"href":"https:\/\/grandmercure.accorv2prod.decms.eu\/vi\/wp-json\/wp\/v2\/pages"}],"about":[{"href":"https:\/\/grandmercure.accorv2prod.decms.eu\/vi\/wp-json\/wp\/v2\/types\/page"}],"author":[{"embeddable":true,"href":"https:\/\/grandmercure.accorv2prod.decms.eu\/vi\/wp-json\/wp\/v2\/users\/12"}],"replies":[{"embeddable":true,"href":"https:\/\/grandmercure.accorv2prod.decms.eu\/vi\/wp-json\/wp\/v2\/comments?post=4614"}],"version-history":[{"count":0,"href":"https:\/\/grandmercure.accorv2prod.decms.eu\/vi\/wp-json\/wp\/v2\/pages\/4614\/revisions"}],"up":[{"embeddable":true,"href":"https:\/\/grandmercure.accorv2prod.decms.eu\/vi\/wp-json\/wp\/v2\/pages\/2944"}],"wp:attachment":[{"href":"https:\/\/grandmercure.accorv2prod.decms.eu\/vi\/wp-json\/wp\/v2\/media?parent=4614"}],"wp:term":[{"taxonomy":"category","embeddable":true,"href":"https:\/\/grandmercure.accorv2prod.decms.eu\/vi\/wp-json\/wp\/v2\/categories?post=4614"}],"curies":[{"name":"wp","href":"https:\/\/api.w.org\/{rel}","templated":true}]}}