{"id":4634,"date":"2025-11-21T17:03:19","date_gmt":"2025-11-21T17:03:19","guid":{"rendered":"https:\/\/grandmercure.accorv2prod.decms.eu\/?page_id=4634"},"modified":"2025-11-25T10:52:06","modified_gmt":"2025-11-25T10:52:06","slug":"nghi-le-le-ky-niem","status":"publish","type":"page","link":"https:\/\/grandmercure.accorv2prod.decms.eu\/vi\/dam-cuoi\/nghi-le-le-ky-niem\/","title":{"rendered":"Nghi l\u1ec5 &#038; L\u1ec5 k\u1ef7 ni\u1ec7m"},"content":{"rendered":"<p>\u0110\u1ec3 c\u00f3 m\u1ed9t tr\u1ea3i nghi\u1ec7m th\u1ef1c s\u1ef1 kh\u00f3 qu\u00ean, h\u00e3y \u0111\u1eafm m\u00ecnh v\u00e0o tr\u00e1i tim t\u00e2m linh c\u1ee7a h\u00f2n \u0111\u1ea3o v\u1edbi L\u1ec5 Ban ph\u01b0\u1edbc Bali truy\u1ec1n th\u1ed1ng. \u0110\u00e2y kh\u00f4ng ph\u1ea3i l\u00e0 m\u1ed9t \u0111\u00e1m c\u01b0\u1edbi h\u1ee3p ph\u00e1p, m\u00e0 l\u00e0 m\u1ed9t nghi th\u1ee9c thi\u00eang li\u00eang v\u00e0 th\u01a1 m\u1ed9ng \u0111\u1ec3 ban ph\u01b0\u1edbc cho s\u1ef1 k\u1ebft h\u1ee3p c\u1ee7a b\u1ea1n. M\u1eb7c trang ph\u1ee5c sarong truy\u1ec1n th\u1ed1ng, b\u1ea1n s\u1ebd \u0111\u01b0\u1ee3c m\u1ed9t Pemangku (th\u1ea7y tu) ng\u01b0\u1eddi Bali h\u01b0\u1edbng d\u1eabn qua c\u00e1c nghi th\u1ee9c c\u1ed5 x\u01b0a, thanh t\u1ea9y b\u1eb1ng Tirta (n\u01b0\u1edbc th\u00e1nh) v\u00e0 d\u00e2ng Canang Sari (l\u1ec5 v\u1eadt). \u0110\u00f3 l\u00e0 m\u1ed9t c\u00e1ch v\u00f4 c\u00f9ng x\u00fac \u0111\u1ed9ng v\u00e0 ch\u00e2n th\u1ef1c \u0111\u1ec3 t\u00f4n vinh cam k\u1ebft c\u1ee7a b\u1ea1n theo tinh th\u1ea7n c\u1ee7a Bali.<\/p>\n","protected":false},"excerpt":{"rendered":"<p>\u0110\u1ec3 c\u00f3 m\u1ed9t tr\u1ea3i nghi\u1ec7m th\u1ef1c s\u1ef1 kh\u00f3 qu\u00ean, h\u00e3y \u0111\u1eafm m\u00ecnh v\u00e0o tr\u00e1i tim t\u00e2m linh c\u1ee7a h\u00f2n \u0111\u1ea3o v\u1edbi L\u1ec5 Ban ph\u01b0\u1edbc Bali truy\u1ec1n th\u1ed1ng. \u0110\u00e2y kh\u00f4ng ph\u1ea3i l\u00e0 m\u1ed9t \u0111\u00e1m c\u01b0\u1edbi h\u1ee3p ph\u00e1p, m\u00e0 l\u00e0 m\u1ed9t nghi th\u1ee9c thi\u00eang li\u00eang v\u00e0 th\u01a1 m\u1ed9ng \u0111\u1ec3 ban ph\u01b0\u1edbc cho s\u1ef1 k\u1ebft h\u1ee3p c\u1ee7a b\u1ea1n. [&hellip;]<\/p>\n","protected":false},"author":12,"featured_media":0,"parent":2944,"menu_order":20,"comment_status":"closed","ping_status":"closed","template":"","meta":{"footnotes":""},"categories":[],"class_list":["post-4634","page","type-page","status-publish","hentry"],"acf":[],"yoast_head":"<!-- This site is optimized with the Yoast SEO plugin v26.9 - https:\/\/yoast.com\/product\/yoast-seo-wordpress\/ -->\n<title>Nghi l\u1ec5 &amp; L\u1ec5 k\u1ef7 ni\u1ec7m - Grand Mercure V2 demo site<\/title>\n<meta name=\"robots\" content=\"noindex, follow, max-snippet:-1, max-image-preview:large, max-video-preview:-1\" \/>\n<meta property=\"og:locale\" content=\"vi_VN\" \/>\n<meta property=\"og:type\" content=\"article\" \/>\n<meta property=\"og:title\" content=\"Nghi l\u1ec5 &amp; L\u1ec5 k\u1ef7 ni\u1ec7m - Grand Mercure V2 demo site\" \/>\n<meta property=\"og:description\" content=\"\u0110\u1ec3 c\u00f3 m\u1ed9t tr\u1ea3i nghi\u1ec7m th\u1ef1c s\u1ef1 kh\u00f3 qu\u00ean, h\u00e3y \u0111\u1eafm m\u00ecnh v\u00e0o tr\u00e1i tim t\u00e2m linh c\u1ee7a h\u00f2n \u0111\u1ea3o v\u1edbi L\u1ec5 Ban ph\u01b0\u1edbc Bali truy\u1ec1n th\u1ed1ng. \u0110\u00e2y kh\u00f4ng ph\u1ea3i l\u00e0 m\u1ed9t \u0111\u00e1m c\u01b0\u1edbi h\u1ee3p ph\u00e1p, m\u00e0 l\u00e0 m\u1ed9t nghi th\u1ee9c thi\u00eang li\u00eang v\u00e0 th\u01a1 m\u1ed9ng \u0111\u1ec3 ban ph\u01b0\u1edbc cho s\u1ef1 k\u1ebft h\u1ee3p c\u1ee7a b\u1ea1n. [&hellip;]\" \/>\n<meta property=\"og:url\" content=\"https:\/\/grandmercure.accorv2prod.decms.eu\/vi\/dam-cuoi\/nghi-le-le-ky-niem\/\" \/>\n<meta property=\"og:site_name\" content=\"Grand Mercure V2 demo site\" \/>\n<meta property=\"article:modified_time\" content=\"2025-11-25T10:52:06+00:00\" \/>\n<meta name=\"twitter:card\" content=\"summary_large_image\" \/>\n<meta name=\"twitter:label1\" content=\"Est. reading time\" \/>\n\t<meta name=\"twitter:data1\" content=\"1 minute\" \/>\n<script type=\"application\/ld+json\" class=\"yoast-schema-graph\">{\"@context\":\"https:\/\/schema.org\",\"@graph\":[{\"@type\":\"WebPage\",\"@id\":\"https:\/\/grandmercure.accorv2prod.decms.eu\/vi\/dam-cuoi\/nghi-le-le-ky-niem\/\",\"url\":\"https:\/\/grandmercure.accorv2prod.decms.eu\/vi\/dam-cuoi\/nghi-le-le-ky-niem\/\",\"name\":\"Nghi l\u1ec5 & L\u1ec5 k\u1ef7 ni\u1ec7m - Grand Mercure V2 demo site\",\"isPartOf\":{\"@id\":\"https:\/\/grandmercure.accorv2prod.decms.eu\/#website\"},\"datePublished\":\"2025-11-21T17:03:19+00:00\",\"dateModified\":\"2025-11-25T10:52:06+00:00\",\"breadcrumb\":{\"@id\":\"https:\/\/grandmercure.accorv2prod.decms.eu\/vi\/dam-cuoi\/nghi-le-le-ky-niem\/#breadcrumb\"},\"inLanguage\":\"vi-VN\",\"potentialAction\":[{\"@type\":\"ReadAction\",\"target\":[\"https:\/\/grandmercure.accorv2prod.decms.eu\/vi\/dam-cuoi\/nghi-le-le-ky-niem\/\"]}]},{\"@type\":\"BreadcrumbList\",\"@id\":\"https:\/\/grandmercure.accorv2prod.decms.eu\/vi\/dam-cuoi\/nghi-le-le-ky-niem\/#breadcrumb\",\"itemListElement\":[{\"@type\":\"ListItem\",\"position\":1,\"name\":\"Home\",\"item\":\"https:\/\/grandmercure.accorv2prod.decms.eu\/vi\/\"},{\"@type\":\"ListItem\",\"position\":2,\"name\":\"\u0110\u00e1m c\u01b0\u1edbi\",\"item\":\"https:\/\/grandmercure.accorv2prod.decms.eu\/vi\/dam-cuoi\/\"},{\"@type\":\"ListItem\",\"position\":3,\"name\":\"Nghi l\u1ec5 &#038; L\u1ec5 k\u1ef7 ni\u1ec7m\"}]},{\"@type\":\"WebSite\",\"@id\":\"https:\/\/grandmercure.accorv2prod.decms.eu\/#website\",\"url\":\"https:\/\/grandmercure.accorv2prod.decms.eu\/\",\"name\":\"Grand Mercure V2 demo site\",\"description\":\"Just another Matteo Canever Site Sites site\",\"potentialAction\":[{\"@type\":\"SearchAction\",\"target\":{\"@type\":\"EntryPoint\",\"urlTemplate\":\"https:\/\/grandmercure.accorv2prod.decms.eu\/?s={search_term_string}\"},\"query-input\":{\"@type\":\"PropertyValueSpecification\",\"valueRequired\":true,\"valueName\":\"search_term_string\"}}],\"inLanguage\":\"vi-VN\"}]}<\/script>\n<!-- \/ Yoast SEO plugin. -->","yoast_head_json":{"title":"Nghi l\u1ec5 & L\u1ec5 k\u1ef7 ni\u1ec7m - Grand Mercure V2 demo site","robots":{"index":"noindex","follow":"follow","max-snippet":"max-snippet:-1","max-image-preview":"max-image-preview:large","max-video-preview":"max-video-preview:-1"},"og_locale":"vi_VN","og_type":"article","og_title":"Nghi l\u1ec5 & L\u1ec5 k\u1ef7 ni\u1ec7m - Grand Mercure V2 demo site","og_description":"\u0110\u1ec3 c\u00f3 m\u1ed9t tr\u1ea3i nghi\u1ec7m th\u1ef1c s\u1ef1 kh\u00f3 qu\u00ean, h\u00e3y \u0111\u1eafm m\u00ecnh v\u00e0o tr\u00e1i tim t\u00e2m linh c\u1ee7a h\u00f2n \u0111\u1ea3o v\u1edbi L\u1ec5 Ban ph\u01b0\u1edbc Bali truy\u1ec1n th\u1ed1ng. \u0110\u00e2y kh\u00f4ng ph\u1ea3i l\u00e0 m\u1ed9t \u0111\u00e1m c\u01b0\u1edbi h\u1ee3p ph\u00e1p, m\u00e0 l\u00e0 m\u1ed9t nghi th\u1ee9c thi\u00eang li\u00eang v\u00e0 th\u01a1 m\u1ed9ng \u0111\u1ec3 ban ph\u01b0\u1edbc cho s\u1ef1 k\u1ebft h\u1ee3p c\u1ee7a b\u1ea1n. [&hellip;]","og_url":"https:\/\/grandmercure.accorv2prod.decms.eu\/vi\/dam-cuoi\/nghi-le-le-ky-niem\/","og_site_name":"Grand Mercure V2 demo site","article_modified_time":"2025-11-25T10:52:06+00:00","twitter_card":"summary_large_image","twitter_misc":{"Est. reading time":"1 minute"},"schema":{"@context":"https:\/\/schema.org","@graph":[{"@type":"WebPage","@id":"https:\/\/grandmercure.accorv2prod.decms.eu\/vi\/dam-cuoi\/nghi-le-le-ky-niem\/","url":"https:\/\/grandmercure.accorv2prod.decms.eu\/vi\/dam-cuoi\/nghi-le-le-ky-niem\/","name":"Nghi l\u1ec5 & L\u1ec5 k\u1ef7 ni\u1ec7m - Grand Mercure V2 demo site","isPartOf":{"@id":"https:\/\/grandmercure.accorv2prod.decms.eu\/#website"},"datePublished":"2025-11-21T17:03:19+00:00","dateModified":"2025-11-25T10:52:06+00:00","breadcrumb":{"@id":"https:\/\/grandmercure.accorv2prod.decms.eu\/vi\/dam-cuoi\/nghi-le-le-ky-niem\/#breadcrumb"},"inLanguage":"vi-VN","potentialAction":[{"@type":"ReadAction","target":["https:\/\/grandmercure.accorv2prod.decms.eu\/vi\/dam-cuoi\/nghi-le-le-ky-niem\/"]}]},{"@type":"BreadcrumbList","@id":"https:\/\/grandmercure.accorv2prod.decms.eu\/vi\/dam-cuoi\/nghi-le-le-ky-niem\/#breadcrumb","itemListElement":[{"@type":"ListItem","position":1,"name":"Home","item":"https:\/\/grandmercure.accorv2prod.decms.eu\/vi\/"},{"@type":"ListItem","position":2,"name":"\u0110\u00e1m c\u01b0\u1edbi","item":"https:\/\/grandmercure.accorv2prod.decms.eu\/vi\/dam-cuoi\/"},{"@type":"ListItem","position":3,"name":"Nghi l\u1ec5 &#038; L\u1ec5 k\u1ef7 ni\u1ec7m"}]},{"@type":"WebSite","@id":"https:\/\/grandmercure.accorv2prod.decms.eu\/#website","url":"https:\/\/grandmercure.accorv2prod.decms.eu\/","name":"Grand Mercure V2 demo site","description":"Just another Matteo Canever Site Sites site","potentialAction":[{"@type":"SearchAction","target":{"@type":"EntryPoint","urlTemplate":"https:\/\/grandmercure.accorv2prod.decms.eu\/?s={search_term_string}"},"query-input":{"@type":"PropertyValueSpecification","valueRequired":true,"valueName":"search_term_string"}}],"inLanguage":"vi-VN"}]}},"_links":{"self":[{"href":"https:\/\/grandmercure.accorv2prod.decms.eu\/vi\/wp-json\/wp\/v2\/pages\/4634","targetHints":{"allow":["GET"]}}],"collection":[{"href":"https:\/\/grandmercure.accorv2prod.decms.eu\/vi\/wp-json\/wp\/v2\/pages"}],"about":[{"href":"https:\/\/grandmercure.accorv2prod.decms.eu\/vi\/wp-json\/wp\/v2\/types\/page"}],"author":[{"embeddable":true,"href":"https:\/\/grandmercure.accorv2prod.decms.eu\/vi\/wp-json\/wp\/v2\/users\/12"}],"replies":[{"embeddable":true,"href":"https:\/\/grandmercure.accorv2prod.decms.eu\/vi\/wp-json\/wp\/v2\/comments?post=4634"}],"version-history":[{"count":0,"href":"https:\/\/grandmercure.accorv2prod.decms.eu\/vi\/wp-json\/wp\/v2\/pages\/4634\/revisions"}],"up":[{"embeddable":true,"href":"https:\/\/grandmercure.accorv2prod.decms.eu\/vi\/wp-json\/wp\/v2\/pages\/2944"}],"wp:attachment":[{"href":"https:\/\/grandmercure.accorv2prod.decms.eu\/vi\/wp-json\/wp\/v2\/media?parent=4634"}],"wp:term":[{"taxonomy":"category","embeddable":true,"href":"https:\/\/grandmercure.accorv2prod.decms.eu\/vi\/wp-json\/wp\/v2\/categories?post=4634"}],"curies":[{"name":"wp","href":"https:\/\/api.w.org\/{rel}","templated":true}]}}