{"id":892,"date":"2021-06-30T15:08:31","date_gmt":"2021-06-30T15:08:31","guid":{"rendered":"https:\/\/grandmercure.accorv2prod.decms.eu\/?page_id=892"},"modified":"2025-11-18T09:10:49","modified_gmt":"2025-11-18T09:10:49","slug":"home","status":"publish","type":"page","link":"https:\/\/grandmercure.accorv2prod.decms.eu\/vi\/","title":{"rendered":"Kh\u00e1ch s\u1ea1n Grand Mercure Bali"},"content":{"rendered":"<p>Ch\u00e0o m\u1eebng b\u1ea1n \u0111\u1ebfn v\u1edbi m\u1ed9t n\u01a1i m\u00e0 th\u1eddi gian tr\u00f4i ch\u1eadm l\u1ea1i v\u00e0 linh h\u1ed3n c\u1ee7a Bali th\u00ec th\u1ea7m trong gi\u00f3. Kh\u00e1ch s\u1ea1n Grand Mercure Bali l\u00e0 m\u1ed9t th\u00e1nh \u0111\u1ecba \u0111\u01b0\u1ee3c ch\u1ebf t\u00e1c t\u1ec9 m\u1ec9, l\u00e0 c\u1ea7u n\u1ed1i gi\u1eefa l\u00f2ng hi\u1ebfu kh\u00e1ch tinh t\u1ebf \u0111\u1eb3ng c\u1ea5p th\u1ebf gi\u1edbi v\u1edbi tr\u00e1i tim v\u0103n h\u00f3a s\u00e2u s\u1eafc c\u1ee7a h\u00f2n \u0111\u1ea3o. \u0110\u00e2y kh\u00f4ng ch\u1ec9 l\u00e0 m\u1ed9t k\u1ef3 ngh\u1ec9; \u0111\u00f3 l\u00e0 m\u1ed9t h\u00e0nh tr\u00ecnh \u0111\u1eafm ch\u00ecm \u0111\u01b0\u1ee3c thi\u1ebft k\u1ebf \u0111\u1ec3 \u0111\u00e1nh th\u1ee9c c\u00e1c gi\u00e1c quan v\u00e0 kh\u00f4i ph\u1ee5c s\u1ef1 c\u00e2n b\u1eb1ng cho t\u00e2m h\u1ed3n. Ch\u00fang t\u00f4i \u0111\u01b0\u1ee3c d\u1eabn d\u1eaft b\u1edfi tri\u1ebft l\u00fd &#8216;T\u00f4n vinh V\u0103n h\u00f3a, H\u1ed3i sinh Nghi th\u1ee9c&#8217;, \u0111\u01b0\u1ee3c d\u1ec7t v\u00e0o t\u1eebng chi ti\u1ebft trong tr\u1ea3i nghi\u1ec7m c\u1ee7a b\u1ea1n. T\u1eeb kho\u1ea3nh kh\u1eafc \u0111\u1ea7u ti\u00ean b\u1ea1n \u0111\u01b0\u1ee3c ch\u00e0o \u0111\u00f3n b\u1edfi h\u01b0\u01a1ng th\u01a1m c\u1ee7a hoa s\u1ee9 \u0111\u1ec1n ch\u00f9a \u0111\u1ebfn s\u1ef1 h\u00e0i h\u00f2a v\u1ec1 th\u1ecb gi\u00e1c c\u1ee7a ki\u1ebfn tr\u00fac hi\u1ec7n \u0111\u1ea1i, ch\u00fang t\u00f4i m\u1eddi b\u1ea1n t\u00ecm th\u1ea5y s\u1ef1 t\u0129nh l\u1eb7ng c\u1ee7a m\u00ecnh. Kh\u00e1m ph\u00e1 m\u1ed9t s\u1ef1 sang tr\u1ecdng ch\u00e2n th\u1ef1c, tinh t\u1ebf v\u00e0 b\u1eaft ngu\u1ed3n s\u00e2u s\u1eafc t\u1eeb truy\u1ec1n th\u1ed1ng \u0111\u1ecba ph\u01b0\u01a1ng.<\/p>\n","protected":false},"excerpt":{"rendered":"<p>Ch\u00e0o m\u1eebng b\u1ea1n \u0111\u1ebfn v\u1edbi m\u1ed9t n\u01a1i m\u00e0 th\u1eddi gian tr\u00f4i ch\u1eadm l\u1ea1i v\u00e0 linh h\u1ed3n c\u1ee7a Bali th\u00ec th\u1ea7m trong gi\u00f3. Kh\u00e1ch s\u1ea1n Grand Mercure Bali l\u00e0 m\u1ed9t th\u00e1nh \u0111\u1ecba \u0111\u01b0\u1ee3c ch\u1ebf t\u00e1c t\u1ec9 m\u1ec9, l\u00e0 c\u1ea7u n\u1ed1i gi\u1eefa l\u00f2ng hi\u1ebfu kh\u00e1ch tinh t\u1ebf \u0111\u1eb3ng c\u1ea5p th\u1ebf gi\u1edbi v\u1edbi tr\u00e1i tim v\u0103n h\u00f3a s\u00e2u [&hellip;]<\/p>\n","protected":false},"author":2,"featured_media":0,"parent":0,"menu_order":10,"comment_status":"closed","ping_status":"closed","template":"","meta":{"footnotes":""},"categories":[],"class_list":["post-892","page","type-page","status-publish","hentry"],"acf":[],"yoast_head":"<!-- This site is optimized with the Yoast SEO plugin v26.9 - https:\/\/yoast.com\/product\/yoast-seo-wordpress\/ -->\n<title>Kh\u00e1ch s\u1ea1n Grand Mercure Bali - Grand Mercure V2 demo site<\/title>\n<meta name=\"robots\" content=\"noindex, follow, max-snippet:-1, max-image-preview:large, max-video-preview:-1\" \/>\n<meta property=\"og:locale\" content=\"vi_VN\" \/>\n<meta property=\"og:type\" content=\"article\" \/>\n<meta property=\"og:title\" content=\"Kh\u00e1ch s\u1ea1n Grand Mercure Bali - Grand Mercure V2 demo site\" \/>\n<meta property=\"og:description\" content=\"Ch\u00e0o m\u1eebng b\u1ea1n \u0111\u1ebfn v\u1edbi m\u1ed9t n\u01a1i m\u00e0 th\u1eddi gian tr\u00f4i ch\u1eadm l\u1ea1i v\u00e0 linh h\u1ed3n c\u1ee7a Bali th\u00ec th\u1ea7m trong gi\u00f3. Kh\u00e1ch s\u1ea1n Grand Mercure Bali l\u00e0 m\u1ed9t th\u00e1nh \u0111\u1ecba \u0111\u01b0\u1ee3c ch\u1ebf t\u00e1c t\u1ec9 m\u1ec9, l\u00e0 c\u1ea7u n\u1ed1i gi\u1eefa l\u00f2ng hi\u1ebfu kh\u00e1ch tinh t\u1ebf \u0111\u1eb3ng c\u1ea5p th\u1ebf gi\u1edbi v\u1edbi tr\u00e1i tim v\u0103n h\u00f3a s\u00e2u [&hellip;]\" \/>\n<meta property=\"og:url\" content=\"https:\/\/grandmercure.accorv2prod.decms.eu\/vi\/\" \/>\n<meta property=\"og:site_name\" content=\"Grand Mercure V2 demo site\" \/>\n<meta property=\"article:modified_time\" content=\"2025-11-18T09:10:49+00:00\" \/>\n<meta name=\"twitter:card\" content=\"summary_large_image\" \/>\n<meta name=\"twitter:label1\" content=\"Est. reading time\" \/>\n\t<meta name=\"twitter:data1\" content=\"1 minute\" \/>\n<script type=\"application\/ld+json\" class=\"yoast-schema-graph\">{\"@context\":\"https:\/\/schema.org\",\"@graph\":[{\"@type\":\"WebPage\",\"@id\":\"https:\/\/grandmercure.accorv2prod.decms.eu\/vi\/\",\"url\":\"https:\/\/grandmercure.accorv2prod.decms.eu\/vi\/\",\"name\":\"Kh\u00e1ch s\u1ea1n Grand Mercure Bali - Grand Mercure V2 demo site\",\"isPartOf\":{\"@id\":\"https:\/\/grandmercure.accorv2prod.decms.eu\/#website\"},\"datePublished\":\"2021-06-30T15:08:31+00:00\",\"dateModified\":\"2025-11-18T09:10:49+00:00\",\"breadcrumb\":{\"@id\":\"https:\/\/grandmercure.accorv2prod.decms.eu\/vi\/#breadcrumb\"},\"inLanguage\":\"vi-VN\",\"potentialAction\":[{\"@type\":\"ReadAction\",\"target\":[\"https:\/\/grandmercure.accorv2prod.decms.eu\/vi\/\"]}]},{\"@type\":\"BreadcrumbList\",\"@id\":\"https:\/\/grandmercure.accorv2prod.decms.eu\/vi\/#breadcrumb\",\"itemListElement\":[{\"@type\":\"ListItem\",\"position\":1,\"name\":\"Home\",\"item\":\"https:\/\/grandmercure.accorv2prod.decms.eu\/vi\/\"},{\"@type\":\"ListItem\",\"position\":2,\"name\":\"Kh\u00e1ch s\u1ea1n Grand Mercure Bali\"}]},{\"@type\":\"WebSite\",\"@id\":\"https:\/\/grandmercure.accorv2prod.decms.eu\/#website\",\"url\":\"https:\/\/grandmercure.accorv2prod.decms.eu\/\",\"name\":\"Grand Mercure V2 demo site\",\"description\":\"Just another Matteo Canever Site Sites site\",\"potentialAction\":[{\"@type\":\"SearchAction\",\"target\":{\"@type\":\"EntryPoint\",\"urlTemplate\":\"https:\/\/grandmercure.accorv2prod.decms.eu\/?s={search_term_string}\"},\"query-input\":{\"@type\":\"PropertyValueSpecification\",\"valueRequired\":true,\"valueName\":\"search_term_string\"}}],\"inLanguage\":\"vi-VN\"}]}<\/script>\n<!-- \/ Yoast SEO plugin. -->","yoast_head_json":{"title":"Kh\u00e1ch s\u1ea1n Grand Mercure Bali - Grand Mercure V2 demo site","robots":{"index":"noindex","follow":"follow","max-snippet":"max-snippet:-1","max-image-preview":"max-image-preview:large","max-video-preview":"max-video-preview:-1"},"og_locale":"vi_VN","og_type":"article","og_title":"Kh\u00e1ch s\u1ea1n Grand Mercure Bali - Grand Mercure V2 demo site","og_description":"Ch\u00e0o m\u1eebng b\u1ea1n \u0111\u1ebfn v\u1edbi m\u1ed9t n\u01a1i m\u00e0 th\u1eddi gian tr\u00f4i ch\u1eadm l\u1ea1i v\u00e0 linh h\u1ed3n c\u1ee7a Bali th\u00ec th\u1ea7m trong gi\u00f3. Kh\u00e1ch s\u1ea1n Grand Mercure Bali l\u00e0 m\u1ed9t th\u00e1nh \u0111\u1ecba \u0111\u01b0\u1ee3c ch\u1ebf t\u00e1c t\u1ec9 m\u1ec9, l\u00e0 c\u1ea7u n\u1ed1i gi\u1eefa l\u00f2ng hi\u1ebfu kh\u00e1ch tinh t\u1ebf \u0111\u1eb3ng c\u1ea5p th\u1ebf gi\u1edbi v\u1edbi tr\u00e1i tim v\u0103n h\u00f3a s\u00e2u [&hellip;]","og_url":"https:\/\/grandmercure.accorv2prod.decms.eu\/vi\/","og_site_name":"Grand Mercure V2 demo site","article_modified_time":"2025-11-18T09:10:49+00:00","twitter_card":"summary_large_image","twitter_misc":{"Est. reading time":"1 minute"},"schema":{"@context":"https:\/\/schema.org","@graph":[{"@type":"WebPage","@id":"https:\/\/grandmercure.accorv2prod.decms.eu\/vi\/","url":"https:\/\/grandmercure.accorv2prod.decms.eu\/vi\/","name":"Kh\u00e1ch s\u1ea1n Grand Mercure Bali - Grand Mercure V2 demo site","isPartOf":{"@id":"https:\/\/grandmercure.accorv2prod.decms.eu\/#website"},"datePublished":"2021-06-30T15:08:31+00:00","dateModified":"2025-11-18T09:10:49+00:00","breadcrumb":{"@id":"https:\/\/grandmercure.accorv2prod.decms.eu\/vi\/#breadcrumb"},"inLanguage":"vi-VN","potentialAction":[{"@type":"ReadAction","target":["https:\/\/grandmercure.accorv2prod.decms.eu\/vi\/"]}]},{"@type":"BreadcrumbList","@id":"https:\/\/grandmercure.accorv2prod.decms.eu\/vi\/#breadcrumb","itemListElement":[{"@type":"ListItem","position":1,"name":"Home","item":"https:\/\/grandmercure.accorv2prod.decms.eu\/vi\/"},{"@type":"ListItem","position":2,"name":"Kh\u00e1ch s\u1ea1n Grand Mercure Bali"}]},{"@type":"WebSite","@id":"https:\/\/grandmercure.accorv2prod.decms.eu\/#website","url":"https:\/\/grandmercure.accorv2prod.decms.eu\/","name":"Grand Mercure V2 demo site","description":"Just another Matteo Canever Site Sites site","potentialAction":[{"@type":"SearchAction","target":{"@type":"EntryPoint","urlTemplate":"https:\/\/grandmercure.accorv2prod.decms.eu\/?s={search_term_string}"},"query-input":{"@type":"PropertyValueSpecification","valueRequired":true,"valueName":"search_term_string"}}],"inLanguage":"vi-VN"}]}},"_links":{"self":[{"href":"https:\/\/grandmercure.accorv2prod.decms.eu\/vi\/wp-json\/wp\/v2\/pages\/892","targetHints":{"allow":["GET"]}}],"collection":[{"href":"https:\/\/grandmercure.accorv2prod.decms.eu\/vi\/wp-json\/wp\/v2\/pages"}],"about":[{"href":"https:\/\/grandmercure.accorv2prod.decms.eu\/vi\/wp-json\/wp\/v2\/types\/page"}],"author":[{"embeddable":true,"href":"https:\/\/grandmercure.accorv2prod.decms.eu\/vi\/wp-json\/wp\/v2\/users\/2"}],"replies":[{"embeddable":true,"href":"https:\/\/grandmercure.accorv2prod.decms.eu\/vi\/wp-json\/wp\/v2\/comments?post=892"}],"version-history":[{"count":0,"href":"https:\/\/grandmercure.accorv2prod.decms.eu\/vi\/wp-json\/wp\/v2\/pages\/892\/revisions"}],"wp:attachment":[{"href":"https:\/\/grandmercure.accorv2prod.decms.eu\/vi\/wp-json\/wp\/v2\/media?parent=892"}],"wp:term":[{"taxonomy":"category","embeddable":true,"href":"https:\/\/grandmercure.accorv2prod.decms.eu\/vi\/wp-json\/wp\/v2\/categories?post=892"}],"curies":[{"name":"wp","href":"https:\/\/api.w.org\/{rel}","templated":true}]}}