{"id":901,"date":"2021-06-30T15:42:43","date_gmt":"2021-06-30T15:42:43","guid":{"rendered":"https:\/\/grandmercure.accorv2prod.decms.eu\/?page_id=901"},"modified":"2025-11-25T15:22:58","modified_gmt":"2025-11-25T15:22:58","slug":"about-us","status":"publish","type":"page","link":"https:\/\/grandmercure.accorv2prod.decms.eu\/vi\/about-us\/","title":{"rendered":"V\u1ec1 ch\u00fang t\u00f4i"},"content":{"rendered":"<p>T\u1ea1i Kh\u00e1ch s\u1ea1n Grand Mercure Bali, ch\u00fang t\u00f4i kh\u00f4ng ch\u1ec9 l\u00e0 m\u1ed9t \u0111i\u1ec3m \u0111\u1ebfn; ch\u00fang t\u00f4i l\u00e0 nh\u1eefng ng\u01b0\u1eddi g\u00ecn gi\u1eef tinh th\u1ea7n \u0111\u1ecba ph\u01b0\u01a1ng. \u0110\u1eb7t trong b\u1ed1i c\u1ea3nh v\u01b0\u1ee3t th\u1eddi gian c\u1ee7a V\u1ecbnh <i>Jimbaran<\/i>, m\u1ee5c \u0111\u00edch c\u1ee7a ch\u00fang t\u00f4i l\u00e0 cung c\u1ea5p m\u1ed9t th\u00e1nh \u0111\u1ecba v\u1eeba t\u1ef1 h\u00e0o mang b\u1ea3n s\u1eafc Bali, v\u1eeba tinh t\u1ebf theo ti\u00eau chu\u1ea9n \u0111\u1eb3ng c\u1ea5p th\u1ebf gi\u1edbi. L\u00f2ng hi\u1ebfu kh\u00e1ch c\u1ee7a ch\u00fang t\u00f4i kh\u00f4ng ph\u1ea3i l\u00e0 m\u1ed9t k\u1ecbch b\u1ea3n; \u0111\u00f3 l\u00e0 s\u1ef1 ch\u00e0o \u0111\u00f3n ch\u00e2n th\u00e0nh, b\u1eaft ngu\u1ed3n t\u1eeb s\u1ef1 \u1ea5m \u00e1p v\u00e0 duy\u00ean d\u00e1ng n\u1ed5i ti\u1ebfng c\u1ee7a h\u00f2n \u0111\u1ea3o. Ch\u00fang t\u00f4i tin r\u1eb1ng du l\u1ecbch n\u00ean l\u00e0 m\u1ed9t h\u00e0nh tr\u00ecnh phong ph\u00fa k\u1ebft n\u1ed1i b\u1ea1n v\u1edbi m\u1ed9t \u0111\u1ecba \u0111i\u1ec3m. \u0110\u00f3 l\u00e0 l\u00fd do t\u1ea1i sao m\u1ecdi y\u1ebfu t\u1ed1 trong kh\u00e1ch s\u1ea1n c\u1ee7a ch\u00fang t\u00f4i \u0111\u1ec1u l\u00e0 s\u1ef1 t\u00f4n vinh v\u0103n h\u00f3a Bali\u2014t\u1eeb nh\u1eefng nghi th\u1ee9c ch\u00e0o \u0111\u00f3n b\u1ea1n \u0111\u1ebfn nh\u1eefng h\u01b0\u01a1ng v\u1ecb \u0111\u00edch th\u1ef1c tr\u00ean \u0111\u0129a \u0103n c\u1ee7a b\u1ea1n. \u0110\u1ed9i ng\u0169 c\u1ee7a ch\u00fang t\u00f4i, t\u00e0i s\u1ea3n l\u1edbn nh\u1ea5t c\u1ee7a ch\u00fang t\u00f4i, t\u1eadn t\u00e2m chia s\u1ebb nh\u1eefng c\u00e2u chuy\u1ec7n v\u00e0 truy\u1ec1n th\u1ed1ng c\u1ee7a qu\u00ea h\u01b0\u01a1ng h\u1ecd v\u1edbi b\u1ea1n. \u0110\u00e2y l\u00e0 l\u1eddi gi\u1edbi thi\u1ec7u v\u1ec1 th\u1ebf gi\u1edbi c\u1ee7a ch\u00fang t\u00f4i: m\u1ed9t th\u1ebf gi\u1edbi \u0111\u01b0\u1ee3c x\u00e2y d\u1ef1ng tr\u00ean tri\u1ebft l\u00fd d\u1eabn \u0111\u01b0\u1eddng s\u00e2u s\u1eafc v\u00e0 thi\u1ebft k\u1ebf chu \u0111\u00e1o, \u0111\u1eafm ch\u00ecm nh\u1eb1m t\u00f4n vinh ng\u00f4i nh\u00e0 \u0111\u1ea3o c\u1ee7a ch\u00fang t\u00f4i.<\/p>\n","protected":false},"excerpt":{"rendered":"<p>T\u1ea1i Kh\u00e1ch s\u1ea1n Grand Mercure Bali, ch\u00fang t\u00f4i kh\u00f4ng ch\u1ec9 l\u00e0 m\u1ed9t \u0111i\u1ec3m \u0111\u1ebfn; ch\u00fang t\u00f4i l\u00e0 nh\u1eefng ng\u01b0\u1eddi g\u00ecn gi\u1eef tinh th\u1ea7n \u0111\u1ecba ph\u01b0\u01a1ng. \u0110\u1eb7t trong b\u1ed1i c\u1ea3nh v\u01b0\u1ee3t th\u1eddi gian c\u1ee7a V\u1ecbnh Jimbaran, m\u1ee5c \u0111\u00edch c\u1ee7a ch\u00fang t\u00f4i l\u00e0 cung c\u1ea5p m\u1ed9t th\u00e1nh \u0111\u1ecba v\u1eeba t\u1ef1 h\u00e0o mang b\u1ea3n s\u1eafc Bali, v\u1eeba tinh [&hellip;]<\/p>\n","protected":false},"author":2,"featured_media":2800,"parent":0,"menu_order":20,"comment_status":"closed","ping_status":"closed","template":"","meta":{"footnotes":""},"categories":[],"class_list":["post-901","page","type-page","status-publish","has-post-thumbnail","hentry"],"acf":[],"yoast_head":"<!-- This site is optimized with the Yoast SEO plugin v26.9 - https:\/\/yoast.com\/product\/yoast-seo-wordpress\/ -->\n<title>V\u1ec1 ch\u00fang t\u00f4i - Grand Mercure V2 demo site<\/title>\n<meta name=\"robots\" content=\"noindex, follow, max-snippet:-1, max-image-preview:large, max-video-preview:-1\" \/>\n<meta property=\"og:locale\" content=\"vi_VN\" \/>\n<meta property=\"og:type\" content=\"article\" \/>\n<meta property=\"og:title\" content=\"V\u1ec1 ch\u00fang t\u00f4i - Grand Mercure V2 demo site\" \/>\n<meta property=\"og:description\" content=\"T\u1ea1i Kh\u00e1ch s\u1ea1n Grand Mercure Bali, ch\u00fang t\u00f4i kh\u00f4ng ch\u1ec9 l\u00e0 m\u1ed9t \u0111i\u1ec3m \u0111\u1ebfn; ch\u00fang t\u00f4i l\u00e0 nh\u1eefng ng\u01b0\u1eddi g\u00ecn gi\u1eef tinh th\u1ea7n \u0111\u1ecba ph\u01b0\u01a1ng. \u0110\u1eb7t trong b\u1ed1i c\u1ea3nh v\u01b0\u1ee3t th\u1eddi gian c\u1ee7a V\u1ecbnh Jimbaran, m\u1ee5c \u0111\u00edch c\u1ee7a ch\u00fang t\u00f4i l\u00e0 cung c\u1ea5p m\u1ed9t th\u00e1nh \u0111\u1ecba v\u1eeba t\u1ef1 h\u00e0o mang b\u1ea3n s\u1eafc Bali, v\u1eeba tinh [&hellip;]\" \/>\n<meta property=\"og:url\" content=\"https:\/\/grandmercure.accorv2prod.decms.eu\/vi\/about-us\/\" \/>\n<meta property=\"og:site_name\" content=\"Grand Mercure V2 demo site\" \/>\n<meta property=\"article:modified_time\" content=\"2025-11-25T15:22:58+00:00\" \/>\n<meta property=\"og:image\" content=\"https:\/\/grandmercure.accorv2prod.decms.eu\/wp-content\/uploads\/sites\/99\/2022\/07\/images.jpg\" \/>\n\t<meta property=\"og:image:width\" content=\"318\" \/>\n\t<meta property=\"og:image:height\" content=\"159\" \/>\n\t<meta property=\"og:image:type\" content=\"image\/jpeg\" \/>\n<meta name=\"twitter:card\" content=\"summary_large_image\" \/>\n<meta name=\"twitter:label1\" content=\"Est. reading time\" \/>\n\t<meta name=\"twitter:data1\" content=\"2 minutes\" \/>\n<script type=\"application\/ld+json\" class=\"yoast-schema-graph\">{\"@context\":\"https:\/\/schema.org\",\"@graph\":[{\"@type\":\"WebPage\",\"@id\":\"https:\/\/grandmercure.accorv2prod.decms.eu\/vi\/about-us\/\",\"url\":\"https:\/\/grandmercure.accorv2prod.decms.eu\/vi\/about-us\/\",\"name\":\"V\u1ec1 ch\u00fang t\u00f4i - Grand Mercure V2 demo site\",\"isPartOf\":{\"@id\":\"https:\/\/grandmercure.accorv2prod.decms.eu\/#website\"},\"primaryImageOfPage\":{\"@id\":\"https:\/\/grandmercure.accorv2prod.decms.eu\/vi\/about-us\/#primaryimage\"},\"image\":{\"@id\":\"https:\/\/grandmercure.accorv2prod.decms.eu\/vi\/about-us\/#primaryimage\"},\"thumbnailUrl\":\"https:\/\/grandmercure.accorv2prod.decms.eu\/wp-content\/uploads\/sites\/99\/2022\/07\/images.jpg\",\"datePublished\":\"2021-06-30T15:42:43+00:00\",\"dateModified\":\"2025-11-25T15:22:58+00:00\",\"breadcrumb\":{\"@id\":\"https:\/\/grandmercure.accorv2prod.decms.eu\/vi\/about-us\/#breadcrumb\"},\"inLanguage\":\"vi-VN\",\"potentialAction\":[{\"@type\":\"ReadAction\",\"target\":[\"https:\/\/grandmercure.accorv2prod.decms.eu\/vi\/about-us\/\"]}]},{\"@type\":\"ImageObject\",\"inLanguage\":\"vi-VN\",\"@id\":\"https:\/\/grandmercure.accorv2prod.decms.eu\/vi\/about-us\/#primaryimage\",\"url\":\"https:\/\/grandmercure.accorv2prod.decms.eu\/wp-content\/uploads\/sites\/99\/2022\/07\/images.jpg\",\"contentUrl\":\"https:\/\/grandmercure.accorv2prod.decms.eu\/wp-content\/uploads\/sites\/99\/2022\/07\/images.jpg\",\"width\":318,\"height\":159},{\"@type\":\"BreadcrumbList\",\"@id\":\"https:\/\/grandmercure.accorv2prod.decms.eu\/vi\/about-us\/#breadcrumb\",\"itemListElement\":[{\"@type\":\"ListItem\",\"position\":1,\"name\":\"Home\",\"item\":\"https:\/\/grandmercure.accorv2prod.decms.eu\/vi\/\"},{\"@type\":\"ListItem\",\"position\":2,\"name\":\"V\u1ec1 ch\u00fang t\u00f4i\"}]},{\"@type\":\"WebSite\",\"@id\":\"https:\/\/grandmercure.accorv2prod.decms.eu\/#website\",\"url\":\"https:\/\/grandmercure.accorv2prod.decms.eu\/\",\"name\":\"Grand Mercure V2 demo site\",\"description\":\"Just another Matteo Canever Site Sites site\",\"potentialAction\":[{\"@type\":\"SearchAction\",\"target\":{\"@type\":\"EntryPoint\",\"urlTemplate\":\"https:\/\/grandmercure.accorv2prod.decms.eu\/?s={search_term_string}\"},\"query-input\":{\"@type\":\"PropertyValueSpecification\",\"valueRequired\":true,\"valueName\":\"search_term_string\"}}],\"inLanguage\":\"vi-VN\"}]}<\/script>\n<!-- \/ Yoast SEO plugin. -->","yoast_head_json":{"title":"V\u1ec1 ch\u00fang t\u00f4i - Grand Mercure V2 demo site","robots":{"index":"noindex","follow":"follow","max-snippet":"max-snippet:-1","max-image-preview":"max-image-preview:large","max-video-preview":"max-video-preview:-1"},"og_locale":"vi_VN","og_type":"article","og_title":"V\u1ec1 ch\u00fang t\u00f4i - Grand Mercure V2 demo site","og_description":"T\u1ea1i Kh\u00e1ch s\u1ea1n Grand Mercure Bali, ch\u00fang t\u00f4i kh\u00f4ng ch\u1ec9 l\u00e0 m\u1ed9t \u0111i\u1ec3m \u0111\u1ebfn; ch\u00fang t\u00f4i l\u00e0 nh\u1eefng ng\u01b0\u1eddi g\u00ecn gi\u1eef tinh th\u1ea7n \u0111\u1ecba ph\u01b0\u01a1ng. \u0110\u1eb7t trong b\u1ed1i c\u1ea3nh v\u01b0\u1ee3t th\u1eddi gian c\u1ee7a V\u1ecbnh Jimbaran, m\u1ee5c \u0111\u00edch c\u1ee7a ch\u00fang t\u00f4i l\u00e0 cung c\u1ea5p m\u1ed9t th\u00e1nh \u0111\u1ecba v\u1eeba t\u1ef1 h\u00e0o mang b\u1ea3n s\u1eafc Bali, v\u1eeba tinh [&hellip;]","og_url":"https:\/\/grandmercure.accorv2prod.decms.eu\/vi\/about-us\/","og_site_name":"Grand Mercure V2 demo site","article_modified_time":"2025-11-25T15:22:58+00:00","og_image":[{"width":318,"height":159,"url":"https:\/\/grandmercure.accorv2prod.decms.eu\/wp-content\/uploads\/sites\/99\/2022\/07\/images.jpg","type":"image\/jpeg"}],"twitter_card":"summary_large_image","twitter_misc":{"Est. reading time":"2 minutes"},"schema":{"@context":"https:\/\/schema.org","@graph":[{"@type":"WebPage","@id":"https:\/\/grandmercure.accorv2prod.decms.eu\/vi\/about-us\/","url":"https:\/\/grandmercure.accorv2prod.decms.eu\/vi\/about-us\/","name":"V\u1ec1 ch\u00fang t\u00f4i - Grand Mercure V2 demo site","isPartOf":{"@id":"https:\/\/grandmercure.accorv2prod.decms.eu\/#website"},"primaryImageOfPage":{"@id":"https:\/\/grandmercure.accorv2prod.decms.eu\/vi\/about-us\/#primaryimage"},"image":{"@id":"https:\/\/grandmercure.accorv2prod.decms.eu\/vi\/about-us\/#primaryimage"},"thumbnailUrl":"https:\/\/grandmercure.accorv2prod.decms.eu\/wp-content\/uploads\/sites\/99\/2022\/07\/images.jpg","datePublished":"2021-06-30T15:42:43+00:00","dateModified":"2025-11-25T15:22:58+00:00","breadcrumb":{"@id":"https:\/\/grandmercure.accorv2prod.decms.eu\/vi\/about-us\/#breadcrumb"},"inLanguage":"vi-VN","potentialAction":[{"@type":"ReadAction","target":["https:\/\/grandmercure.accorv2prod.decms.eu\/vi\/about-us\/"]}]},{"@type":"ImageObject","inLanguage":"vi-VN","@id":"https:\/\/grandmercure.accorv2prod.decms.eu\/vi\/about-us\/#primaryimage","url":"https:\/\/grandmercure.accorv2prod.decms.eu\/wp-content\/uploads\/sites\/99\/2022\/07\/images.jpg","contentUrl":"https:\/\/grandmercure.accorv2prod.decms.eu\/wp-content\/uploads\/sites\/99\/2022\/07\/images.jpg","width":318,"height":159},{"@type":"BreadcrumbList","@id":"https:\/\/grandmercure.accorv2prod.decms.eu\/vi\/about-us\/#breadcrumb","itemListElement":[{"@type":"ListItem","position":1,"name":"Home","item":"https:\/\/grandmercure.accorv2prod.decms.eu\/vi\/"},{"@type":"ListItem","position":2,"name":"V\u1ec1 ch\u00fang t\u00f4i"}]},{"@type":"WebSite","@id":"https:\/\/grandmercure.accorv2prod.decms.eu\/#website","url":"https:\/\/grandmercure.accorv2prod.decms.eu\/","name":"Grand Mercure V2 demo site","description":"Just another Matteo Canever Site Sites site","potentialAction":[{"@type":"SearchAction","target":{"@type":"EntryPoint","urlTemplate":"https:\/\/grandmercure.accorv2prod.decms.eu\/?s={search_term_string}"},"query-input":{"@type":"PropertyValueSpecification","valueRequired":true,"valueName":"search_term_string"}}],"inLanguage":"vi-VN"}]}},"_links":{"self":[{"href":"https:\/\/grandmercure.accorv2prod.decms.eu\/vi\/wp-json\/wp\/v2\/pages\/901","targetHints":{"allow":["GET"]}}],"collection":[{"href":"https:\/\/grandmercure.accorv2prod.decms.eu\/vi\/wp-json\/wp\/v2\/pages"}],"about":[{"href":"https:\/\/grandmercure.accorv2prod.decms.eu\/vi\/wp-json\/wp\/v2\/types\/page"}],"author":[{"embeddable":true,"href":"https:\/\/grandmercure.accorv2prod.decms.eu\/vi\/wp-json\/wp\/v2\/users\/2"}],"replies":[{"embeddable":true,"href":"https:\/\/grandmercure.accorv2prod.decms.eu\/vi\/wp-json\/wp\/v2\/comments?post=901"}],"version-history":[{"count":0,"href":"https:\/\/grandmercure.accorv2prod.decms.eu\/vi\/wp-json\/wp\/v2\/pages\/901\/revisions"}],"wp:featuredmedia":[{"embeddable":true,"href":"https:\/\/grandmercure.accorv2prod.decms.eu\/vi\/wp-json\/wp\/v2\/media\/2800"}],"wp:attachment":[{"href":"https:\/\/grandmercure.accorv2prod.decms.eu\/vi\/wp-json\/wp\/v2\/media?parent=901"}],"wp:term":[{"taxonomy":"category","embeddable":true,"href":"https:\/\/grandmercure.accorv2prod.decms.eu\/vi\/wp-json\/wp\/v2\/categories?post=901"}],"curies":[{"name":"wp","href":"https:\/\/api.w.org\/{rel}","templated":true}]}}