{"id":914,"date":"2021-07-01T08:05:10","date_gmt":"2021-07-01T08:05:10","guid":{"rendered":"https:\/\/grandmercure.accorv2prod.decms.eu\/?page_id=914"},"modified":"2025-11-25T15:23:56","modified_gmt":"2025-11-25T15:23:56","slug":"triet-ly-cua-chung-toi","status":"publish","type":"page","link":"https:\/\/grandmercure.accorv2prod.decms.eu\/vi\/about-us\/triet-ly-cua-chung-toi\/","title":{"rendered":"Tri\u1ebft l\u00fd c\u1ee7a ch\u00fang t\u00f4i"},"content":{"rendered":"<p>Tri\u1ebft l\u00fd c\u1ee7a ch\u00fang t\u00f4i kh\u00f4ng ph\u1ea3i l\u00e0 s\u1ef1 th\u00eau d\u1ec7t; \u0111\u00f3 l\u00e0 m\u1ed9t l\u1eddi h\u1ee9a l\u1ea5y c\u1ea3m h\u1ee9ng tr\u1ef1c ti\u1ebfp t\u1eeb h\u00f2n \u0111\u1ea3o m\u00e0 ch\u00fang t\u00f4i g\u1ecdi l\u00e0 nh\u00e0. Ch\u00fang t\u00f4i \u0111\u01b0\u1ee3c d\u1eabn d\u1eaft b\u1edfi nguy\u00ean t\u1eafc <i>Tri Hita Karana<\/i> c\u1ee7a ng\u01b0\u1eddi Bali\u2014ni\u1ec1m tin s\u00e2u s\u1eafc v\u00e0o s\u1ef1 h\u00e0i h\u00f2a gi\u1eefa th\u1ea7n linh, con ng\u01b0\u1eddi v\u00e0 th\u1ebf gi\u1edbi t\u1ef1 nhi\u00ean. Tr\u00ed tu\u1ec7 c\u1ed5 x\u01b0a n\u00e0y l\u00e0 n\u1ec1n t\u1ea3ng c\u1ee7a l\u00f2ng hi\u1ebfu kh\u00e1ch c\u1ee7a ch\u00fang t\u00f4i. \u0110i\u1ec1u \u0111\u00f3 c\u00f3 ngh\u0129a l\u00e0 d\u1ecbch v\u1ee5 c\u1ee7a ch\u00fang t\u00f4i kh\u00f4ng ch\u1ec9 l\u00e0 m\u1ed9t giao d\u1ecbch; \u0111\u00f3 l\u00e0 m\u1ed9t s\u1ef1 k\u1ebft n\u1ed1i \u0111\u1ea7y \u00fd ngh\u0129a. Ch\u00fang t\u00f4i l\u00e0 c\u1ea7u n\u1ed1i, m\u1eddi b\u1ea1n tr\u1ea3i nghi\u1ec7m linh h\u1ed3n \u0111\u00edch th\u1ef1c c\u1ee7a Bali theo c\u00e1ch t\u00f4n vinh truy\u1ec1n th\u1ed1ng v\u00e0 t\u00f4n tr\u1ecdng m\u00f4i tr\u01b0\u1eddng c\u1ee7a n\u00f3. Ch\u00fang t\u00f4i &#8216;T\u1ef1 h\u00e0o l\u00e0 Ng\u01b0\u1eddi \u0111\u1ecba ph\u01b0\u01a1ng&#8217; (Proudly Local), v\u00e0 cam k\u1ebft n\u00e0y \u0111\u01b0\u1ee3c th\u1ec3 hi\u1ec7n qua hai tr\u1ee5 c\u1ed9t c\u1ed1t l\u00f5i: Nh\u1eefng Nghi th\u1ee9c Ch\u00fang t\u00f4i H\u1ed3i sinh v\u00e0 Nh\u1eefng H\u01b0\u01a1ng v\u1ecb Ch\u00fang t\u00f4i T\u00f4n vinh.<\/p>\n","protected":false},"excerpt":{"rendered":"<p>Tri\u1ebft l\u00fd c\u1ee7a ch\u00fang t\u00f4i kh\u00f4ng ph\u1ea3i l\u00e0 s\u1ef1 th\u00eau d\u1ec7t; \u0111\u00f3 l\u00e0 m\u1ed9t l\u1eddi h\u1ee9a l\u1ea5y c\u1ea3m h\u1ee9ng tr\u1ef1c ti\u1ebfp t\u1eeb h\u00f2n \u0111\u1ea3o m\u00e0 ch\u00fang t\u00f4i g\u1ecdi l\u00e0 nh\u00e0. Ch\u00fang t\u00f4i \u0111\u01b0\u1ee3c d\u1eabn d\u1eaft b\u1edfi nguy\u00ean t\u1eafc Tri Hita Karana c\u1ee7a ng\u01b0\u1eddi Bali\u2014ni\u1ec1m tin s\u00e2u s\u1eafc v\u00e0o s\u1ef1 h\u00e0i h\u00f2a gi\u1eefa th\u1ea7n linh, con [&hellip;]<\/p>\n","protected":false},"author":2,"featured_media":0,"parent":901,"menu_order":10,"comment_status":"closed","ping_status":"closed","template":"","meta":{"footnotes":""},"categories":[],"class_list":["post-914","page","type-page","status-publish","hentry"],"acf":[],"yoast_head":"<!-- This site is optimized with the Yoast SEO plugin v26.9 - https:\/\/yoast.com\/product\/yoast-seo-wordpress\/ -->\n<title>Tri\u1ebft l\u00fd c\u1ee7a ch\u00fang t\u00f4i - Grand Mercure V2 demo site<\/title>\n<meta name=\"robots\" content=\"noindex, follow, max-snippet:-1, max-image-preview:large, max-video-preview:-1\" \/>\n<meta property=\"og:locale\" content=\"vi_VN\" \/>\n<meta property=\"og:type\" content=\"article\" \/>\n<meta property=\"og:title\" content=\"Tri\u1ebft l\u00fd c\u1ee7a ch\u00fang t\u00f4i - Grand Mercure V2 demo site\" \/>\n<meta property=\"og:description\" content=\"Tri\u1ebft l\u00fd c\u1ee7a ch\u00fang t\u00f4i kh\u00f4ng ph\u1ea3i l\u00e0 s\u1ef1 th\u00eau d\u1ec7t; \u0111\u00f3 l\u00e0 m\u1ed9t l\u1eddi h\u1ee9a l\u1ea5y c\u1ea3m h\u1ee9ng tr\u1ef1c ti\u1ebfp t\u1eeb h\u00f2n \u0111\u1ea3o m\u00e0 ch\u00fang t\u00f4i g\u1ecdi l\u00e0 nh\u00e0. Ch\u00fang t\u00f4i \u0111\u01b0\u1ee3c d\u1eabn d\u1eaft b\u1edfi nguy\u00ean t\u1eafc Tri Hita Karana c\u1ee7a ng\u01b0\u1eddi Bali\u2014ni\u1ec1m tin s\u00e2u s\u1eafc v\u00e0o s\u1ef1 h\u00e0i h\u00f2a gi\u1eefa th\u1ea7n linh, con [&hellip;]\" \/>\n<meta property=\"og:url\" content=\"https:\/\/grandmercure.accorv2prod.decms.eu\/vi\/about-us\/triet-ly-cua-chung-toi\/\" \/>\n<meta property=\"og:site_name\" content=\"Grand Mercure V2 demo site\" \/>\n<meta property=\"article:modified_time\" content=\"2025-11-25T15:23:56+00:00\" \/>\n<meta name=\"twitter:card\" content=\"summary_large_image\" \/>\n<meta name=\"twitter:label1\" content=\"Est. reading time\" \/>\n\t<meta name=\"twitter:data1\" content=\"1 minute\" \/>\n<script type=\"application\/ld+json\" class=\"yoast-schema-graph\">{\"@context\":\"https:\/\/schema.org\",\"@graph\":[{\"@type\":\"WebPage\",\"@id\":\"https:\/\/grandmercure.accorv2prod.decms.eu\/vi\/about-us\/triet-ly-cua-chung-toi\/\",\"url\":\"https:\/\/grandmercure.accorv2prod.decms.eu\/vi\/about-us\/triet-ly-cua-chung-toi\/\",\"name\":\"Tri\u1ebft l\u00fd c\u1ee7a ch\u00fang t\u00f4i - Grand Mercure V2 demo site\",\"isPartOf\":{\"@id\":\"https:\/\/grandmercure.accorv2prod.decms.eu\/#website\"},\"datePublished\":\"2021-07-01T08:05:10+00:00\",\"dateModified\":\"2025-11-25T15:23:56+00:00\",\"breadcrumb\":{\"@id\":\"https:\/\/grandmercure.accorv2prod.decms.eu\/vi\/about-us\/triet-ly-cua-chung-toi\/#breadcrumb\"},\"inLanguage\":\"vi-VN\",\"potentialAction\":[{\"@type\":\"ReadAction\",\"target\":[\"https:\/\/grandmercure.accorv2prod.decms.eu\/vi\/about-us\/triet-ly-cua-chung-toi\/\"]}]},{\"@type\":\"BreadcrumbList\",\"@id\":\"https:\/\/grandmercure.accorv2prod.decms.eu\/vi\/about-us\/triet-ly-cua-chung-toi\/#breadcrumb\",\"itemListElement\":[{\"@type\":\"ListItem\",\"position\":1,\"name\":\"Home\",\"item\":\"https:\/\/grandmercure.accorv2prod.decms.eu\/vi\/\"},{\"@type\":\"ListItem\",\"position\":2,\"name\":\"V\u1ec1 ch\u00fang t\u00f4i\",\"item\":\"https:\/\/grandmercure.accorv2prod.decms.eu\/vi\/about-us\/\"},{\"@type\":\"ListItem\",\"position\":3,\"name\":\"Tri\u1ebft l\u00fd c\u1ee7a ch\u00fang t\u00f4i\"}]},{\"@type\":\"WebSite\",\"@id\":\"https:\/\/grandmercure.accorv2prod.decms.eu\/#website\",\"url\":\"https:\/\/grandmercure.accorv2prod.decms.eu\/\",\"name\":\"Grand Mercure V2 demo site\",\"description\":\"Just another Matteo Canever Site Sites site\",\"potentialAction\":[{\"@type\":\"SearchAction\",\"target\":{\"@type\":\"EntryPoint\",\"urlTemplate\":\"https:\/\/grandmercure.accorv2prod.decms.eu\/?s={search_term_string}\"},\"query-input\":{\"@type\":\"PropertyValueSpecification\",\"valueRequired\":true,\"valueName\":\"search_term_string\"}}],\"inLanguage\":\"vi-VN\"}]}<\/script>\n<!-- \/ Yoast SEO plugin. -->","yoast_head_json":{"title":"Tri\u1ebft l\u00fd c\u1ee7a ch\u00fang t\u00f4i - Grand Mercure V2 demo site","robots":{"index":"noindex","follow":"follow","max-snippet":"max-snippet:-1","max-image-preview":"max-image-preview:large","max-video-preview":"max-video-preview:-1"},"og_locale":"vi_VN","og_type":"article","og_title":"Tri\u1ebft l\u00fd c\u1ee7a ch\u00fang t\u00f4i - Grand Mercure V2 demo site","og_description":"Tri\u1ebft l\u00fd c\u1ee7a ch\u00fang t\u00f4i kh\u00f4ng ph\u1ea3i l\u00e0 s\u1ef1 th\u00eau d\u1ec7t; \u0111\u00f3 l\u00e0 m\u1ed9t l\u1eddi h\u1ee9a l\u1ea5y c\u1ea3m h\u1ee9ng tr\u1ef1c ti\u1ebfp t\u1eeb h\u00f2n \u0111\u1ea3o m\u00e0 ch\u00fang t\u00f4i g\u1ecdi l\u00e0 nh\u00e0. Ch\u00fang t\u00f4i \u0111\u01b0\u1ee3c d\u1eabn d\u1eaft b\u1edfi nguy\u00ean t\u1eafc Tri Hita Karana c\u1ee7a ng\u01b0\u1eddi Bali\u2014ni\u1ec1m tin s\u00e2u s\u1eafc v\u00e0o s\u1ef1 h\u00e0i h\u00f2a gi\u1eefa th\u1ea7n linh, con [&hellip;]","og_url":"https:\/\/grandmercure.accorv2prod.decms.eu\/vi\/about-us\/triet-ly-cua-chung-toi\/","og_site_name":"Grand Mercure V2 demo site","article_modified_time":"2025-11-25T15:23:56+00:00","twitter_card":"summary_large_image","twitter_misc":{"Est. reading time":"1 minute"},"schema":{"@context":"https:\/\/schema.org","@graph":[{"@type":"WebPage","@id":"https:\/\/grandmercure.accorv2prod.decms.eu\/vi\/about-us\/triet-ly-cua-chung-toi\/","url":"https:\/\/grandmercure.accorv2prod.decms.eu\/vi\/about-us\/triet-ly-cua-chung-toi\/","name":"Tri\u1ebft l\u00fd c\u1ee7a ch\u00fang t\u00f4i - Grand Mercure V2 demo site","isPartOf":{"@id":"https:\/\/grandmercure.accorv2prod.decms.eu\/#website"},"datePublished":"2021-07-01T08:05:10+00:00","dateModified":"2025-11-25T15:23:56+00:00","breadcrumb":{"@id":"https:\/\/grandmercure.accorv2prod.decms.eu\/vi\/about-us\/triet-ly-cua-chung-toi\/#breadcrumb"},"inLanguage":"vi-VN","potentialAction":[{"@type":"ReadAction","target":["https:\/\/grandmercure.accorv2prod.decms.eu\/vi\/about-us\/triet-ly-cua-chung-toi\/"]}]},{"@type":"BreadcrumbList","@id":"https:\/\/grandmercure.accorv2prod.decms.eu\/vi\/about-us\/triet-ly-cua-chung-toi\/#breadcrumb","itemListElement":[{"@type":"ListItem","position":1,"name":"Home","item":"https:\/\/grandmercure.accorv2prod.decms.eu\/vi\/"},{"@type":"ListItem","position":2,"name":"V\u1ec1 ch\u00fang t\u00f4i","item":"https:\/\/grandmercure.accorv2prod.decms.eu\/vi\/about-us\/"},{"@type":"ListItem","position":3,"name":"Tri\u1ebft l\u00fd c\u1ee7a ch\u00fang t\u00f4i"}]},{"@type":"WebSite","@id":"https:\/\/grandmercure.accorv2prod.decms.eu\/#website","url":"https:\/\/grandmercure.accorv2prod.decms.eu\/","name":"Grand Mercure V2 demo site","description":"Just another Matteo Canever Site Sites site","potentialAction":[{"@type":"SearchAction","target":{"@type":"EntryPoint","urlTemplate":"https:\/\/grandmercure.accorv2prod.decms.eu\/?s={search_term_string}"},"query-input":{"@type":"PropertyValueSpecification","valueRequired":true,"valueName":"search_term_string"}}],"inLanguage":"vi-VN"}]}},"_links":{"self":[{"href":"https:\/\/grandmercure.accorv2prod.decms.eu\/vi\/wp-json\/wp\/v2\/pages\/914","targetHints":{"allow":["GET"]}}],"collection":[{"href":"https:\/\/grandmercure.accorv2prod.decms.eu\/vi\/wp-json\/wp\/v2\/pages"}],"about":[{"href":"https:\/\/grandmercure.accorv2prod.decms.eu\/vi\/wp-json\/wp\/v2\/types\/page"}],"author":[{"embeddable":true,"href":"https:\/\/grandmercure.accorv2prod.decms.eu\/vi\/wp-json\/wp\/v2\/users\/2"}],"replies":[{"embeddable":true,"href":"https:\/\/grandmercure.accorv2prod.decms.eu\/vi\/wp-json\/wp\/v2\/comments?post=914"}],"version-history":[{"count":0,"href":"https:\/\/grandmercure.accorv2prod.decms.eu\/vi\/wp-json\/wp\/v2\/pages\/914\/revisions"}],"up":[{"embeddable":true,"href":"https:\/\/grandmercure.accorv2prod.decms.eu\/vi\/wp-json\/wp\/v2\/pages\/901"}],"wp:attachment":[{"href":"https:\/\/grandmercure.accorv2prod.decms.eu\/vi\/wp-json\/wp\/v2\/media?parent=914"}],"wp:term":[{"taxonomy":"category","embeddable":true,"href":"https:\/\/grandmercure.accorv2prod.decms.eu\/vi\/wp-json\/wp\/v2\/categories?post=914"}],"curies":[{"name":"wp","href":"https:\/\/api.w.org\/{rel}","templated":true}]}}