{"id":917,"date":"2021-07-01T08:15:15","date_gmt":"2021-07-01T08:15:15","guid":{"rendered":"https:\/\/grandmercure.accorv2prod.decms.eu\/?page_id=917"},"modified":"2025-11-18T14:19:49","modified_gmt":"2025-11-18T14:19:49","slug":"cuoc-hop","status":"publish","type":"page","link":"https:\/\/grandmercure.accorv2prod.decms.eu\/vi\/cuoc-hop\/","title":{"rendered":"Cu\u1ed9c h\u1ecdp"},"content":{"rendered":"<p>V\u01b0\u1ee3t ra ngo\u00e0i ph\u00f2ng h\u1ecdp th\u00f4ng th\u01b0\u1eddng. T\u1ea1i Kh\u00e1ch s\u1ea1n Grand Mercure Bali, ch\u00fang t\u00f4i tin r\u1eb1ng m\u00f4i tr\u01b0\u1eddng truy\u1ec1n c\u1ea3m h\u1ee9ng s\u1ebd d\u1eabn \u0111\u1ebfn nh\u1eefng \u00fd t\u01b0\u1edfng \u0111\u1ea7y c\u1ea3m h\u1ee9ng. B\u1ed9 s\u01b0u t\u1eadp c\u00e1c \u0111\u1ecba \u0111i\u1ec3m t\u1ed5 ch\u1ee9c s\u1ef1 ki\u1ec7n tinh t\u1ebf c\u1ee7a ch\u00fang t\u00f4i\u2014t\u1eeb Ph\u00f2ng khi\u00eau v\u0169 Bali (Bali Ballroom) tr\u00e1ng l\u1ec7 \u0111\u1ebfn c\u00e1c ph\u00f2ng \u0111i\u1ec1u h\u00e0nh Uluwatu, Jimbaran v\u00e0 Tirta\u2014k\u1ebft h\u1ee3p c\u00f4ng ngh\u1ec7 hi\u1ec7n \u0111\u1ea1i v\u1edbi tinh th\u1ea7n thanh b\u00ecnh c\u1ee7a h\u00f2n \u0111\u1ea3o.<\/p>\n<p>\u00c1nh s\u00e1ng t\u1ef1 nhi\u00ean, thi\u1ebft k\u1ebf Bali tinh t\u1ebf v\u00e0 b\u1ed1 tr\u00ed linh ho\u1ea1t t\u1ea1o n\u00ean b\u1ea7u kh\u00f4ng kh\u00ed n\u0103ng su\u1ea5t t\u1eadp trung v\u00e0 s\u1ef1 tho\u1ea3i m\u00e1i th\u1ef1c s\u1ef1. \u0110\u1ed9i ng\u0169 s\u1ef1 ki\u1ec7n t\u1eadn t\u00e2m c\u1ee7a ch\u00fang t\u00f4i cung c\u1ea5p d\u1ecbch v\u1ee5 li\u1ec1n m\u1ea1ch, \u0111\u00f3n \u0111\u1ea7u m\u00e0 Grand Mercure n\u1ed5i ti\u1ebfng, trong khi c\u00e1c chuy\u00ean gia \u1ea9m th\u1ef1c c\u1ee7a ch\u00fang t\u00f4i mang \u0111\u1ebfn &#8216;H\u01b0\u01a1ng v\u1ecb c\u1ee7a V\u00f9ng \u0111\u1ea5t&#8217; (Taste of Place) \u0111\u00edch th\u1ef1c cho c\u00e1c bu\u1ed5i gi\u1ea3i lao v\u00e0 ti\u1ec7c chi\u00eau \u0111\u00e3i c\u1ee7a b\u1ea1n.<\/p>\n<p>Kh\u00e1m ph\u00e1 b\u1ed1i c\u1ea3nh ho\u00e0n h\u1ea3o cho cu\u1ed9c h\u1ecdp c\u00f4ng ty, bu\u1ed5i t\u1ee5 h\u1ecdp x\u00e3 h\u1ed9i thanh l\u1ecbch ho\u1eb7c chuy\u1ebfn \u0111i khen th\u01b0\u1edfng c\u1ee7a b\u1ea1n.<\/p>\n","protected":false},"excerpt":{"rendered":"<p>V\u01b0\u1ee3t ra ngo\u00e0i ph\u00f2ng h\u1ecdp th\u00f4ng th\u01b0\u1eddng. T\u1ea1i Kh\u00e1ch s\u1ea1n Grand Mercure Bali, ch\u00fang t\u00f4i tin r\u1eb1ng m\u00f4i tr\u01b0\u1eddng truy\u1ec1n c\u1ea3m h\u1ee9ng s\u1ebd d\u1eabn \u0111\u1ebfn nh\u1eefng \u00fd t\u01b0\u1edfng \u0111\u1ea7y c\u1ea3m h\u1ee9ng. B\u1ed9 s\u01b0u t\u1eadp c\u00e1c \u0111\u1ecba \u0111i\u1ec3m t\u1ed5 ch\u1ee9c s\u1ef1 ki\u1ec7n tinh t\u1ebf c\u1ee7a ch\u00fang t\u00f4i\u2014t\u1eeb Ph\u00f2ng khi\u00eau v\u0169 Bali (Bali Ballroom) tr\u00e1ng l\u1ec7 \u0111\u1ebfn [&hellip;]<\/p>\n","protected":false},"author":2,"featured_media":0,"parent":0,"menu_order":40,"comment_status":"closed","ping_status":"closed","template":"template-meetings.php","meta":{"footnotes":""},"categories":[],"class_list":["post-917","page","type-page","status-publish","hentry"],"acf":[],"yoast_head":"<!-- This site is optimized with the Yoast SEO plugin v26.9 - https:\/\/yoast.com\/product\/yoast-seo-wordpress\/ -->\n<title>Cu\u1ed9c h\u1ecdp - Grand Mercure V2 demo site<\/title>\n<meta name=\"robots\" content=\"noindex, follow, max-snippet:-1, max-image-preview:large, max-video-preview:-1\" \/>\n<meta property=\"og:locale\" content=\"vi_VN\" \/>\n<meta property=\"og:type\" content=\"article\" \/>\n<meta property=\"og:title\" content=\"Cu\u1ed9c h\u1ecdp - Grand Mercure V2 demo site\" \/>\n<meta property=\"og:description\" content=\"V\u01b0\u1ee3t ra ngo\u00e0i ph\u00f2ng h\u1ecdp th\u00f4ng th\u01b0\u1eddng. T\u1ea1i Kh\u00e1ch s\u1ea1n Grand Mercure Bali, ch\u00fang t\u00f4i tin r\u1eb1ng m\u00f4i tr\u01b0\u1eddng truy\u1ec1n c\u1ea3m h\u1ee9ng s\u1ebd d\u1eabn \u0111\u1ebfn nh\u1eefng \u00fd t\u01b0\u1edfng \u0111\u1ea7y c\u1ea3m h\u1ee9ng. B\u1ed9 s\u01b0u t\u1eadp c\u00e1c \u0111\u1ecba \u0111i\u1ec3m t\u1ed5 ch\u1ee9c s\u1ef1 ki\u1ec7n tinh t\u1ebf c\u1ee7a ch\u00fang t\u00f4i\u2014t\u1eeb Ph\u00f2ng khi\u00eau v\u0169 Bali (Bali Ballroom) tr\u00e1ng l\u1ec7 \u0111\u1ebfn [&hellip;]\" \/>\n<meta property=\"og:url\" content=\"https:\/\/grandmercure.accorv2prod.decms.eu\/vi\/cuoc-hop\/\" \/>\n<meta property=\"og:site_name\" content=\"Grand Mercure V2 demo site\" \/>\n<meta property=\"article:modified_time\" content=\"2025-11-18T14:19:49+00:00\" \/>\n<meta name=\"twitter:card\" content=\"summary_large_image\" \/>\n<meta name=\"twitter:label1\" content=\"Est. reading time\" \/>\n\t<meta name=\"twitter:data1\" content=\"1 minute\" \/>\n<script type=\"application\/ld+json\" class=\"yoast-schema-graph\">{\"@context\":\"https:\/\/schema.org\",\"@graph\":[{\"@type\":\"WebPage\",\"@id\":\"https:\/\/grandmercure.accorv2prod.decms.eu\/vi\/cuoc-hop\/\",\"url\":\"https:\/\/grandmercure.accorv2prod.decms.eu\/vi\/cuoc-hop\/\",\"name\":\"Cu\u1ed9c h\u1ecdp - Grand Mercure V2 demo site\",\"isPartOf\":{\"@id\":\"https:\/\/grandmercure.accorv2prod.decms.eu\/#website\"},\"datePublished\":\"2021-07-01T08:15:15+00:00\",\"dateModified\":\"2025-11-18T14:19:49+00:00\",\"breadcrumb\":{\"@id\":\"https:\/\/grandmercure.accorv2prod.decms.eu\/vi\/cuoc-hop\/#breadcrumb\"},\"inLanguage\":\"vi-VN\",\"potentialAction\":[{\"@type\":\"ReadAction\",\"target\":[\"https:\/\/grandmercure.accorv2prod.decms.eu\/vi\/cuoc-hop\/\"]}]},{\"@type\":\"BreadcrumbList\",\"@id\":\"https:\/\/grandmercure.accorv2prod.decms.eu\/vi\/cuoc-hop\/#breadcrumb\",\"itemListElement\":[{\"@type\":\"ListItem\",\"position\":1,\"name\":\"Home\",\"item\":\"https:\/\/grandmercure.accorv2prod.decms.eu\/vi\/\"},{\"@type\":\"ListItem\",\"position\":2,\"name\":\"Cu\u1ed9c h\u1ecdp\"}]},{\"@type\":\"WebSite\",\"@id\":\"https:\/\/grandmercure.accorv2prod.decms.eu\/#website\",\"url\":\"https:\/\/grandmercure.accorv2prod.decms.eu\/\",\"name\":\"Grand Mercure V2 demo site\",\"description\":\"Just another Matteo Canever Site Sites site\",\"potentialAction\":[{\"@type\":\"SearchAction\",\"target\":{\"@type\":\"EntryPoint\",\"urlTemplate\":\"https:\/\/grandmercure.accorv2prod.decms.eu\/?s={search_term_string}\"},\"query-input\":{\"@type\":\"PropertyValueSpecification\",\"valueRequired\":true,\"valueName\":\"search_term_string\"}}],\"inLanguage\":\"vi-VN\"}]}<\/script>\n<!-- \/ Yoast SEO plugin. -->","yoast_head_json":{"title":"Cu\u1ed9c h\u1ecdp - Grand Mercure V2 demo site","robots":{"index":"noindex","follow":"follow","max-snippet":"max-snippet:-1","max-image-preview":"max-image-preview:large","max-video-preview":"max-video-preview:-1"},"og_locale":"vi_VN","og_type":"article","og_title":"Cu\u1ed9c h\u1ecdp - Grand Mercure V2 demo site","og_description":"V\u01b0\u1ee3t ra ngo\u00e0i ph\u00f2ng h\u1ecdp th\u00f4ng th\u01b0\u1eddng. T\u1ea1i Kh\u00e1ch s\u1ea1n Grand Mercure Bali, ch\u00fang t\u00f4i tin r\u1eb1ng m\u00f4i tr\u01b0\u1eddng truy\u1ec1n c\u1ea3m h\u1ee9ng s\u1ebd d\u1eabn \u0111\u1ebfn nh\u1eefng \u00fd t\u01b0\u1edfng \u0111\u1ea7y c\u1ea3m h\u1ee9ng. B\u1ed9 s\u01b0u t\u1eadp c\u00e1c \u0111\u1ecba \u0111i\u1ec3m t\u1ed5 ch\u1ee9c s\u1ef1 ki\u1ec7n tinh t\u1ebf c\u1ee7a ch\u00fang t\u00f4i\u2014t\u1eeb Ph\u00f2ng khi\u00eau v\u0169 Bali (Bali Ballroom) tr\u00e1ng l\u1ec7 \u0111\u1ebfn [&hellip;]","og_url":"https:\/\/grandmercure.accorv2prod.decms.eu\/vi\/cuoc-hop\/","og_site_name":"Grand Mercure V2 demo site","article_modified_time":"2025-11-18T14:19:49+00:00","twitter_card":"summary_large_image","twitter_misc":{"Est. reading time":"1 minute"},"schema":{"@context":"https:\/\/schema.org","@graph":[{"@type":"WebPage","@id":"https:\/\/grandmercure.accorv2prod.decms.eu\/vi\/cuoc-hop\/","url":"https:\/\/grandmercure.accorv2prod.decms.eu\/vi\/cuoc-hop\/","name":"Cu\u1ed9c h\u1ecdp - Grand Mercure V2 demo site","isPartOf":{"@id":"https:\/\/grandmercure.accorv2prod.decms.eu\/#website"},"datePublished":"2021-07-01T08:15:15+00:00","dateModified":"2025-11-18T14:19:49+00:00","breadcrumb":{"@id":"https:\/\/grandmercure.accorv2prod.decms.eu\/vi\/cuoc-hop\/#breadcrumb"},"inLanguage":"vi-VN","potentialAction":[{"@type":"ReadAction","target":["https:\/\/grandmercure.accorv2prod.decms.eu\/vi\/cuoc-hop\/"]}]},{"@type":"BreadcrumbList","@id":"https:\/\/grandmercure.accorv2prod.decms.eu\/vi\/cuoc-hop\/#breadcrumb","itemListElement":[{"@type":"ListItem","position":1,"name":"Home","item":"https:\/\/grandmercure.accorv2prod.decms.eu\/vi\/"},{"@type":"ListItem","position":2,"name":"Cu\u1ed9c h\u1ecdp"}]},{"@type":"WebSite","@id":"https:\/\/grandmercure.accorv2prod.decms.eu\/#website","url":"https:\/\/grandmercure.accorv2prod.decms.eu\/","name":"Grand Mercure V2 demo site","description":"Just another Matteo Canever Site Sites site","potentialAction":[{"@type":"SearchAction","target":{"@type":"EntryPoint","urlTemplate":"https:\/\/grandmercure.accorv2prod.decms.eu\/?s={search_term_string}"},"query-input":{"@type":"PropertyValueSpecification","valueRequired":true,"valueName":"search_term_string"}}],"inLanguage":"vi-VN"}]}},"_links":{"self":[{"href":"https:\/\/grandmercure.accorv2prod.decms.eu\/vi\/wp-json\/wp\/v2\/pages\/917","targetHints":{"allow":["GET"]}}],"collection":[{"href":"https:\/\/grandmercure.accorv2prod.decms.eu\/vi\/wp-json\/wp\/v2\/pages"}],"about":[{"href":"https:\/\/grandmercure.accorv2prod.decms.eu\/vi\/wp-json\/wp\/v2\/types\/page"}],"author":[{"embeddable":true,"href":"https:\/\/grandmercure.accorv2prod.decms.eu\/vi\/wp-json\/wp\/v2\/users\/2"}],"replies":[{"embeddable":true,"href":"https:\/\/grandmercure.accorv2prod.decms.eu\/vi\/wp-json\/wp\/v2\/comments?post=917"}],"version-history":[{"count":0,"href":"https:\/\/grandmercure.accorv2prod.decms.eu\/vi\/wp-json\/wp\/v2\/pages\/917\/revisions"}],"wp:attachment":[{"href":"https:\/\/grandmercure.accorv2prod.decms.eu\/vi\/wp-json\/wp\/v2\/media?parent=917"}],"wp:term":[{"taxonomy":"category","embeddable":true,"href":"https:\/\/grandmercure.accorv2prod.decms.eu\/vi\/wp-json\/wp\/v2\/categories?post=917"}],"curies":[{"name":"wp","href":"https:\/\/api.w.org\/{rel}","templated":true}]}}