{"id":918,"date":"2021-07-01T08:28:03","date_gmt":"2021-07-01T08:28:03","guid":{"rendered":"https:\/\/grandmercure.accorv2prod.decms.eu\/?page_id=918"},"modified":"2025-11-24T16:12:07","modified_gmt":"2025-11-24T16:12:07","slug":"frequently-asked-question","status":"publish","type":"page","link":"https:\/\/grandmercure.accorv2prod.decms.eu\/vi\/frequently-asked-question\/","title":{"rendered":"C\u00e2u h\u1ecfi th\u01b0\u1eddng g\u1eb7p"},"content":{"rendered":"<p>\u0110\u1ec3 gi\u00fap b\u1ea1n l\u00ean k\u1ebf ho\u1ea1ch cho h\u00e0nh tr\u00ecnh c\u1ee7a m\u00ecnh, ch\u00fang t\u00f4i \u0111\u00e3 t\u1ed5ng h\u1ee3p c\u00e1c c\u00e2u tr\u1ea3 l\u1eddi cho nh\u1eefng c\u00e2u h\u1ecfi th\u01b0\u1eddng g\u1eb7p nh\u1ea5t. Cho d\u00f9 b\u1ea1n \u0111ang th\u1eafc m\u1eafc v\u1ec1 chi ti\u1ebft \u0111\u1eb7t ph\u00f2ng, c\u00e1c ti\u1ec7n nghi t\u1ea1i ch\u1ed7 c\u1ee7a ch\u00fang t\u00f4i hay c\u00e1ch t\u1ed1t nh\u1ea5t \u0111\u1ec3 \u0111\u1ebfn th\u00e1nh \u0111\u1ecba c\u1ee7a ch\u00fang t\u00f4i, b\u1ea1n s\u1ebd t\u00ecm th\u1ea5y th\u00f4ng tin m\u00ecnh c\u1ea7n t\u1ea1i \u0111\u00e2y.<\/p>\n<p>N\u1ebfu c\u00e2u h\u1ecfi c\u1ee7a b\u1ea1n kh\u00f4ng \u0111\u01b0\u1ee3c li\u1ec7t k\u00ea, vui l\u00f2ng \u0111\u1eebng ng\u1ea7n ng\u1ea1i li\u00ean h\u1ec7 tr\u1ef1c ti\u1ebfp v\u1edbi \u0111\u1ed9i ng\u0169 c\u1ee7a ch\u00fang t\u00f4i. Ch\u00fang t\u00f4i \u1edf \u0111\u00e2y \u0111\u1ec3 \u0111\u1ea3m b\u1ea3o vi\u1ec7c \u0111\u1ebfn n\u01a1i c\u1ee7a b\u1ea1n su\u00f4n s\u1ebb v\u00e0 k\u1ef3 ngh\u1ec9 c\u1ee7a b\u1ea1n ho\u00e0n to\u00e0n thanh b\u00ecnh.<\/p>\n","protected":false},"excerpt":{"rendered":"<p>\u0110\u1ec3 gi\u00fap b\u1ea1n l\u00ean k\u1ebf ho\u1ea1ch cho h\u00e0nh tr\u00ecnh c\u1ee7a m\u00ecnh, ch\u00fang t\u00f4i \u0111\u00e3 t\u1ed5ng h\u1ee3p c\u00e1c c\u00e2u tr\u1ea3 l\u1eddi cho nh\u1eefng c\u00e2u h\u1ecfi th\u01b0\u1eddng g\u1eb7p nh\u1ea5t. Cho d\u00f9 b\u1ea1n \u0111ang th\u1eafc m\u1eafc v\u1ec1 chi ti\u1ebft \u0111\u1eb7t ph\u00f2ng, c\u00e1c ti\u1ec7n nghi t\u1ea1i ch\u1ed7 c\u1ee7a ch\u00fang t\u00f4i hay c\u00e1ch t\u1ed1t nh\u1ea5t \u0111\u1ec3 \u0111\u1ebfn th\u00e1nh \u0111\u1ecba c\u1ee7a [&hellip;]<\/p>\n","protected":false},"author":2,"featured_media":0,"parent":0,"menu_order":140,"comment_status":"closed","ping_status":"closed","template":"template-faq.php","meta":{"footnotes":""},"categories":[],"class_list":["post-918","page","type-page","status-publish","hentry"],"acf":[],"yoast_head":"<!-- This site is optimized with the Yoast SEO plugin v26.9 - https:\/\/yoast.com\/product\/yoast-seo-wordpress\/ -->\n<title>C\u00e2u h\u1ecfi th\u01b0\u1eddng g\u1eb7p - Grand Mercure V2 demo site<\/title>\n<meta name=\"robots\" content=\"noindex, follow, max-snippet:-1, max-image-preview:large, max-video-preview:-1\" \/>\n<meta property=\"og:locale\" content=\"vi_VN\" \/>\n<meta property=\"og:type\" content=\"article\" \/>\n<meta property=\"og:title\" content=\"C\u00e2u h\u1ecfi th\u01b0\u1eddng g\u1eb7p - Grand Mercure V2 demo site\" \/>\n<meta property=\"og:description\" content=\"\u0110\u1ec3 gi\u00fap b\u1ea1n l\u00ean k\u1ebf ho\u1ea1ch cho h\u00e0nh tr\u00ecnh c\u1ee7a m\u00ecnh, ch\u00fang t\u00f4i \u0111\u00e3 t\u1ed5ng h\u1ee3p c\u00e1c c\u00e2u tr\u1ea3 l\u1eddi cho nh\u1eefng c\u00e2u h\u1ecfi th\u01b0\u1eddng g\u1eb7p nh\u1ea5t. Cho d\u00f9 b\u1ea1n \u0111ang th\u1eafc m\u1eafc v\u1ec1 chi ti\u1ebft \u0111\u1eb7t ph\u00f2ng, c\u00e1c ti\u1ec7n nghi t\u1ea1i ch\u1ed7 c\u1ee7a ch\u00fang t\u00f4i hay c\u00e1ch t\u1ed1t nh\u1ea5t \u0111\u1ec3 \u0111\u1ebfn th\u00e1nh \u0111\u1ecba c\u1ee7a [&hellip;]\" \/>\n<meta property=\"og:url\" content=\"https:\/\/grandmercure.accorv2prod.decms.eu\/vi\/frequently-asked-question\/\" \/>\n<meta property=\"og:site_name\" content=\"Grand Mercure V2 demo site\" \/>\n<meta property=\"article:modified_time\" content=\"2025-11-24T16:12:07+00:00\" \/>\n<meta name=\"twitter:card\" content=\"summary_large_image\" \/>\n<meta name=\"twitter:label1\" content=\"Est. reading time\" \/>\n\t<meta name=\"twitter:data1\" content=\"1 minute\" \/>\n<script type=\"application\/ld+json\" class=\"yoast-schema-graph\">{\"@context\":\"https:\/\/schema.org\",\"@graph\":[{\"@type\":\"WebPage\",\"@id\":\"https:\/\/grandmercure.accorv2prod.decms.eu\/vi\/frequently-asked-question\/\",\"url\":\"https:\/\/grandmercure.accorv2prod.decms.eu\/vi\/frequently-asked-question\/\",\"name\":\"C\u00e2u h\u1ecfi th\u01b0\u1eddng g\u1eb7p - Grand Mercure V2 demo site\",\"isPartOf\":{\"@id\":\"https:\/\/grandmercure.accorv2prod.decms.eu\/#website\"},\"datePublished\":\"2021-07-01T08:28:03+00:00\",\"dateModified\":\"2025-11-24T16:12:07+00:00\",\"breadcrumb\":{\"@id\":\"https:\/\/grandmercure.accorv2prod.decms.eu\/vi\/frequently-asked-question\/#breadcrumb\"},\"inLanguage\":\"vi-VN\",\"potentialAction\":[{\"@type\":\"ReadAction\",\"target\":[\"https:\/\/grandmercure.accorv2prod.decms.eu\/vi\/frequently-asked-question\/\"]}]},{\"@type\":\"BreadcrumbList\",\"@id\":\"https:\/\/grandmercure.accorv2prod.decms.eu\/vi\/frequently-asked-question\/#breadcrumb\",\"itemListElement\":[{\"@type\":\"ListItem\",\"position\":1,\"name\":\"Home\",\"item\":\"https:\/\/grandmercure.accorv2prod.decms.eu\/vi\/\"},{\"@type\":\"ListItem\",\"position\":2,\"name\":\"C\u00e2u h\u1ecfi th\u01b0\u1eddng g\u1eb7p\"}]},{\"@type\":\"WebSite\",\"@id\":\"https:\/\/grandmercure.accorv2prod.decms.eu\/#website\",\"url\":\"https:\/\/grandmercure.accorv2prod.decms.eu\/\",\"name\":\"Grand Mercure V2 demo site\",\"description\":\"Just another Matteo Canever Site Sites site\",\"potentialAction\":[{\"@type\":\"SearchAction\",\"target\":{\"@type\":\"EntryPoint\",\"urlTemplate\":\"https:\/\/grandmercure.accorv2prod.decms.eu\/?s={search_term_string}\"},\"query-input\":{\"@type\":\"PropertyValueSpecification\",\"valueRequired\":true,\"valueName\":\"search_term_string\"}}],\"inLanguage\":\"vi-VN\"}]}<\/script>\n<!-- \/ Yoast SEO plugin. -->","yoast_head_json":{"title":"C\u00e2u h\u1ecfi th\u01b0\u1eddng g\u1eb7p - Grand Mercure V2 demo site","robots":{"index":"noindex","follow":"follow","max-snippet":"max-snippet:-1","max-image-preview":"max-image-preview:large","max-video-preview":"max-video-preview:-1"},"og_locale":"vi_VN","og_type":"article","og_title":"C\u00e2u h\u1ecfi th\u01b0\u1eddng g\u1eb7p - Grand Mercure V2 demo site","og_description":"\u0110\u1ec3 gi\u00fap b\u1ea1n l\u00ean k\u1ebf ho\u1ea1ch cho h\u00e0nh tr\u00ecnh c\u1ee7a m\u00ecnh, ch\u00fang t\u00f4i \u0111\u00e3 t\u1ed5ng h\u1ee3p c\u00e1c c\u00e2u tr\u1ea3 l\u1eddi cho nh\u1eefng c\u00e2u h\u1ecfi th\u01b0\u1eddng g\u1eb7p nh\u1ea5t. Cho d\u00f9 b\u1ea1n \u0111ang th\u1eafc m\u1eafc v\u1ec1 chi ti\u1ebft \u0111\u1eb7t ph\u00f2ng, c\u00e1c ti\u1ec7n nghi t\u1ea1i ch\u1ed7 c\u1ee7a ch\u00fang t\u00f4i hay c\u00e1ch t\u1ed1t nh\u1ea5t \u0111\u1ec3 \u0111\u1ebfn th\u00e1nh \u0111\u1ecba c\u1ee7a [&hellip;]","og_url":"https:\/\/grandmercure.accorv2prod.decms.eu\/vi\/frequently-asked-question\/","og_site_name":"Grand Mercure V2 demo site","article_modified_time":"2025-11-24T16:12:07+00:00","twitter_card":"summary_large_image","twitter_misc":{"Est. reading time":"1 minute"},"schema":{"@context":"https:\/\/schema.org","@graph":[{"@type":"WebPage","@id":"https:\/\/grandmercure.accorv2prod.decms.eu\/vi\/frequently-asked-question\/","url":"https:\/\/grandmercure.accorv2prod.decms.eu\/vi\/frequently-asked-question\/","name":"C\u00e2u h\u1ecfi th\u01b0\u1eddng g\u1eb7p - Grand Mercure V2 demo site","isPartOf":{"@id":"https:\/\/grandmercure.accorv2prod.decms.eu\/#website"},"datePublished":"2021-07-01T08:28:03+00:00","dateModified":"2025-11-24T16:12:07+00:00","breadcrumb":{"@id":"https:\/\/grandmercure.accorv2prod.decms.eu\/vi\/frequently-asked-question\/#breadcrumb"},"inLanguage":"vi-VN","potentialAction":[{"@type":"ReadAction","target":["https:\/\/grandmercure.accorv2prod.decms.eu\/vi\/frequently-asked-question\/"]}]},{"@type":"BreadcrumbList","@id":"https:\/\/grandmercure.accorv2prod.decms.eu\/vi\/frequently-asked-question\/#breadcrumb","itemListElement":[{"@type":"ListItem","position":1,"name":"Home","item":"https:\/\/grandmercure.accorv2prod.decms.eu\/vi\/"},{"@type":"ListItem","position":2,"name":"C\u00e2u h\u1ecfi th\u01b0\u1eddng g\u1eb7p"}]},{"@type":"WebSite","@id":"https:\/\/grandmercure.accorv2prod.decms.eu\/#website","url":"https:\/\/grandmercure.accorv2prod.decms.eu\/","name":"Grand Mercure V2 demo site","description":"Just another Matteo Canever Site Sites site","potentialAction":[{"@type":"SearchAction","target":{"@type":"EntryPoint","urlTemplate":"https:\/\/grandmercure.accorv2prod.decms.eu\/?s={search_term_string}"},"query-input":{"@type":"PropertyValueSpecification","valueRequired":true,"valueName":"search_term_string"}}],"inLanguage":"vi-VN"}]}},"_links":{"self":[{"href":"https:\/\/grandmercure.accorv2prod.decms.eu\/vi\/wp-json\/wp\/v2\/pages\/918","targetHints":{"allow":["GET"]}}],"collection":[{"href":"https:\/\/grandmercure.accorv2prod.decms.eu\/vi\/wp-json\/wp\/v2\/pages"}],"about":[{"href":"https:\/\/grandmercure.accorv2prod.decms.eu\/vi\/wp-json\/wp\/v2\/types\/page"}],"author":[{"embeddable":true,"href":"https:\/\/grandmercure.accorv2prod.decms.eu\/vi\/wp-json\/wp\/v2\/users\/2"}],"replies":[{"embeddable":true,"href":"https:\/\/grandmercure.accorv2prod.decms.eu\/vi\/wp-json\/wp\/v2\/comments?post=918"}],"version-history":[{"count":0,"href":"https:\/\/grandmercure.accorv2prod.decms.eu\/vi\/wp-json\/wp\/v2\/pages\/918\/revisions"}],"wp:attachment":[{"href":"https:\/\/grandmercure.accorv2prod.decms.eu\/vi\/wp-json\/wp\/v2\/media?parent=918"}],"wp:term":[{"taxonomy":"category","embeddable":true,"href":"https:\/\/grandmercure.accorv2prod.decms.eu\/vi\/wp-json\/wp\/v2\/categories?post=918"}],"curies":[{"name":"wp","href":"https:\/\/api.w.org\/{rel}","templated":true}]}}