{"id":920,"date":"2021-07-01T08:35:46","date_gmt":"2021-07-01T08:35:46","guid":{"rendered":"https:\/\/grandmercure.accorv2prod.decms.eu\/?page_id=920"},"modified":"2025-11-25T10:36:13","modified_gmt":"2025-11-25T10:36:13","slug":"nha-hang-quan-bar","status":"publish","type":"page","link":"https:\/\/grandmercure.accorv2prod.decms.eu\/vi\/nha-hang-quan-bar\/","title":{"rendered":"Nh\u00e0 h\u00e0ng &#038; Qu\u00e1n bar"},"content":{"rendered":"<p>T\u1ea1i Kh\u00e1ch s\u1ea1n Grand Mercure Bali, \u0103n u\u1ed1ng l\u00e0 m\u1ed9t s\u1ef1 t\u00f4n vinh nh\u1eefng s\u1ea3n v\u1eadt c\u1ee7a h\u00f2n \u0111\u1ea3o. Tri\u1ebft l\u00fd \u1ea9m th\u1ef1c c\u1ee7a ch\u00fang t\u00f4i \u0111\u01b0\u1ee3c x\u00e2y d\u1ef1ng d\u1ef1a tr\u00ean &#8216;H\u01b0\u01a1ng v\u1ecb c\u1ee7a V\u00f9ng \u0111\u1ea5t&#8217; (Taste of Place) \u0111\u00edch th\u1ef1c, t\u00f4n vinh nh\u1eefng h\u01b0\u01a1ng v\u1ecb phong ph\u00fa, th\u01a1m ngon c\u1ee7a qu\u1ea7n \u0111\u1ea3o Indonesia. Ch\u00fang t\u00f4i l\u1ea5y c\u1ea3m h\u1ee9ng t\u1eeb c\u00e1c c\u00f4ng th\u1ee9c di s\u1ea3n \u0111\u01b0\u1ee3c truy\u1ec1n qua nhi\u1ec1u th\u1ebf h\u1ec7 v\u00e0 m\u1ed1i li\u00ean h\u1ec7 s\u00e2u s\u1eafc v\u1edbi ng\u00f4i nh\u00e0 c\u1ee7a ch\u00fang t\u00f4i \u1edf Jimbaran.<\/p>\n<p>C\u00e1c \u0111\u1ea7u b\u1ebfp c\u1ee7a ch\u00fang t\u00f4i t\u00ecm ngu\u1ed3n nguy\u00ean li\u1ec7u t\u01b0\u01a1i ngon nh\u1ea5t h\u00e0ng ng\u00e0y, t\u1eeb ch\u1ee3 c\u00e1 \u0111\u1ecba ph\u01b0\u01a1ng huy\u1ec1n tho\u1ea1i \u0111\u1ebfn c\u00e1c trang tr\u1ea1i n\u00fai l\u1eeda m\u00e0u m\u1ee1 c\u1ee7a h\u00f2n \u0111\u1ea3o. T\u1eeb \u1ea9m th\u1ef1c cao c\u1ea5p tinh t\u1ebf \u0111\u1ebfn s\u1ea3nh kh\u00e1ch th\u01b0 gi\u00e3n b\u00ean h\u1ed3 b\u01a1i, m\u1ed7i b\u1eefa \u0103n l\u00e0 m\u1ed9t l\u1eddi m\u1eddi kh\u00e1m ph\u00e1 tinh th\u1ea7n ch\u00e2n th\u1ef1c c\u1ee7a Bali tr\u00ean \u0111\u0129a c\u1ee7a b\u1ea1n.<\/p>\n","protected":false},"excerpt":{"rendered":"<p>T\u1ea1i Kh\u00e1ch s\u1ea1n Grand Mercure Bali, \u0103n u\u1ed1ng l\u00e0 m\u1ed9t s\u1ef1 t\u00f4n vinh nh\u1eefng s\u1ea3n v\u1eadt c\u1ee7a h\u00f2n \u0111\u1ea3o. Tri\u1ebft l\u00fd \u1ea9m th\u1ef1c c\u1ee7a ch\u00fang t\u00f4i \u0111\u01b0\u1ee3c x\u00e2y d\u1ef1ng d\u1ef1a tr\u00ean &#8216;H\u01b0\u01a1ng v\u1ecb c\u1ee7a V\u00f9ng \u0111\u1ea5t&#8217; (Taste of Place) \u0111\u00edch th\u1ef1c, t\u00f4n vinh nh\u1eefng h\u01b0\u01a1ng v\u1ecb phong ph\u00fa, th\u01a1m ngon c\u1ee7a qu\u1ea7n \u0111\u1ea3o Indonesia. Ch\u00fang [&hellip;]<\/p>\n","protected":false},"author":2,"featured_media":0,"parent":0,"menu_order":50,"comment_status":"closed","ping_status":"closed","template":"template-restaurants.php","meta":{"footnotes":""},"categories":[],"class_list":["post-920","page","type-page","status-publish","hentry"],"acf":[],"yoast_head":"<!-- This site is optimized with the Yoast SEO plugin v26.9 - https:\/\/yoast.com\/product\/yoast-seo-wordpress\/ -->\n<title>Nh\u00e0 h\u00e0ng &amp; Qu\u00e1n bar - Grand Mercure V2 demo site<\/title>\n<meta name=\"robots\" content=\"noindex, follow, max-snippet:-1, max-image-preview:large, max-video-preview:-1\" \/>\n<meta property=\"og:locale\" content=\"vi_VN\" \/>\n<meta property=\"og:type\" content=\"article\" \/>\n<meta property=\"og:title\" content=\"Nh\u00e0 h\u00e0ng &amp; Qu\u00e1n bar - Grand Mercure V2 demo site\" \/>\n<meta property=\"og:description\" content=\"T\u1ea1i Kh\u00e1ch s\u1ea1n Grand Mercure Bali, \u0103n u\u1ed1ng l\u00e0 m\u1ed9t s\u1ef1 t\u00f4n vinh nh\u1eefng s\u1ea3n v\u1eadt c\u1ee7a h\u00f2n \u0111\u1ea3o. Tri\u1ebft l\u00fd \u1ea9m th\u1ef1c c\u1ee7a ch\u00fang t\u00f4i \u0111\u01b0\u1ee3c x\u00e2y d\u1ef1ng d\u1ef1a tr\u00ean &#8216;H\u01b0\u01a1ng v\u1ecb c\u1ee7a V\u00f9ng \u0111\u1ea5t&#8217; (Taste of Place) \u0111\u00edch th\u1ef1c, t\u00f4n vinh nh\u1eefng h\u01b0\u01a1ng v\u1ecb phong ph\u00fa, th\u01a1m ngon c\u1ee7a qu\u1ea7n \u0111\u1ea3o Indonesia. Ch\u00fang [&hellip;]\" \/>\n<meta property=\"og:url\" content=\"https:\/\/grandmercure.accorv2prod.decms.eu\/vi\/nha-hang-quan-bar\/\" \/>\n<meta property=\"og:site_name\" content=\"Grand Mercure V2 demo site\" \/>\n<meta property=\"article:modified_time\" content=\"2025-11-25T10:36:13+00:00\" \/>\n<meta name=\"twitter:card\" content=\"summary_large_image\" \/>\n<meta name=\"twitter:label1\" content=\"Est. reading time\" \/>\n\t<meta name=\"twitter:data1\" content=\"1 minute\" \/>\n<script type=\"application\/ld+json\" class=\"yoast-schema-graph\">{\"@context\":\"https:\/\/schema.org\",\"@graph\":[{\"@type\":\"WebPage\",\"@id\":\"https:\/\/grandmercure.accorv2prod.decms.eu\/vi\/nha-hang-quan-bar\/\",\"url\":\"https:\/\/grandmercure.accorv2prod.decms.eu\/vi\/nha-hang-quan-bar\/\",\"name\":\"Nh\u00e0 h\u00e0ng & Qu\u00e1n bar - Grand Mercure V2 demo site\",\"isPartOf\":{\"@id\":\"https:\/\/grandmercure.accorv2prod.decms.eu\/#website\"},\"datePublished\":\"2021-07-01T08:35:46+00:00\",\"dateModified\":\"2025-11-25T10:36:13+00:00\",\"breadcrumb\":{\"@id\":\"https:\/\/grandmercure.accorv2prod.decms.eu\/vi\/nha-hang-quan-bar\/#breadcrumb\"},\"inLanguage\":\"vi-VN\",\"potentialAction\":[{\"@type\":\"ReadAction\",\"target\":[\"https:\/\/grandmercure.accorv2prod.decms.eu\/vi\/nha-hang-quan-bar\/\"]}]},{\"@type\":\"BreadcrumbList\",\"@id\":\"https:\/\/grandmercure.accorv2prod.decms.eu\/vi\/nha-hang-quan-bar\/#breadcrumb\",\"itemListElement\":[{\"@type\":\"ListItem\",\"position\":1,\"name\":\"Home\",\"item\":\"https:\/\/grandmercure.accorv2prod.decms.eu\/vi\/\"},{\"@type\":\"ListItem\",\"position\":2,\"name\":\"Nh\u00e0 h\u00e0ng &#038; Qu\u00e1n bar\"}]},{\"@type\":\"WebSite\",\"@id\":\"https:\/\/grandmercure.accorv2prod.decms.eu\/#website\",\"url\":\"https:\/\/grandmercure.accorv2prod.decms.eu\/\",\"name\":\"Grand Mercure V2 demo site\",\"description\":\"Just another Matteo Canever Site Sites site\",\"potentialAction\":[{\"@type\":\"SearchAction\",\"target\":{\"@type\":\"EntryPoint\",\"urlTemplate\":\"https:\/\/grandmercure.accorv2prod.decms.eu\/?s={search_term_string}\"},\"query-input\":{\"@type\":\"PropertyValueSpecification\",\"valueRequired\":true,\"valueName\":\"search_term_string\"}}],\"inLanguage\":\"vi-VN\"}]}<\/script>\n<!-- \/ Yoast SEO plugin. -->","yoast_head_json":{"title":"Nh\u00e0 h\u00e0ng & Qu\u00e1n bar - Grand Mercure V2 demo site","robots":{"index":"noindex","follow":"follow","max-snippet":"max-snippet:-1","max-image-preview":"max-image-preview:large","max-video-preview":"max-video-preview:-1"},"og_locale":"vi_VN","og_type":"article","og_title":"Nh\u00e0 h\u00e0ng & Qu\u00e1n bar - Grand Mercure V2 demo site","og_description":"T\u1ea1i Kh\u00e1ch s\u1ea1n Grand Mercure Bali, \u0103n u\u1ed1ng l\u00e0 m\u1ed9t s\u1ef1 t\u00f4n vinh nh\u1eefng s\u1ea3n v\u1eadt c\u1ee7a h\u00f2n \u0111\u1ea3o. Tri\u1ebft l\u00fd \u1ea9m th\u1ef1c c\u1ee7a ch\u00fang t\u00f4i \u0111\u01b0\u1ee3c x\u00e2y d\u1ef1ng d\u1ef1a tr\u00ean &#8216;H\u01b0\u01a1ng v\u1ecb c\u1ee7a V\u00f9ng \u0111\u1ea5t&#8217; (Taste of Place) \u0111\u00edch th\u1ef1c, t\u00f4n vinh nh\u1eefng h\u01b0\u01a1ng v\u1ecb phong ph\u00fa, th\u01a1m ngon c\u1ee7a qu\u1ea7n \u0111\u1ea3o Indonesia. Ch\u00fang [&hellip;]","og_url":"https:\/\/grandmercure.accorv2prod.decms.eu\/vi\/nha-hang-quan-bar\/","og_site_name":"Grand Mercure V2 demo site","article_modified_time":"2025-11-25T10:36:13+00:00","twitter_card":"summary_large_image","twitter_misc":{"Est. reading time":"1 minute"},"schema":{"@context":"https:\/\/schema.org","@graph":[{"@type":"WebPage","@id":"https:\/\/grandmercure.accorv2prod.decms.eu\/vi\/nha-hang-quan-bar\/","url":"https:\/\/grandmercure.accorv2prod.decms.eu\/vi\/nha-hang-quan-bar\/","name":"Nh\u00e0 h\u00e0ng & Qu\u00e1n bar - Grand Mercure V2 demo site","isPartOf":{"@id":"https:\/\/grandmercure.accorv2prod.decms.eu\/#website"},"datePublished":"2021-07-01T08:35:46+00:00","dateModified":"2025-11-25T10:36:13+00:00","breadcrumb":{"@id":"https:\/\/grandmercure.accorv2prod.decms.eu\/vi\/nha-hang-quan-bar\/#breadcrumb"},"inLanguage":"vi-VN","potentialAction":[{"@type":"ReadAction","target":["https:\/\/grandmercure.accorv2prod.decms.eu\/vi\/nha-hang-quan-bar\/"]}]},{"@type":"BreadcrumbList","@id":"https:\/\/grandmercure.accorv2prod.decms.eu\/vi\/nha-hang-quan-bar\/#breadcrumb","itemListElement":[{"@type":"ListItem","position":1,"name":"Home","item":"https:\/\/grandmercure.accorv2prod.decms.eu\/vi\/"},{"@type":"ListItem","position":2,"name":"Nh\u00e0 h\u00e0ng &#038; Qu\u00e1n bar"}]},{"@type":"WebSite","@id":"https:\/\/grandmercure.accorv2prod.decms.eu\/#website","url":"https:\/\/grandmercure.accorv2prod.decms.eu\/","name":"Grand Mercure V2 demo site","description":"Just another Matteo Canever Site Sites site","potentialAction":[{"@type":"SearchAction","target":{"@type":"EntryPoint","urlTemplate":"https:\/\/grandmercure.accorv2prod.decms.eu\/?s={search_term_string}"},"query-input":{"@type":"PropertyValueSpecification","valueRequired":true,"valueName":"search_term_string"}}],"inLanguage":"vi-VN"}]}},"_links":{"self":[{"href":"https:\/\/grandmercure.accorv2prod.decms.eu\/vi\/wp-json\/wp\/v2\/pages\/920","targetHints":{"allow":["GET"]}}],"collection":[{"href":"https:\/\/grandmercure.accorv2prod.decms.eu\/vi\/wp-json\/wp\/v2\/pages"}],"about":[{"href":"https:\/\/grandmercure.accorv2prod.decms.eu\/vi\/wp-json\/wp\/v2\/types\/page"}],"author":[{"embeddable":true,"href":"https:\/\/grandmercure.accorv2prod.decms.eu\/vi\/wp-json\/wp\/v2\/users\/2"}],"replies":[{"embeddable":true,"href":"https:\/\/grandmercure.accorv2prod.decms.eu\/vi\/wp-json\/wp\/v2\/comments?post=920"}],"version-history":[{"count":0,"href":"https:\/\/grandmercure.accorv2prod.decms.eu\/vi\/wp-json\/wp\/v2\/pages\/920\/revisions"}],"wp:attachment":[{"href":"https:\/\/grandmercure.accorv2prod.decms.eu\/vi\/wp-json\/wp\/v2\/media?parent=920"}],"wp:term":[{"taxonomy":"category","embeddable":true,"href":"https:\/\/grandmercure.accorv2prod.decms.eu\/vi\/wp-json\/wp\/v2\/categories?post=920"}],"curies":[{"name":"wp","href":"https:\/\/api.w.org\/{rel}","templated":true}]}}