{"id":922,"date":"2021-07-01T08:44:06","date_gmt":"2021-07-01T08:44:06","guid":{"rendered":"https:\/\/grandmercure.accorv2prod.decms.eu\/?page_id=922"},"modified":"2025-11-25T10:55:27","modified_gmt":"2025-11-25T10:55:27","slug":"nusantara","status":"publish","type":"page","link":"https:\/\/grandmercure.accorv2prod.decms.eu\/vi\/nha-hang-quan-bar\/nusantara\/","title":{"rendered":"Nusantara"},"content":{"rendered":"<p>Ch\u00e0o m\u1eebng b\u1ea1n \u0111\u1ebfn v\u1edbi Nusantara, \u0111i\u1ec3m \u0111\u1ebfn \u1ea9m th\u1ef1c \u0111\u1eb7c tr\u01b0ng c\u1ee7a ch\u00fang t\u00f4i nh\u1eb1m t\u00f4n vinh di s\u1ea3n \u1ea9m th\u1ef1c phong ph\u00fa, \u0111a d\u1ea1ng c\u1ee7a Indonesia. \u0110\u00e2y kh\u00f4ng ch\u1ec9 l\u00e0 m\u1ed9t nh\u00e0 h\u00e0ng; \u0111\u00f3 l\u00e0 m\u1ed9t cu\u1ed9c phi\u00eau l\u01b0u \u1ea9m th\u1ef1c kh\u1eafp qu\u1ea7n \u0111\u1ea3o, t\u1eeb m\u00f3n c\u00e0 ri th\u01a1m l\u1eebng c\u1ee7a Sumatra \u0111\u1ebfn c\u00e1c m\u00f3n \u0103n nghi l\u1ec5 c\u1ee7a Java v\u00e0 c\u00e1c lo\u1ea1i gia v\u1ecb t\u01b0\u01a1i ngon, r\u1ef1c r\u1ee1 c\u1ee7a Bali.<\/p>\n<p>Trong b\u1ea7u kh\u00f4ng kh\u00ed thanh l\u1ecbch tinh t\u1ebf c\u1ee7a Bali v\u00e0 s\u1ef1 sang tr\u1ecdng nh\u1eb9 nh\u00e0ng, c\u00e1c \u0111\u1ea7u b\u1ebfp c\u1ee7a ch\u00fang t\u00f4i di\u1ec5n gi\u1ea3i l\u1ea1i c\u00e1c c\u00f4ng th\u1ee9c di s\u1ea3n v\u1edbi t\u00ednh ngh\u1ec7 thu\u1eadt \u0111\u01b0\u01a1ng \u0111\u1ea1i. Ch\u00fang t\u00f4i t\u00f4n tr\u1ecdng nguy\u00ean t\u1eafc &#8216;H\u01b0\u01a1ng v\u1ecb c\u1ee7a V\u00f9ng \u0111\u1ea5t&#8217; (Taste of Place) b\u1eb1ng c\u00e1ch ch\u1ec9 s\u1eed d\u1ee5ng nh\u1eefng nguy\u00ean li\u1ec7u \u0111\u1ecba ph\u01b0\u01a1ng t\u1ed1t nh\u1ea5t, c\u00f3 ngu\u1ed3n g\u1ed1c t\u1eeb ch\u00ednh c\u00e1c h\u00f2n \u0111\u1ea3o. H\u00e3y chu\u1ea9n b\u1ecb cho m\u1ed9t tr\u1ea3i nghi\u1ec7m gi\u00e1c quan kh\u00f3 qu\u00ean.<\/p>\n","protected":false},"excerpt":{"rendered":"<p>Ch\u00e0o m\u1eebng b\u1ea1n \u0111\u1ebfn v\u1edbi Nusantara, \u0111i\u1ec3m \u0111\u1ebfn \u1ea9m th\u1ef1c \u0111\u1eb7c tr\u01b0ng c\u1ee7a ch\u00fang t\u00f4i nh\u1eb1m t\u00f4n vinh di s\u1ea3n \u1ea9m th\u1ef1c phong ph\u00fa, \u0111a d\u1ea1ng c\u1ee7a Indonesia. \u0110\u00e2y kh\u00f4ng ch\u1ec9 l\u00e0 m\u1ed9t nh\u00e0 h\u00e0ng; \u0111\u00f3 l\u00e0 m\u1ed9t cu\u1ed9c phi\u00eau l\u01b0u \u1ea9m th\u1ef1c kh\u1eafp qu\u1ea7n \u0111\u1ea3o, t\u1eeb m\u00f3n c\u00e0 ri th\u01a1m l\u1eebng c\u1ee7a Sumatra \u0111\u1ebfn [&hellip;]<\/p>\n","protected":false},"author":2,"featured_media":0,"parent":920,"menu_order":10,"comment_status":"closed","ping_status":"closed","template":"template-restaurant.php","meta":{"footnotes":""},"categories":[273],"class_list":["post-922","page","type-page","status-publish","hentry","category-cac-nha-hang"],"acf":[],"yoast_head":"<!-- This site is optimized with the Yoast SEO plugin v26.9 - https:\/\/yoast.com\/product\/yoast-seo-wordpress\/ -->\n<title>Nusantara - Grand Mercure V2 demo site<\/title>\n<meta name=\"robots\" content=\"noindex, follow, max-snippet:-1, max-image-preview:large, max-video-preview:-1\" \/>\n<meta property=\"og:locale\" content=\"vi_VN\" \/>\n<meta property=\"og:type\" content=\"article\" \/>\n<meta property=\"og:title\" content=\"Nusantara - Grand Mercure V2 demo site\" \/>\n<meta property=\"og:description\" content=\"Ch\u00e0o m\u1eebng b\u1ea1n \u0111\u1ebfn v\u1edbi Nusantara, \u0111i\u1ec3m \u0111\u1ebfn \u1ea9m th\u1ef1c \u0111\u1eb7c tr\u01b0ng c\u1ee7a ch\u00fang t\u00f4i nh\u1eb1m t\u00f4n vinh di s\u1ea3n \u1ea9m th\u1ef1c phong ph\u00fa, \u0111a d\u1ea1ng c\u1ee7a Indonesia. \u0110\u00e2y kh\u00f4ng ch\u1ec9 l\u00e0 m\u1ed9t nh\u00e0 h\u00e0ng; \u0111\u00f3 l\u00e0 m\u1ed9t cu\u1ed9c phi\u00eau l\u01b0u \u1ea9m th\u1ef1c kh\u1eafp qu\u1ea7n \u0111\u1ea3o, t\u1eeb m\u00f3n c\u00e0 ri th\u01a1m l\u1eebng c\u1ee7a Sumatra \u0111\u1ebfn [&hellip;]\" \/>\n<meta property=\"og:url\" content=\"https:\/\/grandmercure.accorv2prod.decms.eu\/vi\/nha-hang-quan-bar\/nusantara\/\" \/>\n<meta property=\"og:site_name\" content=\"Grand Mercure V2 demo site\" \/>\n<meta property=\"article:modified_time\" content=\"2025-11-25T10:55:27+00:00\" \/>\n<meta name=\"twitter:card\" content=\"summary_large_image\" \/>\n<meta name=\"twitter:label1\" content=\"Est. reading time\" \/>\n\t<meta name=\"twitter:data1\" content=\"1 minute\" \/>\n<script type=\"application\/ld+json\" class=\"yoast-schema-graph\">{\"@context\":\"https:\/\/schema.org\",\"@graph\":[{\"@type\":\"WebPage\",\"@id\":\"https:\/\/grandmercure.accorv2prod.decms.eu\/vi\/nha-hang-quan-bar\/nusantara\/\",\"url\":\"https:\/\/grandmercure.accorv2prod.decms.eu\/vi\/nha-hang-quan-bar\/nusantara\/\",\"name\":\"Nusantara - Grand Mercure V2 demo site\",\"isPartOf\":{\"@id\":\"https:\/\/grandmercure.accorv2prod.decms.eu\/#website\"},\"datePublished\":\"2021-07-01T08:44:06+00:00\",\"dateModified\":\"2025-11-25T10:55:27+00:00\",\"breadcrumb\":{\"@id\":\"https:\/\/grandmercure.accorv2prod.decms.eu\/vi\/nha-hang-quan-bar\/nusantara\/#breadcrumb\"},\"inLanguage\":\"vi-VN\",\"potentialAction\":[{\"@type\":\"ReadAction\",\"target\":[\"https:\/\/grandmercure.accorv2prod.decms.eu\/vi\/nha-hang-quan-bar\/nusantara\/\"]}]},{\"@type\":\"BreadcrumbList\",\"@id\":\"https:\/\/grandmercure.accorv2prod.decms.eu\/vi\/nha-hang-quan-bar\/nusantara\/#breadcrumb\",\"itemListElement\":[{\"@type\":\"ListItem\",\"position\":1,\"name\":\"Home\",\"item\":\"https:\/\/grandmercure.accorv2prod.decms.eu\/vi\/\"},{\"@type\":\"ListItem\",\"position\":2,\"name\":\"Nh\u00e0 h\u00e0ng &#038; Qu\u00e1n bar\",\"item\":\"https:\/\/grandmercure.accorv2prod.decms.eu\/vi\/nha-hang-quan-bar\/\"},{\"@type\":\"ListItem\",\"position\":3,\"name\":\"Nusantara\"}]},{\"@type\":\"WebSite\",\"@id\":\"https:\/\/grandmercure.accorv2prod.decms.eu\/#website\",\"url\":\"https:\/\/grandmercure.accorv2prod.decms.eu\/\",\"name\":\"Grand Mercure V2 demo site\",\"description\":\"Just another Matteo Canever Site Sites site\",\"potentialAction\":[{\"@type\":\"SearchAction\",\"target\":{\"@type\":\"EntryPoint\",\"urlTemplate\":\"https:\/\/grandmercure.accorv2prod.decms.eu\/?s={search_term_string}\"},\"query-input\":{\"@type\":\"PropertyValueSpecification\",\"valueRequired\":true,\"valueName\":\"search_term_string\"}}],\"inLanguage\":\"vi-VN\"}]}<\/script>\n<!-- \/ Yoast SEO plugin. -->","yoast_head_json":{"title":"Nusantara - Grand Mercure V2 demo site","robots":{"index":"noindex","follow":"follow","max-snippet":"max-snippet:-1","max-image-preview":"max-image-preview:large","max-video-preview":"max-video-preview:-1"},"og_locale":"vi_VN","og_type":"article","og_title":"Nusantara - Grand Mercure V2 demo site","og_description":"Ch\u00e0o m\u1eebng b\u1ea1n \u0111\u1ebfn v\u1edbi Nusantara, \u0111i\u1ec3m \u0111\u1ebfn \u1ea9m th\u1ef1c \u0111\u1eb7c tr\u01b0ng c\u1ee7a ch\u00fang t\u00f4i nh\u1eb1m t\u00f4n vinh di s\u1ea3n \u1ea9m th\u1ef1c phong ph\u00fa, \u0111a d\u1ea1ng c\u1ee7a Indonesia. \u0110\u00e2y kh\u00f4ng ch\u1ec9 l\u00e0 m\u1ed9t nh\u00e0 h\u00e0ng; \u0111\u00f3 l\u00e0 m\u1ed9t cu\u1ed9c phi\u00eau l\u01b0u \u1ea9m th\u1ef1c kh\u1eafp qu\u1ea7n \u0111\u1ea3o, t\u1eeb m\u00f3n c\u00e0 ri th\u01a1m l\u1eebng c\u1ee7a Sumatra \u0111\u1ebfn [&hellip;]","og_url":"https:\/\/grandmercure.accorv2prod.decms.eu\/vi\/nha-hang-quan-bar\/nusantara\/","og_site_name":"Grand Mercure V2 demo site","article_modified_time":"2025-11-25T10:55:27+00:00","twitter_card":"summary_large_image","twitter_misc":{"Est. reading time":"1 minute"},"schema":{"@context":"https:\/\/schema.org","@graph":[{"@type":"WebPage","@id":"https:\/\/grandmercure.accorv2prod.decms.eu\/vi\/nha-hang-quan-bar\/nusantara\/","url":"https:\/\/grandmercure.accorv2prod.decms.eu\/vi\/nha-hang-quan-bar\/nusantara\/","name":"Nusantara - Grand Mercure V2 demo site","isPartOf":{"@id":"https:\/\/grandmercure.accorv2prod.decms.eu\/#website"},"datePublished":"2021-07-01T08:44:06+00:00","dateModified":"2025-11-25T10:55:27+00:00","breadcrumb":{"@id":"https:\/\/grandmercure.accorv2prod.decms.eu\/vi\/nha-hang-quan-bar\/nusantara\/#breadcrumb"},"inLanguage":"vi-VN","potentialAction":[{"@type":"ReadAction","target":["https:\/\/grandmercure.accorv2prod.decms.eu\/vi\/nha-hang-quan-bar\/nusantara\/"]}]},{"@type":"BreadcrumbList","@id":"https:\/\/grandmercure.accorv2prod.decms.eu\/vi\/nha-hang-quan-bar\/nusantara\/#breadcrumb","itemListElement":[{"@type":"ListItem","position":1,"name":"Home","item":"https:\/\/grandmercure.accorv2prod.decms.eu\/vi\/"},{"@type":"ListItem","position":2,"name":"Nh\u00e0 h\u00e0ng &#038; Qu\u00e1n bar","item":"https:\/\/grandmercure.accorv2prod.decms.eu\/vi\/nha-hang-quan-bar\/"},{"@type":"ListItem","position":3,"name":"Nusantara"}]},{"@type":"WebSite","@id":"https:\/\/grandmercure.accorv2prod.decms.eu\/#website","url":"https:\/\/grandmercure.accorv2prod.decms.eu\/","name":"Grand Mercure V2 demo site","description":"Just another Matteo Canever Site Sites site","potentialAction":[{"@type":"SearchAction","target":{"@type":"EntryPoint","urlTemplate":"https:\/\/grandmercure.accorv2prod.decms.eu\/?s={search_term_string}"},"query-input":{"@type":"PropertyValueSpecification","valueRequired":true,"valueName":"search_term_string"}}],"inLanguage":"vi-VN"}]}},"_links":{"self":[{"href":"https:\/\/grandmercure.accorv2prod.decms.eu\/vi\/wp-json\/wp\/v2\/pages\/922","targetHints":{"allow":["GET"]}}],"collection":[{"href":"https:\/\/grandmercure.accorv2prod.decms.eu\/vi\/wp-json\/wp\/v2\/pages"}],"about":[{"href":"https:\/\/grandmercure.accorv2prod.decms.eu\/vi\/wp-json\/wp\/v2\/types\/page"}],"author":[{"embeddable":true,"href":"https:\/\/grandmercure.accorv2prod.decms.eu\/vi\/wp-json\/wp\/v2\/users\/2"}],"replies":[{"embeddable":true,"href":"https:\/\/grandmercure.accorv2prod.decms.eu\/vi\/wp-json\/wp\/v2\/comments?post=922"}],"version-history":[{"count":0,"href":"https:\/\/grandmercure.accorv2prod.decms.eu\/vi\/wp-json\/wp\/v2\/pages\/922\/revisions"}],"up":[{"embeddable":true,"href":"https:\/\/grandmercure.accorv2prod.decms.eu\/vi\/wp-json\/wp\/v2\/pages\/920"}],"wp:attachment":[{"href":"https:\/\/grandmercure.accorv2prod.decms.eu\/vi\/wp-json\/wp\/v2\/media?parent=922"}],"wp:term":[{"taxonomy":"category","embeddable":true,"href":"https:\/\/grandmercure.accorv2prod.decms.eu\/vi\/wp-json\/wp\/v2\/categories?post=922"}],"curies":[{"name":"wp","href":"https:\/\/api.w.org\/{rel}","templated":true}]}}