{"id":924,"date":"2021-07-01T08:54:55","date_gmt":"2021-07-01T08:54:55","guid":{"rendered":"https:\/\/grandmercure.accorv2prod.decms.eu\/?page_id=924"},"modified":"2025-11-18T10:10:43","modified_gmt":"2025-11-18T10:10:43","slug":"phong-nghi-suite","status":"publish","type":"page","link":"https:\/\/grandmercure.accorv2prod.decms.eu\/vi\/phong-nghi-suite\/","title":{"rendered":"Ph\u00f2ng ngh\u1ec9 &#038; Suite"},"content":{"rendered":"<p>Ch\u00e0o m\u1eebng b\u1ea1n \u0111\u1ebfn v\u1edbi th\u00e1nh \u0111\u1ecba c\u00e1 nh\u00e2n c\u1ee7a m\u00ecnh. M\u1ed7i ph\u00f2ng ngh\u1ec9, suite v\u00e0 bi\u1ec7t th\u1ef1 t\u1ea1i Kh\u00e1ch s\u1ea1n Grand Mercure Bali l\u00e0 m\u1ed9t b\u1ebfn \u0111\u1ed7 ri\u00eang t\u01b0 c\u1ee7a s\u1ef1 y\u00ean b\u00ecnh s\u00e2u s\u1eafc. Ch\u00fang t\u00f4i \u0111\u00f3n nh\u1eadn tri\u1ebft l\u00fd Bali v\u1ec1 s\u1ef1 h\u00e0i h\u00f2a gi\u1eefa thi\u00ean nhi\u00ean v\u00e0 kh\u00f4ng gian s\u1ed1ng, cho ph\u00e9p s\u1ef1 thanh l\u1ecbch \u0111\u01b0\u01a1ng \u0111\u1ea1i h\u00f2a quy\u1ec7n nh\u1ecbp nh\u00e0ng v\u1edbi ngh\u1ec1 th\u1ee7 c\u00f4ng \u0111\u1ecba ph\u01b0\u01a1ng ch\u00e2n th\u1ef1c. Kh\u00e1m ph\u00e1 nh\u1eefng kh\u00f4ng gian \u0111\u01b0\u1ee3c \u0111\u1ecbnh ngh\u0129a b\u1edfi s\u1ef1 sang tr\u1ecdng t\u1ef1 nhi\u00ean, tinh t\u1ebf. \u00c1nh s\u00e1ng m\u1eb7t tr\u1eddi chi\u1ebfu r\u1ecdi k\u1ebft c\u1ea5u phong ph\u00fa c\u1ee7a g\u1ed7 b\u1ec1n v\u1eefng, \u0111\u00e1 t\u1ef1 nhi\u00ean m\u00e1t l\u1ea1nh v\u00e0 v\u1ea3i <i>Ikat<\/i> d\u1ec7t tay. M\u1ecdi chi ti\u1ebft \u0111\u1ec1u l\u00e0 s\u1ef1 t\u00f4n vinh th\u1ea7m l\u1eb7ng \u0111\u1ed1i v\u1edbi c\u00e1c ngh\u1ec7 nh\u00e2n c\u1ee7a h\u00f2n \u0111\u1ea3o, t\u1ea1o n\u00ean m\u1ed9t b\u1ea7u kh\u00f4ng kh\u00ed tinh t\u1ebf, \u1ea5m \u00e1p v\u00e0 v\u00f4 c\u00f9ng \u00eam d\u1ecbu. T\u1eeb nh\u1eefng c\u0103n ph\u00f2ng thanh l\u1ecbch \u0111\u1ebfn nh\u1eefng bi\u1ec7t th\u1ef1 h\u1ed3 b\u01a1i ri\u00eang tr\u00e1ng l\u1ec7, b\u1ed9 s\u01b0u t\u1eadp c\u1ee7a ch\u00fang t\u00f4i \u0111\u00e1p \u1ee9ng m\u1ecdi mong mu\u1ed1n. Ch\u00fang t\u00f4i m\u1eddi b\u1ea1n kh\u00e1m ph\u00e1 c\u00e1c l\u1ef1a ch\u1ecdn ch\u1ed7 \u1edf c\u1ee7a ch\u00fang t\u00f4i b\u00ean d\u01b0\u1edbi.<\/p>\n","protected":false},"excerpt":{"rendered":"<p>Ch\u00e0o m\u1eebng b\u1ea1n \u0111\u1ebfn v\u1edbi th\u00e1nh \u0111\u1ecba c\u00e1 nh\u00e2n c\u1ee7a m\u00ecnh. M\u1ed7i ph\u00f2ng ngh\u1ec9, suite v\u00e0 bi\u1ec7t th\u1ef1 t\u1ea1i Kh\u00e1ch s\u1ea1n Grand Mercure Bali l\u00e0 m\u1ed9t b\u1ebfn \u0111\u1ed7 ri\u00eang t\u01b0 c\u1ee7a s\u1ef1 y\u00ean b\u00ecnh s\u00e2u s\u1eafc. Ch\u00fang t\u00f4i \u0111\u00f3n nh\u1eadn tri\u1ebft l\u00fd Bali v\u1ec1 s\u1ef1 h\u00e0i h\u00f2a gi\u1eefa thi\u00ean nhi\u00ean v\u00e0 kh\u00f4ng gian s\u1ed1ng, cho [&hellip;]<\/p>\n","protected":false},"author":2,"featured_media":0,"parent":0,"menu_order":30,"comment_status":"closed","ping_status":"closed","template":"template-rooms.php","meta":{"footnotes":""},"categories":[],"class_list":["post-924","page","type-page","status-publish","hentry"],"acf":[],"yoast_head":"<!-- This site is optimized with the Yoast SEO plugin v26.9 - https:\/\/yoast.com\/product\/yoast-seo-wordpress\/ -->\n<title>Ph\u00f2ng ngh\u1ec9 &amp; Suite - Grand Mercure V2 demo site<\/title>\n<meta name=\"robots\" content=\"noindex, follow, max-snippet:-1, max-image-preview:large, max-video-preview:-1\" \/>\n<meta property=\"og:locale\" content=\"vi_VN\" \/>\n<meta property=\"og:type\" content=\"article\" \/>\n<meta property=\"og:title\" content=\"Ph\u00f2ng ngh\u1ec9 &amp; Suite - Grand Mercure V2 demo site\" \/>\n<meta property=\"og:description\" content=\"Ch\u00e0o m\u1eebng b\u1ea1n \u0111\u1ebfn v\u1edbi th\u00e1nh \u0111\u1ecba c\u00e1 nh\u00e2n c\u1ee7a m\u00ecnh. M\u1ed7i ph\u00f2ng ngh\u1ec9, suite v\u00e0 bi\u1ec7t th\u1ef1 t\u1ea1i Kh\u00e1ch s\u1ea1n Grand Mercure Bali l\u00e0 m\u1ed9t b\u1ebfn \u0111\u1ed7 ri\u00eang t\u01b0 c\u1ee7a s\u1ef1 y\u00ean b\u00ecnh s\u00e2u s\u1eafc. Ch\u00fang t\u00f4i \u0111\u00f3n nh\u1eadn tri\u1ebft l\u00fd Bali v\u1ec1 s\u1ef1 h\u00e0i h\u00f2a gi\u1eefa thi\u00ean nhi\u00ean v\u00e0 kh\u00f4ng gian s\u1ed1ng, cho [&hellip;]\" \/>\n<meta property=\"og:url\" content=\"https:\/\/grandmercure.accorv2prod.decms.eu\/vi\/phong-nghi-suite\/\" \/>\n<meta property=\"og:site_name\" content=\"Grand Mercure V2 demo site\" \/>\n<meta property=\"article:modified_time\" content=\"2025-11-18T10:10:43+00:00\" \/>\n<meta name=\"twitter:card\" content=\"summary_large_image\" \/>\n<meta name=\"twitter:label1\" content=\"Est. reading time\" \/>\n\t<meta name=\"twitter:data1\" content=\"1 minute\" \/>\n<script type=\"application\/ld+json\" class=\"yoast-schema-graph\">{\"@context\":\"https:\/\/schema.org\",\"@graph\":[{\"@type\":\"WebPage\",\"@id\":\"https:\/\/grandmercure.accorv2prod.decms.eu\/vi\/phong-nghi-suite\/\",\"url\":\"https:\/\/grandmercure.accorv2prod.decms.eu\/vi\/phong-nghi-suite\/\",\"name\":\"Ph\u00f2ng ngh\u1ec9 & Suite - Grand Mercure V2 demo site\",\"isPartOf\":{\"@id\":\"https:\/\/grandmercure.accorv2prod.decms.eu\/#website\"},\"datePublished\":\"2021-07-01T08:54:55+00:00\",\"dateModified\":\"2025-11-18T10:10:43+00:00\",\"breadcrumb\":{\"@id\":\"https:\/\/grandmercure.accorv2prod.decms.eu\/vi\/phong-nghi-suite\/#breadcrumb\"},\"inLanguage\":\"vi-VN\",\"potentialAction\":[{\"@type\":\"ReadAction\",\"target\":[\"https:\/\/grandmercure.accorv2prod.decms.eu\/vi\/phong-nghi-suite\/\"]}]},{\"@type\":\"BreadcrumbList\",\"@id\":\"https:\/\/grandmercure.accorv2prod.decms.eu\/vi\/phong-nghi-suite\/#breadcrumb\",\"itemListElement\":[{\"@type\":\"ListItem\",\"position\":1,\"name\":\"Home\",\"item\":\"https:\/\/grandmercure.accorv2prod.decms.eu\/vi\/\"},{\"@type\":\"ListItem\",\"position\":2,\"name\":\"Ph\u00f2ng ngh\u1ec9 &#038; Suite\"}]},{\"@type\":\"WebSite\",\"@id\":\"https:\/\/grandmercure.accorv2prod.decms.eu\/#website\",\"url\":\"https:\/\/grandmercure.accorv2prod.decms.eu\/\",\"name\":\"Grand Mercure V2 demo site\",\"description\":\"Just another Matteo Canever Site Sites site\",\"potentialAction\":[{\"@type\":\"SearchAction\",\"target\":{\"@type\":\"EntryPoint\",\"urlTemplate\":\"https:\/\/grandmercure.accorv2prod.decms.eu\/?s={search_term_string}\"},\"query-input\":{\"@type\":\"PropertyValueSpecification\",\"valueRequired\":true,\"valueName\":\"search_term_string\"}}],\"inLanguage\":\"vi-VN\"}]}<\/script>\n<!-- \/ Yoast SEO plugin. -->","yoast_head_json":{"title":"Ph\u00f2ng ngh\u1ec9 & Suite - Grand Mercure V2 demo site","robots":{"index":"noindex","follow":"follow","max-snippet":"max-snippet:-1","max-image-preview":"max-image-preview:large","max-video-preview":"max-video-preview:-1"},"og_locale":"vi_VN","og_type":"article","og_title":"Ph\u00f2ng ngh\u1ec9 & Suite - Grand Mercure V2 demo site","og_description":"Ch\u00e0o m\u1eebng b\u1ea1n \u0111\u1ebfn v\u1edbi th\u00e1nh \u0111\u1ecba c\u00e1 nh\u00e2n c\u1ee7a m\u00ecnh. M\u1ed7i ph\u00f2ng ngh\u1ec9, suite v\u00e0 bi\u1ec7t th\u1ef1 t\u1ea1i Kh\u00e1ch s\u1ea1n Grand Mercure Bali l\u00e0 m\u1ed9t b\u1ebfn \u0111\u1ed7 ri\u00eang t\u01b0 c\u1ee7a s\u1ef1 y\u00ean b\u00ecnh s\u00e2u s\u1eafc. Ch\u00fang t\u00f4i \u0111\u00f3n nh\u1eadn tri\u1ebft l\u00fd Bali v\u1ec1 s\u1ef1 h\u00e0i h\u00f2a gi\u1eefa thi\u00ean nhi\u00ean v\u00e0 kh\u00f4ng gian s\u1ed1ng, cho [&hellip;]","og_url":"https:\/\/grandmercure.accorv2prod.decms.eu\/vi\/phong-nghi-suite\/","og_site_name":"Grand Mercure V2 demo site","article_modified_time":"2025-11-18T10:10:43+00:00","twitter_card":"summary_large_image","twitter_misc":{"Est. reading time":"1 minute"},"schema":{"@context":"https:\/\/schema.org","@graph":[{"@type":"WebPage","@id":"https:\/\/grandmercure.accorv2prod.decms.eu\/vi\/phong-nghi-suite\/","url":"https:\/\/grandmercure.accorv2prod.decms.eu\/vi\/phong-nghi-suite\/","name":"Ph\u00f2ng ngh\u1ec9 & Suite - Grand Mercure V2 demo site","isPartOf":{"@id":"https:\/\/grandmercure.accorv2prod.decms.eu\/#website"},"datePublished":"2021-07-01T08:54:55+00:00","dateModified":"2025-11-18T10:10:43+00:00","breadcrumb":{"@id":"https:\/\/grandmercure.accorv2prod.decms.eu\/vi\/phong-nghi-suite\/#breadcrumb"},"inLanguage":"vi-VN","potentialAction":[{"@type":"ReadAction","target":["https:\/\/grandmercure.accorv2prod.decms.eu\/vi\/phong-nghi-suite\/"]}]},{"@type":"BreadcrumbList","@id":"https:\/\/grandmercure.accorv2prod.decms.eu\/vi\/phong-nghi-suite\/#breadcrumb","itemListElement":[{"@type":"ListItem","position":1,"name":"Home","item":"https:\/\/grandmercure.accorv2prod.decms.eu\/vi\/"},{"@type":"ListItem","position":2,"name":"Ph\u00f2ng ngh\u1ec9 &#038; Suite"}]},{"@type":"WebSite","@id":"https:\/\/grandmercure.accorv2prod.decms.eu\/#website","url":"https:\/\/grandmercure.accorv2prod.decms.eu\/","name":"Grand Mercure V2 demo site","description":"Just another Matteo Canever Site Sites site","potentialAction":[{"@type":"SearchAction","target":{"@type":"EntryPoint","urlTemplate":"https:\/\/grandmercure.accorv2prod.decms.eu\/?s={search_term_string}"},"query-input":{"@type":"PropertyValueSpecification","valueRequired":true,"valueName":"search_term_string"}}],"inLanguage":"vi-VN"}]}},"_links":{"self":[{"href":"https:\/\/grandmercure.accorv2prod.decms.eu\/vi\/wp-json\/wp\/v2\/pages\/924","targetHints":{"allow":["GET"]}}],"collection":[{"href":"https:\/\/grandmercure.accorv2prod.decms.eu\/vi\/wp-json\/wp\/v2\/pages"}],"about":[{"href":"https:\/\/grandmercure.accorv2prod.decms.eu\/vi\/wp-json\/wp\/v2\/types\/page"}],"author":[{"embeddable":true,"href":"https:\/\/grandmercure.accorv2prod.decms.eu\/vi\/wp-json\/wp\/v2\/users\/2"}],"replies":[{"embeddable":true,"href":"https:\/\/grandmercure.accorv2prod.decms.eu\/vi\/wp-json\/wp\/v2\/comments?post=924"}],"version-history":[{"count":0,"href":"https:\/\/grandmercure.accorv2prod.decms.eu\/vi\/wp-json\/wp\/v2\/pages\/924\/revisions"}],"wp:attachment":[{"href":"https:\/\/grandmercure.accorv2prod.decms.eu\/vi\/wp-json\/wp\/v2\/media?parent=924"}],"wp:term":[{"taxonomy":"category","embeddable":true,"href":"https:\/\/grandmercure.accorv2prod.decms.eu\/vi\/wp-json\/wp\/v2\/categories?post=924"}],"curies":[{"name":"wp","href":"https:\/\/api.w.org\/{rel}","templated":true}]}}