{"id":928,"date":"2021-07-01T09:05:43","date_gmt":"2021-07-01T09:05:43","guid":{"rendered":"https:\/\/grandmercure.accorv2prod.decms.eu\/?page_id=928"},"modified":"2025-11-25T10:39:01","modified_gmt":"2025-11-25T10:39:01","slug":"nirvana-sands-spa-wellness","status":"publish","type":"page","link":"https:\/\/grandmercure.accorv2prod.decms.eu\/vi\/nirvana-sands-spa-wellness\/","title":{"rendered":"Nirvana Sands Spa &#038; Wellness"},"content":{"rendered":"<p>Ch\u00e0o m\u1eebng b\u1ea1n \u0111\u1ebfn v\u1edbi Nirvana Sands, th\u00e1nh \u0111\u1ecba y\u00ean t\u0129nh c\u1ee7a ch\u00fang t\u00f4i d\u00e0nh ri\u00eang cho s\u1ee9c kh\u1ecfe to\u00e0n di\u1ec7n. T\u1ea1i \u0111\u00e2y, ch\u00fang t\u00f4i tin r\u1eb1ng s\u1ee9c kh\u1ecfe l\u00e0 m\u1ed9t nghi th\u1ee9c thi\u00eang li\u00eang\u2014m\u1ed9t h\u00e0nh tr\u00ecnh tr\u1edf l\u1ea1i s\u1ef1 c\u00e2n b\u1eb1ng \u0111\u01b0\u1ee3c d\u1eabn d\u1eaft b\u1edfi tri\u1ebft l\u00fd Tri Hita Karana c\u1ee7a ng\u01b0\u1eddi Bali.<\/p>\n<p>Spa c\u1ee7a ch\u00fang t\u00f4i h\u1ed3i sinh tr\u00ed tu\u1ec7 ch\u1eefa b\u1ec7nh c\u1ed5 x\u01b0a c\u1ee7a Bali (Jamu), s\u1eed d\u1ee5ng c\u00e1c lo\u1ea1i th\u1ea3o m\u1ed9c b\u1ea3n \u0111\u1ecba, kho\u00e1ng ch\u1ea5t n\u00fai l\u1eeda v\u00e0 c\u00e1c k\u1ef9 thu\u1eadt tr\u1ecb li\u1ec7u \u0111\u01b0\u1ee3c truy\u1ec1n qua nhi\u1ec1u th\u1ebf h\u1ec7. T\u1eeb c\u00e1c nghi th\u1ee9c \u0111\u1eb7c tr\u01b0ng c\u1ee7a ch\u00fang t\u00f4i \u0111\u1ebfn ph\u00f2ng t\u1eafm h\u01a1i n\u00fai l\u1eeda v\u00e0 thi\u00ean \u0111\u01b0\u1eddng mu\u1ed1i bi\u1ec3n, m\u1ecdi tr\u1ea3i nghi\u1ec7m \u0111\u1ec1u \u0111\u01b0\u1ee3c thi\u1ebft k\u1ebf \u0111\u1ec3 xoa d\u1ecbu c\u00e1c gi\u00e1c quan, l\u00e0m d\u1ecbu t\u00e2m tr\u00ed v\u00e0 ph\u1ee5c h\u1ed3i tinh th\u1ea7n s\u00e2u s\u1eafc.<\/p>\n","protected":false},"excerpt":{"rendered":"<p>Ch\u00e0o m\u1eebng b\u1ea1n \u0111\u1ebfn v\u1edbi Nirvana Sands, th\u00e1nh \u0111\u1ecba y\u00ean t\u0129nh c\u1ee7a ch\u00fang t\u00f4i d\u00e0nh ri\u00eang cho s\u1ee9c kh\u1ecfe to\u00e0n di\u1ec7n. T\u1ea1i \u0111\u00e2y, ch\u00fang t\u00f4i tin r\u1eb1ng s\u1ee9c kh\u1ecfe l\u00e0 m\u1ed9t nghi th\u1ee9c thi\u00eang li\u00eang\u2014m\u1ed9t h\u00e0nh tr\u00ecnh tr\u1edf l\u1ea1i s\u1ef1 c\u00e2n b\u1eb1ng \u0111\u01b0\u1ee3c d\u1eabn d\u1eaft b\u1edfi tri\u1ebft l\u00fd Tri Hita Karana c\u1ee7a ng\u01b0\u1eddi Bali. Spa [&hellip;]<\/p>\n","protected":false},"author":2,"featured_media":0,"parent":0,"menu_order":70,"comment_status":"closed","ping_status":"closed","template":"","meta":{"footnotes":""},"categories":[],"class_list":["post-928","page","type-page","status-publish","hentry"],"acf":[],"yoast_head":"<!-- This site is optimized with the Yoast SEO plugin v26.9 - https:\/\/yoast.com\/product\/yoast-seo-wordpress\/ -->\n<title>Nirvana Sands Spa &amp; Wellness - Grand Mercure V2 demo site<\/title>\n<meta name=\"robots\" content=\"noindex, follow, max-snippet:-1, max-image-preview:large, max-video-preview:-1\" \/>\n<meta property=\"og:locale\" content=\"vi_VN\" \/>\n<meta property=\"og:type\" content=\"article\" \/>\n<meta property=\"og:title\" content=\"Nirvana Sands Spa &amp; Wellness - Grand Mercure V2 demo site\" \/>\n<meta property=\"og:description\" content=\"Ch\u00e0o m\u1eebng b\u1ea1n \u0111\u1ebfn v\u1edbi Nirvana Sands, th\u00e1nh \u0111\u1ecba y\u00ean t\u0129nh c\u1ee7a ch\u00fang t\u00f4i d\u00e0nh ri\u00eang cho s\u1ee9c kh\u1ecfe to\u00e0n di\u1ec7n. T\u1ea1i \u0111\u00e2y, ch\u00fang t\u00f4i tin r\u1eb1ng s\u1ee9c kh\u1ecfe l\u00e0 m\u1ed9t nghi th\u1ee9c thi\u00eang li\u00eang\u2014m\u1ed9t h\u00e0nh tr\u00ecnh tr\u1edf l\u1ea1i s\u1ef1 c\u00e2n b\u1eb1ng \u0111\u01b0\u1ee3c d\u1eabn d\u1eaft b\u1edfi tri\u1ebft l\u00fd Tri Hita Karana c\u1ee7a ng\u01b0\u1eddi Bali. Spa [&hellip;]\" \/>\n<meta property=\"og:url\" content=\"https:\/\/grandmercure.accorv2prod.decms.eu\/vi\/nirvana-sands-spa-wellness\/\" \/>\n<meta property=\"og:site_name\" content=\"Grand Mercure V2 demo site\" \/>\n<meta property=\"article:modified_time\" content=\"2025-11-25T10:39:01+00:00\" \/>\n<meta name=\"twitter:card\" content=\"summary_large_image\" \/>\n<meta name=\"twitter:label1\" content=\"Est. reading time\" \/>\n\t<meta name=\"twitter:data1\" content=\"1 minute\" \/>\n<script type=\"application\/ld+json\" class=\"yoast-schema-graph\">{\"@context\":\"https:\/\/schema.org\",\"@graph\":[{\"@type\":\"WebPage\",\"@id\":\"https:\/\/grandmercure.accorv2prod.decms.eu\/vi\/nirvana-sands-spa-wellness\/\",\"url\":\"https:\/\/grandmercure.accorv2prod.decms.eu\/vi\/nirvana-sands-spa-wellness\/\",\"name\":\"Nirvana Sands Spa & Wellness - Grand Mercure V2 demo site\",\"isPartOf\":{\"@id\":\"https:\/\/grandmercure.accorv2prod.decms.eu\/#website\"},\"datePublished\":\"2021-07-01T09:05:43+00:00\",\"dateModified\":\"2025-11-25T10:39:01+00:00\",\"breadcrumb\":{\"@id\":\"https:\/\/grandmercure.accorv2prod.decms.eu\/vi\/nirvana-sands-spa-wellness\/#breadcrumb\"},\"inLanguage\":\"vi-VN\",\"potentialAction\":[{\"@type\":\"ReadAction\",\"target\":[\"https:\/\/grandmercure.accorv2prod.decms.eu\/vi\/nirvana-sands-spa-wellness\/\"]}]},{\"@type\":\"BreadcrumbList\",\"@id\":\"https:\/\/grandmercure.accorv2prod.decms.eu\/vi\/nirvana-sands-spa-wellness\/#breadcrumb\",\"itemListElement\":[{\"@type\":\"ListItem\",\"position\":1,\"name\":\"Home\",\"item\":\"https:\/\/grandmercure.accorv2prod.decms.eu\/vi\/\"},{\"@type\":\"ListItem\",\"position\":2,\"name\":\"Nirvana Sands Spa &#038; Wellness\"}]},{\"@type\":\"WebSite\",\"@id\":\"https:\/\/grandmercure.accorv2prod.decms.eu\/#website\",\"url\":\"https:\/\/grandmercure.accorv2prod.decms.eu\/\",\"name\":\"Grand Mercure V2 demo site\",\"description\":\"Just another Matteo Canever Site Sites site\",\"potentialAction\":[{\"@type\":\"SearchAction\",\"target\":{\"@type\":\"EntryPoint\",\"urlTemplate\":\"https:\/\/grandmercure.accorv2prod.decms.eu\/?s={search_term_string}\"},\"query-input\":{\"@type\":\"PropertyValueSpecification\",\"valueRequired\":true,\"valueName\":\"search_term_string\"}}],\"inLanguage\":\"vi-VN\"}]}<\/script>\n<!-- \/ Yoast SEO plugin. -->","yoast_head_json":{"title":"Nirvana Sands Spa & Wellness - Grand Mercure V2 demo site","robots":{"index":"noindex","follow":"follow","max-snippet":"max-snippet:-1","max-image-preview":"max-image-preview:large","max-video-preview":"max-video-preview:-1"},"og_locale":"vi_VN","og_type":"article","og_title":"Nirvana Sands Spa & Wellness - Grand Mercure V2 demo site","og_description":"Ch\u00e0o m\u1eebng b\u1ea1n \u0111\u1ebfn v\u1edbi Nirvana Sands, th\u00e1nh \u0111\u1ecba y\u00ean t\u0129nh c\u1ee7a ch\u00fang t\u00f4i d\u00e0nh ri\u00eang cho s\u1ee9c kh\u1ecfe to\u00e0n di\u1ec7n. T\u1ea1i \u0111\u00e2y, ch\u00fang t\u00f4i tin r\u1eb1ng s\u1ee9c kh\u1ecfe l\u00e0 m\u1ed9t nghi th\u1ee9c thi\u00eang li\u00eang\u2014m\u1ed9t h\u00e0nh tr\u00ecnh tr\u1edf l\u1ea1i s\u1ef1 c\u00e2n b\u1eb1ng \u0111\u01b0\u1ee3c d\u1eabn d\u1eaft b\u1edfi tri\u1ebft l\u00fd Tri Hita Karana c\u1ee7a ng\u01b0\u1eddi Bali. Spa [&hellip;]","og_url":"https:\/\/grandmercure.accorv2prod.decms.eu\/vi\/nirvana-sands-spa-wellness\/","og_site_name":"Grand Mercure V2 demo site","article_modified_time":"2025-11-25T10:39:01+00:00","twitter_card":"summary_large_image","twitter_misc":{"Est. reading time":"1 minute"},"schema":{"@context":"https:\/\/schema.org","@graph":[{"@type":"WebPage","@id":"https:\/\/grandmercure.accorv2prod.decms.eu\/vi\/nirvana-sands-spa-wellness\/","url":"https:\/\/grandmercure.accorv2prod.decms.eu\/vi\/nirvana-sands-spa-wellness\/","name":"Nirvana Sands Spa & Wellness - Grand Mercure V2 demo site","isPartOf":{"@id":"https:\/\/grandmercure.accorv2prod.decms.eu\/#website"},"datePublished":"2021-07-01T09:05:43+00:00","dateModified":"2025-11-25T10:39:01+00:00","breadcrumb":{"@id":"https:\/\/grandmercure.accorv2prod.decms.eu\/vi\/nirvana-sands-spa-wellness\/#breadcrumb"},"inLanguage":"vi-VN","potentialAction":[{"@type":"ReadAction","target":["https:\/\/grandmercure.accorv2prod.decms.eu\/vi\/nirvana-sands-spa-wellness\/"]}]},{"@type":"BreadcrumbList","@id":"https:\/\/grandmercure.accorv2prod.decms.eu\/vi\/nirvana-sands-spa-wellness\/#breadcrumb","itemListElement":[{"@type":"ListItem","position":1,"name":"Home","item":"https:\/\/grandmercure.accorv2prod.decms.eu\/vi\/"},{"@type":"ListItem","position":2,"name":"Nirvana Sands Spa &#038; Wellness"}]},{"@type":"WebSite","@id":"https:\/\/grandmercure.accorv2prod.decms.eu\/#website","url":"https:\/\/grandmercure.accorv2prod.decms.eu\/","name":"Grand Mercure V2 demo site","description":"Just another Matteo Canever Site Sites site","potentialAction":[{"@type":"SearchAction","target":{"@type":"EntryPoint","urlTemplate":"https:\/\/grandmercure.accorv2prod.decms.eu\/?s={search_term_string}"},"query-input":{"@type":"PropertyValueSpecification","valueRequired":true,"valueName":"search_term_string"}}],"inLanguage":"vi-VN"}]}},"_links":{"self":[{"href":"https:\/\/grandmercure.accorv2prod.decms.eu\/vi\/wp-json\/wp\/v2\/pages\/928","targetHints":{"allow":["GET"]}}],"collection":[{"href":"https:\/\/grandmercure.accorv2prod.decms.eu\/vi\/wp-json\/wp\/v2\/pages"}],"about":[{"href":"https:\/\/grandmercure.accorv2prod.decms.eu\/vi\/wp-json\/wp\/v2\/types\/page"}],"author":[{"embeddable":true,"href":"https:\/\/grandmercure.accorv2prod.decms.eu\/vi\/wp-json\/wp\/v2\/users\/2"}],"replies":[{"embeddable":true,"href":"https:\/\/grandmercure.accorv2prod.decms.eu\/vi\/wp-json\/wp\/v2\/comments?post=928"}],"version-history":[{"count":0,"href":"https:\/\/grandmercure.accorv2prod.decms.eu\/vi\/wp-json\/wp\/v2\/pages\/928\/revisions"}],"wp:attachment":[{"href":"https:\/\/grandmercure.accorv2prod.decms.eu\/vi\/wp-json\/wp\/v2\/media?parent=928"}],"wp:term":[{"taxonomy":"category","embeddable":true,"href":"https:\/\/grandmercure.accorv2prod.decms.eu\/vi\/wp-json\/wp\/v2\/categories?post=928"}],"curies":[{"name":"wp","href":"https:\/\/api.w.org\/{rel}","templated":true}]}}