{"id":929,"date":"2021-07-01T09:11:27","date_gmt":"2021-07-01T09:11:27","guid":{"rendered":"https:\/\/grandmercure.accorv2prod.decms.eu\/?page_id=929"},"modified":"2025-11-25T11:02:15","modified_gmt":"2025-11-25T11:02:15","slug":"the-spa-tai-nirvana-sands","status":"publish","type":"page","link":"https:\/\/grandmercure.accorv2prod.decms.eu\/vi\/nirvana-sands-spa-wellness\/the-spa-tai-nirvana-sands\/","title":{"rendered":"The SPA t\u1ea1i Nirvana Sands"},"content":{"rendered":"<p>Ch\u00e0o m\u1eebng b\u1ea1n \u0111\u1ebfn v\u1edbi tr\u00e1i tim c\u1ee7a Nirvana Sands\u2014m\u1ed9t th\u00e1nh \u0111\u1ecba chuy\u00ean d\u1ee5ng n\u01a1i tr\u00ed tu\u1ec7 ch\u1eefa b\u1ec7nh c\u1ed5 x\u01b0a c\u1ee7a Bali g\u1eb7p g\u1ee1 s\u1ee9c kh\u1ecfe \u0111\u01b0\u01a1ng \u0111\u1ea1i. \u0110\u00e2y l\u00e0 \u0111i\u1ec3m kh\u1edfi \u0111\u1ea7u c\u1ee7a b\u1ea1n, m\u1ed9t kh\u00f4ng gian n\u01a1i tri\u1ebft l\u00fd &#8216;H\u1ed3i sinh Nghi th\u1ee9c&#8217; c\u1ee7a ch\u00fang t\u00f4i tr\u1edf th\u00e0nh hi\u1ec7n th\u1ef1c. C\u00e1ch ti\u1ebfp c\u1eadn c\u1ee7a ch\u00fang t\u00f4i l\u00e0 to\u00e0n di\u1ec7n, \u0111\u01b0\u1ee3c d\u1eabn d\u1eaft b\u1edfi ni\u1ec1m tin r\u1eb1ng s\u1ee9c kh\u1ecfe th\u1ef1c s\u1ef1 l\u00e0 s\u1ef1 h\u00e0i h\u00f2a c\u1ee7a c\u01a1 th\u1ec3, t\u00e2m tr\u00ed v\u00e0 tinh th\u1ea7n.<\/p>\n<p>Ngay t\u1eeb gi\u00e2y ph\u00fat b\u1ea1n b\u01b0\u1edbc v\u00e0o, h\u01b0\u01a1ng th\u01a1m \u00eam d\u1ecbu c\u1ee7a hoa s\u1ee9 v\u00e0 \u00e2m thanh nh\u1eb9 nh\u00e0ng c\u1ee7a nh\u1ea1c gamelan s\u1ebd b\u1eaft \u0111\u1ea7u h\u00e0nh tr\u00ecnh c\u1ee7a b\u1ea1n v\u00e0o s\u1ef1 y\u00ean t\u0129nh. Nh\u00e2n vi\u00ean h\u01b0\u1edbng d\u1eabn spa chuy\u00ean nghi\u1ec7p c\u1ee7a ch\u00fang t\u00f4i s\u1ebd tham kh\u1ea3o \u00fd ki\u1ebfn c\u1ee7a b\u1ea1n \u0111\u1ec3 t\u1ea1o ra m\u1ed9t l\u1ed9 tr\u00ecnh ch\u0103m s\u00f3c s\u1ee9c kh\u1ecfe c\u00e1 nh\u00e2n h\u00f3a, h\u01b0\u1edbng d\u1eabn b\u1ea1n \u0111\u1ebfn c\u00e1c nghi th\u1ee9c, massage v\u00e0 c\u00e1c c\u01a1 s\u1edf ph\u1ee5c h\u1ed3i ph\u00f9 h\u1ee3p nh\u1ea5t v\u1edbi nhu c\u1ea7u c\u1ee7a b\u1ea1n.<\/p>\n","protected":false},"excerpt":{"rendered":"<p>Ch\u00e0o m\u1eebng b\u1ea1n \u0111\u1ebfn v\u1edbi tr\u00e1i tim c\u1ee7a Nirvana Sands\u2014m\u1ed9t th\u00e1nh \u0111\u1ecba chuy\u00ean d\u1ee5ng n\u01a1i tr\u00ed tu\u1ec7 ch\u1eefa b\u1ec7nh c\u1ed5 x\u01b0a c\u1ee7a Bali g\u1eb7p g\u1ee1 s\u1ee9c kh\u1ecfe \u0111\u01b0\u01a1ng \u0111\u1ea1i. \u0110\u00e2y l\u00e0 \u0111i\u1ec3m kh\u1edfi \u0111\u1ea7u c\u1ee7a b\u1ea1n, m\u1ed9t kh\u00f4ng gian n\u01a1i tri\u1ebft l\u00fd &#8216;H\u1ed3i sinh Nghi th\u1ee9c&#8217; c\u1ee7a ch\u00fang t\u00f4i tr\u1edf th\u00e0nh hi\u1ec7n th\u1ef1c. C\u00e1ch ti\u1ebfp [&hellip;]<\/p>\n","protected":false},"author":2,"featured_media":0,"parent":928,"menu_order":10,"comment_status":"closed","ping_status":"closed","template":"template-spa.php","meta":{"footnotes":""},"categories":[],"class_list":["post-929","page","type-page","status-publish","hentry"],"acf":[],"yoast_head":"<!-- This site is optimized with the Yoast SEO plugin v26.9 - https:\/\/yoast.com\/product\/yoast-seo-wordpress\/ -->\n<title>The SPA t\u1ea1i Nirvana Sands - Grand Mercure V2 demo site<\/title>\n<meta name=\"robots\" content=\"noindex, follow, max-snippet:-1, max-image-preview:large, max-video-preview:-1\" \/>\n<meta property=\"og:locale\" content=\"vi_VN\" \/>\n<meta property=\"og:type\" content=\"article\" \/>\n<meta property=\"og:title\" content=\"The SPA t\u1ea1i Nirvana Sands - Grand Mercure V2 demo site\" \/>\n<meta property=\"og:description\" content=\"Ch\u00e0o m\u1eebng b\u1ea1n \u0111\u1ebfn v\u1edbi tr\u00e1i tim c\u1ee7a Nirvana Sands\u2014m\u1ed9t th\u00e1nh \u0111\u1ecba chuy\u00ean d\u1ee5ng n\u01a1i tr\u00ed tu\u1ec7 ch\u1eefa b\u1ec7nh c\u1ed5 x\u01b0a c\u1ee7a Bali g\u1eb7p g\u1ee1 s\u1ee9c kh\u1ecfe \u0111\u01b0\u01a1ng \u0111\u1ea1i. \u0110\u00e2y l\u00e0 \u0111i\u1ec3m kh\u1edfi \u0111\u1ea7u c\u1ee7a b\u1ea1n, m\u1ed9t kh\u00f4ng gian n\u01a1i tri\u1ebft l\u00fd &#8216;H\u1ed3i sinh Nghi th\u1ee9c&#8217; c\u1ee7a ch\u00fang t\u00f4i tr\u1edf th\u00e0nh hi\u1ec7n th\u1ef1c. C\u00e1ch ti\u1ebfp [&hellip;]\" \/>\n<meta property=\"og:url\" content=\"https:\/\/grandmercure.accorv2prod.decms.eu\/vi\/nirvana-sands-spa-wellness\/the-spa-tai-nirvana-sands\/\" \/>\n<meta property=\"og:site_name\" content=\"Grand Mercure V2 demo site\" \/>\n<meta property=\"article:modified_time\" content=\"2025-11-25T11:02:15+00:00\" \/>\n<meta name=\"twitter:card\" content=\"summary_large_image\" \/>\n<meta name=\"twitter:label1\" content=\"Est. reading time\" \/>\n\t<meta name=\"twitter:data1\" content=\"1 minute\" \/>\n<script type=\"application\/ld+json\" class=\"yoast-schema-graph\">{\"@context\":\"https:\/\/schema.org\",\"@graph\":[{\"@type\":\"WebPage\",\"@id\":\"https:\/\/grandmercure.accorv2prod.decms.eu\/vi\/nirvana-sands-spa-wellness\/the-spa-tai-nirvana-sands\/\",\"url\":\"https:\/\/grandmercure.accorv2prod.decms.eu\/vi\/nirvana-sands-spa-wellness\/the-spa-tai-nirvana-sands\/\",\"name\":\"The SPA t\u1ea1i Nirvana Sands - Grand Mercure V2 demo site\",\"isPartOf\":{\"@id\":\"https:\/\/grandmercure.accorv2prod.decms.eu\/#website\"},\"datePublished\":\"2021-07-01T09:11:27+00:00\",\"dateModified\":\"2025-11-25T11:02:15+00:00\",\"breadcrumb\":{\"@id\":\"https:\/\/grandmercure.accorv2prod.decms.eu\/vi\/nirvana-sands-spa-wellness\/the-spa-tai-nirvana-sands\/#breadcrumb\"},\"inLanguage\":\"vi-VN\",\"potentialAction\":[{\"@type\":\"ReadAction\",\"target\":[\"https:\/\/grandmercure.accorv2prod.decms.eu\/vi\/nirvana-sands-spa-wellness\/the-spa-tai-nirvana-sands\/\"]}]},{\"@type\":\"BreadcrumbList\",\"@id\":\"https:\/\/grandmercure.accorv2prod.decms.eu\/vi\/nirvana-sands-spa-wellness\/the-spa-tai-nirvana-sands\/#breadcrumb\",\"itemListElement\":[{\"@type\":\"ListItem\",\"position\":1,\"name\":\"Home\",\"item\":\"https:\/\/grandmercure.accorv2prod.decms.eu\/vi\/\"},{\"@type\":\"ListItem\",\"position\":2,\"name\":\"Nirvana Sands Spa &#038; Wellness\",\"item\":\"https:\/\/grandmercure.accorv2prod.decms.eu\/vi\/nirvana-sands-spa-wellness\/\"},{\"@type\":\"ListItem\",\"position\":3,\"name\":\"The SPA t\u1ea1i Nirvana Sands\"}]},{\"@type\":\"WebSite\",\"@id\":\"https:\/\/grandmercure.accorv2prod.decms.eu\/#website\",\"url\":\"https:\/\/grandmercure.accorv2prod.decms.eu\/\",\"name\":\"Grand Mercure V2 demo site\",\"description\":\"Just another Matteo Canever Site Sites site\",\"potentialAction\":[{\"@type\":\"SearchAction\",\"target\":{\"@type\":\"EntryPoint\",\"urlTemplate\":\"https:\/\/grandmercure.accorv2prod.decms.eu\/?s={search_term_string}\"},\"query-input\":{\"@type\":\"PropertyValueSpecification\",\"valueRequired\":true,\"valueName\":\"search_term_string\"}}],\"inLanguage\":\"vi-VN\"}]}<\/script>\n<!-- \/ Yoast SEO plugin. -->","yoast_head_json":{"title":"The SPA t\u1ea1i Nirvana Sands - Grand Mercure V2 demo site","robots":{"index":"noindex","follow":"follow","max-snippet":"max-snippet:-1","max-image-preview":"max-image-preview:large","max-video-preview":"max-video-preview:-1"},"og_locale":"vi_VN","og_type":"article","og_title":"The SPA t\u1ea1i Nirvana Sands - Grand Mercure V2 demo site","og_description":"Ch\u00e0o m\u1eebng b\u1ea1n \u0111\u1ebfn v\u1edbi tr\u00e1i tim c\u1ee7a Nirvana Sands\u2014m\u1ed9t th\u00e1nh \u0111\u1ecba chuy\u00ean d\u1ee5ng n\u01a1i tr\u00ed tu\u1ec7 ch\u1eefa b\u1ec7nh c\u1ed5 x\u01b0a c\u1ee7a Bali g\u1eb7p g\u1ee1 s\u1ee9c kh\u1ecfe \u0111\u01b0\u01a1ng \u0111\u1ea1i. \u0110\u00e2y l\u00e0 \u0111i\u1ec3m kh\u1edfi \u0111\u1ea7u c\u1ee7a b\u1ea1n, m\u1ed9t kh\u00f4ng gian n\u01a1i tri\u1ebft l\u00fd &#8216;H\u1ed3i sinh Nghi th\u1ee9c&#8217; c\u1ee7a ch\u00fang t\u00f4i tr\u1edf th\u00e0nh hi\u1ec7n th\u1ef1c. C\u00e1ch ti\u1ebfp [&hellip;]","og_url":"https:\/\/grandmercure.accorv2prod.decms.eu\/vi\/nirvana-sands-spa-wellness\/the-spa-tai-nirvana-sands\/","og_site_name":"Grand Mercure V2 demo site","article_modified_time":"2025-11-25T11:02:15+00:00","twitter_card":"summary_large_image","twitter_misc":{"Est. reading time":"1 minute"},"schema":{"@context":"https:\/\/schema.org","@graph":[{"@type":"WebPage","@id":"https:\/\/grandmercure.accorv2prod.decms.eu\/vi\/nirvana-sands-spa-wellness\/the-spa-tai-nirvana-sands\/","url":"https:\/\/grandmercure.accorv2prod.decms.eu\/vi\/nirvana-sands-spa-wellness\/the-spa-tai-nirvana-sands\/","name":"The SPA t\u1ea1i Nirvana Sands - Grand Mercure V2 demo site","isPartOf":{"@id":"https:\/\/grandmercure.accorv2prod.decms.eu\/#website"},"datePublished":"2021-07-01T09:11:27+00:00","dateModified":"2025-11-25T11:02:15+00:00","breadcrumb":{"@id":"https:\/\/grandmercure.accorv2prod.decms.eu\/vi\/nirvana-sands-spa-wellness\/the-spa-tai-nirvana-sands\/#breadcrumb"},"inLanguage":"vi-VN","potentialAction":[{"@type":"ReadAction","target":["https:\/\/grandmercure.accorv2prod.decms.eu\/vi\/nirvana-sands-spa-wellness\/the-spa-tai-nirvana-sands\/"]}]},{"@type":"BreadcrumbList","@id":"https:\/\/grandmercure.accorv2prod.decms.eu\/vi\/nirvana-sands-spa-wellness\/the-spa-tai-nirvana-sands\/#breadcrumb","itemListElement":[{"@type":"ListItem","position":1,"name":"Home","item":"https:\/\/grandmercure.accorv2prod.decms.eu\/vi\/"},{"@type":"ListItem","position":2,"name":"Nirvana Sands Spa &#038; Wellness","item":"https:\/\/grandmercure.accorv2prod.decms.eu\/vi\/nirvana-sands-spa-wellness\/"},{"@type":"ListItem","position":3,"name":"The SPA t\u1ea1i Nirvana Sands"}]},{"@type":"WebSite","@id":"https:\/\/grandmercure.accorv2prod.decms.eu\/#website","url":"https:\/\/grandmercure.accorv2prod.decms.eu\/","name":"Grand Mercure V2 demo site","description":"Just another Matteo Canever Site Sites site","potentialAction":[{"@type":"SearchAction","target":{"@type":"EntryPoint","urlTemplate":"https:\/\/grandmercure.accorv2prod.decms.eu\/?s={search_term_string}"},"query-input":{"@type":"PropertyValueSpecification","valueRequired":true,"valueName":"search_term_string"}}],"inLanguage":"vi-VN"}]}},"_links":{"self":[{"href":"https:\/\/grandmercure.accorv2prod.decms.eu\/vi\/wp-json\/wp\/v2\/pages\/929","targetHints":{"allow":["GET"]}}],"collection":[{"href":"https:\/\/grandmercure.accorv2prod.decms.eu\/vi\/wp-json\/wp\/v2\/pages"}],"about":[{"href":"https:\/\/grandmercure.accorv2prod.decms.eu\/vi\/wp-json\/wp\/v2\/types\/page"}],"author":[{"embeddable":true,"href":"https:\/\/grandmercure.accorv2prod.decms.eu\/vi\/wp-json\/wp\/v2\/users\/2"}],"replies":[{"embeddable":true,"href":"https:\/\/grandmercure.accorv2prod.decms.eu\/vi\/wp-json\/wp\/v2\/comments?post=929"}],"version-history":[{"count":0,"href":"https:\/\/grandmercure.accorv2prod.decms.eu\/vi\/wp-json\/wp\/v2\/pages\/929\/revisions"}],"up":[{"embeddable":true,"href":"https:\/\/grandmercure.accorv2prod.decms.eu\/vi\/wp-json\/wp\/v2\/pages\/928"}],"wp:attachment":[{"href":"https:\/\/grandmercure.accorv2prod.decms.eu\/vi\/wp-json\/wp\/v2\/media?parent=929"}],"wp:term":[{"taxonomy":"category","embeddable":true,"href":"https:\/\/grandmercure.accorv2prod.decms.eu\/vi\/wp-json\/wp\/v2\/categories?post=929"}],"curies":[{"name":"wp","href":"https:\/\/api.w.org\/{rel}","templated":true}]}}