{"id":931,"date":"2021-07-01T09:17:08","date_gmt":"2021-07-01T09:17:08","guid":{"rendered":"https:\/\/grandmercure.accorv2prod.decms.eu\/?page_id=931"},"modified":"2025-11-24T13:11:31","modified_gmt":"2025-11-24T13:11:31","slug":"nhung-dieu-nen-lam","status":"publish","type":"page","link":"https:\/\/grandmercure.accorv2prod.decms.eu\/vi\/nhung-dieu-nen-lam\/","title":{"rendered":"Nh\u1eefng \u0110i\u1ec1u N\u00ean L\u00e0m"},"content":{"rendered":"<p>L\u01b0u tr\u00fa t\u1ea1i Kh\u00e1ch s\u1ea1n Grand Mercure Bali l\u00e0 m\u1ed9t l\u1eddi m\u1eddi k\u1ebft n\u1ed1i s\u00e2u s\u1eafc v\u1edbi tinh th\u1ea7n c\u1ee7a h\u00f2n \u0111\u1ea3o. Ch\u00fang t\u00f4i l\u00e0 nh\u1eefng ng\u01b0\u1eddi h\u01b0\u1edbng d\u1eabn c\u00e1 nh\u00e2n c\u1ee7a b\u1ea1n \u0111\u1ebfn nh\u1eefng tr\u1ea3i nghi\u1ec7m ch\u00e2n th\u1ef1c n\u1eb1m ngo\u00e0i con \u0111\u01b0\u1eddng du l\u1ecbch \u0111i\u1ec3n h\u00ecnh. Tri\u1ebft l\u00fd c\u1ee7a ch\u00fang t\u00f4i kh\u00f4ng ch\u1ec9 l\u00e0 cho b\u1ea1n th\u1ea5y Bali, m\u00e0 c\u00f2n gi\u00fap b\u1ea1n c\u1ea3m nh\u1eadn n\u00f3.<\/p>\n<p>Ch\u00fang t\u00f4i \u0111\u00e3 tuy\u1ec3n ch\u1ecdn m\u1ed9t b\u1ed9 s\u01b0u t\u1eadp c\u00e1c tr\u1ea3i nghi\u1ec7m, c\u1ea3 trong khu ngh\u1ec9 m\u00e1t c\u1ee7a ch\u00fang t\u00f4i v\u00e0 trong c\u1ed9ng \u0111\u1ed3ng \u0111\u1ecba ph\u01b0\u01a1ng, nh\u1eb1m t\u00f4n vinh c\u00e1c truy\u1ec1n th\u1ed1ng c\u1ee7a h\u00f2n \u0111\u1ea3o. T\u00ecm hi\u1ec3u ngh\u1ec7 thu\u1eadt ch\u00e1nh ni\u1ec7m trong vi\u1ec7c t\u1ea1o ra Canang Sari (l\u1ec5 v\u1eadt h\u00e0ng ng\u00e0y) v\u1edbi c\u00e1c ngh\u1ec7 nh\u00e2n \u0111\u1ecba ph\u01b0\u01a1ng c\u1ee7a ch\u00fang t\u00f4i, tham gia h\u1ed9i th\u1ea3o th\u1ef1c h\u00e0nh Jamu (th\u1ea3o d\u01b0\u1ee3c), ho\u1eb7c cho ph\u00e9p nh\u00e2n vi\u00ean h\u01b0\u1edbng d\u1eabn c\u1ee7a ch\u00fang t\u00f4i s\u1eafp x\u1ebfp m\u1ed9t chuy\u1ebfn th\u0103m t\u00f4n k\u00ednh \u0111\u1ebfn c\u00e1c ng\u00f4i \u0111\u1ec1n bi\u1ec3n thi\u00eang li\u00eang Uluwatu v\u00e0 Tanah Lot.<\/p>\n<p>T\u1eeb n\u0103ng l\u01b0\u1ee3ng s\u00f4i \u0111\u1ed9ng c\u1ee7a ch\u1ee3 c\u00e1 Jimbaran l\u00fac b\u00ecnh minh \u0111\u1ebfn nh\u1eefng nghi th\u1ee9c t\u00e2m linh thanh b\u00ecnh x\u00e1c \u0111\u1ecbnh cu\u1ed9c s\u1ed1ng h\u00e0ng ng\u00e0y, ch\u00fang t\u00f4i l\u00e0 c\u1eeda ng\u00f5 d\u1eabn b\u1ea1n \u0111\u1ebfn Bali th\u1ef1c s\u1ef1.<\/p>\n","protected":false},"excerpt":{"rendered":"<p>L\u01b0u tr\u00fa t\u1ea1i Kh\u00e1ch s\u1ea1n Grand Mercure Bali l\u00e0 m\u1ed9t l\u1eddi m\u1eddi k\u1ebft n\u1ed1i s\u00e2u s\u1eafc v\u1edbi tinh th\u1ea7n c\u1ee7a h\u00f2n \u0111\u1ea3o. Ch\u00fang t\u00f4i l\u00e0 nh\u1eefng ng\u01b0\u1eddi h\u01b0\u1edbng d\u1eabn c\u00e1 nh\u00e2n c\u1ee7a b\u1ea1n \u0111\u1ebfn nh\u1eefng tr\u1ea3i nghi\u1ec7m ch\u00e2n th\u1ef1c n\u1eb1m ngo\u00e0i con \u0111\u01b0\u1eddng du l\u1ecbch \u0111i\u1ec3n h\u00ecnh. Tri\u1ebft l\u00fd c\u1ee7a ch\u00fang t\u00f4i kh\u00f4ng ch\u1ec9 l\u00e0 [&hellip;]<\/p>\n","protected":false},"author":2,"featured_media":0,"parent":0,"menu_order":110,"comment_status":"closed","ping_status":"closed","template":"template-things-to-do.php","meta":{"footnotes":""},"categories":[],"class_list":["post-931","page","type-page","status-publish","hentry"],"acf":[],"yoast_head":"<!-- This site is optimized with the Yoast SEO plugin v26.9 - https:\/\/yoast.com\/product\/yoast-seo-wordpress\/ -->\n<title>Nh\u1eefng \u0110i\u1ec1u N\u00ean L\u00e0m - Grand Mercure V2 demo site<\/title>\n<meta name=\"robots\" content=\"noindex, follow, max-snippet:-1, max-image-preview:large, max-video-preview:-1\" \/>\n<meta property=\"og:locale\" content=\"vi_VN\" \/>\n<meta property=\"og:type\" content=\"article\" \/>\n<meta property=\"og:title\" content=\"Nh\u1eefng \u0110i\u1ec1u N\u00ean L\u00e0m - Grand Mercure V2 demo site\" \/>\n<meta property=\"og:description\" content=\"L\u01b0u tr\u00fa t\u1ea1i Kh\u00e1ch s\u1ea1n Grand Mercure Bali l\u00e0 m\u1ed9t l\u1eddi m\u1eddi k\u1ebft n\u1ed1i s\u00e2u s\u1eafc v\u1edbi tinh th\u1ea7n c\u1ee7a h\u00f2n \u0111\u1ea3o. Ch\u00fang t\u00f4i l\u00e0 nh\u1eefng ng\u01b0\u1eddi h\u01b0\u1edbng d\u1eabn c\u00e1 nh\u00e2n c\u1ee7a b\u1ea1n \u0111\u1ebfn nh\u1eefng tr\u1ea3i nghi\u1ec7m ch\u00e2n th\u1ef1c n\u1eb1m ngo\u00e0i con \u0111\u01b0\u1eddng du l\u1ecbch \u0111i\u1ec3n h\u00ecnh. Tri\u1ebft l\u00fd c\u1ee7a ch\u00fang t\u00f4i kh\u00f4ng ch\u1ec9 l\u00e0 [&hellip;]\" \/>\n<meta property=\"og:url\" content=\"https:\/\/grandmercure.accorv2prod.decms.eu\/vi\/nhung-dieu-nen-lam\/\" \/>\n<meta property=\"og:site_name\" content=\"Grand Mercure V2 demo site\" \/>\n<meta property=\"article:modified_time\" content=\"2025-11-24T13:11:31+00:00\" \/>\n<meta name=\"twitter:card\" content=\"summary_large_image\" \/>\n<meta name=\"twitter:label1\" content=\"Est. reading time\" \/>\n\t<meta name=\"twitter:data1\" content=\"1 minute\" \/>\n<script type=\"application\/ld+json\" class=\"yoast-schema-graph\">{\"@context\":\"https:\/\/schema.org\",\"@graph\":[{\"@type\":\"WebPage\",\"@id\":\"https:\/\/grandmercure.accorv2prod.decms.eu\/vi\/nhung-dieu-nen-lam\/\",\"url\":\"https:\/\/grandmercure.accorv2prod.decms.eu\/vi\/nhung-dieu-nen-lam\/\",\"name\":\"Nh\u1eefng \u0110i\u1ec1u N\u00ean L\u00e0m - Grand Mercure V2 demo site\",\"isPartOf\":{\"@id\":\"https:\/\/grandmercure.accorv2prod.decms.eu\/#website\"},\"datePublished\":\"2021-07-01T09:17:08+00:00\",\"dateModified\":\"2025-11-24T13:11:31+00:00\",\"breadcrumb\":{\"@id\":\"https:\/\/grandmercure.accorv2prod.decms.eu\/vi\/nhung-dieu-nen-lam\/#breadcrumb\"},\"inLanguage\":\"vi-VN\",\"potentialAction\":[{\"@type\":\"ReadAction\",\"target\":[\"https:\/\/grandmercure.accorv2prod.decms.eu\/vi\/nhung-dieu-nen-lam\/\"]}]},{\"@type\":\"BreadcrumbList\",\"@id\":\"https:\/\/grandmercure.accorv2prod.decms.eu\/vi\/nhung-dieu-nen-lam\/#breadcrumb\",\"itemListElement\":[{\"@type\":\"ListItem\",\"position\":1,\"name\":\"Home\",\"item\":\"https:\/\/grandmercure.accorv2prod.decms.eu\/vi\/\"},{\"@type\":\"ListItem\",\"position\":2,\"name\":\"Nh\u1eefng \u0110i\u1ec1u N\u00ean L\u00e0m\"}]},{\"@type\":\"WebSite\",\"@id\":\"https:\/\/grandmercure.accorv2prod.decms.eu\/#website\",\"url\":\"https:\/\/grandmercure.accorv2prod.decms.eu\/\",\"name\":\"Grand Mercure V2 demo site\",\"description\":\"Just another Matteo Canever Site Sites site\",\"potentialAction\":[{\"@type\":\"SearchAction\",\"target\":{\"@type\":\"EntryPoint\",\"urlTemplate\":\"https:\/\/grandmercure.accorv2prod.decms.eu\/?s={search_term_string}\"},\"query-input\":{\"@type\":\"PropertyValueSpecification\",\"valueRequired\":true,\"valueName\":\"search_term_string\"}}],\"inLanguage\":\"vi-VN\"}]}<\/script>\n<!-- \/ Yoast SEO plugin. -->","yoast_head_json":{"title":"Nh\u1eefng \u0110i\u1ec1u N\u00ean L\u00e0m - Grand Mercure V2 demo site","robots":{"index":"noindex","follow":"follow","max-snippet":"max-snippet:-1","max-image-preview":"max-image-preview:large","max-video-preview":"max-video-preview:-1"},"og_locale":"vi_VN","og_type":"article","og_title":"Nh\u1eefng \u0110i\u1ec1u N\u00ean L\u00e0m - Grand Mercure V2 demo site","og_description":"L\u01b0u tr\u00fa t\u1ea1i Kh\u00e1ch s\u1ea1n Grand Mercure Bali l\u00e0 m\u1ed9t l\u1eddi m\u1eddi k\u1ebft n\u1ed1i s\u00e2u s\u1eafc v\u1edbi tinh th\u1ea7n c\u1ee7a h\u00f2n \u0111\u1ea3o. Ch\u00fang t\u00f4i l\u00e0 nh\u1eefng ng\u01b0\u1eddi h\u01b0\u1edbng d\u1eabn c\u00e1 nh\u00e2n c\u1ee7a b\u1ea1n \u0111\u1ebfn nh\u1eefng tr\u1ea3i nghi\u1ec7m ch\u00e2n th\u1ef1c n\u1eb1m ngo\u00e0i con \u0111\u01b0\u1eddng du l\u1ecbch \u0111i\u1ec3n h\u00ecnh. Tri\u1ebft l\u00fd c\u1ee7a ch\u00fang t\u00f4i kh\u00f4ng ch\u1ec9 l\u00e0 [&hellip;]","og_url":"https:\/\/grandmercure.accorv2prod.decms.eu\/vi\/nhung-dieu-nen-lam\/","og_site_name":"Grand Mercure V2 demo site","article_modified_time":"2025-11-24T13:11:31+00:00","twitter_card":"summary_large_image","twitter_misc":{"Est. reading time":"1 minute"},"schema":{"@context":"https:\/\/schema.org","@graph":[{"@type":"WebPage","@id":"https:\/\/grandmercure.accorv2prod.decms.eu\/vi\/nhung-dieu-nen-lam\/","url":"https:\/\/grandmercure.accorv2prod.decms.eu\/vi\/nhung-dieu-nen-lam\/","name":"Nh\u1eefng \u0110i\u1ec1u N\u00ean L\u00e0m - Grand Mercure V2 demo site","isPartOf":{"@id":"https:\/\/grandmercure.accorv2prod.decms.eu\/#website"},"datePublished":"2021-07-01T09:17:08+00:00","dateModified":"2025-11-24T13:11:31+00:00","breadcrumb":{"@id":"https:\/\/grandmercure.accorv2prod.decms.eu\/vi\/nhung-dieu-nen-lam\/#breadcrumb"},"inLanguage":"vi-VN","potentialAction":[{"@type":"ReadAction","target":["https:\/\/grandmercure.accorv2prod.decms.eu\/vi\/nhung-dieu-nen-lam\/"]}]},{"@type":"BreadcrumbList","@id":"https:\/\/grandmercure.accorv2prod.decms.eu\/vi\/nhung-dieu-nen-lam\/#breadcrumb","itemListElement":[{"@type":"ListItem","position":1,"name":"Home","item":"https:\/\/grandmercure.accorv2prod.decms.eu\/vi\/"},{"@type":"ListItem","position":2,"name":"Nh\u1eefng \u0110i\u1ec1u N\u00ean L\u00e0m"}]},{"@type":"WebSite","@id":"https:\/\/grandmercure.accorv2prod.decms.eu\/#website","url":"https:\/\/grandmercure.accorv2prod.decms.eu\/","name":"Grand Mercure V2 demo site","description":"Just another Matteo Canever Site Sites site","potentialAction":[{"@type":"SearchAction","target":{"@type":"EntryPoint","urlTemplate":"https:\/\/grandmercure.accorv2prod.decms.eu\/?s={search_term_string}"},"query-input":{"@type":"PropertyValueSpecification","valueRequired":true,"valueName":"search_term_string"}}],"inLanguage":"vi-VN"}]}},"_links":{"self":[{"href":"https:\/\/grandmercure.accorv2prod.decms.eu\/vi\/wp-json\/wp\/v2\/pages\/931","targetHints":{"allow":["GET"]}}],"collection":[{"href":"https:\/\/grandmercure.accorv2prod.decms.eu\/vi\/wp-json\/wp\/v2\/pages"}],"about":[{"href":"https:\/\/grandmercure.accorv2prod.decms.eu\/vi\/wp-json\/wp\/v2\/types\/page"}],"author":[{"embeddable":true,"href":"https:\/\/grandmercure.accorv2prod.decms.eu\/vi\/wp-json\/wp\/v2\/users\/2"}],"replies":[{"embeddable":true,"href":"https:\/\/grandmercure.accorv2prod.decms.eu\/vi\/wp-json\/wp\/v2\/comments?post=931"}],"version-history":[{"count":0,"href":"https:\/\/grandmercure.accorv2prod.decms.eu\/vi\/wp-json\/wp\/v2\/pages\/931\/revisions"}],"wp:attachment":[{"href":"https:\/\/grandmercure.accorv2prod.decms.eu\/vi\/wp-json\/wp\/v2\/media?parent=931"}],"wp:term":[{"taxonomy":"category","embeddable":true,"href":"https:\/\/grandmercure.accorv2prod.decms.eu\/vi\/wp-json\/wp\/v2\/categories?post=931"}],"curies":[{"name":"wp","href":"https:\/\/api.w.org\/{rel}","templated":true}]}}