{"id":932,"date":"2021-07-01T09:22:29","date_gmt":"2021-07-01T09:22:29","guid":{"rendered":"https:\/\/grandmercure.accorv2prod.decms.eu\/?page_id=932"},"modified":"2025-11-24T13:29:26","modified_gmt":"2025-11-24T13:29:26","slug":"giai-thuong","status":"publish","type":"page","link":"https:\/\/grandmercure.accorv2prod.decms.eu\/vi\/giai-thuong\/","title":{"rendered":"Gi\u1ea3i th\u01b0\u1edfng"},"content":{"rendered":"<p>T\u1ea1i Kh\u00e1ch s\u1ea1n Grand Mercure Bali, ph\u1ea7n th\u01b0\u1edfng l\u1edbn nh\u1ea5t c\u1ee7a ch\u00fang t\u00f4i l\u00e0 n\u1ee5 c\u01b0\u1eddi c\u1ee7a m\u1ed9t v\u1ecb kh\u00e1ch \u0111\u01b0\u1ee3c ngh\u1ec9 ng\u01a1i tr\u1ecdn v\u1eb9n ho\u1eb7c l\u1eddi &#8220;terima kasih&#8221; (c\u1ea3m \u01a1n) ch\u00e2n th\u00e0nh t\u1eeb nh\u1eefng ng\u01b0\u1eddi \u0111\u00e3 k\u1ebft n\u1ed1i v\u1edbi tinh th\u1ea7n c\u1ee7a h\u00f2n \u0111\u1ea3o. Tuy nhi\u00ean, ch\u00fang t\u00f4i v\u00f4 c\u00f9ng vinh d\u1ef1 khi cam k\u1ebft c\u1ee7a ch\u00fang t\u00f4i v\u1ec1 l\u00f2ng hi\u1ebfu kh\u00e1ch ch\u00e2n th\u1ef1c, s\u1ef1 xu\u1ea5t s\u1eafc trong \u1ea9m th\u1ef1c v\u00e0 thi\u1ebft k\u1ebf tinh t\u1ebf \u0111\u01b0\u1ee3c c\u00e1c \u0111\u1ed3ng nghi\u1ec7p trong ng\u00e0nh c\u00f4ng nh\u1eadn.<\/p>\n<p>Nh\u1eefng gi\u1ea3i th\u01b0\u1edfng n\u00e0y l\u00e0 minh ch\u1ee9ng cho \u0111\u1ed9i ng\u0169 t\u1eadn t\u00e2m c\u1ee7a ch\u00fang t\u00f4i, nh\u1eefng ng\u01b0\u1eddi th\u1ec3 hi\u1ec7n tri\u1ebft l\u00fd d\u1ecbch v\u1ee5 &#8216;T\u1ef1 h\u00e0o l\u00e0 Ng\u01b0\u1eddi \u0111\u1ecba ph\u01b0\u01a1ng&#8217; m\u1ed7i ng\u00e0y. Ch\u00fang t\u00f4i r\u1ea5t khi\u00eam t\u1ed1n khi \u0111\u01b0\u1ee3c c\u00f4ng nh\u1eadn cho nh\u1eefng n\u1ed7 l\u1ef1c c\u1ee7a m\u00ecnh trong vi\u1ec7c &#8216;T\u00f4n vinh V\u0103n h\u00f3a&#8217; t\u1ea1i Nusantara v\u00e0 &#8216;H\u1ed3i sinh Nghi th\u1ee9c&#8217; t\u1ea1i Nirvana Sands Spa c\u1ee7a ch\u00fang t\u00f4i.<\/p>\n<p>M\u1eb7c d\u00f9 trang n\u00e0y t\u00f4n vinh nh\u1eefng th\u00e0nh t\u1ef1u c\u1ee7a ch\u00fang t\u00f4i, tr\u1ecdng t\u00e2m th\u1ef1c s\u1ef1 c\u1ee7a ch\u00fang t\u00f4i v\u1eabn l\u00e0 b\u1ea1n\u2014kh\u00e1ch h\u00e0ng c\u1ee7a ch\u00fang t\u00f4i\u2014v\u00e0 s\u1ee9 m\u1ec7nh c\u1ee7a ch\u00fang t\u00f4i l\u00e0 cung c\u1ea5p m\u1ed9t h\u00e0nh tr\u00ecnh Bali kh\u00f3 qu\u00ean, ch\u00e2n th\u1ef1c v\u00e0 tinh t\u1ebf.<\/p>\n","protected":false},"excerpt":{"rendered":"<p>T\u1ea1i Kh\u00e1ch s\u1ea1n Grand Mercure Bali, ph\u1ea7n th\u01b0\u1edfng l\u1edbn nh\u1ea5t c\u1ee7a ch\u00fang t\u00f4i l\u00e0 n\u1ee5 c\u01b0\u1eddi c\u1ee7a m\u1ed9t v\u1ecb kh\u00e1ch \u0111\u01b0\u1ee3c ngh\u1ec9 ng\u01a1i tr\u1ecdn v\u1eb9n ho\u1eb7c l\u1eddi &#8220;terima kasih&#8221; (c\u1ea3m \u01a1n) ch\u00e2n th\u00e0nh t\u1eeb nh\u1eefng ng\u01b0\u1eddi \u0111\u00e3 k\u1ebft n\u1ed1i v\u1edbi tinh th\u1ea7n c\u1ee7a h\u00f2n \u0111\u1ea3o. Tuy nhi\u00ean, ch\u00fang t\u00f4i v\u00f4 c\u00f9ng vinh d\u1ef1 khi cam [&hellip;]<\/p>\n","protected":false},"author":2,"featured_media":0,"parent":0,"menu_order":130,"comment_status":"closed","ping_status":"closed","template":"template-awards.php","meta":{"footnotes":""},"categories":[],"class_list":["post-932","page","type-page","status-publish","hentry"],"acf":[],"yoast_head":"<!-- This site is optimized with the Yoast SEO plugin v26.9 - https:\/\/yoast.com\/product\/yoast-seo-wordpress\/ -->\n<title>Gi\u1ea3i th\u01b0\u1edfng - Grand Mercure V2 demo site<\/title>\n<meta name=\"robots\" content=\"noindex, follow, max-snippet:-1, max-image-preview:large, max-video-preview:-1\" \/>\n<meta property=\"og:locale\" content=\"vi_VN\" \/>\n<meta property=\"og:type\" content=\"article\" \/>\n<meta property=\"og:title\" content=\"Gi\u1ea3i th\u01b0\u1edfng - Grand Mercure V2 demo site\" \/>\n<meta property=\"og:description\" content=\"T\u1ea1i Kh\u00e1ch s\u1ea1n Grand Mercure Bali, ph\u1ea7n th\u01b0\u1edfng l\u1edbn nh\u1ea5t c\u1ee7a ch\u00fang t\u00f4i l\u00e0 n\u1ee5 c\u01b0\u1eddi c\u1ee7a m\u1ed9t v\u1ecb kh\u00e1ch \u0111\u01b0\u1ee3c ngh\u1ec9 ng\u01a1i tr\u1ecdn v\u1eb9n ho\u1eb7c l\u1eddi &#8220;terima kasih&#8221; (c\u1ea3m \u01a1n) ch\u00e2n th\u00e0nh t\u1eeb nh\u1eefng ng\u01b0\u1eddi \u0111\u00e3 k\u1ebft n\u1ed1i v\u1edbi tinh th\u1ea7n c\u1ee7a h\u00f2n \u0111\u1ea3o. Tuy nhi\u00ean, ch\u00fang t\u00f4i v\u00f4 c\u00f9ng vinh d\u1ef1 khi cam [&hellip;]\" \/>\n<meta property=\"og:url\" content=\"https:\/\/grandmercure.accorv2prod.decms.eu\/vi\/giai-thuong\/\" \/>\n<meta property=\"og:site_name\" content=\"Grand Mercure V2 demo site\" \/>\n<meta property=\"article:modified_time\" content=\"2025-11-24T13:29:26+00:00\" \/>\n<meta name=\"twitter:card\" content=\"summary_large_image\" \/>\n<meta name=\"twitter:label1\" content=\"Est. reading time\" \/>\n\t<meta name=\"twitter:data1\" content=\"1 minute\" \/>\n<script type=\"application\/ld+json\" class=\"yoast-schema-graph\">{\"@context\":\"https:\/\/schema.org\",\"@graph\":[{\"@type\":\"WebPage\",\"@id\":\"https:\/\/grandmercure.accorv2prod.decms.eu\/vi\/giai-thuong\/\",\"url\":\"https:\/\/grandmercure.accorv2prod.decms.eu\/vi\/giai-thuong\/\",\"name\":\"Gi\u1ea3i th\u01b0\u1edfng - Grand Mercure V2 demo site\",\"isPartOf\":{\"@id\":\"https:\/\/grandmercure.accorv2prod.decms.eu\/#website\"},\"datePublished\":\"2021-07-01T09:22:29+00:00\",\"dateModified\":\"2025-11-24T13:29:26+00:00\",\"breadcrumb\":{\"@id\":\"https:\/\/grandmercure.accorv2prod.decms.eu\/vi\/giai-thuong\/#breadcrumb\"},\"inLanguage\":\"vi-VN\",\"potentialAction\":[{\"@type\":\"ReadAction\",\"target\":[\"https:\/\/grandmercure.accorv2prod.decms.eu\/vi\/giai-thuong\/\"]}]},{\"@type\":\"BreadcrumbList\",\"@id\":\"https:\/\/grandmercure.accorv2prod.decms.eu\/vi\/giai-thuong\/#breadcrumb\",\"itemListElement\":[{\"@type\":\"ListItem\",\"position\":1,\"name\":\"Home\",\"item\":\"https:\/\/grandmercure.accorv2prod.decms.eu\/vi\/\"},{\"@type\":\"ListItem\",\"position\":2,\"name\":\"Gi\u1ea3i th\u01b0\u1edfng\"}]},{\"@type\":\"WebSite\",\"@id\":\"https:\/\/grandmercure.accorv2prod.decms.eu\/#website\",\"url\":\"https:\/\/grandmercure.accorv2prod.decms.eu\/\",\"name\":\"Grand Mercure V2 demo site\",\"description\":\"Just another Matteo Canever Site Sites site\",\"potentialAction\":[{\"@type\":\"SearchAction\",\"target\":{\"@type\":\"EntryPoint\",\"urlTemplate\":\"https:\/\/grandmercure.accorv2prod.decms.eu\/?s={search_term_string}\"},\"query-input\":{\"@type\":\"PropertyValueSpecification\",\"valueRequired\":true,\"valueName\":\"search_term_string\"}}],\"inLanguage\":\"vi-VN\"}]}<\/script>\n<!-- \/ Yoast SEO plugin. -->","yoast_head_json":{"title":"Gi\u1ea3i th\u01b0\u1edfng - Grand Mercure V2 demo site","robots":{"index":"noindex","follow":"follow","max-snippet":"max-snippet:-1","max-image-preview":"max-image-preview:large","max-video-preview":"max-video-preview:-1"},"og_locale":"vi_VN","og_type":"article","og_title":"Gi\u1ea3i th\u01b0\u1edfng - Grand Mercure V2 demo site","og_description":"T\u1ea1i Kh\u00e1ch s\u1ea1n Grand Mercure Bali, ph\u1ea7n th\u01b0\u1edfng l\u1edbn nh\u1ea5t c\u1ee7a ch\u00fang t\u00f4i l\u00e0 n\u1ee5 c\u01b0\u1eddi c\u1ee7a m\u1ed9t v\u1ecb kh\u00e1ch \u0111\u01b0\u1ee3c ngh\u1ec9 ng\u01a1i tr\u1ecdn v\u1eb9n ho\u1eb7c l\u1eddi &#8220;terima kasih&#8221; (c\u1ea3m \u01a1n) ch\u00e2n th\u00e0nh t\u1eeb nh\u1eefng ng\u01b0\u1eddi \u0111\u00e3 k\u1ebft n\u1ed1i v\u1edbi tinh th\u1ea7n c\u1ee7a h\u00f2n \u0111\u1ea3o. Tuy nhi\u00ean, ch\u00fang t\u00f4i v\u00f4 c\u00f9ng vinh d\u1ef1 khi cam [&hellip;]","og_url":"https:\/\/grandmercure.accorv2prod.decms.eu\/vi\/giai-thuong\/","og_site_name":"Grand Mercure V2 demo site","article_modified_time":"2025-11-24T13:29:26+00:00","twitter_card":"summary_large_image","twitter_misc":{"Est. reading time":"1 minute"},"schema":{"@context":"https:\/\/schema.org","@graph":[{"@type":"WebPage","@id":"https:\/\/grandmercure.accorv2prod.decms.eu\/vi\/giai-thuong\/","url":"https:\/\/grandmercure.accorv2prod.decms.eu\/vi\/giai-thuong\/","name":"Gi\u1ea3i th\u01b0\u1edfng - Grand Mercure V2 demo site","isPartOf":{"@id":"https:\/\/grandmercure.accorv2prod.decms.eu\/#website"},"datePublished":"2021-07-01T09:22:29+00:00","dateModified":"2025-11-24T13:29:26+00:00","breadcrumb":{"@id":"https:\/\/grandmercure.accorv2prod.decms.eu\/vi\/giai-thuong\/#breadcrumb"},"inLanguage":"vi-VN","potentialAction":[{"@type":"ReadAction","target":["https:\/\/grandmercure.accorv2prod.decms.eu\/vi\/giai-thuong\/"]}]},{"@type":"BreadcrumbList","@id":"https:\/\/grandmercure.accorv2prod.decms.eu\/vi\/giai-thuong\/#breadcrumb","itemListElement":[{"@type":"ListItem","position":1,"name":"Home","item":"https:\/\/grandmercure.accorv2prod.decms.eu\/vi\/"},{"@type":"ListItem","position":2,"name":"Gi\u1ea3i th\u01b0\u1edfng"}]},{"@type":"WebSite","@id":"https:\/\/grandmercure.accorv2prod.decms.eu\/#website","url":"https:\/\/grandmercure.accorv2prod.decms.eu\/","name":"Grand Mercure V2 demo site","description":"Just another Matteo Canever Site Sites site","potentialAction":[{"@type":"SearchAction","target":{"@type":"EntryPoint","urlTemplate":"https:\/\/grandmercure.accorv2prod.decms.eu\/?s={search_term_string}"},"query-input":{"@type":"PropertyValueSpecification","valueRequired":true,"valueName":"search_term_string"}}],"inLanguage":"vi-VN"}]}},"_links":{"self":[{"href":"https:\/\/grandmercure.accorv2prod.decms.eu\/vi\/wp-json\/wp\/v2\/pages\/932","targetHints":{"allow":["GET"]}}],"collection":[{"href":"https:\/\/grandmercure.accorv2prod.decms.eu\/vi\/wp-json\/wp\/v2\/pages"}],"about":[{"href":"https:\/\/grandmercure.accorv2prod.decms.eu\/vi\/wp-json\/wp\/v2\/types\/page"}],"author":[{"embeddable":true,"href":"https:\/\/grandmercure.accorv2prod.decms.eu\/vi\/wp-json\/wp\/v2\/users\/2"}],"replies":[{"embeddable":true,"href":"https:\/\/grandmercure.accorv2prod.decms.eu\/vi\/wp-json\/wp\/v2\/comments?post=932"}],"version-history":[{"count":0,"href":"https:\/\/grandmercure.accorv2prod.decms.eu\/vi\/wp-json\/wp\/v2\/pages\/932\/revisions"}],"wp:attachment":[{"href":"https:\/\/grandmercure.accorv2prod.decms.eu\/vi\/wp-json\/wp\/v2\/media?parent=932"}],"wp:term":[{"taxonomy":"category","embeddable":true,"href":"https:\/\/grandmercure.accorv2prod.decms.eu\/vi\/wp-json\/wp\/v2\/categories?post=932"}],"curies":[{"name":"wp","href":"https:\/\/api.w.org\/{rel}","templated":true}]}}