{"id":934,"date":"2021-07-01T09:38:18","date_gmt":"2021-07-01T09:38:18","guid":{"rendered":"https:\/\/grandmercure.accorv2prod.decms.eu\/?page_id=934"},"modified":"2025-11-24T14:26:12","modified_gmt":"2025-11-24T14:26:12","slug":"lien-he-voi-chung-toi","status":"publish","type":"page","link":"https:\/\/grandmercure.accorv2prod.decms.eu\/vi\/lien-he-voi-chung-toi\/","title":{"rendered":"Li\u00ean h\u1ec7 v\u1edbi ch\u00fang t\u00f4i"},"content":{"rendered":"<p>Ch\u00fang t\u00f4i r\u1ea5t vui m\u1eebng \u0111\u01b0\u1ee3c h\u1ed7 tr\u1ee3 b\u1ea1n. Cho d\u00f9 b\u1ea1n c\u00f3 c\u00e2u h\u1ecfi v\u1ec1 vi\u1ec7c \u0111\u1eb7t ph\u00f2ng s\u1eafp t\u1edbi, mu\u1ed1n n\u00f3i chuy\u1ec7n v\u1edbi nh\u00e2n vi\u00ean h\u01b0\u1edbng d\u1eabn c\u1ee7a ch\u00fang t\u00f4i \u0111\u1ec3 l\u00ean k\u1ebf ho\u1ea1ch cho m\u1ed9t chuy\u1ebfn tham quan Jimbaran \u0111\u1eb7c bi\u1ec7t, hay c\u00f3 th\u1eafc m\u1eafc v\u1ec1 vi\u1ec7c t\u1ed5 ch\u1ee9c s\u1ef1 ki\u1ec7n, \u0111\u1ed9i ng\u0169 t\u1eadn t\u00e2m c\u1ee7a ch\u00fang t\u00f4i lu\u00f4n s\u1eb5n s\u00e0ng tr\u1ee3 gi\u00fap.<\/p>\n<p>Tri\u1ebft l\u00fd d\u1ecbch v\u1ee5 tinh t\u1ebf, \u0111\u00f3n \u0111\u1ea7u c\u1ee7a ch\u00fang t\u00f4i b\u1eaft \u0111\u1ea7u ngay t\u1eeb gi\u00e2y ph\u00fat \u0111\u1ea7u ti\u00ean b\u1ea1n li\u00ean h\u1ec7 v\u1edbi ch\u00fang t\u00f4i. Vui l\u00f2ng t\u00ecm chi ti\u1ebft li\u00ean h\u1ec7 c\u1ee7a ch\u00fang t\u00f4i b\u00ean d\u01b0\u1edbi cho c\u00e1c c\u00e2u h\u1ecfi chung, \u0111\u1eb7t ph\u00f2ng ho\u1eb7c Nirvana Sands Spa c\u1ee7a ch\u00fang t\u00f4i. Ngo\u00e0i ra, b\u1ea1n c\u00f3 th\u1ec3 s\u1eed d\u1ee5ng bi\u1ec3u m\u1eabu y\u00eau c\u1ea7u v\u00e0 m\u1ed9t th\u00e0nh vi\u00ean trong nh\u00f3m c\u1ee7a ch\u00fang t\u00f4i s\u1ebd s\u1edbm li\u00ean h\u1ec7 v\u1edbi b\u1ea1n. Ch\u00fang t\u00f4i mong \u0111\u01b0\u1ee3c ch\u00e0o \u0111\u00f3n b\u1ea1n \u0111\u1ebfn v\u1edbi linh h\u1ed3n c\u1ee7a Bali.<\/p>\n","protected":false},"excerpt":{"rendered":"<p>Ch\u00fang t\u00f4i r\u1ea5t vui m\u1eebng \u0111\u01b0\u1ee3c h\u1ed7 tr\u1ee3 b\u1ea1n. Cho d\u00f9 b\u1ea1n c\u00f3 c\u00e2u h\u1ecfi v\u1ec1 vi\u1ec7c \u0111\u1eb7t ph\u00f2ng s\u1eafp t\u1edbi, mu\u1ed1n n\u00f3i chuy\u1ec7n v\u1edbi nh\u00e2n vi\u00ean h\u01b0\u1edbng d\u1eabn c\u1ee7a ch\u00fang t\u00f4i \u0111\u1ec3 l\u00ean k\u1ebf ho\u1ea1ch cho m\u1ed9t chuy\u1ebfn tham quan Jimbaran \u0111\u1eb7c bi\u1ec7t, hay c\u00f3 th\u1eafc m\u1eafc v\u1ec1 vi\u1ec7c t\u1ed5 ch\u1ee9c s\u1ef1 ki\u1ec7n, \u0111\u1ed9i [&hellip;]<\/p>\n","protected":false},"author":2,"featured_media":0,"parent":0,"menu_order":150,"comment_status":"closed","ping_status":"closed","template":"template-contact.php","meta":{"footnotes":""},"categories":[],"class_list":["post-934","page","type-page","status-publish","hentry"],"acf":[],"yoast_head":"<!-- This site is optimized with the Yoast SEO plugin v26.9 - https:\/\/yoast.com\/product\/yoast-seo-wordpress\/ -->\n<title>Li\u00ean h\u1ec7 v\u1edbi ch\u00fang t\u00f4i - Grand Mercure V2 demo site<\/title>\n<meta name=\"robots\" content=\"noindex, follow, max-snippet:-1, max-image-preview:large, max-video-preview:-1\" \/>\n<meta property=\"og:locale\" content=\"vi_VN\" \/>\n<meta property=\"og:type\" content=\"article\" \/>\n<meta property=\"og:title\" content=\"Li\u00ean h\u1ec7 v\u1edbi ch\u00fang t\u00f4i - Grand Mercure V2 demo site\" \/>\n<meta property=\"og:description\" content=\"Ch\u00fang t\u00f4i r\u1ea5t vui m\u1eebng \u0111\u01b0\u1ee3c h\u1ed7 tr\u1ee3 b\u1ea1n. Cho d\u00f9 b\u1ea1n c\u00f3 c\u00e2u h\u1ecfi v\u1ec1 vi\u1ec7c \u0111\u1eb7t ph\u00f2ng s\u1eafp t\u1edbi, mu\u1ed1n n\u00f3i chuy\u1ec7n v\u1edbi nh\u00e2n vi\u00ean h\u01b0\u1edbng d\u1eabn c\u1ee7a ch\u00fang t\u00f4i \u0111\u1ec3 l\u00ean k\u1ebf ho\u1ea1ch cho m\u1ed9t chuy\u1ebfn tham quan Jimbaran \u0111\u1eb7c bi\u1ec7t, hay c\u00f3 th\u1eafc m\u1eafc v\u1ec1 vi\u1ec7c t\u1ed5 ch\u1ee9c s\u1ef1 ki\u1ec7n, \u0111\u1ed9i [&hellip;]\" \/>\n<meta property=\"og:url\" content=\"https:\/\/grandmercure.accorv2prod.decms.eu\/vi\/lien-he-voi-chung-toi\/\" \/>\n<meta property=\"og:site_name\" content=\"Grand Mercure V2 demo site\" \/>\n<meta property=\"article:modified_time\" content=\"2025-11-24T14:26:12+00:00\" \/>\n<meta name=\"twitter:card\" content=\"summary_large_image\" \/>\n<meta name=\"twitter:label1\" content=\"Est. reading time\" \/>\n\t<meta name=\"twitter:data1\" content=\"1 minute\" \/>\n<script type=\"application\/ld+json\" class=\"yoast-schema-graph\">{\"@context\":\"https:\/\/schema.org\",\"@graph\":[{\"@type\":\"WebPage\",\"@id\":\"https:\/\/grandmercure.accorv2prod.decms.eu\/vi\/lien-he-voi-chung-toi\/\",\"url\":\"https:\/\/grandmercure.accorv2prod.decms.eu\/vi\/lien-he-voi-chung-toi\/\",\"name\":\"Li\u00ean h\u1ec7 v\u1edbi ch\u00fang t\u00f4i - Grand Mercure V2 demo site\",\"isPartOf\":{\"@id\":\"https:\/\/grandmercure.accorv2prod.decms.eu\/#website\"},\"datePublished\":\"2021-07-01T09:38:18+00:00\",\"dateModified\":\"2025-11-24T14:26:12+00:00\",\"breadcrumb\":{\"@id\":\"https:\/\/grandmercure.accorv2prod.decms.eu\/vi\/lien-he-voi-chung-toi\/#breadcrumb\"},\"inLanguage\":\"vi-VN\",\"potentialAction\":[{\"@type\":\"ReadAction\",\"target\":[\"https:\/\/grandmercure.accorv2prod.decms.eu\/vi\/lien-he-voi-chung-toi\/\"]}]},{\"@type\":\"BreadcrumbList\",\"@id\":\"https:\/\/grandmercure.accorv2prod.decms.eu\/vi\/lien-he-voi-chung-toi\/#breadcrumb\",\"itemListElement\":[{\"@type\":\"ListItem\",\"position\":1,\"name\":\"Home\",\"item\":\"https:\/\/grandmercure.accorv2prod.decms.eu\/vi\/\"},{\"@type\":\"ListItem\",\"position\":2,\"name\":\"Li\u00ean h\u1ec7 v\u1edbi ch\u00fang t\u00f4i\"}]},{\"@type\":\"WebSite\",\"@id\":\"https:\/\/grandmercure.accorv2prod.decms.eu\/#website\",\"url\":\"https:\/\/grandmercure.accorv2prod.decms.eu\/\",\"name\":\"Grand Mercure V2 demo site\",\"description\":\"Just another Matteo Canever Site Sites site\",\"potentialAction\":[{\"@type\":\"SearchAction\",\"target\":{\"@type\":\"EntryPoint\",\"urlTemplate\":\"https:\/\/grandmercure.accorv2prod.decms.eu\/?s={search_term_string}\"},\"query-input\":{\"@type\":\"PropertyValueSpecification\",\"valueRequired\":true,\"valueName\":\"search_term_string\"}}],\"inLanguage\":\"vi-VN\"}]}<\/script>\n<!-- \/ Yoast SEO plugin. -->","yoast_head_json":{"title":"Li\u00ean h\u1ec7 v\u1edbi ch\u00fang t\u00f4i - Grand Mercure V2 demo site","robots":{"index":"noindex","follow":"follow","max-snippet":"max-snippet:-1","max-image-preview":"max-image-preview:large","max-video-preview":"max-video-preview:-1"},"og_locale":"vi_VN","og_type":"article","og_title":"Li\u00ean h\u1ec7 v\u1edbi ch\u00fang t\u00f4i - Grand Mercure V2 demo site","og_description":"Ch\u00fang t\u00f4i r\u1ea5t vui m\u1eebng \u0111\u01b0\u1ee3c h\u1ed7 tr\u1ee3 b\u1ea1n. Cho d\u00f9 b\u1ea1n c\u00f3 c\u00e2u h\u1ecfi v\u1ec1 vi\u1ec7c \u0111\u1eb7t ph\u00f2ng s\u1eafp t\u1edbi, mu\u1ed1n n\u00f3i chuy\u1ec7n v\u1edbi nh\u00e2n vi\u00ean h\u01b0\u1edbng d\u1eabn c\u1ee7a ch\u00fang t\u00f4i \u0111\u1ec3 l\u00ean k\u1ebf ho\u1ea1ch cho m\u1ed9t chuy\u1ebfn tham quan Jimbaran \u0111\u1eb7c bi\u1ec7t, hay c\u00f3 th\u1eafc m\u1eafc v\u1ec1 vi\u1ec7c t\u1ed5 ch\u1ee9c s\u1ef1 ki\u1ec7n, \u0111\u1ed9i [&hellip;]","og_url":"https:\/\/grandmercure.accorv2prod.decms.eu\/vi\/lien-he-voi-chung-toi\/","og_site_name":"Grand Mercure V2 demo site","article_modified_time":"2025-11-24T14:26:12+00:00","twitter_card":"summary_large_image","twitter_misc":{"Est. reading time":"1 minute"},"schema":{"@context":"https:\/\/schema.org","@graph":[{"@type":"WebPage","@id":"https:\/\/grandmercure.accorv2prod.decms.eu\/vi\/lien-he-voi-chung-toi\/","url":"https:\/\/grandmercure.accorv2prod.decms.eu\/vi\/lien-he-voi-chung-toi\/","name":"Li\u00ean h\u1ec7 v\u1edbi ch\u00fang t\u00f4i - Grand Mercure V2 demo site","isPartOf":{"@id":"https:\/\/grandmercure.accorv2prod.decms.eu\/#website"},"datePublished":"2021-07-01T09:38:18+00:00","dateModified":"2025-11-24T14:26:12+00:00","breadcrumb":{"@id":"https:\/\/grandmercure.accorv2prod.decms.eu\/vi\/lien-he-voi-chung-toi\/#breadcrumb"},"inLanguage":"vi-VN","potentialAction":[{"@type":"ReadAction","target":["https:\/\/grandmercure.accorv2prod.decms.eu\/vi\/lien-he-voi-chung-toi\/"]}]},{"@type":"BreadcrumbList","@id":"https:\/\/grandmercure.accorv2prod.decms.eu\/vi\/lien-he-voi-chung-toi\/#breadcrumb","itemListElement":[{"@type":"ListItem","position":1,"name":"Home","item":"https:\/\/grandmercure.accorv2prod.decms.eu\/vi\/"},{"@type":"ListItem","position":2,"name":"Li\u00ean h\u1ec7 v\u1edbi ch\u00fang t\u00f4i"}]},{"@type":"WebSite","@id":"https:\/\/grandmercure.accorv2prod.decms.eu\/#website","url":"https:\/\/grandmercure.accorv2prod.decms.eu\/","name":"Grand Mercure V2 demo site","description":"Just another Matteo Canever Site Sites site","potentialAction":[{"@type":"SearchAction","target":{"@type":"EntryPoint","urlTemplate":"https:\/\/grandmercure.accorv2prod.decms.eu\/?s={search_term_string}"},"query-input":{"@type":"PropertyValueSpecification","valueRequired":true,"valueName":"search_term_string"}}],"inLanguage":"vi-VN"}]}},"_links":{"self":[{"href":"https:\/\/grandmercure.accorv2prod.decms.eu\/vi\/wp-json\/wp\/v2\/pages\/934","targetHints":{"allow":["GET"]}}],"collection":[{"href":"https:\/\/grandmercure.accorv2prod.decms.eu\/vi\/wp-json\/wp\/v2\/pages"}],"about":[{"href":"https:\/\/grandmercure.accorv2prod.decms.eu\/vi\/wp-json\/wp\/v2\/types\/page"}],"author":[{"embeddable":true,"href":"https:\/\/grandmercure.accorv2prod.decms.eu\/vi\/wp-json\/wp\/v2\/users\/2"}],"replies":[{"embeddable":true,"href":"https:\/\/grandmercure.accorv2prod.decms.eu\/vi\/wp-json\/wp\/v2\/comments?post=934"}],"version-history":[{"count":0,"href":"https:\/\/grandmercure.accorv2prod.decms.eu\/vi\/wp-json\/wp\/v2\/pages\/934\/revisions"}],"wp:attachment":[{"href":"https:\/\/grandmercure.accorv2prod.decms.eu\/vi\/wp-json\/wp\/v2\/media?parent=934"}],"wp:term":[{"taxonomy":"category","embeddable":true,"href":"https:\/\/grandmercure.accorv2prod.decms.eu\/vi\/wp-json\/wp\/v2\/categories?post=934"}],"curies":[{"name":"wp","href":"https:\/\/api.w.org\/{rel}","templated":true}]}}