{"id":935,"date":"2021-07-01T09:42:27","date_gmt":"2021-07-01T09:42:27","guid":{"rendered":"https:\/\/grandmercure.accorv2prod.decms.eu\/?page_id=935"},"modified":"2025-11-20T17:34:09","modified_gmt":"2025-11-20T17:34:09","slug":"vi-tri-cua-chung-toi","status":"publish","type":"page","link":"https:\/\/grandmercure.accorv2prod.decms.eu\/vi\/vi-tri-cua-chung-toi\/","title":{"rendered":"V\u1ecb tr\u00ed c\u1ee7a ch\u00fang t\u00f4i"},"content":{"rendered":"<p>Ch\u00e0o m\u1eebng b\u1ea1n \u0111\u1ebfn v\u1edbi trung t\u00e2m V\u1ecbnh Jimbaran, n\u01a1i c\u00f3 nh\u1eefng ho\u00e0ng h\u00f4n huy\u1ec1n tho\u1ea1i v\u00e0 b\u00e3i c\u00e1t v\u00e0ng y\u00ean t\u0129nh. Kh\u00e1ch s\u1ea1n Grand Mercure Bali n\u00e9p m\u00ecnh tr\u00ean b\u1edd bi\u1ec3n thanh b\u00ecnh n\u00e0y, mang \u0111\u1ebfn m\u1ed9t th\u00e1nh \u0111\u1ecba h\u00f2a b\u00ecnh nh\u01b0ng v\u1eabn k\u1ebft n\u1ed1i s\u00e2u s\u1eafc v\u1edbi nh\u1ecbp \u0111\u1eadp s\u00f4i \u0111\u1ed9ng c\u1ee7a h\u00f2n \u0111\u1ea3o.<\/p>\n<p>Ch\u00fang t\u00f4i l\u00e0 c\u1eeda ng\u00f5 d\u1eabn \u0111\u1ebfn nh\u1eefng \u0111i\u1ec1u tuy\u1ec7t v\u1eddi nh\u1ea5t c\u1ee7a Bali. B\u1ea1n ch\u1ec9 c\u00e1ch v\u1ebb uy nghi\u00eam thi\u00eang li\u00eang c\u1ee7a \u0110\u1ec1n Uluwatu, n\u1eb1m tr\u00ean nh\u1eefng v\u00e1ch \u0111\u00e1 ph\u00eda tr\u00ean bi\u1ec3n, v\u00e0i ph\u00fat. N\u0103ng l\u01b0\u1ee3ng s\u00f4i \u0111\u1ed9ng c\u1ee7a Kuta v\u00e0 Seminyak n\u1eb1m trong t\u1ea7m tay, nh\u01b0ng b\u1ea1n lu\u00f4n c\u00f3 th\u1ec3 quay tr\u1edf l\u1ea1i v\u1edbi nh\u1ecbp \u0111i\u1ec7u \u00eam d\u1ecbu c\u1ee7a v\u1ecbnh.<\/p>\n<p>V\u1ecb tr\u00ed c\u1ee7a ch\u00fang t\u00f4i c\u0169ng mang l\u1ea1i s\u1ef1 thu\u1eadn ti\u1ec7n v\u00f4 song\u2014ch\u1ec9 c\u00e1ch S\u00e2n bay Qu\u1ed1c t\u1ebf Ngurah Rai (DPS) m\u1ed9t \u0111o\u1ea1n l\u00e1i xe ng\u1eafn, cho ph\u00e9p h\u00e0nh tr\u00ecnh \u0111\u1ebfn v\u1edbi s\u1ef1 y\u00ean t\u0129nh c\u1ee7a b\u1ea1n b\u1eaft \u0111\u1ea7u g\u1ea7n nh\u01b0 ngay l\u1eadp t\u1ee9c khi \u0111\u1ebfn n\u01a1i.<\/p>\n","protected":false},"excerpt":{"rendered":"<p>Ch\u00e0o m\u1eebng b\u1ea1n \u0111\u1ebfn v\u1edbi trung t\u00e2m V\u1ecbnh Jimbaran, n\u01a1i c\u00f3 nh\u1eefng ho\u00e0ng h\u00f4n huy\u1ec1n tho\u1ea1i v\u00e0 b\u00e3i c\u00e1t v\u00e0ng y\u00ean t\u0129nh. Kh\u00e1ch s\u1ea1n Grand Mercure Bali n\u00e9p m\u00ecnh tr\u00ean b\u1edd bi\u1ec3n thanh b\u00ecnh n\u00e0y, mang \u0111\u1ebfn m\u1ed9t th\u00e1nh \u0111\u1ecba h\u00f2a b\u00ecnh nh\u01b0ng v\u1eabn k\u1ebft n\u1ed1i s\u00e2u s\u1eafc v\u1edbi nh\u1ecbp \u0111\u1eadp s\u00f4i \u0111\u1ed9ng c\u1ee7a h\u00f2n [&hellip;]<\/p>\n","protected":false},"author":2,"featured_media":0,"parent":0,"menu_order":90,"comment_status":"closed","ping_status":"closed","template":"template-location.php","meta":{"footnotes":""},"categories":[],"class_list":["post-935","page","type-page","status-publish","hentry"],"acf":[],"yoast_head":"<!-- This site is optimized with the Yoast SEO plugin v26.9 - https:\/\/yoast.com\/product\/yoast-seo-wordpress\/ -->\n<title>V\u1ecb tr\u00ed c\u1ee7a ch\u00fang t\u00f4i - Grand Mercure V2 demo site<\/title>\n<meta name=\"robots\" content=\"noindex, follow, max-snippet:-1, max-image-preview:large, max-video-preview:-1\" \/>\n<meta property=\"og:locale\" content=\"vi_VN\" \/>\n<meta property=\"og:type\" content=\"article\" \/>\n<meta property=\"og:title\" content=\"V\u1ecb tr\u00ed c\u1ee7a ch\u00fang t\u00f4i - Grand Mercure V2 demo site\" \/>\n<meta property=\"og:description\" content=\"Ch\u00e0o m\u1eebng b\u1ea1n \u0111\u1ebfn v\u1edbi trung t\u00e2m V\u1ecbnh Jimbaran, n\u01a1i c\u00f3 nh\u1eefng ho\u00e0ng h\u00f4n huy\u1ec1n tho\u1ea1i v\u00e0 b\u00e3i c\u00e1t v\u00e0ng y\u00ean t\u0129nh. Kh\u00e1ch s\u1ea1n Grand Mercure Bali n\u00e9p m\u00ecnh tr\u00ean b\u1edd bi\u1ec3n thanh b\u00ecnh n\u00e0y, mang \u0111\u1ebfn m\u1ed9t th\u00e1nh \u0111\u1ecba h\u00f2a b\u00ecnh nh\u01b0ng v\u1eabn k\u1ebft n\u1ed1i s\u00e2u s\u1eafc v\u1edbi nh\u1ecbp \u0111\u1eadp s\u00f4i \u0111\u1ed9ng c\u1ee7a h\u00f2n [&hellip;]\" \/>\n<meta property=\"og:url\" content=\"https:\/\/grandmercure.accorv2prod.decms.eu\/vi\/vi-tri-cua-chung-toi\/\" \/>\n<meta property=\"og:site_name\" content=\"Grand Mercure V2 demo site\" \/>\n<meta property=\"article:modified_time\" content=\"2025-11-20T17:34:09+00:00\" \/>\n<meta name=\"twitter:card\" content=\"summary_large_image\" \/>\n<meta name=\"twitter:label1\" content=\"Est. reading time\" \/>\n\t<meta name=\"twitter:data1\" content=\"1 minute\" \/>\n<script type=\"application\/ld+json\" class=\"yoast-schema-graph\">{\"@context\":\"https:\/\/schema.org\",\"@graph\":[{\"@type\":\"WebPage\",\"@id\":\"https:\/\/grandmercure.accorv2prod.decms.eu\/vi\/vi-tri-cua-chung-toi\/\",\"url\":\"https:\/\/grandmercure.accorv2prod.decms.eu\/vi\/vi-tri-cua-chung-toi\/\",\"name\":\"V\u1ecb tr\u00ed c\u1ee7a ch\u00fang t\u00f4i - Grand Mercure V2 demo site\",\"isPartOf\":{\"@id\":\"https:\/\/grandmercure.accorv2prod.decms.eu\/#website\"},\"datePublished\":\"2021-07-01T09:42:27+00:00\",\"dateModified\":\"2025-11-20T17:34:09+00:00\",\"breadcrumb\":{\"@id\":\"https:\/\/grandmercure.accorv2prod.decms.eu\/vi\/vi-tri-cua-chung-toi\/#breadcrumb\"},\"inLanguage\":\"vi-VN\",\"potentialAction\":[{\"@type\":\"ReadAction\",\"target\":[\"https:\/\/grandmercure.accorv2prod.decms.eu\/vi\/vi-tri-cua-chung-toi\/\"]}]},{\"@type\":\"BreadcrumbList\",\"@id\":\"https:\/\/grandmercure.accorv2prod.decms.eu\/vi\/vi-tri-cua-chung-toi\/#breadcrumb\",\"itemListElement\":[{\"@type\":\"ListItem\",\"position\":1,\"name\":\"Home\",\"item\":\"https:\/\/grandmercure.accorv2prod.decms.eu\/vi\/\"},{\"@type\":\"ListItem\",\"position\":2,\"name\":\"V\u1ecb tr\u00ed c\u1ee7a ch\u00fang t\u00f4i\"}]},{\"@type\":\"WebSite\",\"@id\":\"https:\/\/grandmercure.accorv2prod.decms.eu\/#website\",\"url\":\"https:\/\/grandmercure.accorv2prod.decms.eu\/\",\"name\":\"Grand Mercure V2 demo site\",\"description\":\"Just another Matteo Canever Site Sites site\",\"potentialAction\":[{\"@type\":\"SearchAction\",\"target\":{\"@type\":\"EntryPoint\",\"urlTemplate\":\"https:\/\/grandmercure.accorv2prod.decms.eu\/?s={search_term_string}\"},\"query-input\":{\"@type\":\"PropertyValueSpecification\",\"valueRequired\":true,\"valueName\":\"search_term_string\"}}],\"inLanguage\":\"vi-VN\"}]}<\/script>\n<!-- \/ Yoast SEO plugin. -->","yoast_head_json":{"title":"V\u1ecb tr\u00ed c\u1ee7a ch\u00fang t\u00f4i - Grand Mercure V2 demo site","robots":{"index":"noindex","follow":"follow","max-snippet":"max-snippet:-1","max-image-preview":"max-image-preview:large","max-video-preview":"max-video-preview:-1"},"og_locale":"vi_VN","og_type":"article","og_title":"V\u1ecb tr\u00ed c\u1ee7a ch\u00fang t\u00f4i - Grand Mercure V2 demo site","og_description":"Ch\u00e0o m\u1eebng b\u1ea1n \u0111\u1ebfn v\u1edbi trung t\u00e2m V\u1ecbnh Jimbaran, n\u01a1i c\u00f3 nh\u1eefng ho\u00e0ng h\u00f4n huy\u1ec1n tho\u1ea1i v\u00e0 b\u00e3i c\u00e1t v\u00e0ng y\u00ean t\u0129nh. Kh\u00e1ch s\u1ea1n Grand Mercure Bali n\u00e9p m\u00ecnh tr\u00ean b\u1edd bi\u1ec3n thanh b\u00ecnh n\u00e0y, mang \u0111\u1ebfn m\u1ed9t th\u00e1nh \u0111\u1ecba h\u00f2a b\u00ecnh nh\u01b0ng v\u1eabn k\u1ebft n\u1ed1i s\u00e2u s\u1eafc v\u1edbi nh\u1ecbp \u0111\u1eadp s\u00f4i \u0111\u1ed9ng c\u1ee7a h\u00f2n [&hellip;]","og_url":"https:\/\/grandmercure.accorv2prod.decms.eu\/vi\/vi-tri-cua-chung-toi\/","og_site_name":"Grand Mercure V2 demo site","article_modified_time":"2025-11-20T17:34:09+00:00","twitter_card":"summary_large_image","twitter_misc":{"Est. reading time":"1 minute"},"schema":{"@context":"https:\/\/schema.org","@graph":[{"@type":"WebPage","@id":"https:\/\/grandmercure.accorv2prod.decms.eu\/vi\/vi-tri-cua-chung-toi\/","url":"https:\/\/grandmercure.accorv2prod.decms.eu\/vi\/vi-tri-cua-chung-toi\/","name":"V\u1ecb tr\u00ed c\u1ee7a ch\u00fang t\u00f4i - Grand Mercure V2 demo site","isPartOf":{"@id":"https:\/\/grandmercure.accorv2prod.decms.eu\/#website"},"datePublished":"2021-07-01T09:42:27+00:00","dateModified":"2025-11-20T17:34:09+00:00","breadcrumb":{"@id":"https:\/\/grandmercure.accorv2prod.decms.eu\/vi\/vi-tri-cua-chung-toi\/#breadcrumb"},"inLanguage":"vi-VN","potentialAction":[{"@type":"ReadAction","target":["https:\/\/grandmercure.accorv2prod.decms.eu\/vi\/vi-tri-cua-chung-toi\/"]}]},{"@type":"BreadcrumbList","@id":"https:\/\/grandmercure.accorv2prod.decms.eu\/vi\/vi-tri-cua-chung-toi\/#breadcrumb","itemListElement":[{"@type":"ListItem","position":1,"name":"Home","item":"https:\/\/grandmercure.accorv2prod.decms.eu\/vi\/"},{"@type":"ListItem","position":2,"name":"V\u1ecb tr\u00ed c\u1ee7a ch\u00fang t\u00f4i"}]},{"@type":"WebSite","@id":"https:\/\/grandmercure.accorv2prod.decms.eu\/#website","url":"https:\/\/grandmercure.accorv2prod.decms.eu\/","name":"Grand Mercure V2 demo site","description":"Just another Matteo Canever Site Sites site","potentialAction":[{"@type":"SearchAction","target":{"@type":"EntryPoint","urlTemplate":"https:\/\/grandmercure.accorv2prod.decms.eu\/?s={search_term_string}"},"query-input":{"@type":"PropertyValueSpecification","valueRequired":true,"valueName":"search_term_string"}}],"inLanguage":"vi-VN"}]}},"_links":{"self":[{"href":"https:\/\/grandmercure.accorv2prod.decms.eu\/vi\/wp-json\/wp\/v2\/pages\/935","targetHints":{"allow":["GET"]}}],"collection":[{"href":"https:\/\/grandmercure.accorv2prod.decms.eu\/vi\/wp-json\/wp\/v2\/pages"}],"about":[{"href":"https:\/\/grandmercure.accorv2prod.decms.eu\/vi\/wp-json\/wp\/v2\/types\/page"}],"author":[{"embeddable":true,"href":"https:\/\/grandmercure.accorv2prod.decms.eu\/vi\/wp-json\/wp\/v2\/users\/2"}],"replies":[{"embeddable":true,"href":"https:\/\/grandmercure.accorv2prod.decms.eu\/vi\/wp-json\/wp\/v2\/comments?post=935"}],"version-history":[{"count":0,"href":"https:\/\/grandmercure.accorv2prod.decms.eu\/vi\/wp-json\/wp\/v2\/pages\/935\/revisions"}],"wp:attachment":[{"href":"https:\/\/grandmercure.accorv2prod.decms.eu\/vi\/wp-json\/wp\/v2\/media?parent=935"}],"wp:term":[{"taxonomy":"category","embeddable":true,"href":"https:\/\/grandmercure.accorv2prod.decms.eu\/vi\/wp-json\/wp\/v2\/categories?post=935"}],"curies":[{"name":"wp","href":"https:\/\/api.w.org\/{rel}","templated":true}]}}