{"id":937,"date":"2021-07-01T09:53:29","date_gmt":"2021-07-01T09:53:29","guid":{"rendered":"https:\/\/grandmercure.accorv2prod.decms.eu\/?page_id=937"},"modified":"2025-11-24T12:31:30","modified_gmt":"2025-11-24T12:31:30","slug":"su-kien","status":"publish","type":"page","link":"https:\/\/grandmercure.accorv2prod.decms.eu\/vi\/vi-tri-cua-chung-toi\/su-kien\/","title":{"rendered":"S\u1ef1 Ki\u1ec7n"},"content":{"rendered":"<p>T\u1ea1i Kh\u00e1ch s\u1ea1n Grand Mercure Bali, c\u00e1c s\u1ef1 ki\u1ec7n c\u1ee7a ch\u00fang t\u00f4i kh\u00f4ng ch\u1ec9 l\u00e0 m\u1ed9t ng\u00e0y tr\u00ean l\u1ecbch; ch\u00fang l\u00e0 m\u1ed9t l\u1ec5 k\u1ef7 ni\u1ec7m th\u1ef1c s\u1ef1 c\u1ee7a v\u0103n h\u00f3a \u0111\u1ecba ph\u01b0\u01a1ng v\u00e0 s\u1ef1 h\u1ed3i sinh c\u1ee7a nh\u1eefng truy\u1ec1n th\u1ed1ng Bali \u0111\u00e1ng tr\u00e2n tr\u1ecdng. Ch\u00fang t\u00f4i m\u1eddi kh\u00e1ch c\u1ee7a m\u00ecnh k\u1ebft n\u1ed1i v\u1edbi tinh th\u1ea7n s\u00f4i \u0111\u1ed9ng c\u1ee7a h\u00f2n \u0111\u1ea3o th\u00f4ng qua c\u00e1c tr\u1ea3i nghi\u1ec7m \u0111\u01b0\u1ee3c tuy\u1ec3n ch\u1ecdn v\u1ec1 \u00e2m nh\u1ea1c, bi\u1ec3u di\u1ec5n, ngh\u1ec7 thu\u1eadt \u1ea9m th\u1ef1c v\u00e0 nghi l\u1ec5 thi\u00eang li\u00eang.<\/p>\n<p>T\u1eeb kho\u1ea3nh kh\u1eafc thi\u00eang li\u00eang c\u1ee7a tr\u0103ng tr\u00f2n (Purnama) \u0111\u1ebfn c\u00e1c l\u1ec5 h\u1ed9i s\u00f4i \u0111\u1ed9ng gi\u1edbi thi\u1ec7u h\u01b0\u01a1ng v\u1ecb c\u1ee7a qu\u1ea7n \u0111\u1ea3o, c\u00e1c s\u1ef1 ki\u1ec7n c\u1ee7a ch\u00fang t\u00f4i \u0111\u01b0\u1ee3c thi\u1ebft k\u1ebf \u0111\u1ec3 tr\u1edf th\u00e0nh l\u1eddi m\u1eddi \u0111\u1ebfn t\u1ea5t c\u1ea3 c\u00e1c gi\u00e1c quan. Kh\u00e1m ph\u00e1 l\u1ecbch tr\u00ecnh c\u00e1c s\u1ef1 ki\u1ec7n \u0111\u1eb7c tr\u01b0ng c\u1ee7a ch\u00fang t\u00f4i\u2014nh\u1eefng bu\u1ed5i t\u1ee5 h\u1ecdp s\u00e2u s\u1eafc, ch\u00e2n th\u1ef1c di\u1ec5n ra tr\u00ean n\u1ec1n thanh b\u00ecnh c\u1ee7a V\u1ecbnh Jimbaran.<\/p>\n","protected":false},"excerpt":{"rendered":"<p>T\u1ea1i Kh\u00e1ch s\u1ea1n Grand Mercure Bali, c\u00e1c s\u1ef1 ki\u1ec7n c\u1ee7a ch\u00fang t\u00f4i kh\u00f4ng ch\u1ec9 l\u00e0 m\u1ed9t ng\u00e0y tr\u00ean l\u1ecbch; ch\u00fang l\u00e0 m\u1ed9t l\u1ec5 k\u1ef7 ni\u1ec7m th\u1ef1c s\u1ef1 c\u1ee7a v\u0103n h\u00f3a \u0111\u1ecba ph\u01b0\u01a1ng v\u00e0 s\u1ef1 h\u1ed3i sinh c\u1ee7a nh\u1eefng truy\u1ec1n th\u1ed1ng Bali \u0111\u00e1ng tr\u00e2n tr\u1ecdng. Ch\u00fang t\u00f4i m\u1eddi kh\u00e1ch c\u1ee7a m\u00ecnh k\u1ebft n\u1ed1i v\u1edbi tinh th\u1ea7n [&hellip;]<\/p>\n","protected":false},"author":2,"featured_media":0,"parent":935,"menu_order":100,"comment_status":"closed","ping_status":"closed","template":"template-events.php","meta":{"footnotes":""},"categories":[],"class_list":["post-937","page","type-page","status-publish","hentry"],"acf":[],"yoast_head":"<!-- This site is optimized with the Yoast SEO plugin v26.9 - https:\/\/yoast.com\/product\/yoast-seo-wordpress\/ -->\n<title>S\u1ef1 Ki\u1ec7n - Grand Mercure V2 demo site<\/title>\n<meta name=\"robots\" content=\"noindex, follow, max-snippet:-1, max-image-preview:large, max-video-preview:-1\" \/>\n<meta property=\"og:locale\" content=\"vi_VN\" \/>\n<meta property=\"og:type\" content=\"article\" \/>\n<meta property=\"og:title\" content=\"S\u1ef1 Ki\u1ec7n - Grand Mercure V2 demo site\" \/>\n<meta property=\"og:description\" content=\"T\u1ea1i Kh\u00e1ch s\u1ea1n Grand Mercure Bali, c\u00e1c s\u1ef1 ki\u1ec7n c\u1ee7a ch\u00fang t\u00f4i kh\u00f4ng ch\u1ec9 l\u00e0 m\u1ed9t ng\u00e0y tr\u00ean l\u1ecbch; ch\u00fang l\u00e0 m\u1ed9t l\u1ec5 k\u1ef7 ni\u1ec7m th\u1ef1c s\u1ef1 c\u1ee7a v\u0103n h\u00f3a \u0111\u1ecba ph\u01b0\u01a1ng v\u00e0 s\u1ef1 h\u1ed3i sinh c\u1ee7a nh\u1eefng truy\u1ec1n th\u1ed1ng Bali \u0111\u00e1ng tr\u00e2n tr\u1ecdng. Ch\u00fang t\u00f4i m\u1eddi kh\u00e1ch c\u1ee7a m\u00ecnh k\u1ebft n\u1ed1i v\u1edbi tinh th\u1ea7n [&hellip;]\" \/>\n<meta property=\"og:url\" content=\"https:\/\/grandmercure.accorv2prod.decms.eu\/vi\/vi-tri-cua-chung-toi\/su-kien\/\" \/>\n<meta property=\"og:site_name\" content=\"Grand Mercure V2 demo site\" \/>\n<meta property=\"article:modified_time\" content=\"2025-11-24T12:31:30+00:00\" \/>\n<meta name=\"twitter:card\" content=\"summary_large_image\" \/>\n<meta name=\"twitter:label1\" content=\"Est. reading time\" \/>\n\t<meta name=\"twitter:data1\" content=\"1 minute\" \/>\n<script type=\"application\/ld+json\" class=\"yoast-schema-graph\">{\"@context\":\"https:\/\/schema.org\",\"@graph\":[{\"@type\":\"WebPage\",\"@id\":\"https:\/\/grandmercure.accorv2prod.decms.eu\/vi\/vi-tri-cua-chung-toi\/su-kien\/\",\"url\":\"https:\/\/grandmercure.accorv2prod.decms.eu\/vi\/vi-tri-cua-chung-toi\/su-kien\/\",\"name\":\"S\u1ef1 Ki\u1ec7n - Grand Mercure V2 demo site\",\"isPartOf\":{\"@id\":\"https:\/\/grandmercure.accorv2prod.decms.eu\/#website\"},\"datePublished\":\"2021-07-01T09:53:29+00:00\",\"dateModified\":\"2025-11-24T12:31:30+00:00\",\"breadcrumb\":{\"@id\":\"https:\/\/grandmercure.accorv2prod.decms.eu\/vi\/vi-tri-cua-chung-toi\/su-kien\/#breadcrumb\"},\"inLanguage\":\"vi-VN\",\"potentialAction\":[{\"@type\":\"ReadAction\",\"target\":[\"https:\/\/grandmercure.accorv2prod.decms.eu\/vi\/vi-tri-cua-chung-toi\/su-kien\/\"]}]},{\"@type\":\"BreadcrumbList\",\"@id\":\"https:\/\/grandmercure.accorv2prod.decms.eu\/vi\/vi-tri-cua-chung-toi\/su-kien\/#breadcrumb\",\"itemListElement\":[{\"@type\":\"ListItem\",\"position\":1,\"name\":\"Home\",\"item\":\"https:\/\/grandmercure.accorv2prod.decms.eu\/vi\/\"},{\"@type\":\"ListItem\",\"position\":2,\"name\":\"V\u1ecb tr\u00ed c\u1ee7a ch\u00fang t\u00f4i\",\"item\":\"https:\/\/grandmercure.accorv2prod.decms.eu\/vi\/vi-tri-cua-chung-toi\/\"},{\"@type\":\"ListItem\",\"position\":3,\"name\":\"S\u1ef1 Ki\u1ec7n\"}]},{\"@type\":\"WebSite\",\"@id\":\"https:\/\/grandmercure.accorv2prod.decms.eu\/#website\",\"url\":\"https:\/\/grandmercure.accorv2prod.decms.eu\/\",\"name\":\"Grand Mercure V2 demo site\",\"description\":\"Just another Matteo Canever Site Sites site\",\"potentialAction\":[{\"@type\":\"SearchAction\",\"target\":{\"@type\":\"EntryPoint\",\"urlTemplate\":\"https:\/\/grandmercure.accorv2prod.decms.eu\/?s={search_term_string}\"},\"query-input\":{\"@type\":\"PropertyValueSpecification\",\"valueRequired\":true,\"valueName\":\"search_term_string\"}}],\"inLanguage\":\"vi-VN\"}]}<\/script>\n<!-- \/ Yoast SEO plugin. -->","yoast_head_json":{"title":"S\u1ef1 Ki\u1ec7n - Grand Mercure V2 demo site","robots":{"index":"noindex","follow":"follow","max-snippet":"max-snippet:-1","max-image-preview":"max-image-preview:large","max-video-preview":"max-video-preview:-1"},"og_locale":"vi_VN","og_type":"article","og_title":"S\u1ef1 Ki\u1ec7n - Grand Mercure V2 demo site","og_description":"T\u1ea1i Kh\u00e1ch s\u1ea1n Grand Mercure Bali, c\u00e1c s\u1ef1 ki\u1ec7n c\u1ee7a ch\u00fang t\u00f4i kh\u00f4ng ch\u1ec9 l\u00e0 m\u1ed9t ng\u00e0y tr\u00ean l\u1ecbch; ch\u00fang l\u00e0 m\u1ed9t l\u1ec5 k\u1ef7 ni\u1ec7m th\u1ef1c s\u1ef1 c\u1ee7a v\u0103n h\u00f3a \u0111\u1ecba ph\u01b0\u01a1ng v\u00e0 s\u1ef1 h\u1ed3i sinh c\u1ee7a nh\u1eefng truy\u1ec1n th\u1ed1ng Bali \u0111\u00e1ng tr\u00e2n tr\u1ecdng. Ch\u00fang t\u00f4i m\u1eddi kh\u00e1ch c\u1ee7a m\u00ecnh k\u1ebft n\u1ed1i v\u1edbi tinh th\u1ea7n [&hellip;]","og_url":"https:\/\/grandmercure.accorv2prod.decms.eu\/vi\/vi-tri-cua-chung-toi\/su-kien\/","og_site_name":"Grand Mercure V2 demo site","article_modified_time":"2025-11-24T12:31:30+00:00","twitter_card":"summary_large_image","twitter_misc":{"Est. reading time":"1 minute"},"schema":{"@context":"https:\/\/schema.org","@graph":[{"@type":"WebPage","@id":"https:\/\/grandmercure.accorv2prod.decms.eu\/vi\/vi-tri-cua-chung-toi\/su-kien\/","url":"https:\/\/grandmercure.accorv2prod.decms.eu\/vi\/vi-tri-cua-chung-toi\/su-kien\/","name":"S\u1ef1 Ki\u1ec7n - Grand Mercure V2 demo site","isPartOf":{"@id":"https:\/\/grandmercure.accorv2prod.decms.eu\/#website"},"datePublished":"2021-07-01T09:53:29+00:00","dateModified":"2025-11-24T12:31:30+00:00","breadcrumb":{"@id":"https:\/\/grandmercure.accorv2prod.decms.eu\/vi\/vi-tri-cua-chung-toi\/su-kien\/#breadcrumb"},"inLanguage":"vi-VN","potentialAction":[{"@type":"ReadAction","target":["https:\/\/grandmercure.accorv2prod.decms.eu\/vi\/vi-tri-cua-chung-toi\/su-kien\/"]}]},{"@type":"BreadcrumbList","@id":"https:\/\/grandmercure.accorv2prod.decms.eu\/vi\/vi-tri-cua-chung-toi\/su-kien\/#breadcrumb","itemListElement":[{"@type":"ListItem","position":1,"name":"Home","item":"https:\/\/grandmercure.accorv2prod.decms.eu\/vi\/"},{"@type":"ListItem","position":2,"name":"V\u1ecb tr\u00ed c\u1ee7a ch\u00fang t\u00f4i","item":"https:\/\/grandmercure.accorv2prod.decms.eu\/vi\/vi-tri-cua-chung-toi\/"},{"@type":"ListItem","position":3,"name":"S\u1ef1 Ki\u1ec7n"}]},{"@type":"WebSite","@id":"https:\/\/grandmercure.accorv2prod.decms.eu\/#website","url":"https:\/\/grandmercure.accorv2prod.decms.eu\/","name":"Grand Mercure V2 demo site","description":"Just another Matteo Canever Site Sites site","potentialAction":[{"@type":"SearchAction","target":{"@type":"EntryPoint","urlTemplate":"https:\/\/grandmercure.accorv2prod.decms.eu\/?s={search_term_string}"},"query-input":{"@type":"PropertyValueSpecification","valueRequired":true,"valueName":"search_term_string"}}],"inLanguage":"vi-VN"}]}},"_links":{"self":[{"href":"https:\/\/grandmercure.accorv2prod.decms.eu\/vi\/wp-json\/wp\/v2\/pages\/937","targetHints":{"allow":["GET"]}}],"collection":[{"href":"https:\/\/grandmercure.accorv2prod.decms.eu\/vi\/wp-json\/wp\/v2\/pages"}],"about":[{"href":"https:\/\/grandmercure.accorv2prod.decms.eu\/vi\/wp-json\/wp\/v2\/types\/page"}],"author":[{"embeddable":true,"href":"https:\/\/grandmercure.accorv2prod.decms.eu\/vi\/wp-json\/wp\/v2\/users\/2"}],"replies":[{"embeddable":true,"href":"https:\/\/grandmercure.accorv2prod.decms.eu\/vi\/wp-json\/wp\/v2\/comments?post=937"}],"version-history":[{"count":0,"href":"https:\/\/grandmercure.accorv2prod.decms.eu\/vi\/wp-json\/wp\/v2\/pages\/937\/revisions"}],"up":[{"embeddable":true,"href":"https:\/\/grandmercure.accorv2prod.decms.eu\/vi\/wp-json\/wp\/v2\/pages\/935"}],"wp:attachment":[{"href":"https:\/\/grandmercure.accorv2prod.decms.eu\/vi\/wp-json\/wp\/v2\/media?parent=937"}],"wp:term":[{"taxonomy":"category","embeddable":true,"href":"https:\/\/grandmercure.accorv2prod.decms.eu\/vi\/wp-json\/wp\/v2\/categories?post=937"}],"curies":[{"name":"wp","href":"https:\/\/api.w.org\/{rel}","templated":true}]}}