{"id":962,"date":"2021-07-01T14:29:44","date_gmt":"2021-07-01T14:29:44","guid":{"rendered":"https:\/\/grandmercure.accorv2prod.decms.eu\/?page_id=962"},"modified":"2025-11-24T13:25:42","modified_gmt":"2025-11-24T13:25:42","slug":"trung-tam-bao-chi-truyen-thong","status":"publish","type":"page","link":"https:\/\/grandmercure.accorv2prod.decms.eu\/vi\/trung-tam-bao-chi-truyen-thong\/","title":{"rendered":"Trung t\u00e2m B\u00e1o ch\u00ed &#038; Truy\u1ec1n th\u00f4ng"},"content":{"rendered":"<p>Ch\u00e0o m\u1eebng b\u1ea1n \u0111\u1ebfn v\u1edbi Trung t\u00e2m B\u00e1o ch\u00ed &amp; Truy\u1ec1n th\u00f4ng ch\u00ednh th\u1ee9c c\u1ee7a Kh\u00e1ch s\u1ea1n Grand Mercure Bali. Ch\u00fang t\u00f4i r\u1ea5t vui m\u1eebng \u0111\u01b0\u1ee3c chia s\u1ebb c\u00e2u chuy\u1ec7n v\u1ec1 l\u00f2ng hi\u1ebfu kh\u00e1ch Bali \u0111\u00edch th\u1ef1c v\u00e0 s\u1ef1 thanh l\u1ecbch tinh t\u1ebf, &#8216;T\u1ef1 h\u00e0o l\u00e0 Ng\u01b0\u1eddi \u0111\u1ecba ph\u01b0\u01a1ng&#8217; v\u1edbi c\u00e1c \u0111\u1ed1i t\u00e1c truy\u1ec1n th\u00f4ng c\u1ee7a ch\u00fang t\u00f4i.<\/p>\n<p>C\u1ed5ng th\u00f4ng tin n\u00e0y \u0111\u01b0\u1ee3c thi\u1ebft k\u1ebf \u0111\u1ec3 cung c\u1ea5p cho b\u1ea1n nh\u1eefng t\u00e0i nguy\u00ean c\u1ea7n thi\u1ebft \u0111\u1ec3 chia s\u1ebb h\u00e0nh tr\u00ecnh c\u1ee7a ch\u00fang t\u00f4i. T\u1ea1i \u0111\u00e2y, b\u1ea1n s\u1ebd t\u00ecm th\u1ea5y b\u1ed9 th\u00f4ng c\u00e1o b\u00e1o ch\u00ed ch\u00ednh th\u1ee9c c\u1ee7a ch\u00fang t\u00f4i, h\u00ecnh \u1ea3nh \u0111\u1ed9 ph\u00e2n gi\u1ea3i cao c\u00f3 th\u1ec3 t\u1ea3i xu\u1ed1ng v\u1ec1 ch\u1ed7 \u1edf, nh\u00e0 h\u00e0ng v\u00e0 spa c\u1ee7a ch\u00fang t\u00f4i, c\u0169ng nh\u01b0 c\u00e1c th\u00f4ng c\u00e1o b\u00e1o ch\u00ed m\u1edbi nh\u1ea5t c\u1ee7a ch\u00fang t\u00f4i. Ch\u00fang t\u00f4i t\u1ef1 h\u00e0o l\u00e0 m\u1ed9t th\u00e1nh \u0111\u1ecba t\u00f4n vinh v\u0103n h\u00f3a Bali v\u00e0 h\u1ed3i sinh c\u00e1c nghi th\u1ee9c c\u1ee7a n\u00f3 t\u1ea1i trung t\u00e2m V\u1ecbnh Jimbaran.<\/p>\n<p>\u0110\u1ed1i v\u1edbi t\u1ea5t c\u1ea3 c\u00e1c c\u00e2u h\u1ecfi b\u00e1o ch\u00ed c\u1ee5 th\u1ec3, y\u00eau c\u1ea7u ph\u1ecfng v\u1ea5n v\u1edbi \u0111\u1ed9i ng\u0169 c\u1ee7a ch\u00fang t\u00f4i ho\u1eb7c \u0111\u1ec3 s\u1eafp x\u1ebfp m\u1ed9t chuy\u1ebfn th\u0103m truy\u1ec1n th\u00f4ng, vui l\u00f2ng li\u00ean h\u1ec7 tr\u1ef1c ti\u1ebfp v\u1edbi b\u1ed9 ph\u1eadn Quan h\u1ec7 C\u00f4ng ch\u00fang c\u1ee7a ch\u00fang t\u00f4i. Ch\u00fang t\u00f4i mong mu\u1ed1n \u0111\u01b0\u1ee3c h\u1ee3p t\u00e1c v\u1edbi b\u1ea1n.<\/p>\n","protected":false},"excerpt":{"rendered":"<p>Ch\u00e0o m\u1eebng b\u1ea1n \u0111\u1ebfn v\u1edbi Trung t\u00e2m B\u00e1o ch\u00ed &amp; Truy\u1ec1n th\u00f4ng ch\u00ednh th\u1ee9c c\u1ee7a Kh\u00e1ch s\u1ea1n Grand Mercure Bali. Ch\u00fang t\u00f4i r\u1ea5t vui m\u1eebng \u0111\u01b0\u1ee3c chia s\u1ebb c\u00e2u chuy\u1ec7n v\u1ec1 l\u00f2ng hi\u1ebfu kh\u00e1ch Bali \u0111\u00edch th\u1ef1c v\u00e0 s\u1ef1 thanh l\u1ecbch tinh t\u1ebf, &#8216;T\u1ef1 h\u00e0o l\u00e0 Ng\u01b0\u1eddi \u0111\u1ecba ph\u01b0\u01a1ng&#8217; v\u1edbi c\u00e1c \u0111\u1ed1i t\u00e1c truy\u1ec1n th\u00f4ng [&hellip;]<\/p>\n","protected":false},"author":2,"featured_media":0,"parent":0,"menu_order":120,"comment_status":"closed","ping_status":"closed","template":"template-press.php","meta":{"footnotes":""},"categories":[],"class_list":["post-962","page","type-page","status-publish","hentry"],"acf":[],"yoast_head":"<!-- This site is optimized with the Yoast SEO plugin v26.9 - https:\/\/yoast.com\/product\/yoast-seo-wordpress\/ -->\n<title>Trung t\u00e2m B\u00e1o ch\u00ed &amp; Truy\u1ec1n th\u00f4ng - Grand Mercure V2 demo site<\/title>\n<meta name=\"robots\" content=\"noindex, follow, max-snippet:-1, max-image-preview:large, max-video-preview:-1\" \/>\n<meta property=\"og:locale\" content=\"vi_VN\" \/>\n<meta property=\"og:type\" content=\"article\" \/>\n<meta property=\"og:title\" content=\"Trung t\u00e2m B\u00e1o ch\u00ed &amp; Truy\u1ec1n th\u00f4ng - Grand Mercure V2 demo site\" \/>\n<meta property=\"og:description\" content=\"Ch\u00e0o m\u1eebng b\u1ea1n \u0111\u1ebfn v\u1edbi Trung t\u00e2m B\u00e1o ch\u00ed &amp; Truy\u1ec1n th\u00f4ng ch\u00ednh th\u1ee9c c\u1ee7a Kh\u00e1ch s\u1ea1n Grand Mercure Bali. Ch\u00fang t\u00f4i r\u1ea5t vui m\u1eebng \u0111\u01b0\u1ee3c chia s\u1ebb c\u00e2u chuy\u1ec7n v\u1ec1 l\u00f2ng hi\u1ebfu kh\u00e1ch Bali \u0111\u00edch th\u1ef1c v\u00e0 s\u1ef1 thanh l\u1ecbch tinh t\u1ebf, &#8216;T\u1ef1 h\u00e0o l\u00e0 Ng\u01b0\u1eddi \u0111\u1ecba ph\u01b0\u01a1ng&#8217; v\u1edbi c\u00e1c \u0111\u1ed1i t\u00e1c truy\u1ec1n th\u00f4ng [&hellip;]\" \/>\n<meta property=\"og:url\" content=\"https:\/\/grandmercure.accorv2prod.decms.eu\/vi\/trung-tam-bao-chi-truyen-thong\/\" \/>\n<meta property=\"og:site_name\" content=\"Grand Mercure V2 demo site\" \/>\n<meta property=\"article:modified_time\" content=\"2025-11-24T13:25:42+00:00\" \/>\n<meta name=\"twitter:card\" content=\"summary_large_image\" \/>\n<meta name=\"twitter:label1\" content=\"Est. reading time\" \/>\n\t<meta name=\"twitter:data1\" content=\"1 minute\" \/>\n<script type=\"application\/ld+json\" class=\"yoast-schema-graph\">{\"@context\":\"https:\/\/schema.org\",\"@graph\":[{\"@type\":\"WebPage\",\"@id\":\"https:\/\/grandmercure.accorv2prod.decms.eu\/vi\/trung-tam-bao-chi-truyen-thong\/\",\"url\":\"https:\/\/grandmercure.accorv2prod.decms.eu\/vi\/trung-tam-bao-chi-truyen-thong\/\",\"name\":\"Trung t\u00e2m B\u00e1o ch\u00ed & Truy\u1ec1n th\u00f4ng - Grand Mercure V2 demo site\",\"isPartOf\":{\"@id\":\"https:\/\/grandmercure.accorv2prod.decms.eu\/#website\"},\"datePublished\":\"2021-07-01T14:29:44+00:00\",\"dateModified\":\"2025-11-24T13:25:42+00:00\",\"breadcrumb\":{\"@id\":\"https:\/\/grandmercure.accorv2prod.decms.eu\/vi\/trung-tam-bao-chi-truyen-thong\/#breadcrumb\"},\"inLanguage\":\"vi-VN\",\"potentialAction\":[{\"@type\":\"ReadAction\",\"target\":[\"https:\/\/grandmercure.accorv2prod.decms.eu\/vi\/trung-tam-bao-chi-truyen-thong\/\"]}]},{\"@type\":\"BreadcrumbList\",\"@id\":\"https:\/\/grandmercure.accorv2prod.decms.eu\/vi\/trung-tam-bao-chi-truyen-thong\/#breadcrumb\",\"itemListElement\":[{\"@type\":\"ListItem\",\"position\":1,\"name\":\"Home\",\"item\":\"https:\/\/grandmercure.accorv2prod.decms.eu\/vi\/\"},{\"@type\":\"ListItem\",\"position\":2,\"name\":\"Trung t\u00e2m B\u00e1o ch\u00ed &#038; Truy\u1ec1n th\u00f4ng\"}]},{\"@type\":\"WebSite\",\"@id\":\"https:\/\/grandmercure.accorv2prod.decms.eu\/#website\",\"url\":\"https:\/\/grandmercure.accorv2prod.decms.eu\/\",\"name\":\"Grand Mercure V2 demo site\",\"description\":\"Just another Matteo Canever Site Sites site\",\"potentialAction\":[{\"@type\":\"SearchAction\",\"target\":{\"@type\":\"EntryPoint\",\"urlTemplate\":\"https:\/\/grandmercure.accorv2prod.decms.eu\/?s={search_term_string}\"},\"query-input\":{\"@type\":\"PropertyValueSpecification\",\"valueRequired\":true,\"valueName\":\"search_term_string\"}}],\"inLanguage\":\"vi-VN\"}]}<\/script>\n<!-- \/ Yoast SEO plugin. -->","yoast_head_json":{"title":"Trung t\u00e2m B\u00e1o ch\u00ed & Truy\u1ec1n th\u00f4ng - Grand Mercure V2 demo site","robots":{"index":"noindex","follow":"follow","max-snippet":"max-snippet:-1","max-image-preview":"max-image-preview:large","max-video-preview":"max-video-preview:-1"},"og_locale":"vi_VN","og_type":"article","og_title":"Trung t\u00e2m B\u00e1o ch\u00ed & Truy\u1ec1n th\u00f4ng - Grand Mercure V2 demo site","og_description":"Ch\u00e0o m\u1eebng b\u1ea1n \u0111\u1ebfn v\u1edbi Trung t\u00e2m B\u00e1o ch\u00ed &amp; Truy\u1ec1n th\u00f4ng ch\u00ednh th\u1ee9c c\u1ee7a Kh\u00e1ch s\u1ea1n Grand Mercure Bali. Ch\u00fang t\u00f4i r\u1ea5t vui m\u1eebng \u0111\u01b0\u1ee3c chia s\u1ebb c\u00e2u chuy\u1ec7n v\u1ec1 l\u00f2ng hi\u1ebfu kh\u00e1ch Bali \u0111\u00edch th\u1ef1c v\u00e0 s\u1ef1 thanh l\u1ecbch tinh t\u1ebf, &#8216;T\u1ef1 h\u00e0o l\u00e0 Ng\u01b0\u1eddi \u0111\u1ecba ph\u01b0\u01a1ng&#8217; v\u1edbi c\u00e1c \u0111\u1ed1i t\u00e1c truy\u1ec1n th\u00f4ng [&hellip;]","og_url":"https:\/\/grandmercure.accorv2prod.decms.eu\/vi\/trung-tam-bao-chi-truyen-thong\/","og_site_name":"Grand Mercure V2 demo site","article_modified_time":"2025-11-24T13:25:42+00:00","twitter_card":"summary_large_image","twitter_misc":{"Est. reading time":"1 minute"},"schema":{"@context":"https:\/\/schema.org","@graph":[{"@type":"WebPage","@id":"https:\/\/grandmercure.accorv2prod.decms.eu\/vi\/trung-tam-bao-chi-truyen-thong\/","url":"https:\/\/grandmercure.accorv2prod.decms.eu\/vi\/trung-tam-bao-chi-truyen-thong\/","name":"Trung t\u00e2m B\u00e1o ch\u00ed & Truy\u1ec1n th\u00f4ng - Grand Mercure V2 demo site","isPartOf":{"@id":"https:\/\/grandmercure.accorv2prod.decms.eu\/#website"},"datePublished":"2021-07-01T14:29:44+00:00","dateModified":"2025-11-24T13:25:42+00:00","breadcrumb":{"@id":"https:\/\/grandmercure.accorv2prod.decms.eu\/vi\/trung-tam-bao-chi-truyen-thong\/#breadcrumb"},"inLanguage":"vi-VN","potentialAction":[{"@type":"ReadAction","target":["https:\/\/grandmercure.accorv2prod.decms.eu\/vi\/trung-tam-bao-chi-truyen-thong\/"]}]},{"@type":"BreadcrumbList","@id":"https:\/\/grandmercure.accorv2prod.decms.eu\/vi\/trung-tam-bao-chi-truyen-thong\/#breadcrumb","itemListElement":[{"@type":"ListItem","position":1,"name":"Home","item":"https:\/\/grandmercure.accorv2prod.decms.eu\/vi\/"},{"@type":"ListItem","position":2,"name":"Trung t\u00e2m B\u00e1o ch\u00ed &#038; Truy\u1ec1n th\u00f4ng"}]},{"@type":"WebSite","@id":"https:\/\/grandmercure.accorv2prod.decms.eu\/#website","url":"https:\/\/grandmercure.accorv2prod.decms.eu\/","name":"Grand Mercure V2 demo site","description":"Just another Matteo Canever Site Sites site","potentialAction":[{"@type":"SearchAction","target":{"@type":"EntryPoint","urlTemplate":"https:\/\/grandmercure.accorv2prod.decms.eu\/?s={search_term_string}"},"query-input":{"@type":"PropertyValueSpecification","valueRequired":true,"valueName":"search_term_string"}}],"inLanguage":"vi-VN"}]}},"_links":{"self":[{"href":"https:\/\/grandmercure.accorv2prod.decms.eu\/vi\/wp-json\/wp\/v2\/pages\/962","targetHints":{"allow":["GET"]}}],"collection":[{"href":"https:\/\/grandmercure.accorv2prod.decms.eu\/vi\/wp-json\/wp\/v2\/pages"}],"about":[{"href":"https:\/\/grandmercure.accorv2prod.decms.eu\/vi\/wp-json\/wp\/v2\/types\/page"}],"author":[{"embeddable":true,"href":"https:\/\/grandmercure.accorv2prod.decms.eu\/vi\/wp-json\/wp\/v2\/users\/2"}],"replies":[{"embeddable":true,"href":"https:\/\/grandmercure.accorv2prod.decms.eu\/vi\/wp-json\/wp\/v2\/comments?post=962"}],"version-history":[{"count":0,"href":"https:\/\/grandmercure.accorv2prod.decms.eu\/vi\/wp-json\/wp\/v2\/pages\/962\/revisions"}],"wp:attachment":[{"href":"https:\/\/grandmercure.accorv2prod.decms.eu\/vi\/wp-json\/wp\/v2\/media?parent=962"}],"wp:term":[{"taxonomy":"category","embeddable":true,"href":"https:\/\/grandmercure.accorv2prod.decms.eu\/vi\/wp-json\/wp\/v2\/categories?post=962"}],"curies":[{"name":"wp","href":"https:\/\/api.w.org\/{rel}","templated":true}]}}