{"id":965,"date":"2021-07-01T14:40:50","date_gmt":"2021-07-01T14:40:50","guid":{"rendered":"https:\/\/grandmercure.accorv2prod.decms.eu\/?page_id=965"},"modified":"2025-11-20T17:38:33","modified_gmt":"2025-11-20T17:38:33","slug":"special-offers","status":"publish","type":"page","link":"https:\/\/grandmercure.accorv2prod.decms.eu\/vi\/special-offers\/","title":{"rendered":"\u01afu \u0111\u00e3i \u0110\u1eb7c bi\u1ec7t"},"content":{"rendered":"<p>\u0110\u1ec3 th\u1ef1c s\u1ef1 \u0111\u1eafm m\u00ecnh v\u00e0o tinh th\u1ea7n c\u1ee7a Bali, ch\u00fang t\u00f4i \u0111\u00e3 t\u1ea1o ra m\u1ed9t b\u1ed9 s\u01b0u t\u1eadp c\u00e1c \u01b0u \u0111\u00e3i v\u00e0 g\u00f3i \u0111\u1ed9c quy\u1ec1n. Nh\u1eefng tr\u1ea3i nghi\u1ec7m \u0111\u1eb7c bi\u1ec7t n\u00e0y \u0111\u01b0\u1ee3c thi\u1ebft k\u1ebf \u0111\u1ec3 n\u00e2ng cao k\u1ef3 ngh\u1ec9 c\u1ee7a b\u1ea1n b\u1eb1ng c\u00e1ch k\u1ebft h\u1ee3p ch\u1ed7 \u1edf thanh b\u00ecnh c\u1ee7a ch\u00fang t\u00f4i v\u1edbi nh\u1eefng tr\u1ee5 c\u1ed9t ch\u00e2n th\u1ef1c trong l\u00f2ng hi\u1ebfu kh\u00e1ch c\u1ee7a ch\u00fang t\u00f4i.<\/p>\n<p>Cho d\u00f9 b\u1ea1n t\u00ecm ki\u1ebfm m\u1ed9t l\u1ed1i tho\u00e1t l\u00e3ng m\u1ea1n ho\u00e0n ch\u1ec9nh v\u1edbi c\u00e1c nghi th\u1ee9c \u1ea9m th\u1ef1c, m\u1ed9t k\u1ef3 ngh\u1ec9 d\u01b0\u1ee1ng s\u1ee9c kh\u1ecfe ph\u1ee5c h\u1ed3i t\u1ea1i Nirvana Sands Spa c\u1ee7a ch\u00fang t\u00f4i, hay m\u1ed9t cu\u1ed9c phi\u00eau l\u01b0u gia \u0111\u00ecnh s\u00f4i \u0111\u1ed9ng, c\u00e1c \u01b0u \u0111\u00e3i c\u1ee7a ch\u00fang t\u00f4i \u0111\u1ec1u mang l\u1ea1i gi\u00e1 tr\u1ecb \u0111\u1eb7c bi\u1ec7t v\u00e0 nh\u1eefng k\u1ef7 ni\u1ec7m kh\u00f3 qu\u00ean. Kh\u00e1m ph\u00e1 b\u1ed9 s\u01b0u t\u1eadp c\u1ee7a ch\u00fang t\u00f4i b\u00ean d\u01b0\u1edbi v\u00e0 t\u00ecm c\u00e1ch ho\u00e0n h\u1ea3o \u0111\u1ec3 l\u00e0m phong ph\u00fa h\u00e0nh tr\u00ecnh c\u1ee7a b\u1ea1n t\u1ea1i Kh\u00e1ch s\u1ea1n Grand Mercure Bali.<\/p>\n","protected":false},"excerpt":{"rendered":"<p>\u0110\u1ec3 th\u1ef1c s\u1ef1 \u0111\u1eafm m\u00ecnh v\u00e0o tinh th\u1ea7n c\u1ee7a Bali, ch\u00fang t\u00f4i \u0111\u00e3 t\u1ea1o ra m\u1ed9t b\u1ed9 s\u01b0u t\u1eadp c\u00e1c \u01b0u \u0111\u00e3i v\u00e0 g\u00f3i \u0111\u1ed9c quy\u1ec1n. Nh\u1eefng tr\u1ea3i nghi\u1ec7m \u0111\u1eb7c bi\u1ec7t n\u00e0y \u0111\u01b0\u1ee3c thi\u1ebft k\u1ebf \u0111\u1ec3 n\u00e2ng cao k\u1ef3 ngh\u1ec9 c\u1ee7a b\u1ea1n b\u1eb1ng c\u00e1ch k\u1ebft h\u1ee3p ch\u1ed7 \u1edf thanh b\u00ecnh c\u1ee7a ch\u00fang t\u00f4i v\u1edbi nh\u1eefng [&hellip;]<\/p>\n","protected":false},"author":2,"featured_media":0,"parent":0,"menu_order":100,"comment_status":"closed","ping_status":"closed","template":"template-special-offers.php","meta":{"footnotes":""},"categories":[],"class_list":["post-965","page","type-page","status-publish","hentry"],"acf":[],"yoast_head":"<!-- This site is optimized with the Yoast SEO plugin v26.9 - https:\/\/yoast.com\/product\/yoast-seo-wordpress\/ -->\n<title>\u01afu \u0111\u00e3i \u0110\u1eb7c bi\u1ec7t - Grand Mercure V2 demo site<\/title>\n<meta name=\"robots\" content=\"noindex, follow, max-snippet:-1, max-image-preview:large, max-video-preview:-1\" \/>\n<meta property=\"og:locale\" content=\"vi_VN\" \/>\n<meta property=\"og:type\" content=\"article\" \/>\n<meta property=\"og:title\" content=\"\u01afu \u0111\u00e3i \u0110\u1eb7c bi\u1ec7t - Grand Mercure V2 demo site\" \/>\n<meta property=\"og:description\" content=\"\u0110\u1ec3 th\u1ef1c s\u1ef1 \u0111\u1eafm m\u00ecnh v\u00e0o tinh th\u1ea7n c\u1ee7a Bali, ch\u00fang t\u00f4i \u0111\u00e3 t\u1ea1o ra m\u1ed9t b\u1ed9 s\u01b0u t\u1eadp c\u00e1c \u01b0u \u0111\u00e3i v\u00e0 g\u00f3i \u0111\u1ed9c quy\u1ec1n. Nh\u1eefng tr\u1ea3i nghi\u1ec7m \u0111\u1eb7c bi\u1ec7t n\u00e0y \u0111\u01b0\u1ee3c thi\u1ebft k\u1ebf \u0111\u1ec3 n\u00e2ng cao k\u1ef3 ngh\u1ec9 c\u1ee7a b\u1ea1n b\u1eb1ng c\u00e1ch k\u1ebft h\u1ee3p ch\u1ed7 \u1edf thanh b\u00ecnh c\u1ee7a ch\u00fang t\u00f4i v\u1edbi nh\u1eefng [&hellip;]\" \/>\n<meta property=\"og:url\" content=\"https:\/\/grandmercure.accorv2prod.decms.eu\/vi\/special-offers\/\" \/>\n<meta property=\"og:site_name\" content=\"Grand Mercure V2 demo site\" \/>\n<meta property=\"article:modified_time\" content=\"2025-11-20T17:38:33+00:00\" \/>\n<meta name=\"twitter:card\" content=\"summary_large_image\" \/>\n<meta name=\"twitter:label1\" content=\"Est. reading time\" \/>\n\t<meta name=\"twitter:data1\" content=\"1 minute\" \/>\n<script type=\"application\/ld+json\" class=\"yoast-schema-graph\">{\"@context\":\"https:\/\/schema.org\",\"@graph\":[{\"@type\":\"WebPage\",\"@id\":\"https:\/\/grandmercure.accorv2prod.decms.eu\/vi\/special-offers\/\",\"url\":\"https:\/\/grandmercure.accorv2prod.decms.eu\/vi\/special-offers\/\",\"name\":\"\u01afu \u0111\u00e3i \u0110\u1eb7c bi\u1ec7t - Grand Mercure V2 demo site\",\"isPartOf\":{\"@id\":\"https:\/\/grandmercure.accorv2prod.decms.eu\/#website\"},\"datePublished\":\"2021-07-01T14:40:50+00:00\",\"dateModified\":\"2025-11-20T17:38:33+00:00\",\"breadcrumb\":{\"@id\":\"https:\/\/grandmercure.accorv2prod.decms.eu\/vi\/special-offers\/#breadcrumb\"},\"inLanguage\":\"vi-VN\",\"potentialAction\":[{\"@type\":\"ReadAction\",\"target\":[\"https:\/\/grandmercure.accorv2prod.decms.eu\/vi\/special-offers\/\"]}]},{\"@type\":\"BreadcrumbList\",\"@id\":\"https:\/\/grandmercure.accorv2prod.decms.eu\/vi\/special-offers\/#breadcrumb\",\"itemListElement\":[{\"@type\":\"ListItem\",\"position\":1,\"name\":\"Home\",\"item\":\"https:\/\/grandmercure.accorv2prod.decms.eu\/vi\/\"},{\"@type\":\"ListItem\",\"position\":2,\"name\":\"\u01afu \u0111\u00e3i \u0110\u1eb7c bi\u1ec7t\"}]},{\"@type\":\"WebSite\",\"@id\":\"https:\/\/grandmercure.accorv2prod.decms.eu\/#website\",\"url\":\"https:\/\/grandmercure.accorv2prod.decms.eu\/\",\"name\":\"Grand Mercure V2 demo site\",\"description\":\"Just another Matteo Canever Site Sites site\",\"potentialAction\":[{\"@type\":\"SearchAction\",\"target\":{\"@type\":\"EntryPoint\",\"urlTemplate\":\"https:\/\/grandmercure.accorv2prod.decms.eu\/?s={search_term_string}\"},\"query-input\":{\"@type\":\"PropertyValueSpecification\",\"valueRequired\":true,\"valueName\":\"search_term_string\"}}],\"inLanguage\":\"vi-VN\"}]}<\/script>\n<!-- \/ Yoast SEO plugin. -->","yoast_head_json":{"title":"\u01afu \u0111\u00e3i \u0110\u1eb7c bi\u1ec7t - Grand Mercure V2 demo site","robots":{"index":"noindex","follow":"follow","max-snippet":"max-snippet:-1","max-image-preview":"max-image-preview:large","max-video-preview":"max-video-preview:-1"},"og_locale":"vi_VN","og_type":"article","og_title":"\u01afu \u0111\u00e3i \u0110\u1eb7c bi\u1ec7t - Grand Mercure V2 demo site","og_description":"\u0110\u1ec3 th\u1ef1c s\u1ef1 \u0111\u1eafm m\u00ecnh v\u00e0o tinh th\u1ea7n c\u1ee7a Bali, ch\u00fang t\u00f4i \u0111\u00e3 t\u1ea1o ra m\u1ed9t b\u1ed9 s\u01b0u t\u1eadp c\u00e1c \u01b0u \u0111\u00e3i v\u00e0 g\u00f3i \u0111\u1ed9c quy\u1ec1n. Nh\u1eefng tr\u1ea3i nghi\u1ec7m \u0111\u1eb7c bi\u1ec7t n\u00e0y \u0111\u01b0\u1ee3c thi\u1ebft k\u1ebf \u0111\u1ec3 n\u00e2ng cao k\u1ef3 ngh\u1ec9 c\u1ee7a b\u1ea1n b\u1eb1ng c\u00e1ch k\u1ebft h\u1ee3p ch\u1ed7 \u1edf thanh b\u00ecnh c\u1ee7a ch\u00fang t\u00f4i v\u1edbi nh\u1eefng [&hellip;]","og_url":"https:\/\/grandmercure.accorv2prod.decms.eu\/vi\/special-offers\/","og_site_name":"Grand Mercure V2 demo site","article_modified_time":"2025-11-20T17:38:33+00:00","twitter_card":"summary_large_image","twitter_misc":{"Est. reading time":"1 minute"},"schema":{"@context":"https:\/\/schema.org","@graph":[{"@type":"WebPage","@id":"https:\/\/grandmercure.accorv2prod.decms.eu\/vi\/special-offers\/","url":"https:\/\/grandmercure.accorv2prod.decms.eu\/vi\/special-offers\/","name":"\u01afu \u0111\u00e3i \u0110\u1eb7c bi\u1ec7t - Grand Mercure V2 demo site","isPartOf":{"@id":"https:\/\/grandmercure.accorv2prod.decms.eu\/#website"},"datePublished":"2021-07-01T14:40:50+00:00","dateModified":"2025-11-20T17:38:33+00:00","breadcrumb":{"@id":"https:\/\/grandmercure.accorv2prod.decms.eu\/vi\/special-offers\/#breadcrumb"},"inLanguage":"vi-VN","potentialAction":[{"@type":"ReadAction","target":["https:\/\/grandmercure.accorv2prod.decms.eu\/vi\/special-offers\/"]}]},{"@type":"BreadcrumbList","@id":"https:\/\/grandmercure.accorv2prod.decms.eu\/vi\/special-offers\/#breadcrumb","itemListElement":[{"@type":"ListItem","position":1,"name":"Home","item":"https:\/\/grandmercure.accorv2prod.decms.eu\/vi\/"},{"@type":"ListItem","position":2,"name":"\u01afu \u0111\u00e3i \u0110\u1eb7c bi\u1ec7t"}]},{"@type":"WebSite","@id":"https:\/\/grandmercure.accorv2prod.decms.eu\/#website","url":"https:\/\/grandmercure.accorv2prod.decms.eu\/","name":"Grand Mercure V2 demo site","description":"Just another Matteo Canever Site Sites site","potentialAction":[{"@type":"SearchAction","target":{"@type":"EntryPoint","urlTemplate":"https:\/\/grandmercure.accorv2prod.decms.eu\/?s={search_term_string}"},"query-input":{"@type":"PropertyValueSpecification","valueRequired":true,"valueName":"search_term_string"}}],"inLanguage":"vi-VN"}]}},"_links":{"self":[{"href":"https:\/\/grandmercure.accorv2prod.decms.eu\/vi\/wp-json\/wp\/v2\/pages\/965","targetHints":{"allow":["GET"]}}],"collection":[{"href":"https:\/\/grandmercure.accorv2prod.decms.eu\/vi\/wp-json\/wp\/v2\/pages"}],"about":[{"href":"https:\/\/grandmercure.accorv2prod.decms.eu\/vi\/wp-json\/wp\/v2\/types\/page"}],"author":[{"embeddable":true,"href":"https:\/\/grandmercure.accorv2prod.decms.eu\/vi\/wp-json\/wp\/v2\/users\/2"}],"replies":[{"embeddable":true,"href":"https:\/\/grandmercure.accorv2prod.decms.eu\/vi\/wp-json\/wp\/v2\/comments?post=965"}],"version-history":[{"count":0,"href":"https:\/\/grandmercure.accorv2prod.decms.eu\/vi\/wp-json\/wp\/v2\/pages\/965\/revisions"}],"wp:attachment":[{"href":"https:\/\/grandmercure.accorv2prod.decms.eu\/vi\/wp-json\/wp\/v2\/media?parent=965"}],"wp:term":[{"taxonomy":"category","embeddable":true,"href":"https:\/\/grandmercure.accorv2prod.decms.eu\/vi\/wp-json\/wp\/v2\/categories?post=965"}],"curies":[{"name":"wp","href":"https:\/\/api.w.org\/{rel}","templated":true}]}}